{"id":5249,"date":"2024-02-06T11:59:25","date_gmt":"2024-02-06T11:59:25","guid":{"rendered":"https:\/\/www.vadaszboltcsorna.hu\/?post_type=product&#038;p=5249"},"modified":"2024-02-06T11:59:50","modified_gmt":"2024-02-06T11:59:50","slug":"jagdhund-neuberg-ferfi-zako-6203310000","status":"publish","type":"product","link":"https:\/\/www.vadaszboltcsorna.hu\/index.php\/termek\/jagdhund-neuberg-ferfi-zako-6203310000\/","title":{"rendered":"JAGDHUND NEUBERG f\u00e9rfi zak\u00f3 6203310000"},"content":{"rendered":"<h2><strong>JAGDHUND NEUBERG f\u00e9rfi zak\u00f3 6203310000<\/strong><\/h2>\n<h3>Eleg\u00e1ns, k\u00e9tgombos f\u00e9rfi kab\u00e1t h\u00e1tlappal<\/h3>\n<h3>Finom anyag<\/h3>\n<h3>K\u00e9t csukl\u00f3s f\u00fcles zseb<\/h3>\n<h3>Kar has\u00edt\u00e9kok gombokkal<\/h3>\n<h3>K\u00e9t bels\u0151 zseb<\/h3>\n<h3>K\u00e9t h\u00e1ts\u00f3 r\u00e9s<\/h3>\n<h3>R\u00e9szben b\u00e9lelt<\/h3>\n<h3>Kiv\u00e1l\u00f3 min\u0151s\u00e9g\u0171 jacquard b\u00e9l\u00e9s<\/h3>\n<h3>anyag: 100% gyapj\u00fa<\/h3>\n<h3>B\u00e9l\u00e9s: 56% poli\u00e9szter, 44% viszk\u00f3z<\/h3>\n","protected":false},"excerpt":{"rendered":"<p>JAGDHUND NEUBERG f\u00e9rfi zak\u00f3 6203310000 Eleg\u00e1ns, k\u00e9tgombos f\u00e9rfi kab\u00e1t h\u00e1tlappal Finom anyag K\u00e9t csukl\u00f3s f\u00fcles zseb Kar has\u00edt\u00e9kok gombokkal K\u00e9t bels\u0151 zseb K\u00e9t h\u00e1ts\u00f3 r\u00e9s R\u00e9szben b\u00e9lelt Kiv\u00e1l\u00f3 min\u0151s\u00e9g\u0171 jacquard b\u00e9l\u00e9s anyag: 100% gyapj\u00fa B\u00e9l\u00e9s: 56% poli\u00e9szter, 44% viszk\u00f3z<\/p>\n","protected":false},"featured_media":5251,"comment_status":"open","ping_status":"closed","template":"","meta":{"_et_pb_use_builder":"","_et_pb_old_content":"","_et_gb_content_width":"","om_disable_all_campaigns":false},"product_brand":[],"product_cat":[21,553,159],"product_tag":[1270,1269,1271],"class_list":{"0":"post-5249","1":"product","2":"type-product","3":"status-publish","4":"has-post-thumbnail","6":"product_cat-uj","7":"product_cat-kabat","8":"product_cat-vadasz-ruhazat","9":"product_tag-jagdhund","10":"product_tag-jagdhund-neuberg-ferfi-zako-6203310000","11":"product_tag-zako","13":"first","14":"instock","15":"sale","16":"taxable","17":"shipping-taxable","18":"purchasable","19":"product-type-variable"},"_links":{"self":[{"href":"https:\/\/www.vadaszboltcsorna.hu\/index.php\/wp-json\/wp\/v2\/product\/5249","targetHints":{"allow":["GET"]}}],"collection":[{"href":"https:\/\/www.vadaszboltcsorna.hu\/index.php\/wp-json\/wp\/v2\/product"}],"about":[{"href":"https:\/\/www.vadaszboltcsorna.hu\/index.php\/wp-json\/wp\/v2\/types\/product"}],"replies":[{"embeddable":true,"href":"https:\/\/www.vadaszboltcsorna.hu\/index.php\/wp-json\/wp\/v2\/comments?post=5249"}],"wp:featuredmedia":[{"embeddable":true,"href":"https:\/\/www.vadaszboltcsorna.hu\/index.php\/wp-json\/wp\/v2\/media\/5251"}],"wp:attachment":[{"href":"https:\/\/www.vadaszboltcsorna.hu\/index.php\/wp-json\/wp\/v2\/media?parent=5249"}],"wp:term":[{"taxonomy":"product_brand","embeddable":true,"href":"https:\/\/www.vadaszboltcsorna.hu\/index.php\/wp-json\/wp\/v2\/product_brand?post=5249"},{"taxonomy":"product_cat","embeddable":true,"href":"https:\/\/www.vadaszboltcsorna.hu\/index.php\/wp-json\/wp\/v2\/product_cat?post=5249"},{"taxonomy":"product_tag","embeddable":true,"href":"https:\/\/www.vadaszboltcsorna.hu\/index.php\/wp-json\/wp\/v2\/product_tag?post=5249"}],"curies":[{"name":"wp","href":"https:\/\/api.w.org\/{rel}","templated":true}]}}