{"id":5178,"date":"2023-12-29T13:12:07","date_gmt":"2023-12-29T13:12:07","guid":{"rendered":"https:\/\/www.vadaszboltcsorna.hu\/?post_type=product&#038;p=5178"},"modified":"2024-04-09T10:08:18","modified_gmt":"2024-04-09T10:08:18","slug":"pulsar-merger-lrf-xq35-hokameras-keresotavcso","status":"publish","type":"product","link":"https:\/\/www.vadaszboltcsorna.hu\/index.php\/termek\/pulsar-merger-lrf-xq35-hokameras-keresotavcso\/","title":{"rendered":"Pulsar Merger LRF XQ35 h\u0151kamer\u00e1s keres\u0151t\u00e1vcs\u0151"},"content":{"rendered":"<h2 class=\"product_title entry-title elementor-heading-title elementor-size-default\"><strong>Pulsar Merger LRF XQ35 h\u0151kamer\u00e1s keres\u0151t\u00e1vcs\u0151<\/strong><\/h2>\n<p>K\u00f6nny\u0171 \u00e9s kompakt<\/p>\n<p>A Merger LRF XQ35 olyan kompakt, mint a klasszikus nappali t\u00e1vcs\u00f6vek, ide\u00e1lis a becserk\u00e9sz\u00e9shez. Mivel a Merger LRF XQ35 a term\u00e9kcsal\u00e1d legk\u00f6nnyebb tagja, k\u00e9nyelmes az \u00e1llatok keres\u00e9s\u00e9hez \u00e9s \u00fcld\u00f6z\u00e9s\u00e9hez. A kiegyens\u00falyozott s\u00falyeloszl\u00e1s k\u00e9nyelmes, f\u00e1radts\u00e1g n\u00e9lk\u00fcli megfigyel\u00e9st biztos\u00edt a hossz\u00fa ideig tart\u00f3 megfigyel\u00e9s sor\u00e1n.<\/p>\n<p>Klasszikus binokul\u00e1ris kialak\u00edt\u00e1s<\/p>\n<p>A Merger LRF klasszikus nappali t\u00e1vcs\u0151form\u00e1val rendelkezik. A kompakt kialak\u00edt\u00e1s t\u00f6k\u00e9letes \u00e9s k\u00e9nyelmes fog\u00e1st biztos\u00edt, mik\u00f6zben megmarad a vonz\u00f3 eszt\u00e9tika \u00e9s ergon\u00f3mia. A hat funkcion\u00e1lis gomb k\u00e9nyelmes helyen van elhelyezve, hogy gyors hozz\u00e1f\u00e9r\u00e9st biztos\u00edtson a leggyakrabban haszn\u00e1lt funkci\u00f3khoz.<br \/>\nNagy \u00e9rz\u00e9kenys\u00e9g\u0171, eur\u00f3pai gy\u00e1rt\u00e1s\u00fa h\u0151\u00e9rz\u00e9kel\u0151 &lt; 25 mK NETD \/ 384\u00d7288 pixel @ 17 \u00b5m<\/p>\n<p>A Merger LRF XQ35 a nagy \u00e9rz\u00e9kenys\u00e9g\u0171 &lt; 25 mK NETD eur\u00f3pai gy\u00e1rt\u00e1s\u00fa Lynred \u00e9rz\u00e9kel\u0151vel van felszerelve, amely min\u0151s\u00e9gileg hasznos jelet r\u00f6gz\u00edt neh\u00e9z megfigyel\u00e9si k\u00f6r\u00fclm\u00e9nyek k\u00f6z\u00f6tt, amikor a h\u0151kontraszt alacsony. A megfigyel\u00e9s helysz\u00edn\u00e9n es\u0151, k\u00f6d \u00e9s magas l\u00e9gk\u00f6ri p\u00e1ratartalom eset\u00e9n a legkisebb h\u0151m\u00e9rs\u00e9kletk\u00fcl\u00f6nbs\u00e9gek is j\u00f3l l\u00e1that\u00f3ak lesznek.<br \/>\nK\u00f6zels\u00e9g\u00e9rz\u00e9kel\u0151 rejtett haszn\u00e1latra<\/p>\n<p><iframe loading=\"lazy\" title=\"Merger LRF XQ35 | Compact and convenient | Thermal imaging binoculars\" width=\"1080\" height=\"608\" src=\"https:\/\/www.youtube.com\/embed\/amqz-M-TjIk?feature=oembed\"  allow=\"accelerometer; autoplay; clipboard-write; encrypted-media; gyroscope; picture-in-picture; web-share\" referrerpolicy=\"strict-origin-when-cross-origin\" allowfullscreen><\/iframe><\/p>\n<p>A s\u00f6t\u00e9tben t\u00f6rt\u00e9n\u0151 megfigyel\u00e9shez rejt\u0151zk\u00f6d\u00e9sre van sz\u00fcks\u00e9g, hogy a vad\u00e1szott \u00e1llatok ne riadjanak fel az \u00d6n jelenl\u00e9t\u00e9re. A kijelz\u0151 kikapcsol\u00e1sa funkci\u00f3val t\u00f6rt\u00e9n\u0151 k\u00e9szenl\u00e9ti \u00e1llapotba kapcsol\u00e1s szok\u00e1sos m\u00f3dja annak, hogy megakad\u00e1lyozza az okul\u00e1rok h\u00e1tt\u00e9rvil\u00e1g\u00edt\u00e1s\u00e1t. Ennek a feladatnak az egyszer\u0171s\u00edt\u00e9se \u00e9rdek\u00e9ben a Merger LRF be\u00e9p\u00edtett k\u00f6zels\u00e9g\u00e9rz\u00e9kel\u0151vel rendelkezik. Ez kijelz\u0151kapcsol\u00f3k\u00e9nt m\u0171k\u00f6dik a s\u00f6t\u00e9tben t\u00f6rt\u00e9n\u0151 h\u00e1tt\u00e9rvil\u00e1g\u00edt\u00e1s megakad\u00e1lyoz\u00e1s\u00e1ra. Amikor a k\u00e9sz\u00fcl\u00e9ket a szemekt\u0151l t\u00e1volabb viszik, a k\u00f6zels\u00e9g\u00e9rz\u00e9kel\u0151 mindk\u00e9t kijelz\u0151t kikapcsolja, amikor pedig a k\u00e9sz\u00fcl\u00e9ket k\u00f6zelebb hozz\u00e1k, mindk\u00e9t kijelz\u0151 bekapcsol, \u00edgy kiv\u00e1l\u00f3 k\u00e9pmin\u0151s\u00e9get biztos\u00edt.<br \/>\nRobusztus magn\u00e9zium\u00f6tv\u00f6zetb\u0151l k\u00e9sz\u00fclt h\u00e1z<\/p>\n<p>A Merger LRF k\u00e9sz\u00fcl\u00e9ket \u00e1lland\u00f3, gyakran kem\u00e9ny haszn\u00e1latra tervezt\u00e9k. A magn\u00e9zium\u00f6tv\u00f6zetb\u0151l k\u00e9sz\u00fclt h\u00e1z egyszerre k\u00f6nny\u0171 \u00e9s er\u0151s. A h\u00e1z megb\u00edzhat\u00f3an v\u00e9di a h\u0151kamer\u00e1s k\u00e9sz\u00fcl\u00e9k bels\u0151 alkatr\u00e9szeit az \u00fct\u00e9sekt\u0151l, a lees\u00e9st\u0151l, a nedvess\u00e9gt\u0151l, a h\u0151t\u0151l vagy a hidegt\u0151l. Ugyanakkor a f\u00e9mh\u00e1z hat\u00e9konyan elvezeti a h\u0151t az elektronik\u00e1t\u00f3l, \u00e9s n\u00f6veli a k\u00e9sz\u00fcl\u00e9k m\u0171k\u00f6d\u00e9s\u00e9nek \u00e1lland\u00f3s\u00e1g\u00e1t a hossz\u00fa t\u00e1v\u00fa megfigyel\u00e9s sor\u00e1n.<br \/>\nPontos l\u00e9zeres t\u00e1vols\u00e1gm\u00e9r\u00e9s ak\u00e1r 1000 m-ig<\/p>\n<p>A c\u00e9lt\u00e1vols\u00e1g meg\u00e9rt\u00e9se l\u00e9nyeges t\u00e9nyez\u0151 a helyes d\u00f6nt\u00e9sek meghozatal\u00e1ban. Az ak\u00e1r 1 kilom\u00e9teres hat\u00f3t\u00e1vols\u00e1ggal rendelkez\u0151 be\u00e9p\u00edtett l\u00e9zeres t\u00e1vols\u00e1gm\u00e9r\u0151 lehet\u0151v\u00e9 teszi a t\u00e1vols\u00e1gok m\u00e9r\u00e9s\u00e9t egyszeri m\u00e9r\u00e9si \u00e9s folyamatos p\u00e1szt\u00e1z\u00e1si \u00fczemm\u00f3dban \u00b1 1 m\u00e9teres pontoss\u00e1ggal a helyzet gyors \u00e9s hibamentes felm\u00e9r\u00e9se \u00e9rdek\u00e9ben.<\/p>\n<p>Kombin\u00e1lt kett\u0151s akkumul\u00e1toros rendszer<\/p>\n<p>A Merger LRF k\u00e9t \u00fajrat\u00f6lthet\u0151 akkumul\u00e1torral m\u0171k\u00f6dik: az egyik be\u00e9p\u00edtett, 4 Ah kapacit\u00e1s\u00fa, a m\u00e1sik cser\u00e9lhet\u0151, 3,2 Ah kapacit\u00e1s\u00fa. Egyetlen felt\u00f6lt\u00e9s ak\u00e1r 11 \u00f3r\u00e1s akkumul\u00e1tor-\u00fczemid\u0151t is garant\u00e1l. A cser\u00e9lhet\u0151 akkumul\u00e1tor test\u00e9n tal\u00e1lhat\u00f3 dombornyom\u00e1s a megfelel\u0151 poz\u00edci\u00f3 pontos meghat\u00e1roz\u00e1s\u00e1ra lehet\u0151v\u00e9 teszi, hogy a lemer\u00fclt akkumul\u00e1tort teljes s\u00f6t\u00e9ts\u00e9gben, \u00e9rint\u00e9ssel gyorsan \u00e9s magabiztosan kicser\u00e9lhess\u00fck egy \u00fajjal.<\/p>\n<p><iframe loading=\"lazy\" title=\"Compact and ergonomic | Pulsar Merger LRF XQ35 | The most compact member of the Merger family\" width=\"1080\" height=\"608\" src=\"https:\/\/www.youtube.com\/embed\/C3laUtLo4xk?feature=oembed\"  allow=\"accelerometer; autoplay; clipboard-write; encrypted-media; gyroscope; picture-in-picture; web-share\" referrerpolicy=\"strict-origin-when-cross-origin\" allowfullscreen><\/iframe><\/p>\n<p>3 fokozat\u00fa \u00e9rz\u00e9kenys\u00e9g-er\u0151s\u00edt\u00e9s<\/p>\n<p>A jeler\u0151s\u00edt\u00e9si szint kiv\u00e1laszt\u00e1sa \u00faj sz\u0171r\u00e9si algoritmusokkal kombin\u00e1lva, finom f\u00e9nyer\u0151- \u00e9s kontrasztbe\u00e1ll\u00edt\u00e1sokkal nagyszer\u0171 lehet\u0151s\u00e9geket k\u00edn\u00e1l a vad\u00e1sznak a nagy hat\u00f3t\u00e1vols\u00e1g\u00fa megfigyel\u00e9shez v\u00e1ltozatos id\u0151j\u00e1r\u00e1si \u00e9s h\u0151m\u00e9rs\u00e9kleti k\u00f6r\u00fclm\u00e9nyek k\u00f6z\u00f6tt. Az er\u0151s\u00edt\u00e9s be\u00e1ll\u00edt\u00e1sa seg\u00edt az \u00e1llat tr\u00f3fe\u00e1s von\u00e1sainak meghat\u00e1roz\u00e1s\u00e1ban, \u00e9s biztos\u00edtja a l\u00e1t\u00f3mez\u0151ben l\u00e9v\u0151 t\u00e1rgyak \u00e9s a h\u00e1tt\u00e9r tiszta megjelen\u00edt\u00e9s\u00e9t.<br \/>\nBe\u00e9p\u00edtett f\u00e9nyk\u00e9p- \u00e9s videor\u00f6gz\u00edt\u0151<\/p>\n<p>A Merger LRF be\u00e9p\u00edtett videor\u00f6gz\u00edt\u0151vel rendelkezik. A Merger LRF bels\u0151 mem\u00f3ri\u00e1ja t\u00f6bb \u00f3r\u00e1nyi vide\u00f3t \u00e9s t\u00f6bb t\u00edzezer f\u00e9nyk\u00e9pet k\u00e9pes t\u00e1rolni. Egy gombnyom\u00e1s el\u00e9g ahhoz, hogy egy \u00e9rdekes jelenetr\u0151l f\u00e9nyk\u00e9pet k\u00e9sz\u00edtsen, vagy elind\u00edtsa a videofelv\u00e9telt.<br \/>\nStream Vision 2. Wi-Fi integr\u00e1ci\u00f3 iOS \u00e9s Android eszk\u00f6z\u00f6kkel<\/p>\n<p>A be\u00e9p\u00edtett Wi-Fi \u00f6sszek\u00f6ti a Merger LRF-et az Android \u00e9s iOS okostelefonokkal a Stream Vision 2 mobilalkalmaz\u00e1son kereszt\u00fcl. Ez a lehet\u0151s\u00e9gek sz\u00e9les sk\u00e1l\u00e1j\u00e1t nyitja meg, bele\u00e9rtve a vezet\u00e9k n\u00e9lk\u00fcli k\u00e9sz\u00fcl\u00e9kszoftver-friss\u00edt\u00e9seket, a val\u00f3s idej\u0171 k\u00e9p\u00e1tvitelt a k\u00e9sz\u00fcl\u00e9kr\u0151l az okostelefon k\u00e9perny\u0151j\u00e9re, a k\u00e9sz\u00fcl\u00e9k \u00e1ltal r\u00f6gz\u00edtett fot\u00f3- \u00e9s videotartalmak k\u00f6z\u00f6ss\u00e9gi m\u00e9di\u00e1ban val\u00f3 k\u00f6zz\u00e9t\u00e9tel\u00e9t vagy az \u00fczenetk\u00fcld\u0151kre t\u00f6rt\u00e9n\u0151 \u00e1tvitelt, a digit\u00e1lis k\u00e9sz\u00fcl\u00e9kfunkci\u00f3k t\u00e1vvez\u00e9rl\u00e9s\u00e9t \u00e9s a Pulsar legfrissebb h\u00edreihez val\u00f3 hozz\u00e1f\u00e9r\u00e9st. A regisztr\u00e1lt felhaszn\u00e1l\u00f3k emellett 16 GB felh\u0151alap\u00fa t\u00e1rhelyet kapnak a k\u00e9sz\u00fcl\u00e9kkel r\u00f6gz\u00edtett f\u00e9nyk\u00e9pekhez \u00e9s vide\u00f3khoz.<br \/>\nK\u00e9nyelmes megtekint\u00e9si \u00e9lm\u00e9ny<\/p>\n<p>A Merger LRF t\u00e1vcs\u0151 optikai kialak\u00edt\u00e1sa teljes m\u00e9rt\u00e9kben figyelembe veszi az emberi l\u00e1t\u00e1s term\u00e9szet\u00e9t. Az ember sz\u00e1m\u00e1ra term\u00e9szetes, hogy a vizu\u00e1lis inform\u00e1ci\u00f3kat egyszerre k\u00e9t vizu\u00e1lis csatorn\u00e1n kereszt\u00fcl fogadja. A k\u00e9t szemmel t\u00f6rt\u00e9n\u0151 n\u00e9z\u00e9s kev\u00e9sb\u00e9 f\u00e1raszt\u00f3, mint az egy szemmel t\u00f6rt\u00e9n\u0151 n\u00e9z\u00e9s. Ez azt jelenti, hogy jobban \u00e9rz\u00e9keli a kis vagy halv\u00e1ny objektumokat, \u00e9s jobb teljes\u00edtm\u00e9nyt ny\u00fajt alacsony kontraszt\u00fa helyzetekben, mint az azonos m\u0171szaki sz\u00ednvonal\u00fa hasonl\u00f3 monokul\u00e1ris h\u0151kamer\u00e1k. A Merger LRF binokul\u00e1rban a szemt\u00e1vols\u00e1g 62 \u00e9s 74 mm k\u00f6z\u00f6tt \u00e1ll\u00edthat\u00f3, az adott felhaszn\u00e1l\u00f3 egy\u00e9ni jellemz\u0151inek megfelel\u0151en.<br \/>\nGyors rekeszny\u00edl\u00e1s\u00fa F35\/1,0 germ\u00e1nium lencse<\/p>\n<p>A germ\u00e1nium F35\/1,0 lencse nagy infrav\u00f6r\u00f6s \u00e1tbocs\u00e1t\u00f3k\u00e9pess\u00e9ggel rendelkezik az LWIR tartom\u00e1nyban. A lencse optikai elemeinek nagy pontoss\u00e1g\u00fa gy\u00e1rt\u00e1s\u00e1nak k\u00f6sz\u00f6nhet\u0151en a Merger LRF XQ35 h\u0151kamer\u00e1s k\u00e9sz\u00fcl\u00e9k \u00e9rz\u00e9kel\u0151je \u00e1ltal gener\u00e1lt k\u00e9p kit\u0171nik tisztas\u00e1g\u00e1val \u00e9s r\u00e9szletgazdags\u00e1g\u00e1val.<br \/>\nKett\u0151s Wi-Fi hull\u00e1ms\u00e1v t\u00e1mogat\u00e1s 2,4 \/ 5 GHz<\/p>\n<p>A Merger LRF h\u0151kamer\u00e1kban az okostelefonok szabv\u00e1nyos, 2,4 GHz-es Wi-Fi csatorn\u00e1n kereszt\u00fcli csatlakoz\u00e1si frekvenciatartom\u00e1nya kieg\u00e9sz\u00fcl egy hat\u00e9kony 5 GHz-es frekvenciatartom\u00e1nnyal. Az 5 GHz-es kapcsolat jobb s\u00e1vsz\u00e9less\u00e9get, gyorsabb adat\u00e1tviteli sebess\u00e9get, zajmentess\u00e9get \u00e9s jobb kapcsolati stabilit\u00e1st k\u00edn\u00e1l, ami a h\u0151kamer\u00e1nak az okostelefonnal val\u00f3 produkt\u00edvabb \u00e9s egyszer\u0171bb m\u0171k\u00f6dtet\u00e9s\u00e9t eredm\u00e9nyezi.<br \/>\nNagy kontraszt\u00fa HD AMOLED kijelz\u0151k<\/p>\n<p>M\u00edg a Merger HD AMOLED kijelz\u0151i \u00e9les, kontrasztgazdag, \u00e9l\u00e9nk sz\u00edn\u0171 l\u00e1t\u00f3mez\u0151t biztos\u00edtanak, az AMOLED technol\u00f3gia hib\u00e1tlan, g\u00f6rd\u00fcl\u00e9keny, nagy felbont\u00e1s\u00fa k\u00e9pet \u00e9s energiatakar\u00e9koss\u00e1got biztos\u00edt.<br \/>\n8 sz\u00ednpaletta k\u00f6z\u00fcl v\u00e1laszthat<\/p>\n<p>A 8 sz\u00ednpaletta kiv\u00e1laszt\u00e1s\u00e1val a felhaszn\u00e1l\u00f3 hat\u00e9konyabban figyelheti meg a l\u00e1t\u00f3mez\u0151t, \u00edgy optimaliz\u00e1lhatja a k\u00e9sz\u00fcl\u00e9ket az adott feladatokhoz, valamint reag\u00e1lhat a v\u00e1ltoz\u00f3 megfigyel\u00e9si k\u00f6r\u00fclm\u00e9nyekre. A White Hot, Black Hot \u00e9s Red Hot optim\u00e1lis a t\u00e1rgyak \u00e9szlel\u00e9s\u00e9hez, a Rainbow \u00e9s az Ultramarine pedig seg\u00edt n\u00f6velni a felismer\u00e9s \u00e9s azonos\u00edt\u00e1s es\u00e9lyeit. A Red Monochrome, a Sepia \u00e9s a Violet legink\u00e1bb a hossz\u00fa \u00e9jszakai megfigyel\u00e9shez alkalmas.<br \/>\nIPX7 mer\u00fcl\u00e9si v\u00edz\u00e1ll\u00f3 min\u0151s\u00edt\u00e9s<\/p>\n<p>IPX7 v\u00edz\u00e1ll\u00f3 min\u0151s\u00edt\u00e9ssel rendelkezik a heves es\u0151z\u00e9s, h\u00f3 vagy m\u00e1s csapad\u00e9k elleni v\u00e9delem \u00e9rdek\u00e9ben. A k\u00e9sz\u00fcl\u00e9ket \u00fagy tervezt\u00e9k, hogy hib\u00e1tlanul m\u0171k\u00f6dj\u00f6n, m\u00e9g akkor is, ha ak\u00e1r 30 percre 1 m\u00e9teres v\u00edzbe mer\u00fcl.<br \/>\nM\u0171k\u00f6d\u00e9s sz\u00e9ls\u0151s\u00e9ges h\u0151m\u00e9rs\u00e9kleten -25 \u00e9s +50\u00b0C k\u00f6z\u00f6tt<\/p>\n<p>A Merger LRF h\u00e1z\u00e1t, t\u00e1pegys\u00e9g\u00e9t, optik\u00e1j\u00e1t \u00e9s elektronik\u00e1j\u00e1t a sz\u00e9les h\u0151m\u00e9rs\u00e9klet-tartom\u00e1nyban t\u00f6rt\u00e9n\u0151 alkalmaz\u00e1sra tekintettel tervezt\u00e9k. A Merger megb\u00edzhat\u00f3 \u00e9s hat\u00e9kony teljes\u00edtm\u00e9nyt biztos\u00edt fagypont alatti hidegben, ak\u00e1r -25\u00b0C-ig.<\/p>\n<p>\u00d6sszeolvad\u00e1s LRF XQ35<br \/>\nF\u0151<br \/>\n\u00c9rz\u00e9kel\u0151<br \/>\n384\u00d7288 pix. @ 17 \u00b5m (NETD &lt;25 mK)<br \/>\nObjekt\u00edv lencse<br \/>\nF35 \/ 1.0<br \/>\nNagy\u00edt\u00e1s, x<br \/>\n3 \u2013 12 (x4-es zoom)<br \/>\nL\u00e1t\u00f3mez\u0151 (HxV), fok \/ m@100 m<br \/>\n10,7\u04458 \/ 18,7\u00d714<br \/>\n\u00c9rz\u00e9kel\u00e9si tartom\u00e1ny, m<br \/>\n1350<\/p>\n<p>A Merger eset\u00e9ben a jelenlegi legjobb komponensek felhaszn\u00e1l\u00e1sa eredm\u00e9nyezi a hihetetlen\u00fcl r\u00e9szletes \u00e9s \u00e9les k\u00e9pet mind a c\u00e9l-\u00e9s a h\u00e1tt\u00e9rk\u00e9pn\u00e9l egyar\u00e1nt. A tov\u00e1bbfejlesztett elektronikus fel\u00fclet \u00e9s k\u00e9pfeldolgoz\u00f3 algoritmus seg\u00edts\u00e9g\u00e9vel \u00faj megk\u00f6zel\u00edt\u00e9sbe ker\u00fclt a k\u00e9pfeldolgoz\u00e1s.<\/p>\n<ul>\n<li>Nagy\u00edt\u00e1s: 3x \u2013 12x<\/li>\n<li>Detekt\u00e1ci\u00f3s t\u00e1vols\u00e1g: 1350 m<\/li>\n<li>Felbont\u00e1s: 384 x 288 px @17\u00b5m (NETD &lt;25 mK)<\/li>\n<li>Klasszikus tervez\u00e9s &amp; kompakt m\u00e9ret<\/li>\n<li>Tov\u00e1bbfejlesztett k\u00e9palkot\u00e1s n\u00f6veli a megfigyel\u00e9s \u00e9lm\u00e9ny\u00e9t<\/li>\n<li>1000 m\u00e9terig prec\u00edz t\u00e1vols\u00e1gm\u00e9r\u0151<\/li>\n<li>Min\u0151s\u00e9gi, meger\u0151s\u00edtett magn\u00e9zium \u00f6tv\u00f6zet bor\u00edt\u00e1s<\/li>\n<li>\n<div id=\"cgkit-tab-description\" class=\"woocommerce-Tabs-panel commercekit-Tabs-panel--description panel entry-content\">\n<h1>Pulsar Merger LRF XQ35 H\u0151kamera Keres\u0151t\u00e1vcs\u0151<\/h1>\n<h2>384\u00d7288 FELBONT\u00c1S<\/h2>\n<div>\n<div>\n<p>A francia gy\u00e1rtm\u00e1ny\u00fa Lynred szenzor (384\u00d7288 \/ 17 \u00b5m, NETD &lt;25mK) biztos\u00edtja a r\u00e9szletfelismer\u00e9st m\u00e9g sz\u00e9ls\u0151s\u00e9ges id\u0151j\u00e1r\u00e1si k\u00f6r\u00fclm\u00e9nyek k\u00f6z\u00f6tt is, amikor a h\u0151m\u00e9rs\u00e9kletk\u00fcl\u00f6nbs\u00e9g alacsony. Az \u00e9les \u00e9s kontrasztos h\u0151k\u00e9p lehet\u0151v\u00e9 teszi sz\u00e1munkra az \u00e1llatok felismer\u00e9s\u00e9t a legapr\u00f3bb r\u00e9szletekre is kit\u00e9r\u0151en, emellett pontosan elk\u00fcl\u00f6n\u00edthet\u0151ek a fa\u00e1gak, levelek, aljn\u00f6v\u00e9nyzet \u00e9s egy\u00e9b m\u00e1s terepviszonyok is.<\/p>\n<\/div>\n<\/div>\n<h2>\u00c1LL\u00cdTHAT\u00d3 SZEMT\u00c1VOLS\u00c1G<\/h2>\n<section>\u00a0A Merger lehet\u0151v\u00e9 teszi a valaha volt leg\u00e9lvezetesebb megfigyel\u00e9st hossz\u00fa t\u00e1von! R\u00e1ad\u00e1sul az okul\u00e1rok t\u00e1vols\u00e1g\u00e1t be lehet \u00e1ll\u00edtani az egy\u00e9ni sz\u00fcks\u00e9gleteknek megfelel\u0151en, ez\u00e1ltal a kett\u0151sl\u00e1t\u00e1s lehet\u0151s\u00e9g\u00e9t is kiz\u00e1rhatjuk.<\/p>\n<h2>AKKUMUL\u00c1TOR<\/h2>\n<p>Egyszeri akkumul\u00e1tor t\u00f6lt\u00e9ssel ak\u00e1r 11 \u00f3r\u00e1ig is haszn\u00e1lhat\u00f3 a binokul\u00e1r. R\u00e1ad\u00e1sul a kett\u0151s akkumul\u00e1tor ell\u00e1t\u00e1s lehet\u0151v\u00e9 teszi a cser\u00e9t ak\u00e1r teljes s\u00f6t\u00e9ts\u00e9gben is an\u00e9lk\u00fcl, hogy kikapcsoln\u00e1nk a k\u00e9sz\u00fcl\u00e9ket.<\/p>\n<p>&nbsp;<\/p>\n<div>\n<h2>\u00c1LL\u00cdTHAT\u00d3 NAGY\u00cdT\u00c1S<\/h2>\n<div>\n<p>A Merger h\u0151kamer\u00e1k \u00e1ll\u00edthat\u00f3 nagy\u00edt\u00e1ssal rendelkeznek, teh\u00e1t b\u00e1rmilyen helyzetben be\u00e1ll\u00edthatjuk az ide\u00e1lis l\u00e1t\u00f3mez\u0151t. A nagy\u00edt\u00e1st zoommal \u00e1ll\u00edthatjuk modellt\u0151l f\u00fcgg\u0151en ak\u00e1r 4x-ig, ami azt jelenti ebben az esetben,hogy a 3x alapnagy\u00edt\u00e1st ak\u00e1r 12x-ra emelhetj\u00fck.<\/p>\n<\/div>\n<\/div>\n<h2>MAGAS K\u00c9PFRISS\u00cdT\u00c9SI R\u00c1TA<\/h2>\n<div>\n<div>\n<p>A h\u0151kamera 50 k\u00e9pkock\u00e1t k\u00e9pes megjelen\u00edteni m\u00e1sodpercenk\u00e9nt amivel t\u00f6k\u00e9letes, folyamatos k\u00e9pet kapunk ak\u00e1r mozg\u00f3 objektumok megfigyel\u00e9se k\u00f6zben is.<\/p>\n<\/div>\n<\/div>\n<div>\n<h2>\u00c9SZLEL\u00c9SI T\u00c1VOLS\u00c1G: 1350 M<\/h2>\n<div>\n<p>A nagy \u00e9rz\u00e9kenys\u00e9g\u0171 h\u0151szenzor \u00e9s a germ\u00e1nium anyag\u00fa objekt\u00edv lencse (F50\/1.0) kombin\u00e1ci\u00f3ja teszi igaz\u00e1n p\u00e1ratlann\u00e1 a Merger \u00e9szlel\u00e9si hat\u00e9konys\u00e1g\u00e1t. Az is elmondhat\u00f3 a k\u00e9sz\u00fcl\u00e9kr\u0151l, hogy k\u00e9pes felismerni 1350 m\u00e9terr\u0151l egy 1,8 m magass\u00e1g\u00fa objektumot teljes s\u00f6t\u00e9ts\u00e9gben.<\/p>\n<\/div>\n<\/div>\n<h2>BE\u00c9P\u00cdTETT VIDE\u00d3 FELVEV\u0150<\/h2>\n<div>\n<div>\n<p>A h\u0151kamera be\u00e9p\u00edtett videofelvev\u0151j\u00e9nek seg\u00edts\u00e9g\u00e9vel a r\u00f6gz\u00edt\u00e9s m\u00e9g sosem volt ennyire egyszer\u0171. A k\u00e9peket \u00e9s vide\u00f3kat gyorsan \u00e9s k\u00e9nyelmesen rakhatjuk \u00e1t PC-re, Laptopra, ak\u00e1r wi-fi kapcsolattal is.<\/p>\n<\/div>\n<\/div>\n<h2>PULSAR MERGER LRF XQ35 L\u00c9ZERES T\u00c1VOLS\u00c1GM\u00c9R\u0150VEL<\/h2>\n<div>\n<div>A Merger LRF XQ35 k\u00e9pess\u00e9 tesz a t\u00e1vols\u00e1g prec\u00edz felbecs\u00fcl\u00e9s\u00e9ben, ami alapvet\u0151 felt\u00e9tel a megfelel\u0151 d\u00f6nt\u00e9s meghozatal\u00e1ban. A be\u00e9p\u00edtett, nagy hat\u00f3t\u00e1vols\u00e1g\u00fa, l\u00e9zeres t\u00e1vols\u00e1gm\u00e9r\u0151 k\u00e9pes gyorsan \u00e9s hibamentesen ak\u00e1r 1000 m\u00e9terig megm\u00e9rni a t\u00e1vols\u00e1got \u00b11 m\u00e9teres pontoss\u00e1ggal.<\/div>\n<\/div>\n<h2>DUPLA AMOLED HD KIJELZ\u0150 (1024\u00d7768)<\/h2>\n<div>\n<div>\n<p>A 640\u00d7480 felbont\u00e1s\u00fa min\u0151s\u00e9gi AMOLED HD kijelz\u0151b\u0151 sz\u00ednes, kontrasztos \u00e9s t\u0171\u00e9les k\u00e9pet ad, r\u00e1ad\u00e1sul az \u00faj fajta kijelz\u0151 rendk\u00edv\u00fcl energiatakar\u00e9kos!<\/p>\n<\/div>\n<\/div>\n<h2>DISPLAY-OFF M\u00d3D<\/h2>\n<div>\n<div>\n<p>Ha a h\u0151kamer\u00e1t nem haszn\u00e1ljuk egy ideig, automatikusan kikapcsolja a k\u00e9perny\u0151t, (1 perc,2 perc, 5 perc) \u00edgy n\u00f6velve az \u00fczemid\u0151t. Ha viszont \u00fajra haszn\u00e1lni szeretn\u00e9nk az eszk\u00f6zt, a t\u00e1vcs\u0151 m\u00e1sodpercek alatt \u00fajra m\u0171k\u00f6d\u0151k\u00e9pes lesz \u00e9s a haszn\u00e1lt kalibr\u00e1ci\u00f3t sem felejti el.<\/p>\n<\/div>\n<\/div>\n<\/section>\n<\/div>\n<\/li>\n<\/ul>\n","protected":false},"excerpt":{"rendered":"<p>Pulsar Merger LRF XQ35 h\u0151kamer\u00e1s keres\u0151t\u00e1vcs\u0151 K\u00f6nny\u0171 \u00e9s kompakt A Merger LRF XQ35 olyan kompakt, mint a klasszikus nappali t\u00e1vcs\u00f6vek, ide\u00e1lis a becserk\u00e9sz\u00e9shez. Mivel a Merger LRF XQ35 a term\u00e9kcsal\u00e1d legk\u00f6nnyebb tagja, k\u00e9nyelmes az \u00e1llatok keres\u00e9s\u00e9hez \u00e9s \u00fcld\u00f6z\u00e9s\u00e9hez. A kiegyens\u00falyozott s\u00falyeloszl\u00e1s k\u00e9nyelmes, f\u00e1radts\u00e1g n\u00e9lk\u00fcli megfigyel\u00e9st biztos\u00edt a hossz\u00fa ideig tart\u00f3 megfigyel\u00e9s sor\u00e1n. Klasszikus binokul\u00e1ris kialak\u00edt\u00e1s [&hellip;]<\/p>\n","protected":false},"featured_media":5182,"comment_status":"open","ping_status":"closed","template":"","meta":{"_et_pb_use_builder":"","_et_pb_old_content":"","_et_gb_content_width":"","om_disable_all_campaigns":false},"product_brand":[],"product_cat":[21,447,448],"product_tag":[528,632,1259,70],"class_list":{"0":"post-5178","1":"product","2":"type-product","3":"status-publish","4":"has-post-thumbnail","6":"product_cat-uj","7":"product_cat-hokamera","8":"product_cat-kereso-hokamera","9":"product_tag-hokamera","10":"product_tag-optika","11":"product_tag-pulsar-merger-lrf-xq35-hokameras-keresotavcso","12":"product_tag-vadaszat","14":"first","15":"instock","16":"taxable","17":"shipping-taxable","18":"purchasable","19":"product-type-simple"},"_links":{"self":[{"href":"https:\/\/www.vadaszboltcsorna.hu\/index.php\/wp-json\/wp\/v2\/product\/5178","targetHints":{"allow":["GET"]}}],"collection":[{"href":"https:\/\/www.vadaszboltcsorna.hu\/index.php\/wp-json\/wp\/v2\/product"}],"about":[{"href":"https:\/\/www.vadaszboltcsorna.hu\/index.php\/wp-json\/wp\/v2\/types\/product"}],"replies":[{"embeddable":true,"href":"https:\/\/www.vadaszboltcsorna.hu\/index.php\/wp-json\/wp\/v2\/comments?post=5178"}],"wp:featuredmedia":[{"embeddable":true,"href":"https:\/\/www.vadaszboltcsorna.hu\/index.php\/wp-json\/wp\/v2\/media\/5182"}],"wp:attachment":[{"href":"https:\/\/www.vadaszboltcsorna.hu\/index.php\/wp-json\/wp\/v2\/media?parent=5178"}],"wp:term":[{"taxonomy":"product_brand","embeddable":true,"href":"https:\/\/www.vadaszboltcsorna.hu\/index.php\/wp-json\/wp\/v2\/product_brand?post=5178"},{"taxonomy":"product_cat","embeddable":true,"href":"https:\/\/www.vadaszboltcsorna.hu\/index.php\/wp-json\/wp\/v2\/product_cat?post=5178"},{"taxonomy":"product_tag","embeddable":true,"href":"https:\/\/www.vadaszboltcsorna.hu\/index.php\/wp-json\/wp\/v2\/product_tag?post=5178"}],"curies":[{"name":"wp","href":"https:\/\/api.w.org\/{rel}","templated":true}]}}