{"id":5174,"date":"2023-12-29T12:57:18","date_gmt":"2023-12-29T12:57:18","guid":{"rendered":"https:\/\/www.vadaszboltcsorna.hu\/?post_type=product&#038;p=5174"},"modified":"2025-04-03T23:28:24","modified_gmt":"2025-04-03T23:28:24","slug":"pulsar-axion-xm30f-hokamera-keresotavcso","status":"publish","type":"product","link":"https:\/\/www.vadaszboltcsorna.hu\/index.php\/termek\/pulsar-axion-xm30f-hokamera-keresotavcso\/","title":{"rendered":"Pulsar Axion XM30F H\u0151kamera Keres\u0151t\u00e1vcs\u0151"},"content":{"rendered":"<h2 class=\"product_title entry-title elementor-heading-title elementor-size-default\"><strong>Pulsar Axion XM30F H\u0151kamera Keres\u0151t\u00e1vcs\u0151<\/strong><\/h2>\n<div class=\"elementor-element elementor-element-3b517b5 elementor-widget elementor-widget-heading\" data-id=\"3b517b5\" data-element_type=\"widget\" data-widget_type=\"heading.default\">\n<div class=\"elementor-widget-container\">\n<h3 class=\"elementor-heading-title elementor-size-default\">\u00dagy tervezt\u00e9k, hogy<\/h3>\n<\/div>\n<\/div>\n<div class=\"elementor-element elementor-element-66ec8ee elementor-widget elementor-widget-text-editor\" data-id=\"66ec8ee\" data-element_type=\"widget\" data-widget_type=\"text-editor.default\">\n<div class=\"elementor-widget-container\">\n<p>t\u00f6k\u00e9letesen illeszkedjen az emberi k\u00e9zbe, illetve egy \u00e1tlagos zsebben is elf\u00e9rjen, a Pulsar \u00faj h\u0151kamer\u00e1ja komfortos fog\u00e1st \u00e9s kezelhet\u0151s\u00e9get k\u00edn\u00e1l. A kompakt tervez\u00e9s t\u00f6k\u00e9letesen alkalmass\u00e1 teszi arra, hogy vad\u00e1szataid sor\u00e1n mindig veled lehessen. Az \u00faj\u00a0 Axion XM30F h\u0151kamera kit\u0171nik kompakt m\u00e9ret\u00e9vel, felhaszn\u00e1l\u00f3bar\u00e1t kezelhet\u0151s\u00e9g\u00e9vel \u00e9s ergonomikus formaterv\u00e9vel, amik egy\u00fcttv\u00e9ve nagyon magas szint\u0171 komfortot \u00e9s haszn\u00e1lhat\u00f3s\u00e1got garant\u00e1lnak. Az Axion XM30F h\u0151kamera \u00e1ll\u00edthat\u00f3 nagy\u00edt\u00e1ssal rendelkezik, teh\u00e1t b\u00e1rmilyen helyzetben be\u00e1ll\u00edthatjuk az ide\u00e1lis l\u00e1t\u00f3mez\u0151t.\u00a0<strong>Alapnagy\u00edt\u00e1sa 3x<\/strong>, tov\u00e1bbi nagy\u00edt\u00e1st digit\u00e1lis zoommal \u00e1ll\u00edthatjuk eg\u00e9szen 12x-ig. A nagy f\u00e9ny\u00e1tereszt\u0151 k\u00e9pess\u00e9g\u0171 frontlencse a szenzor 12 \u00b5m-es pixelm\u00e9ret\u00e9vel kar\u00f6ltve remek felder\u00edt\u0151k\u00e9pess\u00e9ggel ruh\u00e1zza fel az Axion h\u0151kamer\u00e1t. Egy \u00e1tlagos 1.8 m\u00e9ter magas objektum (emberalak) teljes s\u00f6t\u00e9ts\u00e9gben is ak\u00e1r 1300 m\u00e9teres t\u00e1vols\u00e1gb\u00f3l detekt\u00e1lhat\u00f3. A 12 \u00b5m-es technol\u00f3gi\u00e1nak k\u00f6sz\u00f6nhet\u0151 a nagyobb m\u00e9rt\u00e9k\u0171 optikai nagy\u00edt\u00e1s \u00e9s nagyobb \u00e9szlel\u00e9si t\u00e1vols\u00e1g, \u00e9s ugyanez a param\u00e9ter seg\u00edt kompaktabb\u00e1 tenni a k\u00e9sz\u00fcl\u00e9ket.<\/p>\n<div class=\"elementor-element elementor-element-b151b7a elementor-widget elementor-widget-heading\" data-id=\"b151b7a\" data-element_type=\"widget\" data-widget_type=\"heading.default\">\n<div class=\"elementor-widget-container\">\n<h3 class=\"elementor-heading-title elementor-size-default\">Tov\u00e1bbi \u00faj\u00edt\u00e1s m\u00e9g, hogy<\/h3>\n<\/div>\n<\/div>\n<div class=\"elementor-element elementor-element-636fb5e elementor-widget elementor-widget-text-editor\" data-id=\"636fb5e\" data-element_type=\"widget\" data-widget_type=\"text-editor.default\">\n<div class=\"elementor-widget-container\">\n<p>8 k\u00fcl\u00f6nb\u00f6z\u0151 sz\u00edn k\u00f6z\u00fcl tudunk v\u00e1lasztani a \u201cbel\u00e9p\u0151 kateg\u00f3ri\u00e1s\u201d modelln\u00e9l is. A k\u00e9sz\u00fcl\u00e9k alapbe\u00e1ll\u00edt\u00e1sa a \u201cHot White\u201d sz\u00ednt haszn\u00e1lja. A \u201cColour palettes\u201d men\u00fc seg\u00edts\u00e9g\u00e9vel egy\u00e9b sz\u00edneket is be\u00e1ll\u00edthatunk. A k\u00e9sz\u00fcl\u00e9kh\u00e1z k\u00f6nny\u0171 magn\u00e9zium \u00f6tv\u00f6zete p\u00e9ld\u00e1s szerkezeti merevs\u00e9get \u00e9s t\u0171r\u0151k\u00e9pess\u00e9get biztos\u00edt, m\u00edg ezzel a konstrukci\u00f3val siker\u00fclt meg\u0151rizni a kis t\u00f6meget \u00e9s kiv\u00e1l\u00f3 ergon\u00f3mi\u00e1j\u00fa kialak\u00edt\u00e1st. A Pulsar Axion XM30F h\u0151kamera keres\u0151t\u00e1vcs\u0151 egy igazi\u00a0<strong>kis kompakt cserkel\u0151\/ut\u00e1nkeres\u0151<\/strong>\u00a0optika.\u00a0<strong>144x40x69<\/strong>-es m\u00e9ret\u0171, 250g-os s\u00faly\u00fa magn\u00e9zium \u00f6tv\u00f6zet v\u00e1za\u00a0<strong>IPX7 szabv\u00e1ny<\/strong>, \u00edgy nem jelent akad\u00e1ly a heves es\u0151z\u00e9s, h\u00f3es\u00e9s. S\u0151t, gy\u00e1ri \u00e1llapot\u00e1ban mer\u00edteni is lehet a k\u00e9sz\u00fcl\u00e9ket. A h\u0151kamera egy\u00a0<strong>12<span class=\"product_desc\">\u00b5m<\/span>\u00a0pixelm\u00e9ret\u0171 320\u00d7240-es szenzor<\/strong>t kapott \u00e9s egy \u00faj\u00a0<strong>VGA AMOLED<\/strong>\u00a0kijelz\u0151t.<strong>\u00a0<\/strong>Ezek alapj\u00e1n m\u00e9lt\u00f3 t\u00e1rs lesz az \u00e9jszak\u00e1ban, m\u00e9g az apr\u00f3 m\u00e9ret\u00e9nek ellen\u00e9re is.<\/p>\n<p>Gy\u00e1ri tartoz\u00e9kk\u00e9nt egy\u00a0<strong>PulsarAPS 3 akkuml\u00e1tor<\/strong>\u00a0j\u00e1r a k\u00e9sz\u00fcl\u00e9khez mellyel,\u00a0<strong>t\u00f6bb, mint 5 \u00f3r\u00e1t k\u00e9pes egy t\u00f6lt\u00e9ssel \u00fczemelni.<\/strong>\u00a0Ez azt jelenti, hogy ak\u00e1r folyamatos haszn\u00e1lat mellett ki kell b\u00edrnia egy hosszabb \u00e9jszakai vad\u00e1szatot. Term\u00e9szetesen ha nem lesz elegend\u0151 az 5 \u00f3r\u00e1s \u00fczemid\u0151, akkor lehet hozz\u00e1 kieg\u00e9sz\u00edt\u0151 akkumul\u00e1tort rendelni.<\/p>\n<p>\u00dajdons\u00e1g, hogy a h\u0151kamera be\u00e9p\u00edtett videofelvev\u0151vel rendelkezik. A k\u00e9peket \u00e9s vide\u00f3kat gyorsan \u00e9s k\u00e9nyelmesen tov\u00e1bb\u00edthatod USB-n \u00e1t PC-re, Laptopra, vagy n\u00e9zheted a telefonodon is wi-fin kereszt\u00fcl.<\/p>\n<\/div>\n<\/div>\n<\/div>\n<\/div>\n<p>&nbsp;<\/p>\n","protected":false},"excerpt":{"rendered":"<p>Pulsar Axion XM30F H\u0151kamera Keres\u0151t\u00e1vcs\u0151 \u00dagy tervezt\u00e9k, hogy t\u00f6k\u00e9letesen illeszkedjen az emberi k\u00e9zbe, illetve egy \u00e1tlagos zsebben is elf\u00e9rjen, a Pulsar \u00faj h\u0151kamer\u00e1ja komfortos fog\u00e1st \u00e9s kezelhet\u0151s\u00e9get k\u00edn\u00e1l. A kompakt tervez\u00e9s t\u00f6k\u00e9letesen alkalmass\u00e1 teszi arra, hogy vad\u00e1szataid sor\u00e1n mindig veled lehessen. Az \u00faj\u00a0 Axion XM30F h\u0151kamera kit\u0171nik kompakt m\u00e9ret\u00e9vel, felhaszn\u00e1l\u00f3bar\u00e1t kezelhet\u0151s\u00e9g\u00e9vel \u00e9s ergonomikus formaterv\u00e9vel, amik [&hellip;]<\/p>\n","protected":false},"featured_media":5176,"comment_status":"open","ping_status":"closed","template":"","meta":{"_et_pb_use_builder":"","_et_pb_old_content":"","_et_gb_content_width":"","om_disable_all_campaigns":false},"product_brand":[],"product_cat":[21,447,448],"product_tag":[528,632,1258,70],"class_list":{"0":"post-5174","1":"product","2":"type-product","3":"status-publish","4":"has-post-thumbnail","6":"product_cat-uj","7":"product_cat-hokamera","8":"product_cat-kereso-hokamera","9":"product_tag-hokamera","10":"product_tag-optika","11":"product_tag-pulsar-axion-xm30f-hokamera-keresotavcso","12":"product_tag-vadaszat","14":"first","15":"instock","16":"sale","17":"taxable","18":"shipping-taxable","19":"purchasable","20":"product-type-simple"},"_links":{"self":[{"href":"https:\/\/www.vadaszboltcsorna.hu\/index.php\/wp-json\/wp\/v2\/product\/5174","targetHints":{"allow":["GET"]}}],"collection":[{"href":"https:\/\/www.vadaszboltcsorna.hu\/index.php\/wp-json\/wp\/v2\/product"}],"about":[{"href":"https:\/\/www.vadaszboltcsorna.hu\/index.php\/wp-json\/wp\/v2\/types\/product"}],"replies":[{"embeddable":true,"href":"https:\/\/www.vadaszboltcsorna.hu\/index.php\/wp-json\/wp\/v2\/comments?post=5174"}],"wp:featuredmedia":[{"embeddable":true,"href":"https:\/\/www.vadaszboltcsorna.hu\/index.php\/wp-json\/wp\/v2\/media\/5176"}],"wp:attachment":[{"href":"https:\/\/www.vadaszboltcsorna.hu\/index.php\/wp-json\/wp\/v2\/media?parent=5174"}],"wp:term":[{"taxonomy":"product_brand","embeddable":true,"href":"https:\/\/www.vadaszboltcsorna.hu\/index.php\/wp-json\/wp\/v2\/product_brand?post=5174"},{"taxonomy":"product_cat","embeddable":true,"href":"https:\/\/www.vadaszboltcsorna.hu\/index.php\/wp-json\/wp\/v2\/product_cat?post=5174"},{"taxonomy":"product_tag","embeddable":true,"href":"https:\/\/www.vadaszboltcsorna.hu\/index.php\/wp-json\/wp\/v2\/product_tag?post=5174"}],"curies":[{"name":"wp","href":"https:\/\/api.w.org\/{rel}","templated":true}]}}