{"id":5168,"date":"2023-12-29T11:30:46","date_gmt":"2023-12-29T11:30:46","guid":{"rendered":"https:\/\/www.vadaszboltcsorna.hu\/?post_type=product&#038;p=5168"},"modified":"2023-12-29T11:50:20","modified_gmt":"2023-12-29T11:50:20","slug":"electrooptic-nivex-digital-plus-infravetovel","status":"publish","type":"product","link":"https:\/\/www.vadaszboltcsorna.hu\/index.php\/termek\/electrooptic-nivex-digital-plus-infravetovel\/","title":{"rendered":"Electrooptic Nivex Digital Plus infravet\u0151vel"},"content":{"rendered":"<h2 class=\"product_title entry-title elementor-heading-title elementor-size-default\"><strong>Electrooptic Nivex Digital Plus infravet\u0151vel<\/strong><\/h2>\n<p><strong>Kimagasl\u00f3an \u00e9rz\u00e9keny Sony HD szenzorral<\/strong>\u00a0\u00e9s prec\u00edz f\u00f3kusz \u00e1ll\u00edt\u00e1ssal van ell\u00e1tva. A digit\u00e1lis nagy\u00edt\u00e1snak k\u00f6sz\u00f6nhet\u0151en m\u00e9g hat\u00e9konyabb megfi- gyel\u00e9st tesz lehet\u0151v\u00e9 monokul\u00e1rk\u00e9nt. Ergon\u00f3mia, pontoss\u00e1g, strapab\u00edr\u00f3s\u00e1g \u00e9s nagy hat\u00f3t\u00e1v. Ez a Nivex Digital +<\/p>\n<p>A legjobb haszn\u00e1lat \u00e9rdek\u00e9ben aj\u00e1nlott valamely Electrooptic l\u00e9zervet\u0151vel haszn\u00e1lni a term\u00e9ket.<\/p>\n<p>Nivex Digital Pro Az eddigi legfejlettebb digit\u00e1lis \u00e9jjell\u00e1t\u00f3 el\u0151t\u00e9t az Electrooptic gy\u00e1rt\u00f3l.<\/p>\n<p><strong>F\u0151bb jellemz\u0151i:<\/strong><br \/>\nF1.5\/54mm lencse<br \/>\n1280\u00d7920 OLED kijelz\u0151<br \/>\n1280\u00d7720 Sony szenzor<br \/>\n1x optikai nagy\u00edt\u00e1s<br \/>\n4x okul\u00e1r<br \/>\n12x-es nagy\u00edt\u00e1sig borotva\u00e9les k\u00e9pmin\u0151s\u00e9g<\/p>\n<table>\n<tbody>\n<tr>\n<td width=\"331\"><em>Szenzor t\u00edpusa<\/em><\/td>\n<td width=\"274\"><em>SONY, CMOS 1\/1.8\u2033, PAL<\/em><\/td>\n<\/tr>\n<tr>\n<td width=\"331\"><em>Spektr\u00e1lis tartom\u00e1ny<\/em><\/td>\n<td width=\"274\"><em>0.4\u20261.1 \u00b5\u043c<\/em><\/td>\n<\/tr>\n<tr>\n<td width=\"331\"><em>Szenzor felbont\u00e1sa<\/em><\/td>\n<td width=\"274\"><em>1280\u0445720\u00a0<\/em><em>pixel<\/em><\/td>\n<\/tr>\n<tr>\n<td width=\"331\"><em>K\u00e9pfriss\u00edt\u00e9si gyakoris\u00e1g<\/em><\/td>\n<td width=\"274\"><em>50 \u0413\u0446<\/em><\/td>\n<\/tr>\n<tr>\n<td width=\"331\"><em>M\u0171k\u00f6d\u00e9si tartom\u00e1ny<\/em><\/td>\n<td width=\"274\"><em>0.0001\u202630\u00a0000 Lux<\/em><\/td>\n<\/tr>\n<tr>\n<td width=\"331\"><em>Optika felbont\u00e1sa<\/em><\/td>\n<td width=\"274\"><em>65\u00a0<\/em><em>LP<\/em><em>\/<\/em><em>mm<\/em><\/td>\n<\/tr>\n<tr>\n<td width=\"331\"><em>Optikai nagy\u00edt\u00e1s<\/em><\/td>\n<td width=\"274\"><em>1\u0425<\/em><\/td>\n<\/tr>\n<tr>\n<td width=\"331\"><em>Okul\u00e1r nagy\u00edt\u00e1sa<\/em><\/td>\n<td width=\"274\"><em>4<\/em><em>\u0425<\/em><\/td>\n<\/tr>\n<tr>\n<td width=\"331\"><em>Javasolt c\u00e9lt\u00e1vcs\u0151 nagy\u00edt\u00e1si tartom\u00e1ny el\u0151t\u00e9tk\u00e9nt<\/em><\/td>\n<td width=\"274\"><em>2-13\u0425<\/em><\/td>\n<\/tr>\n<tr>\n<td width=\"331\"><em>Optika<\/em><\/td>\n<td width=\"274\"><em>F<\/em><em>1.5\/54\u00a0<\/em><em>mm<\/em><\/td>\n<\/tr>\n<tr>\n<td width=\"331\"><em>F\u00f3kuszt\u00e1vols\u00e1g<\/em><\/td>\n<td width=\"274\"><em>6<\/em><em>m<\/em><em>\u00a0\u2013 \u221e<\/em><\/td>\n<\/tr>\n<tr>\n<td width=\"331\"><em>\u00c9szlel\u00e9si t\u00e1vols\u00e1g (vaddiszn\u00f3)<\/em><\/td>\n<td width=\"274\"><em>700\u00a0<\/em><em>m<\/em><\/td>\n<\/tr>\n<tr>\n<td width=\"331\"><em>Kijelz\u0151<\/em><\/td>\n<td width=\"274\"><em>Sz\u00ednes<\/em>\u00a0<em>OLED\u00a0<\/em><em>1280<\/em><em>X<\/em><em>960<\/em>\u00a0<em>pixel<\/em><\/td>\n<\/tr>\n<tr>\n<td width=\"331\"><em>L\u00e1t\u00f3mez\u0151<\/em><\/td>\n<td width=\"274\"><em>7\u00ba\u044511\u00ba<\/em><\/td>\n<\/tr>\n<tr>\n<td width=\"331\"><em>Dioptria<\/em><\/td>\n<td width=\"274\"><em>+3\/-4\u00a0<\/em><em>dioptria<\/em><\/td>\n<\/tr>\n<tr>\n<td width=\"331\"><em>K\u00f6zgy\u0171r\u0171<\/em><\/td>\n<td width=\"274\"><em>Electrooptic (RUSAN-MIKRON)<\/em><\/td>\n<\/tr>\n<tr>\n<td width=\"331\"><em>Javasolt adapter<\/em><\/td>\n<td width=\"274\"><em>Rusan Q-R adapter M52x0.75mm<\/em><\/td>\n<\/tr>\n<tr>\n<td width=\"331\"><em>Elem<\/em><\/td>\n<td width=\"274\"><em>2<\/em><em>XCR123<\/em>\u00a0<em>vagy<\/em><em>\u00a02\u042516340<\/em><\/td>\n<\/tr>\n<tr>\n<td width=\"331\"><em>Elem \u00e9lettartama folyamatos haszn\u00e1lat mellett<\/em><\/td>\n<td width=\"274\"><em>4\u00a0<\/em><em>\u00f3ra<\/em><\/td>\n<\/tr>\n<tr>\n<td width=\"331\"><em>K\u00fcls\u0151 \u00e1ramforr\u00e1s<\/em><\/td>\n<td width=\"274\"><em>3.2-15\u00a0<\/em><em>V<\/em><\/td>\n<\/tr>\n<tr>\n<td width=\"331\"><em>S\u00faly<\/em><em>\u00a0(<\/em><em>elem n\u00e9lk\u00fcl<\/em><em>)<\/em><\/td>\n<td width=\"274\"><em>0.56<\/em><em>\u00a0kg<\/em><\/td>\n<\/tr>\n<tr>\n<td width=\"331\"><em>M\u00e9retek<\/em><\/td>\n<td width=\"274\"><em>167 \u0445 75 \u0445 55\u00a0<\/em><em>mm<\/em><\/td>\n<\/tr>\n<tr>\n<td width=\"331\"><em>M\u0171k\u00f6d\u00e9si h\u0151m\u00e9rs\u00e9klet<\/em><\/td>\n<td width=\"274\"><em>-20\u00b0<\/em><em>C<\/em><em>\u00a0\u2026 +50\u00b0<\/em><em>C<\/em><\/td>\n<\/tr>\n<tr>\n<td width=\"331\"><em>V\u00edz\u00e1ll\u00f3s\u00e1g<\/em><em>\u00a0\u00a0<\/em><em>IEC<\/em><em>\u00a060529<\/em><\/td>\n<td width=\"274\"><em>IP\u04256<\/em><\/td>\n<\/tr>\n<tr>\n<td width=\"331\"><em>L\u00f6v\u00e9s\u00e1ll\u00f3s\u00e1g<\/em><\/td>\n<td width=\"274\"><em>8.000J<\/em><\/td>\n<\/tr>\n<\/tbody>\n<\/table>\n","protected":false},"excerpt":{"rendered":"<p>Electrooptic Nivex Digital Plus infravet\u0151vel Kimagasl\u00f3an \u00e9rz\u00e9keny Sony HD szenzorral\u00a0\u00e9s prec\u00edz f\u00f3kusz \u00e1ll\u00edt\u00e1ssal van ell\u00e1tva. A digit\u00e1lis nagy\u00edt\u00e1snak k\u00f6sz\u00f6nhet\u0151en m\u00e9g hat\u00e9konyabb megfi- gyel\u00e9st tesz lehet\u0151v\u00e9 monokul\u00e1rk\u00e9nt. Ergon\u00f3mia, pontoss\u00e1g, strapab\u00edr\u00f3s\u00e1g \u00e9s nagy hat\u00f3t\u00e1v. Ez a Nivex Digital + A legjobb haszn\u00e1lat \u00e9rdek\u00e9ben aj\u00e1nlott valamely Electrooptic l\u00e9zervet\u0151vel haszn\u00e1lni a term\u00e9ket. Nivex Digital Pro Az eddigi legfejlettebb digit\u00e1lis [&hellip;]<\/p>\n","protected":false},"featured_media":5171,"comment_status":"open","ping_status":"closed","template":"","meta":{"_et_pb_use_builder":"","_et_pb_old_content":"","_et_gb_content_width":"","om_disable_all_campaigns":false},"product_brand":[],"product_cat":[21,136,1046,137],"product_tag":[1257,632,70],"class_list":{"0":"post-5168","1":"product","2":"type-product","3":"status-publish","4":"has-post-thumbnail","6":"product_cat-uj","7":"product_cat-ejjellato-elotet","8":"product_cat-ejjellato-tavcso","9":"product_cat-electrooptic","10":"product_tag-electrooptic-nivex-digital-plus-infravetovel","11":"product_tag-optika","12":"product_tag-vadaszat","14":"first","15":"instock","16":"taxable","17":"shipping-taxable","18":"purchasable","19":"product-type-simple"},"_links":{"self":[{"href":"https:\/\/www.vadaszboltcsorna.hu\/index.php\/wp-json\/wp\/v2\/product\/5168","targetHints":{"allow":["GET"]}}],"collection":[{"href":"https:\/\/www.vadaszboltcsorna.hu\/index.php\/wp-json\/wp\/v2\/product"}],"about":[{"href":"https:\/\/www.vadaszboltcsorna.hu\/index.php\/wp-json\/wp\/v2\/types\/product"}],"replies":[{"embeddable":true,"href":"https:\/\/www.vadaszboltcsorna.hu\/index.php\/wp-json\/wp\/v2\/comments?post=5168"}],"wp:featuredmedia":[{"embeddable":true,"href":"https:\/\/www.vadaszboltcsorna.hu\/index.php\/wp-json\/wp\/v2\/media\/5171"}],"wp:attachment":[{"href":"https:\/\/www.vadaszboltcsorna.hu\/index.php\/wp-json\/wp\/v2\/media?parent=5168"}],"wp:term":[{"taxonomy":"product_brand","embeddable":true,"href":"https:\/\/www.vadaszboltcsorna.hu\/index.php\/wp-json\/wp\/v2\/product_brand?post=5168"},{"taxonomy":"product_cat","embeddable":true,"href":"https:\/\/www.vadaszboltcsorna.hu\/index.php\/wp-json\/wp\/v2\/product_cat?post=5168"},{"taxonomy":"product_tag","embeddable":true,"href":"https:\/\/www.vadaszboltcsorna.hu\/index.php\/wp-json\/wp\/v2\/product_tag?post=5168"}],"curies":[{"name":"wp","href":"https:\/\/api.w.org\/{rel}","templated":true}]}}