{"id":5164,"date":"2023-12-29T11:16:29","date_gmt":"2023-12-29T11:16:29","guid":{"rendered":"https:\/\/www.vadaszboltcsorna.hu\/?post_type=product&#038;p=5164"},"modified":"2024-06-03T08:35:48","modified_gmt":"2024-06-03T08:35:48","slug":"pulsar-forward-f455s-ejjellato-elotet","status":"publish","type":"product","link":"https:\/\/www.vadaszboltcsorna.hu\/index.php\/termek\/pulsar-forward-f455s-ejjellato-elotet\/","title":{"rendered":"Pulsar Forward F455S \u00c9jjell\u00e1t\u00f3 El\u0151t\u00e9t"},"content":{"rendered":"<h2 class=\"product_title entry-title elementor-heading-title elementor-size-default\"><strong>Pulsar Forward F455S \u00c9jjell\u00e1t\u00f3 El\u0151t\u00e9t<\/strong><\/h2>\n<p>\ud83c\udf11 A s\u00f6t\u00e9ts\u00e9g m\u00e1r nem jelent akad\u00e1lyt a term\u00e9szet megfigyel\u00e9s\u00e9ben, k\u00f6sz\u00f6nhet\u0151en a Pulsar Forward F455S \u00c9jjell\u00e1t\u00f3 El\u0151t\u00e9tnek! Ezzel a fejlett eszk\u00f6zzel a term\u00e9szet minden titka felt\u00e1rul \u00d6n el\u0151tt, m\u00e9g a legs\u00f6t\u00e9tebb \u00e9jszak\u00e1n is.<\/p>\n<p>\ud83c\udf87 A Pulsar Forward F455S \u00c9jjell\u00e1t\u00f3 El\u0151t\u00e9t rendelkezik egy 1280\u00d7720 HD szenzorral, ami krist\u00e1lytiszta k\u00e9peket biztos\u00edt m\u00e9g a legs\u00f6t\u00e9tebb k\u00f6rnyezetben is. Soha t\u00f6bb\u00e9 nem kell lemaradnia egyetlen r\u00e9szletr\u0151l sem a s\u00f6t\u00e9tben.<\/p>\n<p>\ud83c\udfa5 R\u00e1ad\u00e1sul, a be\u00e9p\u00edtett videofelvev\u0151vel megoszthatja \u00e9lm\u00e9nyeit a csal\u00e1dj\u00e1val \u00e9s bar\u00e1taival! R\u00f6gz\u00edtsen \u00e9s osszon meg eml\u00e9kezetes pillanatokat az \u00e9jszak\u00e1b\u00f3l, mindezt kiv\u00e1l\u00f3 min\u0151s\u00e9gben!<\/p>\n<p>\ud83d\udd2d Az F455S a t\u00f6k\u00e9letes kieg\u00e9sz\u00edt\u0151je minden t\u00e1vcs\u00f6vnek. Hosszabb \u00e9jszakai l\u00e1t\u00f3t\u00e1vols\u00e1got biztos\u00edt, ami a term\u00e9szetj\u00e1r\u00f3k, vad\u00e1szok, \u00e9s a biztons\u00e1gi szakemberek sz\u00e1m\u00e1ra is ide\u00e1lis v\u00e1laszt\u00e1s.<\/p>\n<p>\ud83d\udcab V\u00e1lassza a Pulsar Forward F455S \u00c9jjell\u00e1t\u00f3 El\u0151t\u00e9tet, \u00e9s nyissa ki a kaput az \u00e9jszaka titkainak megismer\u00e9s\u00e9re. Fedezze fel az \u00e9jszak\u00e1t a Pulsar seg\u00edts\u00e9g\u00e9vel!<\/p>\n<p>Teljes\u00edtm\u00e9nyben a legjobb \u00e9jjell\u00e1t\u00f3 k\u00e9sz\u00fcl\u00e9kek k\u00f6z\u00f6tt van, ha pedig figyelembe vessz\u00fck kiemelked\u0151en j\u00f3 \u00e1r\/\u00e9rt\u00e9k ar\u00e1ny\u00e1t is akkor kijelenthet\u0151, jelenleg ez a legjobb \u00e9jjell\u00e1t\u00f3 k\u00e9sz\u00fcl\u00e9k kateg\u00f3ri\u00e1j\u00e1ban. Digit\u00e1lis \u00e9jjell\u00e1t\u00f3, ami azt jelenti, hogy l\u00e1tja az olyan f\u00e9nyvet\u0151ket is, melyeket az anal\u00f3g \u00e9jjell\u00e1t\u00f3k nem, de ami m\u00e9g fontosabb, az \u00e1llatvil\u00e1g sem. F\u00e9nyvet\u0151je 940nm, pozicion\u00e1lhat\u00f3 \u00e9s bivalyer\u0151s. \u00a0(Akkuml\u00e1tora IPS7) mellyel ak\u00e1r 16 \u00f3r\u00e1n kereszt\u00fcl \u00fczemelteti ezt az \u00e9jjell\u00e1t\u00f3t, \u00fagy hogy a wi-fi be van kapcsolva.<\/p>\n<p>De l\u00e9tezik m\u00e9g enn\u00e9l nagyobb akku is, a Pulsar IPS 14 akkuml\u00e1tor, azzal t\u00f6bb mint 20 \u00f3r\u00e1n kereszt\u00fcl \u00fczemeltetheted folyamatosan az \u00e9jjell\u00e1t\u00f3t wi-fi -vel. Mert ebben az \u00e9jjell\u00e1t\u00f3ban van wi-fi, ha pedig let\u00f6lt\u00f6d okos eszk\u00f6z\u00f6dre a StreamVision2 alkalmaz\u00e1st, akkor azzal is vez\u00e9relheted a Pulsar Forward F455S \u00e9jjell\u00e1t\u00f3t. Felv\u00e9telt is k\u00e9sz\u00edthetsz, hiszen ebben a k\u00e9sz\u00fcl\u00e9kben be\u00e9p\u00edtett k\u00e9pr\u00f6gz\u00edt\u0151 is van. Persze egy \u00e9jjell\u00e1t\u00f3 eset\u00e9ben mindig az a legfontosabb, hogy meddig l\u00e1thatsz el vele. Tapasztalataink azt mutatj\u00e1k, hogy 300 m\u00e9terig nyugodtan haszn\u00e1lhatod. Keres\u0151t\u00e1vcs\u0151k\u00e9nt pedig b\u0151ven 300 m\u00e9ter felett van a hat\u00f3t\u00e1vols\u00e1ga.<\/p>\n<p><strong>K\u00f6nny\u0171 \u00e1talak\u00edt\u00e1s: T\u00f6k\u00e9letes keres\u0151, t\u00f6k\u00e9letes el\u0151t\u00e9t<\/strong><\/p>\n<p>A Forward F el\u0151t\u00e9t, sok m\u00e1s t\u00e1vcs\u0151el\u0151t\u00e9thez hasonl\u00f3an gy\u0171r\u0171rendszerrel kapcsol\u00f3dik a t\u00e1vcs\u0151 v\u00e1z\u00e1hoz. A felhelyez\u00e9s, leszerel\u00e9s \u00f6sszesen 4-5 m\u00e1sodpercet vesz ig\u00e9nybe, \u00edgy gyorsan, egyszer\u0171en, k\u00f6nnyen, szinte zaj n\u00e9lk\u00fcl szerelhetj\u00fck fel az \u00e9jjell\u00e1t\u00f3t, majdnem minden t\u00e1vcs\u0151t\u00edpusra.<br \/>\n\u2013 A gy\u0171r\u0171rendszer nem a csomag tartalma \u2013<\/p>\n<p><strong>Magas f\u00e9ny\u00e9rz\u00e9kenys\u00e9g<\/strong><\/p>\n<p>A modern digit\u00e1lis komponenseknek \u00e9s az eredeti jelfeldolgoz\u00f3 szoftvernek k\u00f6sz\u00f6nhet\u0151en az F455S hihetetlen f\u00e9ny\u00e9rz\u00e9kenys\u00e9get \u00e9rt el. A jeler\u0151s\u00edt\u00e9snek k\u00f6sz\u00f6nhet\u0151en az \u00e9jjell\u00e1t\u00f3 ak\u00e1r csillagf\u00e9nyben is haszn\u00e1lhat\u00f3, a f\u00e9nyvet\u0151 bekapcsol\u00e1sa n\u00e9lk\u00fcl!<\/p>\n<p><strong>K\u00f6nny\u0171 felhelyez\u00e9s<\/strong><\/p>\n<p>A felhelyez\u00e9s most 1 mozdulattal t\u00f6rt\u00e9nik, \u00edgy 5 m\u00e1sodperc alatt felhelyezhetj\u00fck ak\u00e1rmilyen t\u00e1vcs\u00f6v\u00fcnk is van.<\/p>\n<p><strong>Kompakt, kis s\u00faly<\/strong><\/p>\n<p>A Forward F455S mind\u00f6ssze 154,5 mm hossz\u00fa \u00e9s 540 gramm.<\/p>\n<p><strong>Magas ellen\u00e1ll\u00f3s\u00e1g<\/strong><\/p>\n<p>A Forward F \u00f6tv\u00f6zi a k\u00f6nny\u0171s\u00e9get a hihetetlen \u00fct\u00e9s ellen\u00e1ll\u00e1ssal, hiszen kompakt m\u00e9rete ellen\u00e9re ak\u00e1r .375 -\u00f6s kaliber visszar\u00fag\u00e1s\u00e1t is k\u00e9pes megfogni.<br \/>\nMaxim\u00e1lis \u00fct\u00e9sellen\u00e1ll\u00e1s: 6000 J<\/p>\n<p><strong>L\u00e1thatatlan IR f\u00e9nyvet\u0151<\/strong><\/p>\n<p>A Forward F\/FN el\u0151t\u00e9tek a gy\u00e1rt\u00f3 pr\u00e9mium min\u0151s\u00e9g\u0171 f\u00e9nyvet\u0151j\u00e9vel vannak felszerelve (Pulsar 940 IR), mely teljesen l\u00e1thatatlan tartom\u00e1nyban dolgozik. 3 F\u00e9nyer\u0151 fokozatban haszn\u00e1lhatjuk \u00e9s f\u00f3kusz\u00e1lhatjuk a f\u00e9nycs\u00f3v\u00e1t a terepnek \u00e9s a t\u00e1vols\u00e1gnak megfelel\u0151en.<\/p>\n<p><strong>Wi-Fi. iOS \u00e9s Android kompatibilit\u00e1s<\/strong><\/p>\n<p>A Pulsar \u201cStream Vision\u201d funkci\u00f3 seg\u00edts\u00e9g\u00e9vel telefonr\u00f3l vez\u00e9relhetj\u00fck az eszk\u00f6zt (f\u00e9nyer\u0151, kontraszt, mikrofon ki-\/bekapcsol\u00e1s, felv\u00e9tel ind\u00edt\u00e1s) tov\u00e1bb\u00e1 visszan\u00e9zhetj\u00fck felv\u00e9teleinket vagy ak\u00e1r \u00e9l\u0151ben k\u00f6zvet\u00edthetj\u00fck megfigyel\u00e9seinket.<\/p>\n<p><strong>Be\u00e9p\u00edtett videofelvev\u0151<\/strong><\/p>\n<p>A k\u00e9p z\u00f6kken\u0151mentesen haszn\u00e1lhat\u00f3 a Forward F be\u00e9p\u00edtett\u00a0 videofelvev\u0151j\u00e9vel. A k\u00e9p a be\u00e9p\u00edtett mem\u00f3ri\u00e1ban landol, melyr\u0151l gyorsan \u00e1trakhatjuk PC\/Laptop-ra ak\u00e1r k\u00e1bel n\u00e9lk\u00fcl is!<\/p>\n<p><strong>V\u00edz\u00e1ll\u00f3s\u00e1g (IPX7)<\/strong><\/p>\n<p>Az eszk\u00f6z IPX7-es v\u00edz\u00e1ll\u00f3s\u00e1gi szabv\u00e1ny, teh\u00e1t es\u0151, h\u00f3, k\u00f6d\u00e1ll\u00f3.<\/p>\n<p><strong>Sz\u00e9les h\u0151tartom\u00e1ny<\/strong><\/p>\n<p>A fagy\u00e1ll\u00f3 AMOLED kijelz\u0151 seg\u00edts\u00e9g\u00e9vel extr\u00e9m k\u00f6r\u00fclm\u00e9nyek k\u00f6z\u00f6tt is haszn\u00e1lhatjuk az eszk\u00f6zt, teh\u00e1t -25\u00b0 +50\u00b0\u0421 -os tartom\u00e1nyon m\u0171k\u00f6dtethetj\u00fck.<\/p>\n<p>&nbsp;<\/p>\n","protected":false},"excerpt":{"rendered":"<p>Pulsar Forward F455S \u00c9jjell\u00e1t\u00f3 El\u0151t\u00e9t \ud83c\udf11 A s\u00f6t\u00e9ts\u00e9g m\u00e1r nem jelent akad\u00e1lyt a term\u00e9szet megfigyel\u00e9s\u00e9ben, k\u00f6sz\u00f6nhet\u0151en a Pulsar Forward F455S \u00c9jjell\u00e1t\u00f3 El\u0151t\u00e9tnek! Ezzel a fejlett eszk\u00f6zzel a term\u00e9szet minden titka felt\u00e1rul \u00d6n el\u0151tt, m\u00e9g a legs\u00f6t\u00e9tebb \u00e9jszak\u00e1n is. \ud83c\udf87 A Pulsar Forward F455S \u00c9jjell\u00e1t\u00f3 El\u0151t\u00e9t rendelkezik egy 1280\u00d7720 HD szenzorral, ami krist\u00e1lytiszta k\u00e9peket biztos\u00edt m\u00e9g [&hellip;]<\/p>\n","protected":false},"featured_media":5167,"comment_status":"open","ping_status":"closed","template":"","meta":{"_et_pb_use_builder":"","_et_pb_old_content":"","_et_gb_content_width":"","om_disable_all_campaigns":false},"product_brand":[],"product_cat":[21,136],"product_tag":[632,1256,70],"class_list":{"0":"post-5164","1":"product","2":"type-product","3":"status-publish","4":"has-post-thumbnail","6":"product_cat-uj","7":"product_cat-ejjellato-elotet","8":"product_tag-optika","9":"product_tag-pulsar-forward-f455s-ejjellato-elotet","10":"product_tag-vadaszat","12":"first","13":"instock","14":"sale","15":"taxable","16":"shipping-taxable","17":"purchasable","18":"product-type-simple"},"_links":{"self":[{"href":"https:\/\/www.vadaszboltcsorna.hu\/index.php\/wp-json\/wp\/v2\/product\/5164","targetHints":{"allow":["GET"]}}],"collection":[{"href":"https:\/\/www.vadaszboltcsorna.hu\/index.php\/wp-json\/wp\/v2\/product"}],"about":[{"href":"https:\/\/www.vadaszboltcsorna.hu\/index.php\/wp-json\/wp\/v2\/types\/product"}],"replies":[{"embeddable":true,"href":"https:\/\/www.vadaszboltcsorna.hu\/index.php\/wp-json\/wp\/v2\/comments?post=5164"}],"wp:featuredmedia":[{"embeddable":true,"href":"https:\/\/www.vadaszboltcsorna.hu\/index.php\/wp-json\/wp\/v2\/media\/5167"}],"wp:attachment":[{"href":"https:\/\/www.vadaszboltcsorna.hu\/index.php\/wp-json\/wp\/v2\/media?parent=5164"}],"wp:term":[{"taxonomy":"product_brand","embeddable":true,"href":"https:\/\/www.vadaszboltcsorna.hu\/index.php\/wp-json\/wp\/v2\/product_brand?post=5164"},{"taxonomy":"product_cat","embeddable":true,"href":"https:\/\/www.vadaszboltcsorna.hu\/index.php\/wp-json\/wp\/v2\/product_cat?post=5164"},{"taxonomy":"product_tag","embeddable":true,"href":"https:\/\/www.vadaszboltcsorna.hu\/index.php\/wp-json\/wp\/v2\/product_tag?post=5164"}],"curies":[{"name":"wp","href":"https:\/\/api.w.org\/{rel}","templated":true}]}}