{"id":5161,"date":"2023-12-29T11:08:23","date_gmt":"2023-12-29T11:08:23","guid":{"rendered":"https:\/\/www.vadaszboltcsorna.hu\/?post_type=product&#038;p=5161"},"modified":"2025-07-30T10:53:57","modified_gmt":"2025-07-30T10:53:57","slug":"pulsar-digex-c50-ejjellato-celtavcso-wifivel-940-vetovel","status":"publish","type":"product","link":"https:\/\/www.vadaszboltcsorna.hu\/index.php\/termek\/pulsar-digex-c50-ejjellato-celtavcso-wifivel-940-vetovel\/","title":{"rendered":"Pulsar Digex C50 \u00c9jjell\u00e1t\u00f3 C\u00e9lt\u00e1vcs\u0151 (Wifivel!) 940 VET\u0150VEL"},"content":{"rendered":"<h2 class=\"product_title entry-title elementor-heading-title elementor-size-default\">Pulsar Digex C50 \u00c9jjell\u00e1t\u00f3 C\u00e9lt\u00e1vcs\u0151 (Wifivel!) 940 VET\u0150VEL<\/h2>\n<p>A Pulsar Digex C50 \u00c9jjell\u00e1t\u00f3 C\u00e9lt\u00e1vcs\u0151vel a vad\u00e1szat \u00faj dimenzi\u00f3ba l\u00e9p, \u00e9s minden eddigin\u00e9l nagyobb \u00e9lm\u00e9nyt ny\u00fajt. A kiv\u00e1l\u00f3 \u00e9jszakai l\u00e1t\u00e1s, a HD k\u00e9pmin\u0151s\u00e9g \u00e9s az id\u0151j\u00e1r\u00e1s\u00e1ll\u00f3 kialak\u00edt\u00e1s lehet\u0151v\u00e9 teszik, hogy a legnehezebb k\u00f6r\u00fclm\u00e9nyek k\u00f6z\u00f6tt is \u00e9lvezetes \u00e9s sikeres legyen a vad\u00e1szat.<\/p>\n<p>Ezen t\u00falmen\u0151en a Pulsar Digex C50 a Stream Vision technol\u00f3gi\u00e1val fokozza a vad\u00e1sz\u00e9lm\u00e9nyt. Az alkalmaz\u00e1son kereszt\u00fcl \u00e9l\u0151ben k\u00f6zvet\u00edtheted, r\u00f6gz\u00edtheted \u00e9s megoszthatod vad\u00e1szati kalandjaidat bar\u00e1taiddal \u00e9s csal\u00e1doddal. \u00cdgy m\u00e9g soha nem l\u00e1tott m\u00f3don oszthatod meg \u00e9lm\u00e9nyeidet \u00e9s eml\u00e9keidet szeretteiddel.<\/p>\n<p>A testreszabhat\u00f3s\u00e1gnak k\u00f6sz\u00f6nhet\u0151en a Pulsar Digex C50 \u00e9jjell\u00e1t\u00f3 c\u00e9lt\u00e1vcs\u0151 k\u00f6nnyen igazodik a szem\u00e9lyes ig\u00e9nyeidhez \u00e9s st\u00edlusodhoz. A be\u00e9p\u00edtett retikul\u00e1k k\u00f6z\u00fcl v\u00e1laszthatsz, vagy ak\u00e1r saj\u00e1t retikul\u00e1t is l\u00e9trehozhatsz, hogy a vad\u00e1szat minden pillanata pontos \u00e9s k\u00e9nyelmes legyen.<\/p>\n<p>\u00d6sszess\u00e9g\u00e9ben a Pulsar Digex C50 \u00c9jjell\u00e1t\u00f3 C\u00e9lt\u00e1vcs\u0151vel a vad\u00e1szat nem csak nagyobb \u00e9lm\u00e9ny, hanem hat\u00e9konyabb \u00e9s izgalmasabb is lesz. Ne hagyd ki a lehet\u0151s\u00e9get, hogy a legjobb technol\u00f3gi\u00e1val felszerelkezve fedezd fel a term\u00e9szetet \u00e9s a vad\u00e1szat adta \u00f6r\u00f6m\u00f6ket. Szerezd be m\u00e9g ma a Pulsar Digex C50-t, \u00e9s tapasztald meg a k\u00fcl\u00f6nbs\u00e9get!<\/p>\n<p>A Pulsar Digex C50 \u00e9jjell\u00e1t\u00f3\u2026 Ez \u00edgy nem teljesen igaz, tal\u00e1n pontosabb lenne univerz\u00e1lis c\u00e9lt\u00e1vcs\u0151r\u0151l besz\u00e9lni, hiszen ez a c\u00e9lt\u00e1vcs\u0151 b\u00e1rmikor haszn\u00e1lhat\u00f3, napszakt\u00f3l f\u00fcggetlen\u00fcl. Sz\u00f3 szerint eg\u00e9sz nap, m\u00e9g ver\u0151f\u00e9nyes naps\u00fct\u00e9sben is. A Pulsar Digex C50 ugyanis speci\u00e1lis optikai rendszerrel \u00e9s k\u00fcl\u00f6nb\u00f6z\u0151 szenzor \u00fczemm\u00f3dok kombin\u00e1ci\u00f3j\u00e1val t\u00f6k\u00e9letesen alkalmazkodik a f\u00e9nyviszonyokhoz. Full HD felbont\u00e1s\u00fa \u00e9rz\u00e9kel\u0151je \u00e9les, kontrasztos k\u00e9pet biztos\u00edt f\u00fcggetlen\u00fcl, att\u00f3l, hogy \u00e9ppen s\u00f6t\u00e9t \u00e9jszaka, hajnali dereng\u00e9s, vagy ver\u0151f\u00e9nyes nappal van<\/p>\n<p class=\"pp_title\"><strong>Kiv\u00e1l\u00f3 sz\u00ednes k\u00e9p naplement\u00e9t\u0151l a teljes s\u00f6t\u00e9ts\u00e9gig Colour Twilight \u00fczemm\u00f3dban<\/strong><\/p>\n<div class=\"pp_desc\">\n<p>Er\u0151s sz\u00fcrk\u00fcletben az emberi szem nem tud sz\u00edneket megk\u00fcl\u00f6nb\u00f6ztetni. A Pulsar Digex C50 \u00e9jjell\u00e1t\u00f3 azonban m\u00e9g a leggy\u00e9rebb f\u00e9nyviszonyok mellett is. Tiszta k\u00e9pet alkot, m\u00e9ghozz\u00e1 val\u00f3s\u00e1gh\u0171 sz\u00ednes k\u00e9pet Full HD felbont\u00e1sban.<\/p>\n<p class=\"pp_title\"><strong>Val\u00f3s\u00e1gh\u0171 sz\u00ednvisszaad\u00e1s<\/strong><\/p>\n<p class=\"tw-data-text tw-text-large XcVN5d tw-ta\" dir=\"ltr\" data-placeholder=\"Ford\u00edt\u00e1s\"><span class=\"Y2IQFc\" lang=\"hu\">A Digex C50 \u00f6tv\u00f6zi a a klasszikus nappali optik\u00e1t \u00e9s a digit\u00e1lis technol\u00f3gi\u00e1t. A cs\u00facstechnol\u00f3gi\u00e1nak k\u00f6sz\u00f6nhet\u0151en a nappali f\u00e9nyviszonyok mellett, m\u00e9g sz\u00fcrk\u00fcletben is sz\u00ednes k\u00e9pet l\u00e1tsz!<\/span><\/p>\n<p id=\"tw-target-text\" class=\"tw-data-text tw-text-large XcVN5d tw-ta\" dir=\"ltr\" data-placeholder=\"Ford\u00edt\u00e1s\"><strong>T\u00f6bb mint 500 m\u00e9teres l\u00e1t\u00f3t\u00e1vols\u00e1g \u00e9jszaka<\/strong><\/p>\n<div class=\"pp_desc\">\n<p>A Pulsar Digex C50 \u00e9jjell\u00e1t\u00f3 \u00e9jszakai teljes\u00edtm\u00e9nye is impon\u00e1l\u00f3. \u00c9rz\u00e9kel\u0151je a leg\u00e9rz\u00e9kenyebb kateg\u00f3ri\u00e1j\u00e1ban a 900-950 nanom\u00e9teres hull\u00e1mhosszban m\u0171k\u00f6dik, \u00edgy nem csoda, hogy a Digex nagy teljes\u00edtm\u00e9ny\u0171\u00a0<a href=\"https:\/\/www.pulsar-hungary.hu\/termek\/digex-x-940-ir-fenyveto-masolat\" target=\"_blank\" rel=\"noopener\">f\u00e9nyvet\u0151j\u00e9vel<\/a>\u00a0500 m\u00e9terig is k\u00e9pes \u00fczemelni.<\/p>\n<p class=\"pp_title\"><strong>T\u00edz \u00f3ra \u00fczemid\u0151 egyetlen t\u00f6lt\u00e9ssel<\/strong><\/p>\n<div class=\"pp_desc\">\n<p>A Digex C50 \u00e1ramell\u00e1t\u00e1s\u00e1r\u00f3l k\u00e9t akkumul\u00e1tor gondoskodik: egy be\u00e9p\u00edtett 4,9Ah \u00e9s egy cser\u00e9lhet\u0151 2 Ah kapacit\u00e1s\u00fa. Egyszeri felt\u00f6lt\u00e9ssel ak\u00e1r 10 \u00f3ra is lehet az \u00fczemid\u0151. A kijelz\u0151n folyamatosan l\u00e1that\u00f3 az akkumul\u00e1torok t\u00f6lt\u00f6tts\u00e9ge, \u00edgy nem \u00e9rheti meglepet\u00e9sk\u00e9nt az embert. A Pulsar Digex C50 kialak\u00edt\u00e1sa olyan, hogy az akkumul\u00e1tor csere egyszer\u0171en \u00e9s gyorsan v\u00e9grehajthat\u00f3 m\u00e9g teljes s\u00f6t\u00e9ts\u00e9gben is.<\/p>\n<p class=\"pp_title\"><strong>Stream Vision 2. WiFi kapcsolat iOS \u00e9s Android eszk\u00f6z\u00f6kkel<\/strong><\/p>\n<div class=\"pp_desc\">A k\u00e9sz\u00fcl\u00e9kbe \u00e9p\u00edtett WiFi modulon kereszt\u00fcl egyszer\u0171en csatlakoztathatja iOS vagy Android eszk\u00f6z\u00e9t a Stream Vision 2 alkalmaz\u00e1ssal. Ennek k\u00f6sz\u00f6nhet\u0151en olyan \u00faj lehet\u0151s\u00e9gek ny\u00edlnak a haszn\u00e1latban, mint a vezet\u00e9k n\u00e9lk\u00fcli t\u00e1vvez\u00e9rl\u00e9s, szoftver friss\u00edt\u00e9s valamint a val\u00f3s idej\u0171 k\u00e9ptov\u00e1bb\u00edt\u00e1s. T\u00f6ltse le a Stream Vision 2 alkalmaz\u00e1st, regisztr\u00e1ljon \u00e9s haszn\u00e1lja az ingyenes, felh\u0151 alap\u00fa t\u00e1rhelyet felv\u00e9telei ment\u00e9s\u00e9hez.<\/div>\n<\/div>\n<div>\n<div class=\"pp_info\">\n<div class=\"pp_desc\">\n<div class=\"pp_desc\">\n<h3><img loading=\"lazy\" decoding=\"async\" class=\"lazy loaded\" src=\"https:\/\/i0.wp.com\/www.pulsar-nv.com\/static\/themes\/site\/img\/lightning.png?resize=20%2C29&amp;ssl=1\" alt=\"\" width=\"20\" height=\"29\" data-src=\"https:\/\/i0.wp.com\/www.pulsar-nv.com\/static\/themes\/site\/img\/lightning.png?resize=20%2C29&amp;ssl=1\" data-was-processed=\"true\" \/>\u00a05 l\u0151profil \/ 50 bel\u00f6v\u00e9si t\u00e1vols\u00e1g<\/h3>\n<div class=\"masonry_sizer\">\n<div class=\"masonry_item\">\n<div><\/div>\n<div>A Pulsar Digex C50 eset\u00e9ben t\u00edz k\u00fcl\u00f6nb\u00f6z\u0151 ir\u00e1nyz\u00f3jel v\u00e1laszthat\u00f3. A bel\u00f6v\u00e9se pedig igen egyszer\u0171. 5 k\u00fcl\u00f6nb\u00f6z\u0151 fegyverhez l\u0151het\u0151 be, mindegyik fegyverhez 10 bel\u00f6v\u00e9si t\u00e1vols\u00e1g menthet\u0151 el.<\/div>\n<div><\/div>\n<h3><img loading=\"lazy\" decoding=\"async\" class=\"lazy loaded\" src=\"https:\/\/i0.wp.com\/www.pulsar-nv.com\/static\/themes\/site\/img\/lightning.png?resize=20%2C29&amp;ssl=1\" alt=\"\" width=\"20\" height=\"29\" data-src=\"https:\/\/i0.wp.com\/www.pulsar-nv.com\/static\/themes\/site\/img\/lightning.png?resize=20%2C29&amp;ssl=1\" data-was-processed=\"true\" \/>\u00a0Egyszer\u0171 haszn\u00e1lat \u201cK\u00e9p-a-k\u00e9pben\u201d funkci\u00f3<\/h3>\n<\/div>\n<\/div>\n<\/div>\n<\/div>\n<div class=\"pp_desc\">\n<div class=\"pp_desc\">\n<div class=\"masonry_sizer\">\n<div class=\"masonry_item\">\n<div class=\"desc\">\n<p>A \u201cK\u00e9p-a-K\u00e9pben haszn\u00e1latakor egyszerre l\u00e1that\u00f3 az eg\u00e9sz l\u00e1t\u00f3mez\u0151 \u00e9s a k\u00f6zponti r\u00e9sz kinagy\u00edtva. Ez a kinagy\u00edtott r\u00e9sz mind\u00f6ssze a kijelz\u0151 10%-t foglalja el, \u00edgy a felhaszn\u00e1l\u00f3 folyamatosan l\u00e1thatja, mi t\u00f6rt\u00e9nik a k\u00f6rnyezetben.<\/p>\n<h3 class=\"title\"><img loading=\"lazy\" decoding=\"async\" class=\"lazy loaded\" src=\"https:\/\/i0.wp.com\/www.pulsar-nv.com\/static\/themes\/site\/img\/lightning.png?resize=20%2C29&amp;ssl=1\" alt=\"\" width=\"20\" height=\"29\" data-src=\"https:\/\/i0.wp.com\/www.pulsar-nv.com\/static\/themes\/site\/img\/lightning.png?resize=20%2C29&amp;ssl=1\" data-was-processed=\"true\" \/>\u00a0B\u00edrja a l\u00f6v\u00e9st: .375H&amp;H, 12g \u00e9s 9.3\u00d764 kaliberek<\/h3>\n<\/div>\n<\/div>\n<\/div>\n<div class=\"masonry_sizer\">\n<div class=\"masonry_item\">\n<div class=\"image\">A\u00a0<strong>Pulsar Digex C50 \u00e9jjell\u00e1t\u00f3<\/strong>\u00a0j\u00f3l b\u00edrja az er\u0151hat\u00e1sokat. 6000J-g garant\u00e1lja a gy\u00e1rt\u00f3 a megfelel\u0151 m\u0171k\u00f6d\u00e9st, ez mag\u00e1ban foglal m\u00e1r olyan nagy kalibereket is, mint a<\/div>\n<div class=\"image\">9.3\u00d764, .30-06, .300, .375H&amp;H<\/div>\n<\/div>\n<\/div>\n<\/div>\n<\/div>\n<\/div>\n<div class=\"masonry_sizer\">\n<div class=\"masonry_item\">\n<h3 class=\"title\"><img loading=\"lazy\" decoding=\"async\" class=\"lazy loaded\" src=\"https:\/\/i0.wp.com\/www.pulsar-nv.com\/static\/themes\/site\/img\/lightning.png?resize=20%2C29&amp;ssl=1\" alt=\"\" width=\"20\" height=\"29\" data-src=\"https:\/\/i0.wp.com\/www.pulsar-nv.com\/static\/themes\/site\/img\/lightning.png?resize=20%2C29&amp;ssl=1\" data-was-processed=\"true\" \/>\u00a03.5x \u2013 14x nagy\u00edt\u00e1s<\/h3>\n<\/div>\n<\/div>\n<div class=\"masonry_sizer\">\n<div class=\"masonry_item\">\n<div>A Digex alap 3,5x-szeres nagy\u00edt\u00e1sa eg\u00e9szen 14-szorosig n\u00f6velhet\u0151. A nagy\u00edt\u00e1s n\u00f6velhet\u0151 2-szeres l\u00e9p\u00e9sekben, vagy ak\u00e1r fokozatmentesen is, \u00edgy mindig az \u00e9ppen optim\u00e1lis l\u00e1t\u00f3mez\u0151 \u00e1ll\u00edthat\u00f3 be haszn\u00e1lat sor\u00e1n.<\/div>\n<\/div>\n<\/div>\n<div>\n<h3><\/h3>\n<h3 class=\"title\"><img loading=\"lazy\" decoding=\"async\" class=\"lazy loaded\" src=\"https:\/\/i0.wp.com\/www.pulsar-nv.com\/static\/themes\/site\/img\/lightning.png?resize=20%2C29&amp;ssl=1\" alt=\"\" width=\"20\" height=\"29\" data-src=\"https:\/\/i0.wp.com\/www.pulsar-nv.com\/static\/themes\/site\/img\/lightning.png?resize=20%2C29&amp;ssl=1\" data-was-processed=\"true\" \/>\u00a0High contrast HD AMOLED display<\/h3>\n<\/div>\n<div>\n<div>1024\u00d7768 HD AMOLED kijelz\u0151 energiatak\u00e9ros, ez\u00e9rt \u00fczemeideje is tov\u00e1bb tart az el\u0151d N455 c\u00e9lt\u00e1vcs\u0151h\u00f6z k\u00e9pest, illetve \u00e9leth\u0171 sz\u00ednes k\u00e9pet biztos\u00edt. Kontrasztos \u00e9s tiszta k\u00e9p jellemzi az \u00faj Digex C50 \u00e9jjell\u00e1t\u00f3 c\u00e9lt\u00e1vcs\u00f6vet!<\/div>\n<div><\/div>\n<\/div>\n<\/div>\n<\/div>\n<\/div>\n","protected":false},"excerpt":{"rendered":"<p>Pulsar Digex C50 \u00c9jjell\u00e1t\u00f3 C\u00e9lt\u00e1vcs\u0151 (Wifivel!) 940 VET\u0150VEL A Pulsar Digex C50 \u00c9jjell\u00e1t\u00f3 C\u00e9lt\u00e1vcs\u0151vel a vad\u00e1szat \u00faj dimenzi\u00f3ba l\u00e9p, \u00e9s minden eddigin\u00e9l nagyobb \u00e9lm\u00e9nyt ny\u00fajt. A kiv\u00e1l\u00f3 \u00e9jszakai l\u00e1t\u00e1s, a HD k\u00e9pmin\u0151s\u00e9g \u00e9s az id\u0151j\u00e1r\u00e1s\u00e1ll\u00f3 kialak\u00edt\u00e1s lehet\u0151v\u00e9 teszik, hogy a legnehezebb k\u00f6r\u00fclm\u00e9nyek k\u00f6z\u00f6tt is \u00e9lvezetes \u00e9s sikeres legyen a vad\u00e1szat. Ezen t\u00falmen\u0151en a Pulsar Digex [&hellip;]<\/p>\n","protected":false},"featured_media":5162,"comment_status":"open","ping_status":"closed","template":"","meta":{"_et_pb_use_builder":"","_et_pb_old_content":"","_et_gb_content_width":"","om_disable_all_campaigns":false},"product_brand":[],"product_cat":[21,1046,459],"product_tag":[632,1255,70],"class_list":{"0":"post-5161","1":"product","2":"type-product","3":"status-publish","4":"has-post-thumbnail","6":"product_cat-uj","7":"product_cat-ejjellato-tavcso","8":"product_cat-pulsar-ejjellato-elotet","9":"product_tag-optika","10":"product_tag-pulsar-digex-c50-ejjellato-celtavcso-wifivel-940-vetovel","11":"product_tag-vadaszat","13":"first","14":"instock","15":"sale","16":"taxable","17":"shipping-taxable","18":"purchasable","19":"product-type-simple"},"_links":{"self":[{"href":"https:\/\/www.vadaszboltcsorna.hu\/index.php\/wp-json\/wp\/v2\/product\/5161","targetHints":{"allow":["GET"]}}],"collection":[{"href":"https:\/\/www.vadaszboltcsorna.hu\/index.php\/wp-json\/wp\/v2\/product"}],"about":[{"href":"https:\/\/www.vadaszboltcsorna.hu\/index.php\/wp-json\/wp\/v2\/types\/product"}],"replies":[{"embeddable":true,"href":"https:\/\/www.vadaszboltcsorna.hu\/index.php\/wp-json\/wp\/v2\/comments?post=5161"}],"wp:featuredmedia":[{"embeddable":true,"href":"https:\/\/www.vadaszboltcsorna.hu\/index.php\/wp-json\/wp\/v2\/media\/5162"}],"wp:attachment":[{"href":"https:\/\/www.vadaszboltcsorna.hu\/index.php\/wp-json\/wp\/v2\/media?parent=5161"}],"wp:term":[{"taxonomy":"product_brand","embeddable":true,"href":"https:\/\/www.vadaszboltcsorna.hu\/index.php\/wp-json\/wp\/v2\/product_brand?post=5161"},{"taxonomy":"product_cat","embeddable":true,"href":"https:\/\/www.vadaszboltcsorna.hu\/index.php\/wp-json\/wp\/v2\/product_cat?post=5161"},{"taxonomy":"product_tag","embeddable":true,"href":"https:\/\/www.vadaszboltcsorna.hu\/index.php\/wp-json\/wp\/v2\/product_tag?post=5161"}],"curies":[{"name":"wp","href":"https:\/\/api.w.org\/{rel}","templated":true}]}}