{"id":5125,"date":"2023-12-07T08:54:35","date_gmt":"2023-12-07T08:54:35","guid":{"rendered":"https:\/\/www.vadaszboltcsorna.hu\/?post_type=product&#038;p=5125"},"modified":"2023-12-11T11:06:58","modified_gmt":"2023-12-11T11:06:58","slug":"verney-carron-reversible-polar-kabat-kifordithato-phbo002","status":"publish","type":"product","link":"https:\/\/www.vadaszboltcsorna.hu\/index.php\/termek\/verney-carron-reversible-polar-kabat-kifordithato-phbo002\/","title":{"rendered":"VERNEY &#8211; CARRON REVERSIBLE POL\u00c1R KAB\u00c1T KIFORD\u00cdTHAT\u00d3 (PHBO002)"},"content":{"rendered":"<h2><strong>VERNEY &#8211; CARRON REVERSIBLE POL\u00c1R KAB\u00c1T KIFORD\u00cdTHAT\u00d3 (PHBO002)<\/strong><\/h2>\n<h3>VERNEY &#8211; CARRON REVERSIBLE 450g\/m2 anyags\u0171r\u0171s\u00e9g\u0171 vastag, kellemes tapint\u00e1s\u00fa pol\u00e1r kab\u00e1t.<\/h3>\n","protected":false},"excerpt":{"rendered":"<p>VERNEY &#8211; CARRON REVERSIBLE POL\u00c1R KAB\u00c1T KIFORD\u00cdTHAT\u00d3 (PHBO002) VERNEY &#8211; CARRON REVERSIBLE 450g\/m2 anyags\u0171r\u0171s\u00e9g\u0171 vastag, kellemes tapint\u00e1s\u00fa pol\u00e1r kab\u00e1t.<\/p>\n","protected":false},"featured_media":5131,"comment_status":"open","ping_status":"closed","template":"","meta":{"_et_pb_use_builder":"","_et_pb_old_content":"","_et_gb_content_width":"","om_disable_all_campaigns":false},"product_brand":[],"product_cat":[21,553,159],"product_tag":[1253,581,1252],"class_list":{"0":"post-5125","1":"product","2":"type-product","3":"status-publish","4":"has-post-thumbnail","6":"product_cat-uj","7":"product_cat-kabat","8":"product_cat-vadasz-ruhazat","9":"product_tag-kabatok","10":"product_tag-vadasz-ruhazat","11":"product_tag-verney-carron-reversible-polar-kabat-kifordithato-phbo002","13":"first","14":"instock","15":"taxable","16":"shipping-taxable","17":"purchasable","18":"product-type-variable"},"_links":{"self":[{"href":"https:\/\/www.vadaszboltcsorna.hu\/index.php\/wp-json\/wp\/v2\/product\/5125","targetHints":{"allow":["GET"]}}],"collection":[{"href":"https:\/\/www.vadaszboltcsorna.hu\/index.php\/wp-json\/wp\/v2\/product"}],"about":[{"href":"https:\/\/www.vadaszboltcsorna.hu\/index.php\/wp-json\/wp\/v2\/types\/product"}],"replies":[{"embeddable":true,"href":"https:\/\/www.vadaszboltcsorna.hu\/index.php\/wp-json\/wp\/v2\/comments?post=5125"}],"wp:featuredmedia":[{"embeddable":true,"href":"https:\/\/www.vadaszboltcsorna.hu\/index.php\/wp-json\/wp\/v2\/media\/5131"}],"wp:attachment":[{"href":"https:\/\/www.vadaszboltcsorna.hu\/index.php\/wp-json\/wp\/v2\/media?parent=5125"}],"wp:term":[{"taxonomy":"product_brand","embeddable":true,"href":"https:\/\/www.vadaszboltcsorna.hu\/index.php\/wp-json\/wp\/v2\/product_brand?post=5125"},{"taxonomy":"product_cat","embeddable":true,"href":"https:\/\/www.vadaszboltcsorna.hu\/index.php\/wp-json\/wp\/v2\/product_cat?post=5125"},{"taxonomy":"product_tag","embeddable":true,"href":"https:\/\/www.vadaszboltcsorna.hu\/index.php\/wp-json\/wp\/v2\/product_tag?post=5125"}],"curies":[{"name":"wp","href":"https:\/\/api.w.org\/{rel}","templated":true}]}}