{"id":5078,"date":"2023-11-27T10:04:02","date_gmt":"2023-11-27T10:04:02","guid":{"rendered":"https:\/\/www.vadaszboltcsorna.hu\/?post_type=product&#038;p=5078"},"modified":"2025-11-14T09:31:20","modified_gmt":"2025-11-14T09:31:20","slug":"guide-td431-tavolsagmeros-hokamera-35-mm-es-objektiv-12-mikron","status":"publish","type":"product","link":"https:\/\/www.vadaszboltcsorna.hu\/index.php\/termek\/guide-td431-tavolsagmeros-hokamera-35-mm-es-objektiv-12-mikron\/","title":{"rendered":"Guide TD431 T\u00e1vols\u00e1gm\u00e9r\u0151s H\u0151kamera 35 mm-es objekt\u00edv 12 mikron"},"content":{"rendered":"<h2 class=\"product_title entry-title elementor-heading-title elementor-size-default\">Guide TD431 T\u00e1vols\u00e1gm\u00e9r\u0151s H\u0151kamera 35 mm-es objekt\u00edv 12 mikron<\/h2>\n<p>\ud83d\udd25 Fedezze fel a s\u00f6t\u00e9t vil\u00e1got a TD431 LRF K\u00e9zi h\u0151kamer\u00e1val! \ud83d\udd25<\/p>\n<p>Ha \u00e9jszaka is l\u00e1tni szeretn\u00e9, vagy \u00e9rdekes h\u0151m\u00e9rs\u00e9kleti k\u00fcl\u00f6nbs\u00e9geket akar felfedezni, ne keressen tov\u00e1bb! A TD431 LRF K\u00e9zi h\u0151kamera \u00faj dimenzi\u00f3t nyit meg a l\u00e1tv\u00e1ny \u00e9s az \u00e9rz\u00e9kel\u00e9s ter\u00e9n.<\/p>\n<p>\u2728 Mi\u00e9rt v\u00e1lassza a TD431-et?<br \/>\n\ud83d\udcf8 Monokul\u00e1r design: Kompakt \u00e9s k\u00f6nny\u0171, ide\u00e1lis hordozhat\u00f3s\u00e1got ny\u00fajt.<br \/>\n\ud83c\udf21\ufe0f H\u0151k\u00e9p \u00e9s LRF: K\u00e9t funkci\u00f3 egy eszk\u00f6zben, hogy ne maradjon le semmir\u0151l.<br \/>\n\ud83c\udf19 \u00c9jszakai l\u00e1t\u00e1s: T\u00f6k\u00e9letes v\u00e1laszt\u00e1s \u00e9jszakai szafarikhoz vagy biztons\u00e1gi feladatokhoz.<br \/>\n\ud83c\udfaf Prec\u00edz m\u00e9r\u00e9s: Be\u00e9p\u00edtett t\u00e1vols\u00e1gm\u00e9r\u0151vel pontosan m\u00e9rheti t\u00e1vols\u00e1gokat.<br \/>\n\ud83d\udcf1 Wifi kapcsolat: Ossza meg az \u00e9szlel\u00e9seket k\u00f6z\u00f6ss\u00e9gi m\u00e9di\u00e1n \u00e9s okostelefonj\u00e1n is.<\/p>\n<p>Ne hagyja ki a lehet\u0151s\u00e9get, hogy kib\u0151v\u00edtse l\u00e1t\u00f3k\u00f6r\u00e9t \u00e9s fedezzen fel dolgokat, amiket eddig sosem l\u00e1tott! \ud83d\udcab<\/p>\n<p><iframe loading=\"lazy\" title=\"Guide Sensmart TD431 LRF Review\" width=\"1080\" height=\"608\" src=\"https:\/\/www.youtube.com\/embed\/9uwR-mR5yiE?feature=oembed\"  allow=\"accelerometer; autoplay; clipboard-write; encrypted-media; gyroscope; picture-in-picture; web-share\" referrerpolicy=\"strict-origin-when-cross-origin\" allowfullscreen><\/iframe><\/p>\n<p>A TD Gen2 LRF sorozat az ipar\u00e1g els\u0151 bel\u00e9p\u0151szint\u0171, teljes funkcionalit\u00e1s\u00fa k\u00e9zi h\u0151kamer\u00e1s monokul\u00e1rja. Az el\u0151z\u0151 gener\u00e1ci\u00f3 jellemz\u0151it \u2013 mint p\u00e9ld\u00e1ul a k\u00f6nny\u0171 s\u00faly, a hordozhat\u00f3s\u00e1g, a k\u00f6nny\u0171 kezelhet\u0151s\u00e9g \u00e9s a tart\u00f3ss\u00e1g \u2013 \u00f6r\u00f6k\u00f6lte, ugyanakkor egy nagy pontoss\u00e1g\u00fa l\u00e9zeres t\u00e1vols\u00e1gm\u00e9r\u0151 modult integr\u00e1lt, amely 600 m\u00e9teren bel\u00fcl pontosan \u00e9rz\u00e9keli a c\u00e9lpontokat. AMOLED kijelz\u0151t alkalmaz, amely tiszta k\u00e9palkot\u00e1st \u00e9s k\u00e9nyelmes l\u00e1t\u00e1si \u00e9lm\u00e9nyt biztos\u00edt, \u00edgy ide\u00e1lis felszerel\u00e9s a k\u00fclt\u00e9ri \u00e9jszakai l\u00e1t\u00e1shoz.<\/p>\n<p>384 x 288 IR felbont\u00e1s<\/p>\n<p>35 mm \/F1.0 F\u00f3kuszt\u00e1vols\u00e1g<\/p>\n<p>K\u00e9zi F\u00f3kusz\u00e1l\u00e1s<\/p>\n<p>10 \u00f3ra Akkumul\u00e1tor \u00e9lettartama<\/p>\n<p><img decoding=\"async\" src=\"https:\/\/z-shops.eu\/wp-content\/uploads\/2023\/10\/banner2-600M.jpg\" \/><\/p>\n<p><strong>Nagy f\u00e9nyerej\u0171 AMOLED kijelz\u0151<\/strong><\/p>\n<p>A 12\u03bcm-es nagy \u00e9rz\u00e9kenys\u00e9g\u0171 infrav\u00f6r\u00f6s \u00e9rz\u00e9kel\u0151 \u00e9s a 384 x 288 felbont\u00e1s\u00fa, 0,23 h\u00fcvelykes AMOLED kijelz\u0151 a k\u00e9psz\u00e9lek \u00e9s r\u00e9szletek jobb megjelen\u00edt\u00e9se \u00e9rdek\u00e9ben, nagy kontraszt\u00fa \u00e9s r\u00e9szletes h\u0151k\u00e9pet biztos\u00edt a k\u00e9nyelmes megtekint\u00e9s \u00e9rdek\u00e9ben.<\/p>\n<p><strong>Tov\u00e1bbfejlesztett k\u00e9pfeldolgoz\u00f3 algoritmusok<\/strong><\/p>\n<p>A TD Gen2 LRF sorozat \u00faj megk\u00f6zel\u00edt\u00e9st alkalmaz a k\u00e9poptimaliz\u00e1l\u00e1shoz a megfigyel\u00e9s c\u00e9lj\u00e1t\u00f3l \u00e9s k\u00f6r\u00fclm\u00e9nyeit\u0151l f\u00fcgg\u0151en, \u00e9s kiv\u00e1l\u00f3 min\u0151s\u00e9g\u0171 megjelen\u00edt\u00e9st biztos\u00edt mind a c\u00e9lobjektumok, mind a h\u00e1tt\u00e9r sz\u00e1m\u00e1ra.<\/p>\n<p><img decoding=\"async\" src=\"https:\/\/z-shops.eu\/wp-content\/uploads\/2023\/10\/64be24b61ff8b.jpg\" \/><\/p>\n<p><strong>10 \u00f3ra er\u0151s akkumul\u00e1tor \u00e9lettartam<\/strong><\/p>\n<p>T\u00f6bb mint 10 \u00f3ra akt\u00edv haszn\u00e1lat, 3 \u00f3ra javul\u00e1s az el\u0151z\u0151 gener\u00e1ci\u00f3hoz k\u00e9pest. Szabv\u00e1nyos 18650-es akkumul\u00e1tor, k\u00f6nnyen megv\u00e1s\u00e1rolhat\u00f3.<\/p>\n<p><img decoding=\"async\" src=\"https:\/\/z-shops.eu\/wp-content\/uploads\/2023\/10\/image1-512X429-951.jpg\" \/><\/p>\n<p><strong>\u00daj felhaszn\u00e1l\u00f3i fel\u00fclet kialak\u00edt\u00e1sa<\/strong><\/p>\n<p>\u00daj felhaszn\u00e1l\u00f3i fel\u00fclet kialak\u00edt\u00e1sa a m\u0171k\u00f6d\u00e9s egyszer\u0171s\u00edt\u00e9se \u00e9rdek\u00e9ben; ikoniz\u00e1lt m\u0171k\u00f6d\u00e9s nyelvi korl\u00e1toz\u00e1sok n\u00e9lk\u00fcl.<\/p>\n<p><img decoding=\"async\" src=\"https:\/\/z-shops.eu\/wp-content\/uploads\/2023\/10\/image5-512X429.jpg\" \/><\/p>\n<p><strong>Val\u00f3s idej\u0171 megoszt\u00e1s WIFI seg\u00edts\u00e9g\u00e9vel<\/strong><\/p>\n<p>Csatlakoztassa az APP-ot a telefonhoz WIFI-n kereszt\u00fcl, \u00e9s ossza meg a csod\u00e1latos pillanatot val\u00f3s id\u0151ben.<\/p>\n<p><img decoding=\"async\" src=\"https:\/\/z-shops.eu\/wp-content\/uploads\/2023\/10\/64be24b6206dd.jpg\" \/><\/p>\n<p><strong>OTA friss\u00edt\u00e9s<\/strong><\/p>\n<p>T\u00e1mogatja a k\u00e9sz\u00fcl\u00e9k firmware-friss\u00edt\u00e9seit a TargetIR APP-hoz val\u00f3 csatlakoz\u00e1ssal a nagy hat\u00e9konys\u00e1g \u00e9rdek\u00e9ben.<\/p>\n<p>Modell: TD431 LRF<\/p>\n<p>\u00c9rz\u00e9kel\u0151<br \/>\nT\u00edpus H\u0171t\u00e9s n\u00e9lk\u00fcli VOx infrav\u00f6r\u00f6s \u00e9rz\u00e9kel\u0151, 8-14 \u03bcm<br \/>\nFelbont\u00e1s 384\u00d7288, 12 \u03bcm<br \/>\nNETD \u226435mK<br \/>\nK\u00e9pkockasebess\u00e9g 50Hz<br \/>\nObjekt\u00edv<br \/>\nGy\u00fajt\u00f3t\u00e1vols\u00e1g 35 mm, F1.0<br \/>\nL\u00e1t\u00f3mez\u0151 7,5\u00b0\u00d75,6\u00b0<br \/>\nOptikai zoom 2,6x<br \/>\nDigit\u00e1lis zoom 1x, 2x \u00e9s 4x<br \/>\nF\u00f3kusz\u00e1l\u00e1s K\u00e9zi<br \/>\nKijelz\u0151<br \/>\nKijelz\u0151 t\u00edpusa 0,23\u201d AMOLED<br \/>\nFelbont\u00e1s 640\u00d7400<br \/>\nOkul\u00e1r Kil\u00e9p\u0151 pupilla t\u00e1vols\u00e1g\u226512 mm; Dioptria: -4 \u00e9s +2 k\u00f6z\u00f6tt; Zoom: 18x<br \/>\nVideokimenet Anal\u00f3g vide\u00f3<br \/>\nT\u00e1vols\u00e1g Teljes\u00edtm\u00e9ny<br \/>\n\u00c9rz\u00e9kel\u00e9si tartom\u00e1ny 1400 m<br \/>\nHardver<br \/>\nL\u00e9zeres t\u00e1vols\u00e1gm\u00e9r\u0151 Max: 600m<br \/>\nEgy\u00e9b PIP, Hot spot k\u00f6vet\u00e9s<br \/>\nFunkci\u00f3k<br \/>\nFokozott, Kiemelt \u00e9s Term\u00e9szetes jelenetm\u00f3dok<br \/>\nSz\u00ednpalett\u00e1k Fekete Hot, Feh\u00e9r Hot, V\u00f6r\u00f6s Hot, Vas Hot, K\u00e9k Hot<br \/>\nWIFI 2.4 G<br \/>\nT\u00e1mogatott alkalmaz\u00e1s TargetIR<br \/>\nFirmware OTA A k\u00e9sz\u00fcl\u00e9k firmware friss\u00edt\u00e9se az alkalmaz\u00e1son kereszt\u00fcl<br \/>\nTeljes\u00edtm\u00e9ny<br \/>\nAkkumul\u00e1tor t\u00edpusa Egyetlen, cser\u00e9lhet\u0151 18650-es akkumul\u00e1tor<br \/>\n\u00dczemid\u0151 \u2265 10 \u00f3ra<br \/>\nInterf\u00e9sz<br \/>\nUSB USB-C t\u00edpus\u00fa USB<br \/>\nMechanikus interf\u00e9sz UNC \u00bc\u201d-20 (\u00e1llv\u00e1nyra szerelhet\u0151), mechanikus b\u0151v\u00edt\u0151 interf\u00e9sz<br \/>\nK\u00f6rnyezetv\u00e9delem<br \/>\nT\u00e1rol\u00e1si h\u0151m\u00e9rs\u00e9klet -30 \u00b0C \u00e9s 60 \u00b0C k\u00f6z\u00f6tt<br \/>\nP\u00e1ratartalom 10 % \u00e9s 95 % k\u00f6z\u00f6tti p\u00e1ratartalom, nem kondenz\u00e1l\u00f3dik<br \/>\nSokk 30 G 11 ms-os f\u00e9lszinuszos impulzusn\u00e1l (IEC60068-2-27 szerint)<br \/>\nZuhan\u00e1s 1 m<br \/>\nZ\u00e1rts\u00e1g IP66<br \/>\nTan\u00fas\u00edt\u00e1s IP66, FCC, CE, RoHS, EAC, WEEE, un38.3, IEC 60825-1 2. oszt\u00e1ly<\/p>\n","protected":false},"excerpt":{"rendered":"<p>Guide TD431 T\u00e1vols\u00e1gm\u00e9r\u0151s H\u0151kamera 35 mm-es objekt\u00edv 12 mikron \ud83d\udd25 Fedezze fel a s\u00f6t\u00e9t vil\u00e1got a TD431 LRF K\u00e9zi h\u0151kamer\u00e1val! \ud83d\udd25 Ha \u00e9jszaka is l\u00e1tni szeretn\u00e9, vagy \u00e9rdekes h\u0151m\u00e9rs\u00e9kleti k\u00fcl\u00f6nbs\u00e9geket akar felfedezni, ne keressen tov\u00e1bb! A TD431 LRF K\u00e9zi h\u0151kamera \u00faj dimenzi\u00f3t nyit meg a l\u00e1tv\u00e1ny \u00e9s az \u00e9rz\u00e9kel\u00e9s ter\u00e9n. \u2728 Mi\u00e9rt v\u00e1lassza a TD431-et? [&hellip;]<\/p>\n","protected":false},"featured_media":5086,"comment_status":"open","ping_status":"closed","template":"","meta":{"_et_pb_use_builder":"","_et_pb_old_content":"","_et_gb_content_width":"","om_disable_all_campaigns":false},"product_brand":[],"product_cat":[21,447,448],"product_tag":[1249,452],"class_list":{"0":"post-5078","1":"product","2":"type-product","3":"status-publish","4":"has-post-thumbnail","6":"product_cat-uj","7":"product_cat-hokamera","8":"product_cat-kereso-hokamera","9":"product_tag-guide-td431-tavolsagmeros-hokamera-35-mm-es-objektiv-12-mikron","10":"product_tag-hokamera-kereso","12":"first","13":"instock","14":"sale","15":"taxable","16":"shipping-taxable","17":"purchasable","18":"product-type-simple"},"_links":{"self":[{"href":"https:\/\/www.vadaszboltcsorna.hu\/index.php\/wp-json\/wp\/v2\/product\/5078","targetHints":{"allow":["GET"]}}],"collection":[{"href":"https:\/\/www.vadaszboltcsorna.hu\/index.php\/wp-json\/wp\/v2\/product"}],"about":[{"href":"https:\/\/www.vadaszboltcsorna.hu\/index.php\/wp-json\/wp\/v2\/types\/product"}],"replies":[{"embeddable":true,"href":"https:\/\/www.vadaszboltcsorna.hu\/index.php\/wp-json\/wp\/v2\/comments?post=5078"}],"wp:featuredmedia":[{"embeddable":true,"href":"https:\/\/www.vadaszboltcsorna.hu\/index.php\/wp-json\/wp\/v2\/media\/5086"}],"wp:attachment":[{"href":"https:\/\/www.vadaszboltcsorna.hu\/index.php\/wp-json\/wp\/v2\/media?parent=5078"}],"wp:term":[{"taxonomy":"product_brand","embeddable":true,"href":"https:\/\/www.vadaszboltcsorna.hu\/index.php\/wp-json\/wp\/v2\/product_brand?post=5078"},{"taxonomy":"product_cat","embeddable":true,"href":"https:\/\/www.vadaszboltcsorna.hu\/index.php\/wp-json\/wp\/v2\/product_cat?post=5078"},{"taxonomy":"product_tag","embeddable":true,"href":"https:\/\/www.vadaszboltcsorna.hu\/index.php\/wp-json\/wp\/v2\/product_tag?post=5078"}],"curies":[{"name":"wp","href":"https:\/\/api.w.org\/{rel}","templated":true}]}}