{"id":5023,"date":"2023-10-26T13:53:57","date_gmt":"2023-10-26T13:53:57","guid":{"rendered":"https:\/\/www.vadaszboltcsorna.hu\/?post_type=product&#038;p=5023"},"modified":"2023-10-26T13:54:57","modified_gmt":"2023-10-26T13:54:57","slug":"os-trachten-noi-pulover458000-3937-56","status":"publish","type":"product","link":"https:\/\/www.vadaszboltcsorna.hu\/index.php\/termek\/os-trachten-noi-pulover458000-3937-56\/","title":{"rendered":"OS-Trachten n\u0151i pul\u00f3ver(458000\/3937\/56)"},"content":{"rendered":"<h2><strong>OS-Trachten n\u0151i pul\u00f3ver(458000\/3937\/56)<\/strong><\/h2>\n<h3>N\u0151i pul\u00f3ver.<\/h3>\n<h3>Kapucnival ell\u00e1tott, kontrasztos b\u00e9l\u00e9ssel a csukj\u00e1n, cipz\u00e1rral.<\/h3>\n","protected":false},"excerpt":{"rendered":"<p>OS-Trachten n\u0151i pul\u00f3ver(458000\/3937\/56) N\u0151i pul\u00f3ver. Kapucnival ell\u00e1tott, kontrasztos b\u00e9l\u00e9ssel a csukj\u00e1n, cipz\u00e1rral.<\/p>\n","protected":false},"featured_media":5025,"comment_status":"open","ping_status":"closed","template":"","meta":{"_et_pb_use_builder":"","_et_pb_old_content":"","_et_gb_content_width":"","om_disable_all_campaigns":false},"product_brand":[],"product_cat":[21,596,159],"product_tag":[1198,1245],"class_list":{"0":"post-5023","1":"product","2":"type-product","3":"status-publish","4":"has-post-thumbnail","6":"product_cat-uj","7":"product_cat-pulover","8":"product_cat-vadasz-ruhazat","9":"product_tag-noi-vadaszruhazat","10":"product_tag-os-trachten-noi-pulover458000-3937-56","12":"first","13":"instock","14":"taxable","15":"shipping-taxable","16":"purchasable","17":"product-type-variable"},"_links":{"self":[{"href":"https:\/\/www.vadaszboltcsorna.hu\/index.php\/wp-json\/wp\/v2\/product\/5023","targetHints":{"allow":["GET"]}}],"collection":[{"href":"https:\/\/www.vadaszboltcsorna.hu\/index.php\/wp-json\/wp\/v2\/product"}],"about":[{"href":"https:\/\/www.vadaszboltcsorna.hu\/index.php\/wp-json\/wp\/v2\/types\/product"}],"replies":[{"embeddable":true,"href":"https:\/\/www.vadaszboltcsorna.hu\/index.php\/wp-json\/wp\/v2\/comments?post=5023"}],"wp:featuredmedia":[{"embeddable":true,"href":"https:\/\/www.vadaszboltcsorna.hu\/index.php\/wp-json\/wp\/v2\/media\/5025"}],"wp:attachment":[{"href":"https:\/\/www.vadaszboltcsorna.hu\/index.php\/wp-json\/wp\/v2\/media?parent=5023"}],"wp:term":[{"taxonomy":"product_brand","embeddable":true,"href":"https:\/\/www.vadaszboltcsorna.hu\/index.php\/wp-json\/wp\/v2\/product_brand?post=5023"},{"taxonomy":"product_cat","embeddable":true,"href":"https:\/\/www.vadaszboltcsorna.hu\/index.php\/wp-json\/wp\/v2\/product_cat?post=5023"},{"taxonomy":"product_tag","embeddable":true,"href":"https:\/\/www.vadaszboltcsorna.hu\/index.php\/wp-json\/wp\/v2\/product_tag?post=5023"}],"curies":[{"name":"wp","href":"https:\/\/api.w.org\/{rel}","templated":true}]}}