{"id":4955,"date":"2023-10-26T08:37:17","date_gmt":"2023-10-26T08:37:17","guid":{"rendered":"https:\/\/www.vadaszboltcsorna.hu\/?post_type=product&#038;p=4955"},"modified":"2023-10-26T09:05:01","modified_gmt":"2023-10-26T09:05:01","slug":"os-trachten-polo-428008-2711-barna","status":"publish","type":"product","link":"https:\/\/www.vadaszboltcsorna.hu\/index.php\/termek\/os-trachten-polo-428008-2711-barna\/","title":{"rendered":"OS-Trachten p\u00f3l\u00f3 (428008-2711) barna"},"content":{"rendered":"<h2><strong>OS-Trachten p\u00f3l\u00f3 (428008-2711) barna<\/strong><\/h2>\n<h3>100% pamutb\u00f3l k\u00e9sz\u00fclt, inggall\u00e9ros r\u00f6vid ujj\u00fa p\u00f3l\u00f3 barna sz\u00ednben.<\/h3>\n<h3>V\u00e1llr\u00e9szen \u00e9s el\u00f6l dekorat\u00edv d\u00edsz\u00edt\u00e9ssel.<\/h3>\n<h3>Mellzsebbel.<\/h3>\n","protected":false},"excerpt":{"rendered":"<p>OS-Trachten p\u00f3l\u00f3 (428008-2711) barna 100% pamutb\u00f3l k\u00e9sz\u00fclt, inggall\u00e9ros r\u00f6vid ujj\u00fa p\u00f3l\u00f3 barna sz\u00ednben. V\u00e1llr\u00e9szen \u00e9s el\u00f6l dekorat\u00edv d\u00edsz\u00edt\u00e9ssel. Mellzsebbel.<\/p>\n","protected":false},"featured_media":4956,"comment_status":"open","ping_status":"closed","template":"","meta":{"_et_pb_use_builder":"","_et_pb_old_content":"","_et_gb_content_width":"","om_disable_all_campaigns":false},"product_brand":[],"product_cat":[21,640,159],"product_tag":[1239,70,555],"class_list":{"0":"post-4955","1":"product","2":"type-product","3":"status-publish","4":"has-post-thumbnail","6":"product_cat-uj","7":"product_cat-polo","8":"product_cat-vadasz-ruhazat","9":"product_tag-os-trachten-polo-428008-2711-barna","10":"product_tag-vadaszat","11":"product_tag-vadaszruhazat","13":"first","14":"instock","15":"taxable","16":"shipping-taxable","17":"purchasable","18":"product-type-variable"},"_links":{"self":[{"href":"https:\/\/www.vadaszboltcsorna.hu\/index.php\/wp-json\/wp\/v2\/product\/4955","targetHints":{"allow":["GET"]}}],"collection":[{"href":"https:\/\/www.vadaszboltcsorna.hu\/index.php\/wp-json\/wp\/v2\/product"}],"about":[{"href":"https:\/\/www.vadaszboltcsorna.hu\/index.php\/wp-json\/wp\/v2\/types\/product"}],"replies":[{"embeddable":true,"href":"https:\/\/www.vadaszboltcsorna.hu\/index.php\/wp-json\/wp\/v2\/comments?post=4955"}],"wp:featuredmedia":[{"embeddable":true,"href":"https:\/\/www.vadaszboltcsorna.hu\/index.php\/wp-json\/wp\/v2\/media\/4956"}],"wp:attachment":[{"href":"https:\/\/www.vadaszboltcsorna.hu\/index.php\/wp-json\/wp\/v2\/media?parent=4955"}],"wp:term":[{"taxonomy":"product_brand","embeddable":true,"href":"https:\/\/www.vadaszboltcsorna.hu\/index.php\/wp-json\/wp\/v2\/product_brand?post=4955"},{"taxonomy":"product_cat","embeddable":true,"href":"https:\/\/www.vadaszboltcsorna.hu\/index.php\/wp-json\/wp\/v2\/product_cat?post=4955"},{"taxonomy":"product_tag","embeddable":true,"href":"https:\/\/www.vadaszboltcsorna.hu\/index.php\/wp-json\/wp\/v2\/product_tag?post=4955"}],"curies":[{"name":"wp","href":"https:\/\/api.w.org\/{rel}","templated":true}]}}