{"id":4946,"date":"2023-10-25T09:00:03","date_gmt":"2023-10-25T09:00:03","guid":{"rendered":"https:\/\/www.vadaszboltcsorna.hu\/?post_type=product&#038;p=4946"},"modified":"2025-04-11T15:10:18","modified_gmt":"2025-04-11T15:10:18","slug":"hart-skade-t-nadrag-xhskat","status":"publish","type":"product","link":"https:\/\/www.vadaszboltcsorna.hu\/index.php\/termek\/hart-skade-t-nadrag-xhskat\/","title":{"rendered":"HART SKADE-T nadr\u00e1g (XHSKAT)"},"content":{"rendered":"<h2><strong>HART SKADE-T nadr\u00e1g (XHSKAT)<\/strong><\/h2>\n<h3><em><strong>RENDEL\u00c9SRE!<\/strong><\/em><\/h3>\n<h3>Minden terepre alkalmas, halk, m\u00e9gis er\u0151s, v\u00edz\u00e1ll\u00f3 nadr\u00e1g meleg b\u00e9l\u00e9ssel.<\/h3>\n<h3>Alacsony zajszint\u0171 \u00e9s nem visszaver\u0151, strapab\u00edr\u00f3 anyagb\u00f3l k\u00e9sz\u00fclt k\u00fcls\u0151vel, valamint sz\u00e9l\u00e1ll\u00f3 \u00e9s v\u00edz\u00e1ll\u00f3 OSMOTECH PLUS membr\u00e1nnal bel\u00fcl. A stretch magas derek\u00fa vesev\u00e9delem \u00e9s a v\u00e1llp\u00e1ntok n\u00f6velik a k\u00e9nyelmet akt\u00edv illeszked\u00e9s mellett. A bels\u0151 h\u00e1l\u00f3s b\u00e9l\u00e9s jav\u00edtja az \u00e1tj\u00e1rhat\u00f3s\u00e1got \u00e9s melegen tart a puha tapint\u00e1sa r\u00e9v\u00e9n, n\u00f6velve a szigetel\u00e9si tulajdons\u00e1gokat \u00e9s a k\u00e9nyelmet. Az illeszked\u00e9s \u00e1ll\u00edthat\u00f3 az elasztikus v\u00e1llp\u00e1ntokkal (lev\u00e1laszthat\u00f3). Er\u0151s\u00edtett tapaszok a nagy kop\u00e1snak kitett ter\u00fcleteken (fen\u00e9k, h\u00e1t, t\u00e9rd, \u00f6vb\u00fajtat\u00f3k) a tov\u00e1bbi v\u00e9delem \u00e9rdek\u00e9ben. 4 zseb v\u00edz\u00e1ll\u00f3 cipz\u00e1rral: 2 ferde zseb, 1 combra helyezett cargo zseb \u00e9s 1 h\u00e1ts\u00f3 zseb. Nagy v\u00edz\u00e1ll\u00f3s\u00e1g (10000 mm) \u00e9s l\u00e9g\u00e1tereszt\u0151 k\u00e9pess\u00e9g (10000 gr\/m2).<\/h3>\n<h3>OSMOTECH PLUS TECHNOL\u00d3HIA<\/h3>\n<h3>Az Osmotech plus azt jelenti, hogy egy l\u00e9p\u00e9ssel tov\u00e1bb vagyunk a HART ruh\u00e1zatunk v\u00edz\u00e1ll\u00f3s\u00e1g\u00e1t \u00e9s l\u00e9g\u00e1tereszt\u0151 k\u00e9pess\u00e9g\u00e9t illet\u0151en. Ez a membr\u00e1n magas v\u00edz\u00e1ll\u00f3s\u00e1got (10000 mm felett) \u00e9s l\u00e9g\u00e1tereszt\u0151 k\u00e9pess\u00e9get (10000 gr\/m2) jelent. Ak\u00e1r a k\u00fcls\u0151 anyagokhoz lamin\u00e1lva, ak\u00e1r r\u00e9tegk\u00e9nt haszn\u00e1lva, az Osmotech plus val\u00f3ban jav\u00edtja funkcion\u00e1lis ruh\u00e1zatunk k\u00e9nyelm\u00e9t.<\/h3>\n<p>&nbsp;<\/p>\n","protected":false},"excerpt":{"rendered":"<p>HART SKADE-T nadr\u00e1g (XHSKAT) RENDEL\u00c9SRE! Minden terepre alkalmas, halk, m\u00e9gis er\u0151s, v\u00edz\u00e1ll\u00f3 nadr\u00e1g meleg b\u00e9l\u00e9ssel. Alacsony zajszint\u0171 \u00e9s nem visszaver\u0151, strapab\u00edr\u00f3 anyagb\u00f3l k\u00e9sz\u00fclt k\u00fcls\u0151vel, valamint sz\u00e9l\u00e1ll\u00f3 \u00e9s v\u00edz\u00e1ll\u00f3 OSMOTECH PLUS membr\u00e1nnal bel\u00fcl. A stretch magas derek\u00fa vesev\u00e9delem \u00e9s a v\u00e1llp\u00e1ntok n\u00f6velik a k\u00e9nyelmet akt\u00edv illeszked\u00e9s mellett. A bels\u0151 h\u00e1l\u00f3s b\u00e9l\u00e9s jav\u00edtja az \u00e1tj\u00e1rhat\u00f3s\u00e1got \u00e9s melegen [&hellip;]<\/p>\n","protected":false},"featured_media":4950,"comment_status":"open","ping_status":"closed","template":"","meta":{"_et_pb_use_builder":"","_et_pb_old_content":"","_et_gb_content_width":"","om_disable_all_campaigns":false},"product_brand":[],"product_cat":[21,664,159],"product_tag":[1238,560],"class_list":{"0":"post-4946","1":"product","2":"type-product","3":"status-publish","4":"has-post-thumbnail","6":"product_cat-uj","7":"product_cat-nadrag","8":"product_cat-vadasz-ruhazat","9":"product_tag-hart-skade-t-nadrag-xhskat","10":"product_tag-vadasznadrag","12":"first","13":"instock","14":"taxable","15":"shipping-taxable","16":"purchasable","17":"product-type-variable"},"_links":{"self":[{"href":"https:\/\/www.vadaszboltcsorna.hu\/index.php\/wp-json\/wp\/v2\/product\/4946","targetHints":{"allow":["GET"]}}],"collection":[{"href":"https:\/\/www.vadaszboltcsorna.hu\/index.php\/wp-json\/wp\/v2\/product"}],"about":[{"href":"https:\/\/www.vadaszboltcsorna.hu\/index.php\/wp-json\/wp\/v2\/types\/product"}],"replies":[{"embeddable":true,"href":"https:\/\/www.vadaszboltcsorna.hu\/index.php\/wp-json\/wp\/v2\/comments?post=4946"}],"wp:featuredmedia":[{"embeddable":true,"href":"https:\/\/www.vadaszboltcsorna.hu\/index.php\/wp-json\/wp\/v2\/media\/4950"}],"wp:attachment":[{"href":"https:\/\/www.vadaszboltcsorna.hu\/index.php\/wp-json\/wp\/v2\/media?parent=4946"}],"wp:term":[{"taxonomy":"product_brand","embeddable":true,"href":"https:\/\/www.vadaszboltcsorna.hu\/index.php\/wp-json\/wp\/v2\/product_brand?post=4946"},{"taxonomy":"product_cat","embeddable":true,"href":"https:\/\/www.vadaszboltcsorna.hu\/index.php\/wp-json\/wp\/v2\/product_cat?post=4946"},{"taxonomy":"product_tag","embeddable":true,"href":"https:\/\/www.vadaszboltcsorna.hu\/index.php\/wp-json\/wp\/v2\/product_tag?post=4946"}],"curies":[{"name":"wp","href":"https:\/\/api.w.org\/{rel}","templated":true}]}}