{"id":4902,"date":"2023-10-09T08:43:19","date_gmt":"2023-10-09T08:43:19","guid":{"rendered":"https:\/\/www.vadaszboltcsorna.hu\/?post_type=product&#038;p=4902"},"modified":"2023-10-09T08:43:20","modified_gmt":"2023-10-09T08:43:20","slug":"carp-zone-meleg-kesztyu-cz-3061","status":"publish","type":"product","link":"https:\/\/www.vadaszboltcsorna.hu\/index.php\/termek\/carp-zone-meleg-kesztyu-cz-3061\/","title":{"rendered":"Carp Zone meleg keszty\u00fc CZ 3061"},"content":{"rendered":"<h2><strong>Carp Zone meleg keszty\u00fc CZ 3061<\/strong><\/h2>\n<h3>Meleg b\u00e9lelt puha keszty\u0171 a hideg napokra.Horg\u00e1szatra, vad\u00e1szatra, vagy b\u00e1rmilyen szabadid\u0151s tev\u00e9kenys\u00e9gre t\u00f6k\u00e9letes.<\/h3>\n<h3>M\u00e9ret n\u00e9lk\u00fcli.<\/h3>\n<p>&nbsp;<\/p>\n","protected":false},"excerpt":{"rendered":"<p>Carp Zone meleg keszty\u00fc CZ 3061 Meleg b\u00e9lelt puha keszty\u0171 a hideg napokra.Horg\u00e1szatra, vad\u00e1szatra, vagy b\u00e1rmilyen szabadid\u0151s tev\u00e9kenys\u00e9gre t\u00f6k\u00e9letes. M\u00e9ret n\u00e9lk\u00fcli. &nbsp;<\/p>\n","protected":false},"featured_media":4903,"comment_status":"open","ping_status":"closed","template":"","meta":{"_et_pb_use_builder":"","_et_pb_old_content":"","_et_gb_content_width":"","om_disable_all_campaigns":false},"product_brand":[],"product_cat":[21,771,159],"product_tag":[],"class_list":{"0":"post-4902","1":"product","2":"type-product","3":"status-publish","4":"has-post-thumbnail","6":"product_cat-uj","7":"product_cat-sapka-sal-kesztyu-zokni","8":"product_cat-vadasz-ruhazat","10":"first","11":"instock","12":"taxable","13":"shipping-taxable","14":"purchasable","15":"product-type-simple"},"_links":{"self":[{"href":"https:\/\/www.vadaszboltcsorna.hu\/index.php\/wp-json\/wp\/v2\/product\/4902","targetHints":{"allow":["GET"]}}],"collection":[{"href":"https:\/\/www.vadaszboltcsorna.hu\/index.php\/wp-json\/wp\/v2\/product"}],"about":[{"href":"https:\/\/www.vadaszboltcsorna.hu\/index.php\/wp-json\/wp\/v2\/types\/product"}],"replies":[{"embeddable":true,"href":"https:\/\/www.vadaszboltcsorna.hu\/index.php\/wp-json\/wp\/v2\/comments?post=4902"}],"wp:featuredmedia":[{"embeddable":true,"href":"https:\/\/www.vadaszboltcsorna.hu\/index.php\/wp-json\/wp\/v2\/media\/4903"}],"wp:attachment":[{"href":"https:\/\/www.vadaszboltcsorna.hu\/index.php\/wp-json\/wp\/v2\/media?parent=4902"}],"wp:term":[{"taxonomy":"product_brand","embeddable":true,"href":"https:\/\/www.vadaszboltcsorna.hu\/index.php\/wp-json\/wp\/v2\/product_brand?post=4902"},{"taxonomy":"product_cat","embeddable":true,"href":"https:\/\/www.vadaszboltcsorna.hu\/index.php\/wp-json\/wp\/v2\/product_cat?post=4902"},{"taxonomy":"product_tag","embeddable":true,"href":"https:\/\/www.vadaszboltcsorna.hu\/index.php\/wp-json\/wp\/v2\/product_tag?post=4902"}],"curies":[{"name":"wp","href":"https:\/\/api.w.org\/{rel}","templated":true}]}}