{"id":4881,"date":"2023-10-03T11:24:35","date_gmt":"2023-10-03T11:24:35","guid":{"rendered":"https:\/\/www.vadaszboltcsorna.hu\/?post_type=product&#038;p=4881"},"modified":"2025-09-10T11:52:23","modified_gmt":"2025-09-10T11:52:23","slug":"grisport-bakancs-7103-v7","status":"publish","type":"product","link":"https:\/\/www.vadaszboltcsorna.hu\/index.php\/termek\/grisport-bakancs-7103-v7\/","title":{"rendered":"GRISPORT BAKANCS 7103 V7"},"content":{"rendered":"<h2><strong>GRISPORT BAKANCS 7103 V7<\/strong><\/h2>\n<h3>VIBRAM ARCTIC GRIP\u00ae<br \/>\nExtra cs\u00fasz\u00e1smentes VIBRAM talp, mely garant\u00e1ltan nem cs\u00faszik a j\u00e9gen!<br \/>\nMindegyik Vibram\u00ae talp, 50 k\u00fcl\u00f6nb\u00f6z\u0151 anyagb\u00f3l \u00e9s 400 modellben a maxim\u00e1lis k\u00e9nyelmet \u00e9s tart\u00f3ss\u00e1got ny\u00fajtja a legig\u00e9nyesebb felhaszn\u00e1l\u00f3nak is.<br \/>\nSzigor\u00fa vizsg\u00e1latok \u00e9s ellen\u0151rz\u00e9sek 60 \u00e9v tapasztalat\u00e1val p\u00e1ros\u00edtva teszik a Vibram\u00ae talpakat a legjobbakk\u00e1, amit csak viselni lehet.<\/h3>\n<h3>WinTherm\u00ae<br \/>\nA b\u00e9l\u00e9s v\u00e9kony sz\u00e1lai megtartj\u00e1k a leveg\u0151t a cip\u0151 belsej\u00e9ben, garant\u00e1lva a szigetel\u00e9st<br \/>\nhideg ellen. A filc belsej\u00e9ben egy alum\u00ednium mikrofilm hat\u00e1s\u00e1s\u00e1ra a l\u00e1b \u00e1ltal termelt h\u0151 a cip\u0151 belsej\u00e9ben megmarad, amely nagyon magas h\u0151szigetel\u00e9si szintet tesz lehet\u0151v\u00e9. A WinTherm\u00ae b\u00e9l\u00e9s antibakteri\u00e1lis, nagyon j\u00f3 p\u00e1rologtat\u00e1st garant\u00e1l, a bels\u0151 p\u00e1r\u00e1t kivezeti, mely a cip\u0151 l\u00e9g\u00e1tereszt\u0151 k\u00e9pess\u00e9g\u00e9t biztos\u00edtja.<br \/>\nWinTherm\u00ae b\u00e9l\u00e9ssel rendelkez\u0151 modellek, -30 Celsius fokig tartj\u00e1k a l\u00e1b komfort\u00e9rzet\u00e9t!<\/h3>\n<h3 class=\"page_artdet_product_type_title\">FELS\u0150R\u00c9SZ:<\/h3>\n<div class=\"page_artdet_product_type_element page_artdet_product_type_element_enum page_artdet_product_type_element_aktiv bg_color_dark2 border_1 page_artdet_product_type_element_parent \" data-sku=\"Grisport_bakancs_7103_V7_NK_43\"><a class=\"text_normal\" title=\"Marhab\u0151r\"><span class=\"text_color_white\">Marhab\u0151r<\/span><\/a><\/div>\n<div class=\"clear_fix\"><\/div>\n<h3 class=\"page_artdet_product_type_title\">V\u00cdZ\u00c1LL\u00d3S\u00c1G:<\/h3>\n<div class=\"page_artdet_product_type_element page_artdet_product_type_element_text page_artdet_product_type_element_aktiv bg_color_dark2 border_1 page_artdet_product_type_element_parent \" data-sku=\"Grisport_bakancs_7103_V7_NK_43\"><a class=\"text_normal\" title=\"100% v\u00edz\u00e1ll\u00f3\"><span class=\"text_color_white\">100% v\u00edz\u00e1ll\u00f3<\/span><\/a><\/div>\n<div class=\"clear_fix\"><\/div>\n<h3 class=\"page_artdet_product_type_title\">TALP:<\/h3>\n<div class=\"page_artdet_product_type_element page_artdet_product_type_element_text page_artdet_product_type_element_aktiv bg_color_dark2 border_1 page_artdet_product_type_element_parent \" data-sku=\"Grisport_bakancs_7103_V7_NK_43\"><a class=\"text_normal\" title=\"Jeges, cs\u00fasz\u00f3s talaj\"><span class=\"text_color_white\">Jeges, cs\u00fasz\u00f3s talaj<\/span><\/a><\/div>\n<div class=\"clear_fix\"><\/div>\n<h3 class=\"page_artdet_product_type_title\">SZ\u00c1R MAGASS\u00c1G:<\/h3>\n<div class=\"page_artdet_product_type_value\">\n<div class=\"page_artdet_product_type_element page_artdet_product_type_element_text page_artdet_product_type_element_aktiv bg_color_dark2 border_1 page_artdet_product_type_element_parent \" data-sku=\"Grisport_bakancs_7103_V7_NK_43\"><a class=\"text_normal\" title=\"K\u00f6zepes sz\u00e1r\"><span class=\"text_color_white\">K\u00f6zepes sz\u00e1r<\/span><\/a><\/div>\n<div class=\"clear_fix\"><\/div>\n<\/div>\n<div id=\"page_artdet_product_type_2768796\" class=\"page_artdet_product_type_item\">\n<h3 class=\"page_artdet_product_type_title\">MODELL T\u00cdPUSA:<\/h3>\n<div class=\"page_artdet_product_type_value\">\n<h3 class=\"page_artdet_product_type_element page_artdet_product_type_element_text page_artdet_product_type_element_aktiv bg_color_dark2 border_1 page_artdet_product_type_element_parent \" data-sku=\"Grisport_bakancs_7103_V7_NK_43\"><a class=\"text_normal\" title=\" Klasszikus\"><span class=\"text_color_white\">Klasszikus<\/span><\/a><\/h3>\n<div data-sku=\"Grisport_bakancs_7103_V7_NK_43\"><\/div>\n<\/div>\n<\/div>\n","protected":false},"excerpt":{"rendered":"<p>GRISPORT BAKANCS 7103 V7 VIBRAM ARCTIC GRIP\u00ae Extra cs\u00fasz\u00e1smentes VIBRAM talp, mely garant\u00e1ltan nem cs\u00faszik a j\u00e9gen! Mindegyik Vibram\u00ae talp, 50 k\u00fcl\u00f6nb\u00f6z\u0151 anyagb\u00f3l \u00e9s 400 modellben a maxim\u00e1lis k\u00e9nyelmet \u00e9s tart\u00f3ss\u00e1got ny\u00fajtja a legig\u00e9nyesebb felhaszn\u00e1l\u00f3nak is. Szigor\u00fa vizsg\u00e1latok \u00e9s ellen\u0151rz\u00e9sek 60 \u00e9v tapasztalat\u00e1val p\u00e1ros\u00edtva teszik a Vibram\u00ae talpakat a legjobbakk\u00e1, amit csak viselni lehet. WinTherm\u00ae [&hellip;]<\/p>\n","protected":false},"featured_media":4883,"comment_status":"open","ping_status":"closed","template":"","meta":{"_et_pb_use_builder":"","_et_pb_old_content":"","_et_gb_content_width":"","om_disable_all_campaigns":false},"product_brand":[],"product_cat":[21,163,160],"product_tag":[1228],"class_list":{"0":"post-4881","1":"product","2":"type-product","3":"status-publish","4":"has-post-thumbnail","6":"product_cat-uj","7":"product_cat-bakancs","8":"product_cat-labbelik","9":"product_tag-grisport-bakancs-7103-v7","11":"first","12":"instock","13":"taxable","14":"shipping-taxable","15":"purchasable","16":"product-type-variable"},"_links":{"self":[{"href":"https:\/\/www.vadaszboltcsorna.hu\/index.php\/wp-json\/wp\/v2\/product\/4881","targetHints":{"allow":["GET"]}}],"collection":[{"href":"https:\/\/www.vadaszboltcsorna.hu\/index.php\/wp-json\/wp\/v2\/product"}],"about":[{"href":"https:\/\/www.vadaszboltcsorna.hu\/index.php\/wp-json\/wp\/v2\/types\/product"}],"replies":[{"embeddable":true,"href":"https:\/\/www.vadaszboltcsorna.hu\/index.php\/wp-json\/wp\/v2\/comments?post=4881"}],"wp:featuredmedia":[{"embeddable":true,"href":"https:\/\/www.vadaszboltcsorna.hu\/index.php\/wp-json\/wp\/v2\/media\/4883"}],"wp:attachment":[{"href":"https:\/\/www.vadaszboltcsorna.hu\/index.php\/wp-json\/wp\/v2\/media?parent=4881"}],"wp:term":[{"taxonomy":"product_brand","embeddable":true,"href":"https:\/\/www.vadaszboltcsorna.hu\/index.php\/wp-json\/wp\/v2\/product_brand?post=4881"},{"taxonomy":"product_cat","embeddable":true,"href":"https:\/\/www.vadaszboltcsorna.hu\/index.php\/wp-json\/wp\/v2\/product_cat?post=4881"},{"taxonomy":"product_tag","embeddable":true,"href":"https:\/\/www.vadaszboltcsorna.hu\/index.php\/wp-json\/wp\/v2\/product_tag?post=4881"}],"curies":[{"name":"wp","href":"https:\/\/api.w.org\/{rel}","templated":true}]}}