{"id":4867,"date":"2023-09-28T11:22:13","date_gmt":"2023-09-28T11:22:13","guid":{"rendered":"https:\/\/www.vadaszboltcsorna.hu\/?post_type=product&#038;p=4867"},"modified":"2026-04-18T05:50:50","modified_gmt":"2026-04-18T05:50:50","slug":"wanderlik-belelt-nadrag","status":"publish","type":"product","link":"https:\/\/www.vadaszboltcsorna.hu\/index.php\/termek\/wanderlik-belelt-nadrag\/","title":{"rendered":"Wanderlik b\u00e9lelt nadr\u00e1g"},"content":{"rendered":"<h2><strong>Wanderlik b\u00e9lelt nadr\u00e1g<\/strong><\/h2>\n<h3>Anyag\u00e1ban b\u00e9lelt meleg szteccs nadr\u00e1g, oldal zsebekkel,k\u00e9start\u00f3val a hideg \u0151szi-t\u00e9li napokra.<\/h3>\n<h3>Sz\u00edn: barna<\/h3>\n","protected":false},"excerpt":{"rendered":"<p>Wanderlik b\u00e9lelt nadr\u00e1g Anyag\u00e1ban b\u00e9lelt meleg szteccs nadr\u00e1g, oldal zsebekkel,k\u00e9start\u00f3val a hideg \u0151szi-t\u00e9li napokra. Sz\u00edn: barna<\/p>\n","protected":false},"featured_media":4869,"comment_status":"open","ping_status":"closed","template":"","meta":{"_et_pb_use_builder":"","_et_pb_old_content":"","_et_gb_content_width":"","om_disable_all_campaigns":false},"product_brand":[],"product_cat":[21,664,159],"product_tag":[560,555,1226],"class_list":{"0":"post-4867","1":"product","2":"type-product","3":"status-publish","4":"has-post-thumbnail","6":"product_cat-uj","7":"product_cat-nadrag","8":"product_cat-vadasz-ruhazat","9":"product_tag-vadasznadrag","10":"product_tag-vadaszruhazat","11":"product_tag-wanderlik-belelt-nadrag","13":"first","14":"instock","15":"taxable","16":"shipping-taxable","17":"purchasable","18":"product-type-variable"},"_links":{"self":[{"href":"https:\/\/www.vadaszboltcsorna.hu\/index.php\/wp-json\/wp\/v2\/product\/4867","targetHints":{"allow":["GET"]}}],"collection":[{"href":"https:\/\/www.vadaszboltcsorna.hu\/index.php\/wp-json\/wp\/v2\/product"}],"about":[{"href":"https:\/\/www.vadaszboltcsorna.hu\/index.php\/wp-json\/wp\/v2\/types\/product"}],"replies":[{"embeddable":true,"href":"https:\/\/www.vadaszboltcsorna.hu\/index.php\/wp-json\/wp\/v2\/comments?post=4867"}],"wp:featuredmedia":[{"embeddable":true,"href":"https:\/\/www.vadaszboltcsorna.hu\/index.php\/wp-json\/wp\/v2\/media\/4869"}],"wp:attachment":[{"href":"https:\/\/www.vadaszboltcsorna.hu\/index.php\/wp-json\/wp\/v2\/media?parent=4867"}],"wp:term":[{"taxonomy":"product_brand","embeddable":true,"href":"https:\/\/www.vadaszboltcsorna.hu\/index.php\/wp-json\/wp\/v2\/product_brand?post=4867"},{"taxonomy":"product_cat","embeddable":true,"href":"https:\/\/www.vadaszboltcsorna.hu\/index.php\/wp-json\/wp\/v2\/product_cat?post=4867"},{"taxonomy":"product_tag","embeddable":true,"href":"https:\/\/www.vadaszboltcsorna.hu\/index.php\/wp-json\/wp\/v2\/product_tag?post=4867"}],"curies":[{"name":"wp","href":"https:\/\/api.w.org\/{rel}","templated":true}]}}