{"id":4858,"date":"2023-09-28T10:37:22","date_gmt":"2023-09-28T10:37:22","guid":{"rendered":"https:\/\/www.vadaszboltcsorna.hu\/?post_type=product&#038;p=4858"},"modified":"2026-03-10T07:49:09","modified_gmt":"2026-03-10T07:49:09","slug":"wanderlick-wr-2000-belelt-melleny","status":"publish","type":"product","link":"https:\/\/www.vadaszboltcsorna.hu\/index.php\/termek\/wanderlick-wr-2000-belelt-melleny\/","title":{"rendered":"Wanderlick WR-2000 b\u00e9lelt mell\u00e9ny"},"content":{"rendered":"<h2><strong>Wanderlick WR-2000 b\u00e9lelt mell\u00e9ny<\/strong><\/h2>\n<p data-start=\"136\" data-end=\"325\">Ez a <strong data-start=\"141\" data-end=\"176\">magyar gy\u00e1rt\u00e1s\u00fa pr\u00e9mium mell\u00e9ny<\/strong> t\u00f6k\u00e9letes v\u00e1laszt\u00e1s a hidegebb id\u0151j\u00e1r\u00e1sra. <strong data-start=\"220\" data-end=\"277\">Sz\u00e9l\u00e1ll\u00f3, v\u00edzleperget\u0151, hossz\u00edtott fazon\u00fa kialak\u00edt\u00e1sa<\/strong> garant\u00e1lja a maxim\u00e1lis k\u00e9nyelmet \u00e9s v\u00e9delmet.<\/p>\n<p data-start=\"327\" data-end=\"613\">\ud83d\udd39 <strong data-start=\"330\" data-end=\"368\">Impregn\u00e1lt, 100% pamut k\u00fcls\u0151 anyag<\/strong><br data-start=\"368\" data-end=\"371\" \/>\ud83d\udd39 <strong data-start=\"374\" data-end=\"423\">Sz\u00e9l\u00e1ll\u00f3 mikropol\u00e1r b\u00e9l\u00e9s a melegen tart\u00e1s\u00e9rt<\/strong><br data-start=\"423\" data-end=\"426\" \/>\ud83d\udd39 <strong data-start=\"429\" data-end=\"477\">V\u00edzleperget\u0151 r\u00e1t\u00e9tek a nagyobb ellen\u00e1ll\u00e1s\u00e9rt<\/strong><br data-start=\"477\" data-end=\"480\" \/>\ud83d\udd39 <strong data-start=\"483\" data-end=\"517\">Strapab\u00edr\u00f3, s\u0171r\u0171 sz\u00f6v\u00e9s\u0171 anyag<\/strong><br data-start=\"517\" data-end=\"520\" \/>\ud83d\udd39 <strong data-start=\"523\" data-end=\"556\">Hossz\u00edtott fazon a h\u00e1toldalon<\/strong><br data-start=\"556\" data-end=\"559\" \/>\ud83d\udd39 <strong data-start=\"562\" data-end=\"611\">Praktikus k\u00fcls\u0151 zsebek + h\u00faz\u00f3z\u00e1ras bels\u0151 zseb<\/strong><\/p>\n<p data-start=\"615\" data-end=\"714\" data-is-last-node=\"\" data-is-only-node=\"\">\n","protected":false},"excerpt":{"rendered":"<p>Wanderlick WR-2000 b\u00e9lelt mell\u00e9ny Ez a magyar gy\u00e1rt\u00e1s\u00fa pr\u00e9mium mell\u00e9ny t\u00f6k\u00e9letes v\u00e1laszt\u00e1s a hidegebb id\u0151j\u00e1r\u00e1sra. Sz\u00e9l\u00e1ll\u00f3, v\u00edzleperget\u0151, hossz\u00edtott fazon\u00fa kialak\u00edt\u00e1sa garant\u00e1lja a maxim\u00e1lis k\u00e9nyelmet \u00e9s v\u00e9delmet. \ud83d\udd39 Impregn\u00e1lt, 100% pamut k\u00fcls\u0151 anyag\ud83d\udd39 Sz\u00e9l\u00e1ll\u00f3 mikropol\u00e1r b\u00e9l\u00e9s a melegen tart\u00e1s\u00e9rt\ud83d\udd39 V\u00edzleperget\u0151 r\u00e1t\u00e9tek a nagyobb ellen\u00e1ll\u00e1s\u00e9rt\ud83d\udd39 Strapab\u00edr\u00f3, s\u0171r\u0171 sz\u00f6v\u00e9s\u0171 anyag\ud83d\udd39 Hossz\u00edtott fazon a h\u00e1toldalon\ud83d\udd39 Praktikus k\u00fcls\u0151 zsebek + [&hellip;]<\/p>\n","protected":false},"featured_media":6527,"comment_status":"open","ping_status":"closed","template":"","meta":{"_et_pb_use_builder":"","_et_pb_old_content":"","_et_gb_content_width":"","om_disable_all_campaigns":false},"product_brand":[],"product_cat":[21,607,159],"product_tag":[1205,70,1224],"class_list":{"0":"post-4858","1":"product","2":"type-product","3":"status-publish","4":"has-post-thumbnail","6":"product_cat-uj","7":"product_cat-melleny-vadasz-ruhazat","8":"product_cat-vadasz-ruhazat","9":"product_tag-ferfi-vadaszruhazat","10":"product_tag-vadaszat","11":"product_tag-wanderlick-wr-2000-belelt-melleny","13":"first","14":"instock","15":"taxable","16":"shipping-taxable","17":"purchasable","18":"product-type-variable"},"_links":{"self":[{"href":"https:\/\/www.vadaszboltcsorna.hu\/index.php\/wp-json\/wp\/v2\/product\/4858","targetHints":{"allow":["GET"]}}],"collection":[{"href":"https:\/\/www.vadaszboltcsorna.hu\/index.php\/wp-json\/wp\/v2\/product"}],"about":[{"href":"https:\/\/www.vadaszboltcsorna.hu\/index.php\/wp-json\/wp\/v2\/types\/product"}],"replies":[{"embeddable":true,"href":"https:\/\/www.vadaszboltcsorna.hu\/index.php\/wp-json\/wp\/v2\/comments?post=4858"}],"wp:featuredmedia":[{"embeddable":true,"href":"https:\/\/www.vadaszboltcsorna.hu\/index.php\/wp-json\/wp\/v2\/media\/6527"}],"wp:attachment":[{"href":"https:\/\/www.vadaszboltcsorna.hu\/index.php\/wp-json\/wp\/v2\/media?parent=4858"}],"wp:term":[{"taxonomy":"product_brand","embeddable":true,"href":"https:\/\/www.vadaszboltcsorna.hu\/index.php\/wp-json\/wp\/v2\/product_brand?post=4858"},{"taxonomy":"product_cat","embeddable":true,"href":"https:\/\/www.vadaszboltcsorna.hu\/index.php\/wp-json\/wp\/v2\/product_cat?post=4858"},{"taxonomy":"product_tag","embeddable":true,"href":"https:\/\/www.vadaszboltcsorna.hu\/index.php\/wp-json\/wp\/v2\/product_tag?post=4858"}],"curies":[{"name":"wp","href":"https:\/\/api.w.org\/{rel}","templated":true}]}}