{"id":4772,"date":"2023-09-11T11:02:31","date_gmt":"2023-09-11T11:02:31","guid":{"rendered":"https:\/\/www.vadaszboltcsorna.hu\/?post_type=product&#038;p=4772"},"modified":"2023-09-11T11:02:31","modified_gmt":"2023-09-11T11:02:31","slug":"deerhunter-noi-ing-hhl-kezelessel-8737-326","status":"publish","type":"product","link":"https:\/\/www.vadaszboltcsorna.hu\/index.php\/termek\/deerhunter-noi-ing-hhl-kezelessel-8737-326\/","title":{"rendered":"DEERHUNTER n\u0151i ing HHL kezel\u00e9ssel 8737\/326"},"content":{"rendered":"<h2><strong>DEERHUNTER n\u0151i ing HHL kezel\u00e9ssel 8737\/326<\/strong><\/h2>\n<h3>Ak\u00e1r kuty\u00e1t s\u00e9t\u00e1l, ak\u00e1r a hegyekben t\u00far\u00e1zik, ak\u00e1r egy h\u00e9tv\u00e9gi kiruccan\u00e1st \u00e9lvez, tavasszal \u00e9s ny\u00e1ron a rovarok nem k\u00edv\u00e1nt vend\u00e9gek lehetnek. A Deerhunter Lady rovarriaszt\u00f3 ing k\u00f6telez\u0151 csomag a szabadt\u00e9ri kalandokhoz. Kullancsok, sz\u00fanyogok, hangy\u00e1k, legyek ellen v\u00e9delmet ny\u00fajtva a rovarirt\u00f3 ing a mos\u00e1s sor\u00e1n is megtartja a riaszt\u00f3t. A h\u00e1tul l\u00e9v\u0151 h\u00e1l\u00f3s szell\u0151z\u00e9s l\u00e9g\u00e1tereszt\u0151, kieg\u00e9sz\u00edtve egy mellzsebbel \u00e9s oldalzsebbel a t\u00e1rgyak k\u00e9zn\u00e9l tart\u00e1s\u00e1hoz.<\/h3>\n<h3>Rovarv\u00e9delem sz\u00fanyogok, kullancsok, hangy\u00e1k \u00e9s legyek ellen<br \/>\nA kezel\u00e9s legal\u00e1bb 60%-a megmarad 20 mos\u00e1s ut\u00e1n<br \/>\nEmbl\u00e9m\u00e1s gombokkal ell\u00e1tott ing<br \/>\nMellzseb rejtett cipz\u00e1rral<br \/>\nOldalzseb rejtett cipz\u00e1rral<br \/>\nSzell\u0151ztet\u00e9s h\u00e1tul h\u00e1l\u00f3val<br \/>\nN\u0151ies fazon<\/h3>\n","protected":false},"excerpt":{"rendered":"<p>DEERHUNTER n\u0151i ing HHL kezel\u00e9ssel 8737\/326 Ak\u00e1r kuty\u00e1t s\u00e9t\u00e1l, ak\u00e1r a hegyekben t\u00far\u00e1zik, ak\u00e1r egy h\u00e9tv\u00e9gi kiruccan\u00e1st \u00e9lvez, tavasszal \u00e9s ny\u00e1ron a rovarok nem k\u00edv\u00e1nt vend\u00e9gek lehetnek. A Deerhunter Lady rovarriaszt\u00f3 ing k\u00f6telez\u0151 csomag a szabadt\u00e9ri kalandokhoz. Kullancsok, sz\u00fanyogok, hangy\u00e1k, legyek ellen v\u00e9delmet ny\u00fajtva a rovarirt\u00f3 ing a mos\u00e1s sor\u00e1n is megtartja a riaszt\u00f3t. A [&hellip;]<\/p>\n","protected":false},"featured_media":4774,"comment_status":"open","ping_status":"closed","template":"","meta":{"_et_pb_use_builder":"","_et_pb_old_content":"","_et_gb_content_width":"","om_disable_all_campaigns":false},"product_brand":[],"product_cat":[21,651,159],"product_tag":[1120,1207,1198],"class_list":{"0":"post-4772","1":"product","2":"type-product","3":"status-publish","4":"has-post-thumbnail","6":"product_cat-uj","7":"product_cat-ing","8":"product_cat-vadasz-ruhazat","9":"product_tag-akcio","10":"product_tag-deerhunter-noi-ing-hhl-kezelessel-8737-326","11":"product_tag-noi-vadaszruhazat","13":"first","14":"instock","15":"sale","16":"taxable","17":"shipping-taxable","18":"purchasable","19":"product-type-variable"},"_links":{"self":[{"href":"https:\/\/www.vadaszboltcsorna.hu\/index.php\/wp-json\/wp\/v2\/product\/4772","targetHints":{"allow":["GET"]}}],"collection":[{"href":"https:\/\/www.vadaszboltcsorna.hu\/index.php\/wp-json\/wp\/v2\/product"}],"about":[{"href":"https:\/\/www.vadaszboltcsorna.hu\/index.php\/wp-json\/wp\/v2\/types\/product"}],"replies":[{"embeddable":true,"href":"https:\/\/www.vadaszboltcsorna.hu\/index.php\/wp-json\/wp\/v2\/comments?post=4772"}],"wp:featuredmedia":[{"embeddable":true,"href":"https:\/\/www.vadaszboltcsorna.hu\/index.php\/wp-json\/wp\/v2\/media\/4774"}],"wp:attachment":[{"href":"https:\/\/www.vadaszboltcsorna.hu\/index.php\/wp-json\/wp\/v2\/media?parent=4772"}],"wp:term":[{"taxonomy":"product_brand","embeddable":true,"href":"https:\/\/www.vadaszboltcsorna.hu\/index.php\/wp-json\/wp\/v2\/product_brand?post=4772"},{"taxonomy":"product_cat","embeddable":true,"href":"https:\/\/www.vadaszboltcsorna.hu\/index.php\/wp-json\/wp\/v2\/product_cat?post=4772"},{"taxonomy":"product_tag","embeddable":true,"href":"https:\/\/www.vadaszboltcsorna.hu\/index.php\/wp-json\/wp\/v2\/product_tag?post=4772"}],"curies":[{"name":"wp","href":"https:\/\/api.w.org\/{rel}","templated":true}]}}