{"id":4714,"date":"2023-09-08T10:48:47","date_gmt":"2023-09-08T10:48:47","guid":{"rendered":"https:\/\/www.vadaszboltcsorna.hu\/?post_type=product&#038;p=4714"},"modified":"2026-04-11T19:11:15","modified_gmt":"2026-04-11T19:11:15","slug":"declan-pulover-46602-barna","status":"publish","type":"product","link":"https:\/\/www.vadaszboltcsorna.hu\/index.php\/termek\/declan-pulover-46602-barna\/","title":{"rendered":"Declan pul\u00f3ver (46602)"},"content":{"rendered":"<h2><strong>Declan pul\u00f3ver (46602)\u00a0<\/strong><\/h2>\n<h3><strong>Le\u00edr\u00e1s:<\/strong>Declan pul\u00f3ver (46602)<\/h3>\n<h3>Pol\u00e1r b\u00e9l\u00e9ssel b\u00e9lelt v\u00e9gig cipz\u00e1ros pul\u00f3ver.<\/h3>\n<h3>Barna<\/h3>\n<h3><strong>UTOLS\u00d3 DARABOK<\/strong><\/h3>\n","protected":false},"excerpt":{"rendered":"<p>Declan pul\u00f3ver (46602)\u00a0 Le\u00edr\u00e1s:Declan pul\u00f3ver (46602) Pol\u00e1r b\u00e9l\u00e9ssel b\u00e9lelt v\u00e9gig cipz\u00e1ros pul\u00f3ver. Barna UTOLS\u00d3 DARABOK<\/p>\n","protected":false},"featured_media":4715,"comment_status":"open","ping_status":"closed","template":"","meta":{"_et_pb_use_builder":"","_et_pb_old_content":"","_et_gb_content_width":"","om_disable_all_campaigns":false},"product_brand":[],"product_cat":[21,596,159],"product_tag":[1192,555],"class_list":{"0":"post-4714","1":"product","2":"type-product","3":"status-publish","4":"has-post-thumbnail","6":"product_cat-uj","7":"product_cat-pulover","8":"product_cat-vadasz-ruhazat","9":"product_tag-declan-pulover-46602","10":"product_tag-vadaszruhazat","12":"first","13":"instock","14":"sale","15":"taxable","16":"shipping-taxable","17":"purchasable","18":"product-type-variable"},"_links":{"self":[{"href":"https:\/\/www.vadaszboltcsorna.hu\/index.php\/wp-json\/wp\/v2\/product\/4714","targetHints":{"allow":["GET"]}}],"collection":[{"href":"https:\/\/www.vadaszboltcsorna.hu\/index.php\/wp-json\/wp\/v2\/product"}],"about":[{"href":"https:\/\/www.vadaszboltcsorna.hu\/index.php\/wp-json\/wp\/v2\/types\/product"}],"replies":[{"embeddable":true,"href":"https:\/\/www.vadaszboltcsorna.hu\/index.php\/wp-json\/wp\/v2\/comments?post=4714"}],"wp:featuredmedia":[{"embeddable":true,"href":"https:\/\/www.vadaszboltcsorna.hu\/index.php\/wp-json\/wp\/v2\/media\/4715"}],"wp:attachment":[{"href":"https:\/\/www.vadaszboltcsorna.hu\/index.php\/wp-json\/wp\/v2\/media?parent=4714"}],"wp:term":[{"taxonomy":"product_brand","embeddable":true,"href":"https:\/\/www.vadaszboltcsorna.hu\/index.php\/wp-json\/wp\/v2\/product_brand?post=4714"},{"taxonomy":"product_cat","embeddable":true,"href":"https:\/\/www.vadaszboltcsorna.hu\/index.php\/wp-json\/wp\/v2\/product_cat?post=4714"},{"taxonomy":"product_tag","embeddable":true,"href":"https:\/\/www.vadaszboltcsorna.hu\/index.php\/wp-json\/wp\/v2\/product_tag?post=4714"}],"curies":[{"name":"wp","href":"https:\/\/api.w.org\/{rel}","templated":true}]}}