{"id":4568,"date":"2023-09-04T10:49:33","date_gmt":"2023-09-04T10:49:33","guid":{"rendered":"https:\/\/www.vadaszboltcsorna.hu\/?post_type=product&#038;p=4568"},"modified":"2023-09-28T11:41:12","modified_gmt":"2023-09-28T11:41:12","slug":"pinewood-harjedalen-ing-9026-756","status":"publish","type":"product","link":"https:\/\/www.vadaszboltcsorna.hu\/index.php\/termek\/pinewood-harjedalen-ing-9026-756\/","title":{"rendered":"PINEWOOD\u00ae H\u00c4RJEDALEN ING 9026\/756"},"content":{"rendered":"<h2><strong>PINEWOOD\u00ae H\u00c4RJEDALEN ING 9026\/756<\/strong><\/h2>\n<h3>Massz\u00edv flanel ing munk\u00e1hoz \u00e9s b\u00e1rmilyen szabadid\u0151s tev\u00e9kenys\u00e9ghez.<\/h3>\n<h3>Mellzsebbel.<\/h3>\n<h3>Anyaga: 100% pamut<\/h3>\n","protected":false},"excerpt":{"rendered":"<p>PINEWOOD\u00ae H\u00c4RJEDALEN ING 9026\/756 Massz\u00edv flanel ing munk\u00e1hoz \u00e9s b\u00e1rmilyen szabadid\u0151s tev\u00e9kenys\u00e9ghez. Mellzsebbel. Anyaga: 100% pamut<\/p>\n","protected":false},"featured_media":4569,"comment_status":"open","ping_status":"closed","template":"","meta":{"_et_pb_use_builder":"","_et_pb_old_content":"","_et_gb_content_width":"","om_disable_all_campaigns":false},"product_brand":[],"product_cat":[21,651,159],"product_tag":[1161,555],"class_list":{"0":"post-4568","1":"product","2":"type-product","3":"status-publish","4":"has-post-thumbnail","6":"product_cat-uj","7":"product_cat-ing","8":"product_cat-vadasz-ruhazat","9":"product_tag-pinewood-harjedalen-ing-9026-756","10":"product_tag-vadaszruhazat","12":"first","13":"instock","14":"taxable","15":"shipping-taxable","16":"purchasable","17":"product-type-variable"},"_links":{"self":[{"href":"https:\/\/www.vadaszboltcsorna.hu\/index.php\/wp-json\/wp\/v2\/product\/4568","targetHints":{"allow":["GET"]}}],"collection":[{"href":"https:\/\/www.vadaszboltcsorna.hu\/index.php\/wp-json\/wp\/v2\/product"}],"about":[{"href":"https:\/\/www.vadaszboltcsorna.hu\/index.php\/wp-json\/wp\/v2\/types\/product"}],"replies":[{"embeddable":true,"href":"https:\/\/www.vadaszboltcsorna.hu\/index.php\/wp-json\/wp\/v2\/comments?post=4568"}],"wp:featuredmedia":[{"embeddable":true,"href":"https:\/\/www.vadaszboltcsorna.hu\/index.php\/wp-json\/wp\/v2\/media\/4569"}],"wp:attachment":[{"href":"https:\/\/www.vadaszboltcsorna.hu\/index.php\/wp-json\/wp\/v2\/media?parent=4568"}],"wp:term":[{"taxonomy":"product_brand","embeddable":true,"href":"https:\/\/www.vadaszboltcsorna.hu\/index.php\/wp-json\/wp\/v2\/product_brand?post=4568"},{"taxonomy":"product_cat","embeddable":true,"href":"https:\/\/www.vadaszboltcsorna.hu\/index.php\/wp-json\/wp\/v2\/product_cat?post=4568"},{"taxonomy":"product_tag","embeddable":true,"href":"https:\/\/www.vadaszboltcsorna.hu\/index.php\/wp-json\/wp\/v2\/product_tag?post=4568"}],"curies":[{"name":"wp","href":"https:\/\/api.w.org\/{rel}","templated":true}]}}