{"id":4563,"date":"2023-09-04T10:36:26","date_gmt":"2023-09-04T10:36:26","guid":{"rendered":"https:\/\/www.vadaszboltcsorna.hu\/?post_type=product&#038;p=4563"},"modified":"2026-02-06T08:27:57","modified_gmt":"2026-02-06T08:27:57","slug":"pinewood-douglas-ing-9436-755","status":"publish","type":"product","link":"https:\/\/www.vadaszboltcsorna.hu\/index.php\/termek\/pinewood-douglas-ing-9436-755\/","title":{"rendered":"PINEWOOD\u00ae DOUGLAS ING 9436\/755"},"content":{"rendered":"<h2><strong>PINEWOOD\u00ae DOUGLAS ING 9436\/755<\/strong><\/h2>\n<h3>Funkcion\u00e1lis \u00e9s st\u00edlusos flanel ing rendk\u00edv\u00fcl rugalmas membr\u00e1nnal b\u00e9lelve, amely megv\u00e9d az id\u0151j\u00e1r\u00e1s viszontags\u00e1gait\u00f3l. Praktikus nyom\u00f3gombos z\u00e1rak. Kiv\u00e1l\u00f3 fels\u0151ruh\u00e1zatnak, sz\u00e9l\u00e1ll\u00f3 ingnek a mell\u00e9ny al\u00e1, vagy rugalmas \u00e9s v\u00e9kony k\u00fcls\u0151 r\u00e9tegnek. A varratok nincsenek ragasztva.<\/h3>\n<h3>\u2022 P\u00e1rn\u00e1zott<br \/>\n\u2022 Sz\u00e9l\u00e1ll\u00f3<br \/>\n\u2022 Nincsenek ragasztott varratok<\/h3>\n<h3>Anyaga: K\u00fcls\u0151 anyag 100% pamut<br \/>\nEr\u0151s\u00edt\u00e9sek \u00e9s b\u00e9l\u00e9s: 100% poli\u00e9szter<\/h3>\n","protected":false},"excerpt":{"rendered":"<p>PINEWOOD\u00ae DOUGLAS ING 9436\/755 Funkcion\u00e1lis \u00e9s st\u00edlusos flanel ing rendk\u00edv\u00fcl rugalmas membr\u00e1nnal b\u00e9lelve, amely megv\u00e9d az id\u0151j\u00e1r\u00e1s viszontags\u00e1gait\u00f3l. Praktikus nyom\u00f3gombos z\u00e1rak. Kiv\u00e1l\u00f3 fels\u0151ruh\u00e1zatnak, sz\u00e9l\u00e1ll\u00f3 ingnek a mell\u00e9ny al\u00e1, vagy rugalmas \u00e9s v\u00e9kony k\u00fcls\u0151 r\u00e9tegnek. A varratok nincsenek ragasztva. \u2022 P\u00e1rn\u00e1zott \u2022 Sz\u00e9l\u00e1ll\u00f3 \u2022 Nincsenek ragasztott varratok Anyaga: K\u00fcls\u0151 anyag 100% pamut Er\u0151s\u00edt\u00e9sek \u00e9s b\u00e9l\u00e9s: 100% [&hellip;]<\/p>\n","protected":false},"featured_media":4564,"comment_status":"open","ping_status":"closed","template":"","meta":{"_et_pb_use_builder":"","_et_pb_old_content":"","_et_gb_content_width":"","om_disable_all_campaigns":false},"product_brand":[],"product_cat":[21,651,159],"product_tag":[1160,555],"class_list":{"0":"post-4563","1":"product","2":"type-product","3":"status-publish","4":"has-post-thumbnail","6":"product_cat-uj","7":"product_cat-ing","8":"product_cat-vadasz-ruhazat","9":"product_tag-pinewood-douglas-ing-9436-755","10":"product_tag-vadaszruhazat","12":"first","13":"instock","14":"taxable","15":"shipping-taxable","16":"purchasable","17":"product-type-variable"},"_links":{"self":[{"href":"https:\/\/www.vadaszboltcsorna.hu\/index.php\/wp-json\/wp\/v2\/product\/4563","targetHints":{"allow":["GET"]}}],"collection":[{"href":"https:\/\/www.vadaszboltcsorna.hu\/index.php\/wp-json\/wp\/v2\/product"}],"about":[{"href":"https:\/\/www.vadaszboltcsorna.hu\/index.php\/wp-json\/wp\/v2\/types\/product"}],"replies":[{"embeddable":true,"href":"https:\/\/www.vadaszboltcsorna.hu\/index.php\/wp-json\/wp\/v2\/comments?post=4563"}],"wp:featuredmedia":[{"embeddable":true,"href":"https:\/\/www.vadaszboltcsorna.hu\/index.php\/wp-json\/wp\/v2\/media\/4564"}],"wp:attachment":[{"href":"https:\/\/www.vadaszboltcsorna.hu\/index.php\/wp-json\/wp\/v2\/media?parent=4563"}],"wp:term":[{"taxonomy":"product_brand","embeddable":true,"href":"https:\/\/www.vadaszboltcsorna.hu\/index.php\/wp-json\/wp\/v2\/product_brand?post=4563"},{"taxonomy":"product_cat","embeddable":true,"href":"https:\/\/www.vadaszboltcsorna.hu\/index.php\/wp-json\/wp\/v2\/product_cat?post=4563"},{"taxonomy":"product_tag","embeddable":true,"href":"https:\/\/www.vadaszboltcsorna.hu\/index.php\/wp-json\/wp\/v2\/product_tag?post=4563"}],"curies":[{"name":"wp","href":"https:\/\/api.w.org\/{rel}","templated":true}]}}