{"id":4558,"date":"2023-09-04T10:18:28","date_gmt":"2023-09-04T10:18:28","guid":{"rendered":"https:\/\/www.vadaszboltcsorna.hu\/?post_type=product&#038;p=4558"},"modified":"2025-04-14T10:14:55","modified_gmt":"2025-04-14T10:14:55","slug":"pinewood-cornwall-flannel-ing-9435-728","status":"publish","type":"product","link":"https:\/\/www.vadaszboltcsorna.hu\/index.php\/termek\/pinewood-cornwall-flannel-ing-9435-728\/","title":{"rendered":"PINEWOOD\u00ae CORNWALL FLANNEL ING 9435\/728"},"content":{"rendered":"<h2><strong>PINEWOOD\u00ae CORNWALL FLANNEL ING 9435\/728<\/strong><\/h2>\n<h4>Exkluz\u00edv \u00e9s massz\u00edv flanel ing nagyszer\u0171 sz\u00ednekben.<\/h4>\n<h4>High-Vent\u2122 h\u00e1l\u00f3val b\u00e9lelt az extra k\u00e9nyelem \u00e9rdek\u00e9ben.<\/h4>\n<h4>Dupla mellzsebek f\u00fcllel \u00e9s cipz\u00e1ras zsebbel.<\/h4>\n","protected":false},"excerpt":{"rendered":"<p>PINEWOOD\u00ae CORNWALL FLANNEL ING 9435\/728 Exkluz\u00edv \u00e9s massz\u00edv flanel ing nagyszer\u0171 sz\u00ednekben. High-Vent\u2122 h\u00e1l\u00f3val b\u00e9lelt az extra k\u00e9nyelem \u00e9rdek\u00e9ben. Dupla mellzsebek f\u00fcllel \u00e9s cipz\u00e1ras zsebbel.<\/p>\n","protected":false},"featured_media":4559,"comment_status":"open","ping_status":"closed","template":"","meta":{"_et_pb_use_builder":"","_et_pb_old_content":"","_et_gb_content_width":"","om_disable_all_campaigns":false},"product_brand":[],"product_cat":[21,651,159],"product_tag":[1159,555],"class_list":{"0":"post-4558","1":"product","2":"type-product","3":"status-publish","4":"has-post-thumbnail","6":"product_cat-uj","7":"product_cat-ing","8":"product_cat-vadasz-ruhazat","9":"product_tag-pinewood-cornwall-flannel-ing-9435-728","10":"product_tag-vadaszruhazat","12":"first","13":"instock","14":"taxable","15":"shipping-taxable","16":"purchasable","17":"product-type-variable"},"_links":{"self":[{"href":"https:\/\/www.vadaszboltcsorna.hu\/index.php\/wp-json\/wp\/v2\/product\/4558","targetHints":{"allow":["GET"]}}],"collection":[{"href":"https:\/\/www.vadaszboltcsorna.hu\/index.php\/wp-json\/wp\/v2\/product"}],"about":[{"href":"https:\/\/www.vadaszboltcsorna.hu\/index.php\/wp-json\/wp\/v2\/types\/product"}],"replies":[{"embeddable":true,"href":"https:\/\/www.vadaszboltcsorna.hu\/index.php\/wp-json\/wp\/v2\/comments?post=4558"}],"wp:featuredmedia":[{"embeddable":true,"href":"https:\/\/www.vadaszboltcsorna.hu\/index.php\/wp-json\/wp\/v2\/media\/4559"}],"wp:attachment":[{"href":"https:\/\/www.vadaszboltcsorna.hu\/index.php\/wp-json\/wp\/v2\/media?parent=4558"}],"wp:term":[{"taxonomy":"product_brand","embeddable":true,"href":"https:\/\/www.vadaszboltcsorna.hu\/index.php\/wp-json\/wp\/v2\/product_brand?post=4558"},{"taxonomy":"product_cat","embeddable":true,"href":"https:\/\/www.vadaszboltcsorna.hu\/index.php\/wp-json\/wp\/v2\/product_cat?post=4558"},{"taxonomy":"product_tag","embeddable":true,"href":"https:\/\/www.vadaszboltcsorna.hu\/index.php\/wp-json\/wp\/v2\/product_tag?post=4558"}],"curies":[{"name":"wp","href":"https:\/\/api.w.org\/{rel}","templated":true}]}}