{"id":4501,"date":"2023-08-14T08:16:51","date_gmt":"2023-08-14T08:16:51","guid":{"rendered":"https:\/\/www.vadaszboltcsorna.hu\/?post_type=product&#038;p=4501"},"modified":"2026-03-06T09:44:42","modified_gmt":"2026-03-06T09:44:42","slug":"marttiini-condor-timberjack-kes-578019","status":"publish","type":"product","link":"https:\/\/www.vadaszboltcsorna.hu\/index.php\/termek\/marttiini-condor-timberjack-kes-578019\/","title":{"rendered":"Marttiini Condor Timberjack k\u00e9s  (578019)"},"content":{"rendered":"<h2 class=\"product_title entry-title elementor-heading-title elementor-size-default\"><strong>Marttiini Condor Timberjack k\u00e9s<\/strong><\/h2>\n<h3>(578019)<\/h3>\n<h3>Fedezd fel a Marttiini Condor Timberjack k\u00e9s univerz\u00e1lis var\u00e1zs\u00e1t! A skandin\u00e1v hagyom\u00e1nyok \u00e9s a modern diz\u00e1jn egyedi kever\u00e9ke olyan eszk\u00f6zt teremtett, amely mind a k\u00e9zm\u0171vesek, mind a szabadban szeret\u0151 emberek sz\u00e1m\u00e1ra elengedhetetlen.<\/h3>\n<h3>A penge kifinomult rozsdamentes ac\u00e9lb\u00f3l k\u00e9sz\u00fclt, amelynek k\u00f6sz\u00f6nhet\u0151en mindig megb\u00edzhat\u00f3 \u00e9less\u00e9get biztos\u00edt, m\u00e9g a legkem\u00e9nyebb k\u00f6r\u00fclm\u00e9nyek k\u00f6z\u00f6tt is. Az intelligensen tervezett, textur\u00e1lt gumib\u00f3l k\u00e9sz\u00fclt markolat pedig kiv\u00e1l\u00f3 fog\u00e1st biztos\u00edt, m\u00edg az ujjv\u00e9d\u0151 extra biztons\u00e1got ny\u00fajt.<\/h3>\n<h3>A Marttiini Condor Timberjack k\u00e9s \u00e9rt\u00e9kes b\u0151rtokban \u00e9rkezik, amely eleganci\u00e1t k\u00f6lcs\u00f6n\u00f6z \u00e9s v\u00e9di a k\u00e9st, amikor \u00e9ppen nem haszn\u00e1lod.<\/h3>\n<h3>Technikai adatok:<\/h3>\n<ul>\n<li>\n<div class=\"product-description-left-column product-card-specification-title-1\">\n<h3 class=\"product-card-product-specification-data-title\"><strong>Penge\u00a0<\/strong>Sz\u00e9nac\u00e9l<\/h3>\n<\/div>\n<h3 class=\"product-card-product-specification-data-title\"><strong>Ny\u00e9l\u00a0<\/strong>Gumi<\/h3>\n<h3 class=\"product-card-product-specification-data-title\"><strong>Tok\u00a0<\/strong>B\u0151r<\/h3>\n<h3 class=\"product-card-product-specification-data-title\"><strong>T\u00f6meg:<\/strong>94 g<\/h3>\n<h3 class=\"product-card-product-specification-data-title\"><strong>Teljes hossz:\u00a0<\/strong>220 mm<\/h3>\n<h3 class=\"product-card-product-specification-data-title\"><strong>Pengehossz:\u00a0<\/strong>95 mm<\/h3>\n<div class=\"product-description-left-column product-card-specification-title-7\">\n<h3 class=\"product-card-product-specification-data-title\"><strong>Pengevastags\u00e1g:\u00a0<\/strong>3 mm<\/h3>\n<\/div>\n<div class=\"product-card-specification product-card-specification-8 \">\n<div class=\"product-description-left-column product-card-specification-title-8\">\n<h3 class=\"product-card-product-specification-data-title\"><strong>Sz\u00e1rmaz\u00e1si orsz\u00e1g:\u00a0<\/strong>Finnorsz\u00e1g<\/h3>\n<\/div>\n<\/div>\n<\/li>\n<\/ul>\n<p>&nbsp;<\/p>\n","protected":false},"excerpt":{"rendered":"<p>Marttiini Condor Timberjack k\u00e9s (578019) Fedezd fel a Marttiini Condor Timberjack k\u00e9s univerz\u00e1lis var\u00e1zs\u00e1t! A skandin\u00e1v hagyom\u00e1nyok \u00e9s a modern diz\u00e1jn egyedi kever\u00e9ke olyan eszk\u00f6zt teremtett, amely mind a k\u00e9zm\u0171vesek, mind a szabadban szeret\u0151 emberek sz\u00e1m\u00e1ra elengedhetetlen. A penge kifinomult rozsdamentes ac\u00e9lb\u00f3l k\u00e9sz\u00fclt, amelynek k\u00f6sz\u00f6nhet\u0151en mindig megb\u00edzhat\u00f3 \u00e9less\u00e9get biztos\u00edt, m\u00e9g a legkem\u00e9nyebb k\u00f6r\u00fclm\u00e9nyek k\u00f6z\u00f6tt is. [&hellip;]<\/p>\n","protected":false},"featured_media":4502,"comment_status":"open","ping_status":"closed","template":"","meta":{"_et_pb_use_builder":"","_et_pb_old_content":"","_et_gb_content_width":"","om_disable_all_campaigns":false},"product_brand":[],"product_cat":[21,166,168],"product_tag":[1156,1157],"class_list":{"0":"post-4501","1":"product","2":"type-product","3":"status-publish","4":"has-post-thumbnail","6":"product_cat-uj","7":"product_cat-kesek","8":"product_cat-torok","9":"product_tag-marttiini-condor-timberjack-kes","10":"product_tag-vadaszkes","12":"first","13":"instock","14":"sale","15":"taxable","16":"shipping-taxable","17":"purchasable","18":"product-type-simple"},"_links":{"self":[{"href":"https:\/\/www.vadaszboltcsorna.hu\/index.php\/wp-json\/wp\/v2\/product\/4501","targetHints":{"allow":["GET"]}}],"collection":[{"href":"https:\/\/www.vadaszboltcsorna.hu\/index.php\/wp-json\/wp\/v2\/product"}],"about":[{"href":"https:\/\/www.vadaszboltcsorna.hu\/index.php\/wp-json\/wp\/v2\/types\/product"}],"replies":[{"embeddable":true,"href":"https:\/\/www.vadaszboltcsorna.hu\/index.php\/wp-json\/wp\/v2\/comments?post=4501"}],"wp:featuredmedia":[{"embeddable":true,"href":"https:\/\/www.vadaszboltcsorna.hu\/index.php\/wp-json\/wp\/v2\/media\/4502"}],"wp:attachment":[{"href":"https:\/\/www.vadaszboltcsorna.hu\/index.php\/wp-json\/wp\/v2\/media?parent=4501"}],"wp:term":[{"taxonomy":"product_brand","embeddable":true,"href":"https:\/\/www.vadaszboltcsorna.hu\/index.php\/wp-json\/wp\/v2\/product_brand?post=4501"},{"taxonomy":"product_cat","embeddable":true,"href":"https:\/\/www.vadaszboltcsorna.hu\/index.php\/wp-json\/wp\/v2\/product_cat?post=4501"},{"taxonomy":"product_tag","embeddable":true,"href":"https:\/\/www.vadaszboltcsorna.hu\/index.php\/wp-json\/wp\/v2\/product_tag?post=4501"}],"curies":[{"name":"wp","href":"https:\/\/api.w.org\/{rel}","templated":true}]}}