{"id":4474,"date":"2023-07-03T08:42:30","date_gmt":"2023-07-03T08:42:30","guid":{"rendered":"https:\/\/www.vadaszboltcsorna.hu\/?post_type=product&#038;p=4474"},"modified":"2023-07-03T08:42:57","modified_gmt":"2023-07-03T08:42:57","slug":"gerber-versafix-machete-bozotvago","status":"publish","type":"product","link":"https:\/\/www.vadaszboltcsorna.hu\/index.php\/termek\/gerber-versafix-machete-bozotvago\/","title":{"rendered":"GERBER VERSAFIX machete, boz\u00f3tv\u00e1g\u00f3"},"content":{"rendered":"<h2><strong>GERBER VERSAFIX machete, boz\u00f3tv\u00e1g\u00f3<\/strong><\/h2>\n<h3><strong>Le\u00edr\u00e1s:<\/strong>GERBER VERSAFIX machete, boz\u00f3tv\u00e1g\u00f3 tokkal.<\/h3>\n<h3>A VERSAFIX PRO machete k\u00fcl\u00f6nleges megjelen\u00e9s\u0171 r\u00f6gz\u00edtett, teljesen v\u00e9gig fut\u00f3 peng\u00e9j\u0171 boz\u00f3tv\u00e1g\u00f3.<\/h3>\n<h3>Kialak\u00edt\u00e1sa hat\u00e9kony, egykezes haszn\u00e1latot tesz lehet\u0151v\u00e9.<\/h3>\n<h3>A penge elej\u00e9re tolt s\u00falyeloszt\u00e1s k\u00f6nnyed haszn\u00e1latot biztos\u00edt, az ergon\u00f3mikus, k\u00e9zbesimul\u00f3 markolat pedig biztons\u00e1gosabb fog\u00e1st ny\u00fajt.<\/h3>\n<h3>Peng\u00e9je korr\u00f3zi\u00f3 \u00e1ll\u00f3, &#8222;csontv\u00e1z&#8221; mint\u00e1zat\u00fa.<\/h3>\n","protected":false},"excerpt":{"rendered":"<p>GERBER VERSAFIX machete, boz\u00f3tv\u00e1g\u00f3 Le\u00edr\u00e1s:GERBER VERSAFIX machete, boz\u00f3tv\u00e1g\u00f3 tokkal. A VERSAFIX PRO machete k\u00fcl\u00f6nleges megjelen\u00e9s\u0171 r\u00f6gz\u00edtett, teljesen v\u00e9gig fut\u00f3 peng\u00e9j\u0171 boz\u00f3tv\u00e1g\u00f3. Kialak\u00edt\u00e1sa hat\u00e9kony, egykezes haszn\u00e1latot tesz lehet\u0151v\u00e9. A penge elej\u00e9re tolt s\u00falyeloszt\u00e1s k\u00f6nnyed haszn\u00e1latot biztos\u00edt, az ergon\u00f3mikus, k\u00e9zbesimul\u00f3 markolat pedig biztons\u00e1gosabb fog\u00e1st ny\u00fajt. Peng\u00e9je korr\u00f3zi\u00f3 \u00e1ll\u00f3, &#8222;csontv\u00e1z&#8221; mint\u00e1zat\u00fa.<\/p>\n","protected":false},"featured_media":4475,"comment_status":"open","ping_status":"closed","template":"","meta":{"_et_pb_use_builder":"","_et_pb_old_content":"","_et_gb_content_width":"","om_disable_all_campaigns":false},"product_brand":[],"product_cat":[21,1148,166],"product_tag":[1151,1150],"class_list":{"0":"post-4474","1":"product","2":"type-product","3":"status-publish","4":"has-post-thumbnail","6":"product_cat-uj","7":"product_cat-bozotvagok","8":"product_cat-kesek","9":"product_tag-bozotvago","10":"product_tag-gerber-versafix-machete","12":"first","13":"instock","14":"taxable","15":"shipping-taxable","16":"purchasable","17":"product-type-simple"},"_links":{"self":[{"href":"https:\/\/www.vadaszboltcsorna.hu\/index.php\/wp-json\/wp\/v2\/product\/4474","targetHints":{"allow":["GET"]}}],"collection":[{"href":"https:\/\/www.vadaszboltcsorna.hu\/index.php\/wp-json\/wp\/v2\/product"}],"about":[{"href":"https:\/\/www.vadaszboltcsorna.hu\/index.php\/wp-json\/wp\/v2\/types\/product"}],"replies":[{"embeddable":true,"href":"https:\/\/www.vadaszboltcsorna.hu\/index.php\/wp-json\/wp\/v2\/comments?post=4474"}],"wp:featuredmedia":[{"embeddable":true,"href":"https:\/\/www.vadaszboltcsorna.hu\/index.php\/wp-json\/wp\/v2\/media\/4475"}],"wp:attachment":[{"href":"https:\/\/www.vadaszboltcsorna.hu\/index.php\/wp-json\/wp\/v2\/media?parent=4474"}],"wp:term":[{"taxonomy":"product_brand","embeddable":true,"href":"https:\/\/www.vadaszboltcsorna.hu\/index.php\/wp-json\/wp\/v2\/product_brand?post=4474"},{"taxonomy":"product_cat","embeddable":true,"href":"https:\/\/www.vadaszboltcsorna.hu\/index.php\/wp-json\/wp\/v2\/product_cat?post=4474"},{"taxonomy":"product_tag","embeddable":true,"href":"https:\/\/www.vadaszboltcsorna.hu\/index.php\/wp-json\/wp\/v2\/product_tag?post=4474"}],"curies":[{"name":"wp","href":"https:\/\/api.w.org\/{rel}","templated":true}]}}