{"id":4471,"date":"2023-07-03T08:35:57","date_gmt":"2023-07-03T08:35:57","guid":{"rendered":"https:\/\/www.vadaszboltcsorna.hu\/?post_type=product&#038;p=4471"},"modified":"2025-10-15T08:06:41","modified_gmt":"2025-10-15T08:06:41","slug":"gator-machete-bozotvago-nagy","status":"publish","type":"product","link":"https:\/\/www.vadaszboltcsorna.hu\/index.php\/termek\/gator-machete-bozotvago-nagy\/","title":{"rendered":"Gator Machete boz\u00f3tv\u00e1g\u00f3 (nagy)"},"content":{"rendered":"<h2><strong>Gator Machete boz\u00f3tv\u00e1g\u00f3 (nagy)<\/strong><\/h2>\n<h3>Cikksz\u00e1m: 1014053<\/h3>\n<h3>Magas sz\u00e9ntartalm\u00fa ac\u00e9l peng\u00e9j\u00e9vel gyors, er\u00f5teljes seg\u00edts\u00e9g az udvaron, a kertben, vagy erd\u00f5j\u00e1r\u00e1sn\u00e1l. Gallyaz\u00e1shoz, vagy a gyorsan n\u00f6vekv\u00f5, elburj\u00e1nzott n\u00f6v\u00e9nyzet megszel\u00edd\u00edt\u00e9s\u00e9hez egyar\u00e1nt ide\u00e1lis. Kiv\u00e1l\u00f3an alkalmas nagy ter\u00fcletek megtiszt\u00edt\u00e1s\u00e1ra \u00e9s kem\u00e9ny anyagok v\u00e1g\u00e1s\u00e1ra. A penge fels\u00f5 r\u00e9sz\u00e9n a nagyobb \u00e1gak elv\u00e1g\u00e1s\u00e1hoz f\u00fbr\u00e9sz tal\u00e1lhat\u00f3. A biztons\u00e1gos fog\u00e1st cs\u00fasz\u00e1smentes Gator Grip markolat teszi lehet\u00f5v\u00e9, a biztos t\u00e1rol\u00e1st \u00f6vre f\u00fbzhet\u00f5, kem\u00e9ny\u00edtett ballisztikus nylonb\u00f3l k\u00e9sz\u00fclt tok seg\u00edti.<\/h3>\n<h3>Teljes hossza: 65 cm, a penge hossza: 46 cm, s\u00falya: 510 g.<\/h3>\n","protected":false},"excerpt":{"rendered":"<p>Gator Machete boz\u00f3tv\u00e1g\u00f3 (nagy) Cikksz\u00e1m: 1014053 Magas sz\u00e9ntartalm\u00fa ac\u00e9l peng\u00e9j\u00e9vel gyors, er\u00f5teljes seg\u00edts\u00e9g az udvaron, a kertben, vagy erd\u00f5j\u00e1r\u00e1sn\u00e1l. Gallyaz\u00e1shoz, vagy a gyorsan n\u00f6vekv\u00f5, elburj\u00e1nzott n\u00f6v\u00e9nyzet megszel\u00edd\u00edt\u00e9s\u00e9hez egyar\u00e1nt ide\u00e1lis. Kiv\u00e1l\u00f3an alkalmas nagy ter\u00fcletek megtiszt\u00edt\u00e1s\u00e1ra \u00e9s kem\u00e9ny anyagok v\u00e1g\u00e1s\u00e1ra. A penge fels\u00f5 r\u00e9sz\u00e9n a nagyobb \u00e1gak elv\u00e1g\u00e1s\u00e1hoz f\u00fbr\u00e9sz tal\u00e1lhat\u00f3. A biztons\u00e1gos fog\u00e1st cs\u00fasz\u00e1smentes Gator Grip markolat [&hellip;]<\/p>\n","protected":false},"featured_media":4472,"comment_status":"open","ping_status":"closed","template":"","meta":{"_et_pb_use_builder":"","_et_pb_old_content":"","_et_gb_content_width":"","om_disable_all_campaigns":false},"product_brand":[],"product_cat":[21,1148,166],"product_tag":[1149],"class_list":{"0":"post-4471","1":"product","2":"type-product","3":"status-publish","4":"has-post-thumbnail","6":"product_cat-uj","7":"product_cat-bozotvagok","8":"product_cat-kesek","9":"product_tag-gator-machete-bozotvago-nagy","11":"first","12":"instock","13":"taxable","14":"shipping-taxable","15":"purchasable","16":"product-type-simple"},"_links":{"self":[{"href":"https:\/\/www.vadaszboltcsorna.hu\/index.php\/wp-json\/wp\/v2\/product\/4471","targetHints":{"allow":["GET"]}}],"collection":[{"href":"https:\/\/www.vadaszboltcsorna.hu\/index.php\/wp-json\/wp\/v2\/product"}],"about":[{"href":"https:\/\/www.vadaszboltcsorna.hu\/index.php\/wp-json\/wp\/v2\/types\/product"}],"replies":[{"embeddable":true,"href":"https:\/\/www.vadaszboltcsorna.hu\/index.php\/wp-json\/wp\/v2\/comments?post=4471"}],"wp:featuredmedia":[{"embeddable":true,"href":"https:\/\/www.vadaszboltcsorna.hu\/index.php\/wp-json\/wp\/v2\/media\/4472"}],"wp:attachment":[{"href":"https:\/\/www.vadaszboltcsorna.hu\/index.php\/wp-json\/wp\/v2\/media?parent=4471"}],"wp:term":[{"taxonomy":"product_brand","embeddable":true,"href":"https:\/\/www.vadaszboltcsorna.hu\/index.php\/wp-json\/wp\/v2\/product_brand?post=4471"},{"taxonomy":"product_cat","embeddable":true,"href":"https:\/\/www.vadaszboltcsorna.hu\/index.php\/wp-json\/wp\/v2\/product_cat?post=4471"},{"taxonomy":"product_tag","embeddable":true,"href":"https:\/\/www.vadaszboltcsorna.hu\/index.php\/wp-json\/wp\/v2\/product_tag?post=4471"}],"curies":[{"name":"wp","href":"https:\/\/api.w.org\/{rel}","templated":true}]}}