{"id":4461,"date":"2023-06-29T09:04:36","date_gmt":"2023-06-29T09:04:36","guid":{"rendered":"https:\/\/www.vadaszboltcsorna.hu\/?post_type=product&#038;p=4461"},"modified":"2025-05-19T08:55:58","modified_gmt":"2025-05-19T08:55:58","slug":"morakniv-companion-s-kes-tokkal-narancssarga","status":"publish","type":"product","link":"https:\/\/www.vadaszboltcsorna.hu\/index.php\/termek\/morakniv-companion-s-kes-tokkal-narancssarga\/","title":{"rendered":"MORAKNIV COMPANION (S) K\u00c9S, TOKKAL, NARANCSS\u00c1RGA"},"content":{"rendered":"<h2><strong>MORAKNIV COMPANION (S) K\u00c9S, TOKKAL, NARANCSS\u00c1RGA<\/strong><\/h2>\n<h3>T\u00edpus t\u0151r<br \/>\nTev\u00e9kenys\u00e9g vad\u00e1szat<br \/>\nPenge m\u00e9ret 10,9 cm<br \/>\nTeljes hossz 22,6 cm<br \/>\nPenge vastags\u00e1g 2,5 mm<br \/>\nAc\u00e9l t\u00edpusa rozsdamentes ac\u00e9l<br \/>\nTok Tokkal<\/h3>\n<p>Sz\u00e1rmaz\u00e1si hely Sv\u00e9dorsz\u00e1g<\/p>\n<p>&nbsp;<\/p>\n","protected":false},"excerpt":{"rendered":"<p>MORAKNIV COMPANION (S) K\u00c9S, TOKKAL, NARANCSS\u00c1RGA T\u00edpus t\u0151r Tev\u00e9kenys\u00e9g vad\u00e1szat Penge m\u00e9ret 10,9 cm Teljes hossz 22,6 cm Penge vastags\u00e1g 2,5 mm Ac\u00e9l t\u00edpusa rozsdamentes ac\u00e9l Tok Tokkal Sz\u00e1rmaz\u00e1si hely Sv\u00e9dorsz\u00e1g &nbsp;<\/p>\n","protected":false},"featured_media":4462,"comment_status":"open","ping_status":"closed","template":"","meta":{"_et_pb_use_builder":"","_et_pb_old_content":"","_et_gb_content_width":"","om_disable_all_campaigns":false},"product_brand":[],"product_cat":[21,166,168],"product_tag":[1144,70],"class_list":{"0":"post-4461","1":"product","2":"type-product","3":"status-publish","4":"has-post-thumbnail","6":"product_cat-uj","7":"product_cat-kesek","8":"product_cat-torok","9":"product_tag-morakniv-companion-s-kes","10":"product_tag-vadaszat","12":"first","13":"instock","14":"taxable","15":"shipping-taxable","16":"purchasable","17":"product-type-simple"},"_links":{"self":[{"href":"https:\/\/www.vadaszboltcsorna.hu\/index.php\/wp-json\/wp\/v2\/product\/4461","targetHints":{"allow":["GET"]}}],"collection":[{"href":"https:\/\/www.vadaszboltcsorna.hu\/index.php\/wp-json\/wp\/v2\/product"}],"about":[{"href":"https:\/\/www.vadaszboltcsorna.hu\/index.php\/wp-json\/wp\/v2\/types\/product"}],"replies":[{"embeddable":true,"href":"https:\/\/www.vadaszboltcsorna.hu\/index.php\/wp-json\/wp\/v2\/comments?post=4461"}],"wp:featuredmedia":[{"embeddable":true,"href":"https:\/\/www.vadaszboltcsorna.hu\/index.php\/wp-json\/wp\/v2\/media\/4462"}],"wp:attachment":[{"href":"https:\/\/www.vadaszboltcsorna.hu\/index.php\/wp-json\/wp\/v2\/media?parent=4461"}],"wp:term":[{"taxonomy":"product_brand","embeddable":true,"href":"https:\/\/www.vadaszboltcsorna.hu\/index.php\/wp-json\/wp\/v2\/product_brand?post=4461"},{"taxonomy":"product_cat","embeddable":true,"href":"https:\/\/www.vadaszboltcsorna.hu\/index.php\/wp-json\/wp\/v2\/product_cat?post=4461"},{"taxonomy":"product_tag","embeddable":true,"href":"https:\/\/www.vadaszboltcsorna.hu\/index.php\/wp-json\/wp\/v2\/product_tag?post=4461"}],"curies":[{"name":"wp","href":"https:\/\/api.w.org\/{rel}","templated":true}]}}