{"id":4449,"date":"2023-06-29T06:48:24","date_gmt":"2023-06-29T06:48:24","guid":{"rendered":"https:\/\/www.vadaszboltcsorna.hu\/?post_type=product&#038;p=4449"},"modified":"2023-06-29T06:48:25","modified_gmt":"2023-06-29T06:48:25","slug":"gerber-paraframe-ii-zsebkes-felig-fogazott-pengevel-ezust","status":"publish","type":"product","link":"https:\/\/www.vadaszboltcsorna.hu\/index.php\/termek\/gerber-paraframe-ii-zsebkes-felig-fogazott-pengevel-ezust\/","title":{"rendered":"GERBER PARAFRAME II. zsebk\u00e9s f\u00e9lig fogazott peng\u00e9vel ez\u00fcst"},"content":{"rendered":"<h2><strong>GERBER PARAFRAME II. zsebk\u00e9s f\u00e9lig fogazott peng\u00e9vel ez\u00fcst<\/strong><\/h2>\n<h3><strong>Le\u00edr\u00e1s:<\/strong><\/h3>\n<h3>A\u00a0PARAFRAME II. egy mindennapi haszn\u00e1latra t\u00f6k\u00e9letes zsebk\u00e9s.<\/h3>\n<h3>Markolata k\u00f6nny\u00edtett, rozsdamentes ac\u00e9l, amely nagyon ellen\u00e1ll\u00f3v\u00e1 teszi k\u00e9s\u00fcnket a k\u00fcls\u0151 behat\u00e1sokra.<\/h3>\n<h3>Peng\u00e9je f\u00e9lig fogazott, er\u0151s penge ami megb\u00edrk\u00f3zik mindennel.<\/h3>\n<h3><\/h3>\n<div id=\"tab_data_content\" class=\"page_artdet_tab_content\">\n<div class=\"page_artdet_dataline\">\n<h3 id=\"page_artdet_product_param_title_14446\" class=\"page_artdet_param_title\">M\u00e1rka<\/h3>\n<h3 id=\"page_artdet_product_param_value_14446\" class=\"page_artdet_param_value\">Gerber &#8211; Fiskars Finland Oy Ab<\/h3>\n<\/div>\n<\/div>\n","protected":false},"excerpt":{"rendered":"<p>GERBER PARAFRAME II. zsebk\u00e9s f\u00e9lig fogazott peng\u00e9vel ez\u00fcst Le\u00edr\u00e1s: A\u00a0PARAFRAME II. egy mindennapi haszn\u00e1latra t\u00f6k\u00e9letes zsebk\u00e9s. Markolata k\u00f6nny\u00edtett, rozsdamentes ac\u00e9l, amely nagyon ellen\u00e1ll\u00f3v\u00e1 teszi k\u00e9s\u00fcnket a k\u00fcls\u0151 behat\u00e1sokra. Peng\u00e9je f\u00e9lig fogazott, er\u0151s penge ami megb\u00edrk\u00f3zik mindennel. M\u00e1rka Gerber &#8211; Fiskars Finland Oy Ab<\/p>\n","protected":false},"featured_media":4450,"comment_status":"open","ping_status":"closed","template":"","meta":{"_et_pb_use_builder":"","_et_pb_old_content":"","_et_gb_content_width":"","om_disable_all_campaigns":false},"product_brand":[],"product_cat":[21,166,167],"product_tag":[1140,70],"class_list":{"0":"post-4449","1":"product","2":"type-product","3":"status-publish","4":"has-post-thumbnail","6":"product_cat-uj","7":"product_cat-kesek","8":"product_cat-zsebkesek","9":"product_tag-gerber-paraframe-ii-zsebkes-felig-fogazott-pengevel-ezust","10":"product_tag-vadaszat","12":"first","13":"instock","14":"taxable","15":"shipping-taxable","16":"purchasable","17":"product-type-simple"},"_links":{"self":[{"href":"https:\/\/www.vadaszboltcsorna.hu\/index.php\/wp-json\/wp\/v2\/product\/4449","targetHints":{"allow":["GET"]}}],"collection":[{"href":"https:\/\/www.vadaszboltcsorna.hu\/index.php\/wp-json\/wp\/v2\/product"}],"about":[{"href":"https:\/\/www.vadaszboltcsorna.hu\/index.php\/wp-json\/wp\/v2\/types\/product"}],"replies":[{"embeddable":true,"href":"https:\/\/www.vadaszboltcsorna.hu\/index.php\/wp-json\/wp\/v2\/comments?post=4449"}],"wp:featuredmedia":[{"embeddable":true,"href":"https:\/\/www.vadaszboltcsorna.hu\/index.php\/wp-json\/wp\/v2\/media\/4450"}],"wp:attachment":[{"href":"https:\/\/www.vadaszboltcsorna.hu\/index.php\/wp-json\/wp\/v2\/media?parent=4449"}],"wp:term":[{"taxonomy":"product_brand","embeddable":true,"href":"https:\/\/www.vadaszboltcsorna.hu\/index.php\/wp-json\/wp\/v2\/product_brand?post=4449"},{"taxonomy":"product_cat","embeddable":true,"href":"https:\/\/www.vadaszboltcsorna.hu\/index.php\/wp-json\/wp\/v2\/product_cat?post=4449"},{"taxonomy":"product_tag","embeddable":true,"href":"https:\/\/www.vadaszboltcsorna.hu\/index.php\/wp-json\/wp\/v2\/product_tag?post=4449"}],"curies":[{"name":"wp","href":"https:\/\/api.w.org\/{rel}","templated":true}]}}