{"id":4446,"date":"2023-06-29T06:42:04","date_gmt":"2023-06-29T06:42:04","guid":{"rendered":"https:\/\/www.vadaszboltcsorna.hu\/?post_type=product&#038;p=4446"},"modified":"2023-06-29T06:42:30","modified_gmt":"2023-06-29T06:42:30","slug":"gerber-remix-tactical-zsebkes-felig-recezett-pengevel","status":"publish","type":"product","link":"https:\/\/www.vadaszboltcsorna.hu\/index.php\/termek\/gerber-remix-tactical-zsebkes-felig-recezett-pengevel\/","title":{"rendered":"GERBER REMIX TACTICAL zsebk\u00e9s, f\u00e9lig rec\u00e9zett peng\u00e9vel"},"content":{"rendered":"<h2><strong>GERBER REMIX TACTICAL zsebk\u00e9s, f\u00e9lig rec\u00e9zett peng\u00e9vel<\/strong><\/h2>\n<h3>A sikeres \u00e9s n\u00e9pszer\u0171 Remix zsebk\u00e9s\u00a0 most egy 3 inches, f\u00e9lig fogazott, tanto peng\u00e9vel lett ell\u00e1tva, megtartva a n\u00e9pszer\u0171 Remix markolatot.<br \/>\nAz \u00fajonnan kialak\u00edtott \u201eThumblift\u201d m\u00e9g nagyobb stabilit\u00e1st \u00e9s biztons\u00e1got ny\u00fajt v\u00e1g\u00e1s k\u00f6zben!<br \/>\nK\u00f6nnyed k\u00e9s, t\u00f6k\u00e9letes midnennapi haszn\u00e1latra.<br \/>\nPenge hossza: 7,62 cm<br \/>\nHossza z\u00e1rt \u00e1llapotban: 12,34 cm<br \/>\nHossza nyitott \u00e1llapotban: 19,96 cm<\/h3>\n<h3><\/h3>\n<div id=\"tab_data_content\" class=\"page_artdet_tab_content\">\n<h3 id=\"page_artdet_product_param_title_14843\" class=\"page_artdet_param_title\">Penge m\u00e9ret<\/h3>\n<h3 id=\"page_artdet_product_param_value_14843\" class=\"page_artdet_param_value\">8 cm<\/h3>\n<h3 id=\"page_artdet_product_param_title_16469\" class=\"page_artdet_param_title\">Teljes hossz<\/h3>\n<h3 id=\"page_artdet_product_param_value_16469\" class=\"page_artdet_param_value\">20 cm<\/h3>\n<h3 id=\"page_artdet_product_param_title_16470\" class=\"page_artdet_param_title\">Z\u00e1rt hossz<\/h3>\n<h3 id=\"page_artdet_product_param_value_16470\" class=\"page_artdet_param_value\">12 cm<\/h3>\n<h3 id=\"page_artdet_product_param_title_14845\" class=\"page_artdet_param_title\">S\u00faly<\/h3>\n<h3 id=\"page_artdet_product_param_value_14845\" class=\"page_artdet_param_value\">158,8 gramm<\/h3>\n<h3 id=\"page_artdet_product_param_title_15730\" class=\"page_artdet_param_title\">Ac\u00e9l t\u00edpusa<\/h3>\n<h3 id=\"page_artdet_product_param_value_15730\" class=\"page_artdet_param_value\">Rozsdamentes ac\u00e9l<\/h3>\n<h3 id=\"page_artdet_product_param_title_15731\" class=\"page_artdet_param_title\">Markolat t\u00edpusa<\/h3>\n<h3 id=\"page_artdet_product_param_value_15731\" class=\"page_artdet_param_value\">G-10<\/h3>\n<h3 id=\"page_artdet_product_param_title_15732\" class=\"page_artdet_param_title\">Tok<\/h3>\n<h3 id=\"page_artdet_product_param_value_15732\" class=\"page_artdet_param_value\">Tok n\u00e9lk\u00fcl<\/h3>\n<div class=\"page_artdet_dataline\">\n<h3 id=\"page_artdet_product_param_title_14446\" class=\"page_artdet_param_title\">M\u00e1rka<\/h3>\n<h3 id=\"page_artdet_product_param_value_14446\" class=\"page_artdet_param_value\">Gerber &#8211; Fiskars Finland Oy Ab<\/h3>\n<\/div>\n<\/div>\n","protected":false},"excerpt":{"rendered":"<p>GERBER REMIX TACTICAL zsebk\u00e9s, f\u00e9lig rec\u00e9zett peng\u00e9vel A sikeres \u00e9s n\u00e9pszer\u0171 Remix zsebk\u00e9s\u00a0 most egy 3 inches, f\u00e9lig fogazott, tanto peng\u00e9vel lett ell\u00e1tva, megtartva a n\u00e9pszer\u0171 Remix markolatot. Az \u00fajonnan kialak\u00edtott \u201eThumblift\u201d m\u00e9g nagyobb stabilit\u00e1st \u00e9s biztons\u00e1got ny\u00fajt v\u00e1g\u00e1s k\u00f6zben! K\u00f6nnyed k\u00e9s, t\u00f6k\u00e9letes midnennapi haszn\u00e1latra. Penge hossza: 7,62 cm Hossza z\u00e1rt \u00e1llapotban: 12,34 cm Hossza [&hellip;]<\/p>\n","protected":false},"featured_media":4447,"comment_status":"open","ping_status":"closed","template":"","meta":{"_et_pb_use_builder":"","_et_pb_old_content":"","_et_gb_content_width":"","om_disable_all_campaigns":false},"product_brand":[],"product_cat":[21,166,167],"product_tag":[1139,70],"class_list":{"0":"post-4446","1":"product","2":"type-product","3":"status-publish","4":"has-post-thumbnail","6":"product_cat-uj","7":"product_cat-kesek","8":"product_cat-zsebkesek","9":"product_tag-gerber-remix-tactical-zsebkes","10":"product_tag-vadaszat","12":"first","13":"instock","14":"taxable","15":"shipping-taxable","16":"purchasable","17":"product-type-simple"},"_links":{"self":[{"href":"https:\/\/www.vadaszboltcsorna.hu\/index.php\/wp-json\/wp\/v2\/product\/4446","targetHints":{"allow":["GET"]}}],"collection":[{"href":"https:\/\/www.vadaszboltcsorna.hu\/index.php\/wp-json\/wp\/v2\/product"}],"about":[{"href":"https:\/\/www.vadaszboltcsorna.hu\/index.php\/wp-json\/wp\/v2\/types\/product"}],"replies":[{"embeddable":true,"href":"https:\/\/www.vadaszboltcsorna.hu\/index.php\/wp-json\/wp\/v2\/comments?post=4446"}],"wp:featuredmedia":[{"embeddable":true,"href":"https:\/\/www.vadaszboltcsorna.hu\/index.php\/wp-json\/wp\/v2\/media\/4447"}],"wp:attachment":[{"href":"https:\/\/www.vadaszboltcsorna.hu\/index.php\/wp-json\/wp\/v2\/media?parent=4446"}],"wp:term":[{"taxonomy":"product_brand","embeddable":true,"href":"https:\/\/www.vadaszboltcsorna.hu\/index.php\/wp-json\/wp\/v2\/product_brand?post=4446"},{"taxonomy":"product_cat","embeddable":true,"href":"https:\/\/www.vadaszboltcsorna.hu\/index.php\/wp-json\/wp\/v2\/product_cat?post=4446"},{"taxonomy":"product_tag","embeddable":true,"href":"https:\/\/www.vadaszboltcsorna.hu\/index.php\/wp-json\/wp\/v2\/product_tag?post=4446"}],"curies":[{"name":"wp","href":"https:\/\/api.w.org\/{rel}","templated":true}]}}