{"id":4443,"date":"2023-06-28T10:20:48","date_gmt":"2023-06-28T10:20:48","guid":{"rendered":"https:\/\/www.vadaszboltcsorna.hu\/?post_type=product&#038;p=4443"},"modified":"2023-06-28T10:20:49","modified_gmt":"2023-06-28T10:20:49","slug":"gerber-vital-csontfuresz-22-31-002741","status":"publish","type":"product","link":"https:\/\/www.vadaszboltcsorna.hu\/index.php\/termek\/gerber-vital-csontfuresz-22-31-002741\/","title":{"rendered":"Gerber VITAL csontf\u0171r\u00e9sz 22-31-002741"},"content":{"rendered":"<h2><strong>Gerber VITAL csontf\u0171r\u00e9sz 22-31-002741<\/strong><\/h2>\n<h3><strong>Le\u00edr\u00e1s:<\/strong>GERBER VITAL csontf\u0171r\u00e9sz, tokkal<\/p>\n<p>A VITAL csontf\u0171r\u00e9sz a vad\u00e1szok elengedhetetlen kell\u00e9ke.<\/p>\n<p>K\u00f6nnyen megb\u00edrk\u00f3zik ak\u00e1r a nagyvadak csontjaival is.<\/p>\n<p>\u00c9l\u00e9nk sz\u00edn\u00e9nek k\u00f6sz\u00f6nhet\u0151en k\u00f6nnyen \u00e9szrevehet\u0151 az avarban.<\/p>\n<p>Tokj\u00e1nak k\u00f6sz\u00f6nhet\u0151en k\u00f6nnyed\u00e9n magunkn\u00e1l hordhatjuk, hogy mindig k\u00e9zn\u00e9l legyen mikor sz\u00fcks\u00e9g van r\u00e1.<\/p>\n<p>Gum\u00edrozott markolata seg\u00edt, hogy minden helyzetben biztons\u00e1gosan, stabilan haszn\u00e1lhassuk.<\/p>\n<p>Penge m\u00e9ret<br \/>\n8,6 cm<br \/>\nTeljes hossz<br \/>\n15,2 cm<br \/>\nS\u00faly<br \/>\n76,5 gramm<br \/>\nTok<br \/>\nBallisztikus nylon<br \/>\nM\u00e1rka<br \/>\nGerber &#8211; Fiskars Finland Oy Ab<\/p>\n<p>Cikksz\u00e1m<br \/>\n1027854<\/h3>\n","protected":false},"excerpt":{"rendered":"<p>Gerber VITAL csontf\u0171r\u00e9sz 22-31-002741 Le\u00edr\u00e1s:GERBER VITAL csontf\u0171r\u00e9sz, tokkal A VITAL csontf\u0171r\u00e9sz a vad\u00e1szok elengedhetetlen kell\u00e9ke. K\u00f6nnyen megb\u00edrk\u00f3zik ak\u00e1r a nagyvadak csontjaival is. \u00c9l\u00e9nk sz\u00edn\u00e9nek k\u00f6sz\u00f6nhet\u0151en k\u00f6nnyen \u00e9szrevehet\u0151 az avarban. Tokj\u00e1nak k\u00f6sz\u00f6nhet\u0151en k\u00f6nnyed\u00e9n magunkn\u00e1l hordhatjuk, hogy mindig k\u00e9zn\u00e9l legyen mikor sz\u00fcks\u00e9g van r\u00e1. Gum\u00edrozott markolata seg\u00edt, hogy minden helyzetben biztons\u00e1gosan, stabilan haszn\u00e1lhassuk. Penge m\u00e9ret 8,6 cm [&hellip;]<\/p>\n","protected":false},"featured_media":4444,"comment_status":"open","ping_status":"closed","template":"","meta":{"_et_pb_use_builder":"","_et_pb_old_content":"","_et_gb_content_width":"","om_disable_all_campaigns":false},"product_brand":[],"product_cat":[21,1133,166],"product_tag":[1138,70],"class_list":{"0":"post-4443","1":"product","2":"type-product","3":"status-publish","4":"has-post-thumbnail","6":"product_cat-uj","7":"product_cat-fureszek","8":"product_cat-kesek","9":"product_tag-gerber-vital-csontfuresz-22-31-002741","10":"product_tag-vadaszat","12":"first","13":"instock","14":"taxable","15":"shipping-taxable","16":"purchasable","17":"product-type-simple"},"_links":{"self":[{"href":"https:\/\/www.vadaszboltcsorna.hu\/index.php\/wp-json\/wp\/v2\/product\/4443","targetHints":{"allow":["GET"]}}],"collection":[{"href":"https:\/\/www.vadaszboltcsorna.hu\/index.php\/wp-json\/wp\/v2\/product"}],"about":[{"href":"https:\/\/www.vadaszboltcsorna.hu\/index.php\/wp-json\/wp\/v2\/types\/product"}],"replies":[{"embeddable":true,"href":"https:\/\/www.vadaszboltcsorna.hu\/index.php\/wp-json\/wp\/v2\/comments?post=4443"}],"wp:featuredmedia":[{"embeddable":true,"href":"https:\/\/www.vadaszboltcsorna.hu\/index.php\/wp-json\/wp\/v2\/media\/4444"}],"wp:attachment":[{"href":"https:\/\/www.vadaszboltcsorna.hu\/index.php\/wp-json\/wp\/v2\/media?parent=4443"}],"wp:term":[{"taxonomy":"product_brand","embeddable":true,"href":"https:\/\/www.vadaszboltcsorna.hu\/index.php\/wp-json\/wp\/v2\/product_brand?post=4443"},{"taxonomy":"product_cat","embeddable":true,"href":"https:\/\/www.vadaszboltcsorna.hu\/index.php\/wp-json\/wp\/v2\/product_cat?post=4443"},{"taxonomy":"product_tag","embeddable":true,"href":"https:\/\/www.vadaszboltcsorna.hu\/index.php\/wp-json\/wp\/v2\/product_tag?post=4443"}],"curies":[{"name":"wp","href":"https:\/\/api.w.org\/{rel}","templated":true}]}}