{"id":4440,"date":"2023-06-28T10:15:37","date_gmt":"2023-06-28T10:15:37","guid":{"rendered":"https:\/\/www.vadaszboltcsorna.hu\/?post_type=product&#038;p=4440"},"modified":"2023-06-28T10:16:29","modified_gmt":"2023-06-28T10:16:29","slug":"gerber-vital-nyuzohorog-tokkal","status":"publish","type":"product","link":"https:\/\/www.vadaszboltcsorna.hu\/index.php\/termek\/gerber-vital-nyuzohorog-tokkal\/","title":{"rendered":"GERBER VITAL ny\u00faz\u00f3horog, tokkal"},"content":{"rendered":"<h2><strong>GERBER VITAL ny\u00faz\u00f3horog, tokkal<\/strong><\/h2>\n<h3><strong>Le\u00edr\u00e1s:<\/strong><\/h3>\n<h3 class=\"page_artdet_1_left\">\u00a0A\u00a0VITAL ny\u00faz\u00f3horog a vad\u00e1szok hasznos kell\u00e9ke lehet a csontf\u0171r\u00e9sz mellett.<\/h3>\n<div class=\"page_artdet_1_right aos-init aos-animate\" data-aos=\"fade-up\">\n<div id=\"page_artdet_rovleir\">\n<div id=\"shortdesc_content\">\n<div id=\"shortdesc_content\">\n<h3>Form\u00e1j\u00e1t \u00fagy tervezt\u00e9k meg, hogy k\u00f6nnyen \u00e9s k\u00e9nyelmesen haszn\u00e1lhat\u00f3 legyen.<\/h3>\n<h3>\u00c9l\u00e9nk sz\u00edn\u00e9nek k\u00f6sz\u00f6nhet\u0151en k\u00f6nnyen \u00e9szrevehet\u0151 az avarban.<\/h3>\n<h3>Tokj\u00e1nak k\u00f6sz\u00f6nhet\u0151en k\u00f6nnyed\u00e9n magunkn\u00e1l hordhatjuk, hogy mindig k\u00e9zn\u00e9l legyen mikor sz\u00fcks\u00e9g van r\u00e1.<\/h3>\n<h3>Gum\u00edrozott markolata seg\u00edt, hogy minden helyzetben biztons\u00e1gosan, stabilan haszn\u00e1lhassuk.<\/h3>\n<h3><\/h3>\n<div id=\"tab_data_content\" class=\"page_artdet_tab_content\">\n<h3 id=\"page_artdet_product_param_title_16469\" class=\"page_artdet_param_title\">Teljes hossz<\/h3>\n<h3 id=\"page_artdet_product_param_value_16469\" class=\"page_artdet_param_value\">14 cm<\/h3>\n<h3 id=\"page_artdet_product_param_title_14845\" class=\"page_artdet_param_title\">S\u00faly<\/h3>\n<h3 id=\"page_artdet_product_param_value_14845\" class=\"page_artdet_param_value\">82,2 gramm<\/h3>\n<div class=\"page_artdet_dataline\">\n<h3 id=\"page_artdet_product_param_title_15732\" class=\"page_artdet_param_title\">Tok<\/h3>\n<h3 id=\"page_artdet_product_param_value_15732\" class=\"page_artdet_param_value\">Ballisztikus nylon<\/h3>\n<\/div>\n<\/div>\n<\/div>\n<\/div>\n<\/div>\n<\/div>\n","protected":false},"excerpt":{"rendered":"<p>GERBER VITAL ny\u00faz\u00f3horog, tokkal Le\u00edr\u00e1s: \u00a0A\u00a0VITAL ny\u00faz\u00f3horog a vad\u00e1szok hasznos kell\u00e9ke lehet a csontf\u0171r\u00e9sz mellett. Form\u00e1j\u00e1t \u00fagy tervezt\u00e9k meg, hogy k\u00f6nnyen \u00e9s k\u00e9nyelmesen haszn\u00e1lhat\u00f3 legyen. \u00c9l\u00e9nk sz\u00edn\u00e9nek k\u00f6sz\u00f6nhet\u0151en k\u00f6nnyen \u00e9szrevehet\u0151 az avarban. Tokj\u00e1nak k\u00f6sz\u00f6nhet\u0151en k\u00f6nnyed\u00e9n magunkn\u00e1l hordhatjuk, hogy mindig k\u00e9zn\u00e9l legyen mikor sz\u00fcks\u00e9g van r\u00e1. Gum\u00edrozott markolata seg\u00edt, hogy minden helyzetben biztons\u00e1gosan, stabilan haszn\u00e1lhassuk. Teljes [&hellip;]<\/p>\n","protected":false},"featured_media":4441,"comment_status":"open","ping_status":"closed","template":"","meta":{"_et_pb_use_builder":"","_et_pb_old_content":"","_et_gb_content_width":"","om_disable_all_campaigns":false},"product_brand":[],"product_cat":[21,166,1134],"product_tag":[1136,1137,70],"class_list":{"0":"post-4440","1":"product","2":"type-product","3":"status-publish","4":"has-post-thumbnail","6":"product_cat-uj","7":"product_cat-kesek","8":"product_cat-nyuzohorgok","9":"product_tag-gerber-vital-nyuzohorog","10":"product_tag-tokkal","11":"product_tag-vadaszat","13":"first","14":"instock","15":"taxable","16":"shipping-taxable","17":"purchasable","18":"product-type-simple"},"_links":{"self":[{"href":"https:\/\/www.vadaszboltcsorna.hu\/index.php\/wp-json\/wp\/v2\/product\/4440","targetHints":{"allow":["GET"]}}],"collection":[{"href":"https:\/\/www.vadaszboltcsorna.hu\/index.php\/wp-json\/wp\/v2\/product"}],"about":[{"href":"https:\/\/www.vadaszboltcsorna.hu\/index.php\/wp-json\/wp\/v2\/types\/product"}],"replies":[{"embeddable":true,"href":"https:\/\/www.vadaszboltcsorna.hu\/index.php\/wp-json\/wp\/v2\/comments?post=4440"}],"wp:featuredmedia":[{"embeddable":true,"href":"https:\/\/www.vadaszboltcsorna.hu\/index.php\/wp-json\/wp\/v2\/media\/4441"}],"wp:attachment":[{"href":"https:\/\/www.vadaszboltcsorna.hu\/index.php\/wp-json\/wp\/v2\/media?parent=4440"}],"wp:term":[{"taxonomy":"product_brand","embeddable":true,"href":"https:\/\/www.vadaszboltcsorna.hu\/index.php\/wp-json\/wp\/v2\/product_brand?post=4440"},{"taxonomy":"product_cat","embeddable":true,"href":"https:\/\/www.vadaszboltcsorna.hu\/index.php\/wp-json\/wp\/v2\/product_cat?post=4440"},{"taxonomy":"product_tag","embeddable":true,"href":"https:\/\/www.vadaszboltcsorna.hu\/index.php\/wp-json\/wp\/v2\/product_tag?post=4440"}],"curies":[{"name":"wp","href":"https:\/\/api.w.org\/{rel}","templated":true}]}}