{"id":4434,"date":"2023-06-28T10:03:57","date_gmt":"2023-06-28T10:03:57","guid":{"rendered":"https:\/\/www.vadaszboltcsorna.hu\/?post_type=product&#038;p=4434"},"modified":"2025-05-19T08:49:14","modified_gmt":"2025-05-19T08:49:14","slug":"fiskars-xsharp-fejsze-es-keselezo1000601","status":"publish","type":"product","link":"https:\/\/www.vadaszboltcsorna.hu\/index.php\/termek\/fiskars-xsharp-fejsze-es-keselezo1000601\/","title":{"rendered":"Fiskars Xsharp\u2122 Fejsze- \u00e9s k\u00e9s\u00e9lez\u0151(1000601)"},"content":{"rendered":"<h2><strong>Fiskars Xsharp\u2122 Fejsze- \u00e9s k\u00e9s\u00e9lez\u0151(1000601)<\/strong><\/h2>\n<h3>A Fiskars Xsharp\u2122a szersz\u00e1moskamra felbecs\u00fclhetetlen kieg\u00e9sz\u00edt\u0151je lehet. K\u00f6nnyen sz\u00e1ll\u00edthat\u00f3, \u00e9s jobb- \u00e9s balkezesek is haszn\u00e1lhatj\u00e1k. Az egyszer\u0171 kezel\u00e9si mechanizmus \u00e9s a rec\u00e9s ker\u00e1mia k\u00f6sz\u00f6r\u0171k\u0151 biztos\u00edtja az optim\u00e1lis \u00e9less\u00e9get \u00e9s ezzel a fejsze vagy a k\u00e9s hossz\u00fa \u00e9lettartam\u00e1t.<\/h3>\n<h3>A szersz\u00e1m alja cs\u00fasz\u00e1smentes, \u00edgy stabil alapot ad az \u00e9lez\u00e9shez. K\u00f6nnyen tiszt\u00edthat\u00f3. A Fiskars Xsharp\u2122 \u00e9lez\u0151vel gond n\u00e9lk\u00fcl \u00e9lezhet.<\/h3>\n<h3>Rendszeres haszn\u00e1lat\u00e1val szakszer\u0171en tarthatja karban fejsz\u00e9it \u00e9s k\u00e9seit<br \/>\nKett\u0151 az egyben kivitel: ker\u00e1mia k\u00f6sz\u00f6r\u0171k\u0151 a fejsz\u00e9khez vagy a k\u00e9sekhez<br \/>\nOptimaliz\u00e1lja az \u00e9lez\u00e9s sz\u00f6g\u00e9t<br \/>\nEgyszer\u0171en haszn\u00e1lhat\u00f3 \u00e9s k\u00e9nyelmesen sz\u00e1ll\u00edthat\u00f3<br \/>\nK\u00f6nnyen tiszt\u00edthat\u00f3, egyszer\u0171 kivitel<\/h3>\n<h3>Az \u00e1rak t\u00e1j\u00e9koztat\u00f3 jelleg\u0171ek, az \u00e1rv\u00e1ltoz\u00e1s jog\u00e1t fenntartjuk!<\/h3>\n","protected":false},"excerpt":{"rendered":"<p>Fiskars Xsharp\u2122 Fejsze- \u00e9s k\u00e9s\u00e9lez\u0151(1000601) A Fiskars Xsharp\u2122a szersz\u00e1moskamra felbecs\u00fclhetetlen kieg\u00e9sz\u00edt\u0151je lehet. K\u00f6nnyen sz\u00e1ll\u00edthat\u00f3, \u00e9s jobb- \u00e9s balkezesek is haszn\u00e1lhatj\u00e1k. Az egyszer\u0171 kezel\u00e9si mechanizmus \u00e9s a rec\u00e9s ker\u00e1mia k\u00f6sz\u00f6r\u0171k\u0151 biztos\u00edtja az optim\u00e1lis \u00e9less\u00e9get \u00e9s ezzel a fejsze vagy a k\u00e9s hossz\u00fa \u00e9lettartam\u00e1t. A szersz\u00e1m alja cs\u00fasz\u00e1smentes, \u00edgy stabil alapot ad az \u00e9lez\u00e9shez. K\u00f6nnyen tiszt\u00edthat\u00f3. A [&hellip;]<\/p>\n","protected":false},"featured_media":4435,"comment_status":"open","ping_status":"closed","template":"","meta":{"_et_pb_use_builder":"","_et_pb_old_content":"","_et_gb_content_width":"","om_disable_all_campaigns":false},"product_brand":[],"product_cat":[21,1131,166],"product_tag":[1132,70],"class_list":{"0":"post-4434","1":"product","2":"type-product","3":"status-publish","4":"has-post-thumbnail","6":"product_cat-uj","7":"product_cat-elezo","8":"product_cat-kesek","9":"product_tag-fiskars-xsharp-fejsze-es-keselezo1000601","10":"product_tag-vadaszat","12":"first","13":"instock","14":"taxable","15":"shipping-taxable","16":"purchasable","17":"product-type-simple"},"_links":{"self":[{"href":"https:\/\/www.vadaszboltcsorna.hu\/index.php\/wp-json\/wp\/v2\/product\/4434","targetHints":{"allow":["GET"]}}],"collection":[{"href":"https:\/\/www.vadaszboltcsorna.hu\/index.php\/wp-json\/wp\/v2\/product"}],"about":[{"href":"https:\/\/www.vadaszboltcsorna.hu\/index.php\/wp-json\/wp\/v2\/types\/product"}],"replies":[{"embeddable":true,"href":"https:\/\/www.vadaszboltcsorna.hu\/index.php\/wp-json\/wp\/v2\/comments?post=4434"}],"wp:featuredmedia":[{"embeddable":true,"href":"https:\/\/www.vadaszboltcsorna.hu\/index.php\/wp-json\/wp\/v2\/media\/4435"}],"wp:attachment":[{"href":"https:\/\/www.vadaszboltcsorna.hu\/index.php\/wp-json\/wp\/v2\/media?parent=4434"}],"wp:term":[{"taxonomy":"product_brand","embeddable":true,"href":"https:\/\/www.vadaszboltcsorna.hu\/index.php\/wp-json\/wp\/v2\/product_brand?post=4434"},{"taxonomy":"product_cat","embeddable":true,"href":"https:\/\/www.vadaszboltcsorna.hu\/index.php\/wp-json\/wp\/v2\/product_cat?post=4434"},{"taxonomy":"product_tag","embeddable":true,"href":"https:\/\/www.vadaszboltcsorna.hu\/index.php\/wp-json\/wp\/v2\/product_tag?post=4434"}],"curies":[{"name":"wp","href":"https:\/\/api.w.org\/{rel}","templated":true}]}}