{"id":443,"date":"2021-04-22T11:44:57","date_gmt":"2021-04-22T11:44:57","guid":{"rendered":"http:\/\/www.vadaszboltcsorna.hu\/?post_type=product&#038;p=443"},"modified":"2025-09-12T09:16:49","modified_gmt":"2025-09-12T09:16:49","slug":"winchester-sxp-12-76","status":"publish","type":"product","link":"https:\/\/www.vadaszboltcsorna.hu\/index.php\/termek\/winchester-sxp-12-76\/","title":{"rendered":"Winchester SXP 12\/76"},"content":{"rendered":"<h2><strong>Winchester SXP Defender 12\/76 s\u00f6r\u00e9tes fegyver<\/strong><\/h2>\n<h3><span dir=\"ltr\">SXP Defender \u2013 rokonok <\/span><span dir=\"ltr\">\u00e9s \u0151s\u00f6k <\/span><span dir=\"ltr\">A Winchester ma kaphat\u00f3 el\u0151agysz\u00e1n-<\/span><span dir=\"ltr\">ism\u00e9tl\u0151 s\u00f6r\u00e9teseinek k\u00f6z\u00f6s csal\u00e1dneve a <\/span><span dir=\"ltr\">Super-X-Pump, azaz SXP. A csal\u00e1don bel\u00fcl <\/span><span dir=\"ltr\">tal\u00e1lunk fa\u00e1gyaz\u00e1s\u00fa, kifejezetten vad\u00e1szias <\/span><span dir=\"ltr\">darabokat (Field), ventil\u00e1lt cs\u0151s\u00ednnel, r\u00f6vid, <\/span><span dir=\"ltr\">4-es t\u00e1rral, de mattfekete, pisztoly marko<\/span><span dir=\"ltr\">lat\u00fa, huzagolt cs\u00f6v\u0171, \u00e1ll\u00edthat\u00f3 ir\u00e1nyz\u00e9kos\u00a0<\/span><span dir=\"ltr\"> (Extreme Deer) kivitelt is. A Winchester SXP h\u0171en k\u00f6veti a klasszikus pump-action s\u00f6r\u00e9tesek fel\u00e9p\u00edt\u00e9s\u00e9t \u00e9s formavil\u00e1g\u00e1t, A m\u0171k\u00f6d\u00e9s is teljesen hagyom\u00e1nyos, a j\u00f3l bev\u00e1lt mint\u00e1t k\u00f6veti. A fegyvercs\u0151 alatt elhelyezett cs\u0151t\u00e1rba a tok alj\u00e1n lev\u0151 t\u00f6lt\u0151ny\u00edl\u00e1son kereszt\u00fcl egyes\u00e9vel t\u00f6ltj\u00fck be a l\u0151szereket. A kaliber 12\/70 vagy 12\/76, a t\u00e1rkapacit\u00e1s 7 db l\u0151szer. <\/span><span dir=\"ltr\"><br \/>\n<\/span><\/h3>\n<div class=\"span12\">\n<div class=\"item-page\">\n<div>\n<h3>Kaliber: 12\/76,\u00a0 t\u00e1rkapacit\u00e1s: 5+1 \/12\/70-es l\u0151szer eset\u00e9ben\/, szintetikus tus,<\/h3>\n<h3>Barn\u00edtott cs\u0151, fix sz\u0171k\u00edt\u00e9s\u0171.<\/h3>\n<h3>A le\u00edr\u00e1sban szerepl\u0151 adatok t\u00e1j\u00e9koztat\u00f3 jelleg\u0171ek, t\u00edpusonk\u00e9nt v\u00e1ltozhat!<br \/>\nKaliberekr\u0151l, aktu\u00e1lis \u00e1rr\u00f3l \u00e9s egy\u00e9b inform\u00e1ci\u00f3kr\u00f3l k\u00e9rj\u00fck \u00e9rdekl\u0151dj\u00f6n!<\/h3>\n<h3><strong>A fegyvert\u00f6rv\u00e9ny \u00e9rtelm\u00e9ben, fegyvert, l\u0151szert kiz\u00e1r\u00f3lag szem\u00e9lyesen,az \u00fczletben fegyvertart\u00e1si enged\u00e9ly birtok\u00e1ban lehet v\u00e1s\u00e1rolni!<\/strong><br \/>\n<strong>A webshopban megrendelt fegyverek NEM ker\u00fclnek kisz\u00e1ll\u00edt\u00e1sra!\u00a0 Tov\u00e1bbi inform\u00e1ci\u00f3\u00e9rt l\u00e1togasson el boltunkba!<\/strong><\/h3>\n<h3>Az \u00e1rak t\u00e1j\u00e9koztat\u00f3 jelleg\u0171ek nem min\u0151s\u00fcl hivatalos aj\u00e1nlat t\u00e9telnek!<br \/>\nAz \u00e1rv\u00e1ltoz\u00e1s jog\u00e1t fenntartjuk!<\/h3>\n<p><a class=\"hasTooltip\" title=\"\" href=\"https:\/\/www.vadaszbolt.net\/index.php\/uj-fegyverek\/soretes-fegyverek\/459-baikal-izs-27em-1c\" rel=\"prev noopener\" aria-label=\"Previous article: Baikal \/ IZS-27EM-1C\" data-original-title=\"Baikal \/ IZS-27EM-1C\" target=\"_blank\">\u00a0<\/a><a class=\"hasTooltip\" title=\"\" href=\"https:\/\/www.vadaszboltcsorna.hu\/index.php\/termek\/browning-b-525-sporter\/\" rel=\"next\" aria-label=\"Next article: Browning B525 Sporter One\" data-original-title=\"Browning B525 Sporter One\">\u00a0<\/a><\/p>\n<\/div>\n<\/div>\n<\/div>\n<p>&nbsp;<\/p>\n","protected":false},"excerpt":{"rendered":"<p>https:\/\/www.youtube.com\/watch?v=wETHh5GtOFk<\/p>\n","protected":false},"featured_media":1843,"comment_status":"open","ping_status":"closed","template":"","meta":{"_et_pb_use_builder":"","_et_pb_old_content":"","_et_gb_content_width":"","om_disable_all_campaigns":false},"product_brand":[],"product_cat":[21,16,18,27],"product_tag":[176,49,175,174],"class_list":{"0":"post-443","1":"product","2":"type-product","3":"status-publish","4":"has-post-thumbnail","6":"product_cat-uj","7":"product_cat-fegyver","8":"product_cat-soretes-fegyver","9":"product_cat-winchester","10":"product_tag-pumpas-soretes","11":"product_tag-vadaszpuska","12":"product_tag-winchester-soretes","13":"product_tag-winchester-sxp-12-76","15":"first","16":"instock","17":"sale","18":"taxable","19":"shipping-taxable","20":"purchasable","21":"product-type-simple"},"_links":{"self":[{"href":"https:\/\/www.vadaszboltcsorna.hu\/index.php\/wp-json\/wp\/v2\/product\/443","targetHints":{"allow":["GET"]}}],"collection":[{"href":"https:\/\/www.vadaszboltcsorna.hu\/index.php\/wp-json\/wp\/v2\/product"}],"about":[{"href":"https:\/\/www.vadaszboltcsorna.hu\/index.php\/wp-json\/wp\/v2\/types\/product"}],"replies":[{"embeddable":true,"href":"https:\/\/www.vadaszboltcsorna.hu\/index.php\/wp-json\/wp\/v2\/comments?post=443"}],"wp:featuredmedia":[{"embeddable":true,"href":"https:\/\/www.vadaszboltcsorna.hu\/index.php\/wp-json\/wp\/v2\/media\/1843"}],"wp:attachment":[{"href":"https:\/\/www.vadaszboltcsorna.hu\/index.php\/wp-json\/wp\/v2\/media?parent=443"}],"wp:term":[{"taxonomy":"product_brand","embeddable":true,"href":"https:\/\/www.vadaszboltcsorna.hu\/index.php\/wp-json\/wp\/v2\/product_brand?post=443"},{"taxonomy":"product_cat","embeddable":true,"href":"https:\/\/www.vadaszboltcsorna.hu\/index.php\/wp-json\/wp\/v2\/product_cat?post=443"},{"taxonomy":"product_tag","embeddable":true,"href":"https:\/\/www.vadaszboltcsorna.hu\/index.php\/wp-json\/wp\/v2\/product_tag?post=443"}],"curies":[{"name":"wp","href":"https:\/\/api.w.org\/{rel}","templated":true}]}}