{"id":4388,"date":"2023-06-14T12:23:19","date_gmt":"2023-06-14T12:23:19","guid":{"rendered":"https:\/\/www.vadaszboltcsorna.hu\/?post_type=product&#038;p=4388"},"modified":"2023-12-29T13:16:27","modified_gmt":"2023-12-29T13:16:27","slug":"pulsar-merger-lrf-xp50-ketszemes-hokamerat-tavolsagmerovel","status":"publish","type":"product","link":"https:\/\/www.vadaszboltcsorna.hu\/index.php\/termek\/pulsar-merger-lrf-xp50-ketszemes-hokamerat-tavolsagmerovel\/","title":{"rendered":"Pulsar Merger LRF XP50 k\u00e9tszemes h\u0151kamer\u00e1t t\u00e1vols\u00e1gm\u00e9r\u0151vel"},"content":{"rendered":"<h2 class=\"product_title entry-title elementor-heading-title elementor-size-default\"><strong>Pulsar Merger LRF XP50 k\u00e9tszemes h\u0151kamer\u00e1t t\u00e1vols\u00e1gm\u00e9r\u0151vel<\/strong><\/h2>\n<p>Az \u00e9jszakai vad\u00e1szat vil\u00e1ga soha nem volt m\u00e9g ilyen tiszta \u00e9s pontos! Fedezze fel a Pulsar Merger LRF XP50 k\u00e9tszemes h\u0151kamer\u00e1t t\u00e1vols\u00e1gm\u00e9r\u0151vel, amely \u00faj szintre emeli a vad\u00e1szati \u00e9lm\u00e9nyt.<\/p>\n<p>A Pulsar Merger egy technol\u00f3giai csoda, amely a legfejlettebb h\u0151kamera technol\u00f3gi\u00e1t \u00f6tv\u00f6zi a pontos t\u00e1vols\u00e1gm\u00e9r\u00e9si funkci\u00f3val. A kett\u0151s szemlencse kimagasl\u00f3 l\u00e1t\u00f3teret biztos\u00edt, mik\u00f6zben a h\u0151k\u00e9pfelbont\u00e1sa tiszt\u00e1bb, r\u00e9szletesebb k\u00e9pet ad, mint valaha.<\/p>\n<p>Az LRF (Laser Rangefinder \u2013 l\u00e9zeres t\u00e1vols\u00e1gm\u00e9r\u0151) technol\u00f3gia lehet\u0151v\u00e9 teszi a vad\u00e1sz sz\u00e1m\u00e1ra, hogy pontosan m\u00e9rje meg a t\u00e1vols\u00e1got a c\u00e9lj\u00e1ig. Ez a pontoss\u00e1g l\u00e9tfontoss\u00e1g\u00fa lehet a vad\u00e1szat siker\u00e9ben, \u00e9s a Pulsar Merger a lehet\u0151 legjobb eszk\u00f6zt ny\u00fajtja ehhez.<\/p>\n<p>&nbsp;<\/p>\n<div class=\"flex flex-grow flex-col gap-3\">\n<div class=\"min-h-[20px] flex flex-col items-start gap-4 whitespace-pre-wrap break-words\">\n<div class=\"markdown prose w-full break-words dark:prose-invert light\">\n<p>A Pulsar Merger LRF XP50 k\u00e9tszemes h\u0151kamera nem csup\u00e1n egy eszk\u00f6z \u2013 ez egy vad\u00e1szati partner, mely seg\u00edt a leghat\u00e9konyabb d\u00f6nt\u00e9seket meghozni a ter\u00fcleten. A h\u0151kamera el\u0151nyei mellett a be\u00e9p\u00edtett l\u00e9zeres t\u00e1vols\u00e1gm\u00e9r\u0151 is hozz\u00e1adott \u00e9rt\u00e9ket k\u00edn\u00e1l, amellyel meg\u00e1llap\u00edthatja a c\u00e9lpont t\u00e1vols\u00e1g\u00e1t ak\u00e1r n\u00e9h\u00e1ny m\u00e9teres pontoss\u00e1ggal. Az eredm\u00e9ny? Hihetetlen pontoss\u00e1g \u00e9s hat\u00e9konys\u00e1g minden vad\u00e1szati k\u00f6r\u00fclm\u00e9nyek k\u00f6z\u00f6tt.<\/p>\n<p>A kett\u0151s szemlencse seg\u00edts\u00e9g\u00e9vel \u00e9lvezheti a leny\u0171g\u00f6z\u0151 l\u00e1t\u00f3teret \u00e9s a r\u00e9szletes k\u00e9pmin\u0151s\u00e9get, m\u00edg az integr\u00e1lt h\u0151k\u00e9pfelbont\u00e1s \u00e9les, tiszta k\u00e9pet k\u00edn\u00e1l \u2013 m\u00e9g \u00e9jszaka vagy rossz l\u00e1t\u00e1si k\u00f6r\u00fclm\u00e9nyek k\u00f6z\u00f6tt is. A Merger XP50 k\u00e9tszemes h\u0151kamera azt a bizalmat ny\u00fajtja, hogy mindig rendelkez\u00e9sre \u00e1llnak a sz\u00fcks\u00e9ges inform\u00e1ci\u00f3k, hogy meghozza a legjobb d\u00f6nt\u00e9st.<\/p>\n<p>Tov\u00e1bb\u00e1, a Pulsar Merger LRF XP50 h\u0151kamera kompakt \u00e9s k\u00f6nny\u0171, \u00edgy k\u00f6nnyed\u00e9n hordozhat\u00f3 \u00e9s haszn\u00e1lhat\u00f3 hosszabb id\u0151n \u00e1t is.<\/p>\n<\/div>\n<div class=\"elementor-element elementor-element-790cd0d elementor-widget elementor-widget-heading\" data-id=\"790cd0d\" data-element_type=\"widget\" data-widget_type=\"heading.default\">\n<div class=\"elementor-widget-container\">\n<h3 class=\"elementor-heading-title elementor-size-default\">Klasszikus kialak\u00edt\u00e1s. Kompakt m\u00e9ret.<\/h3>\n<\/div>\n<\/div>\n<div class=\"elementor-element elementor-element-2d2f6f4 elementor-widget elementor-widget-text-editor\" data-id=\"2d2f6f4\" data-element_type=\"widget\" data-widget_type=\"text-editor.default\">\n<div class=\"elementor-widget-container\">\n<p>A Merger LRF h\u0151kamer\u00e1s t\u00e1vcs\u0151 a nappali t\u00e1vcs\u00f6vek klasszikus kialak\u00edt\u00e1s\u00e1val k\u00e9sz\u00fclt. A kism\u00e9ret\u0171 formafaktorral ezek a h\u0151kamer\u00e1s t\u00e1vcs\u00f6vek k\u00e9nyelmesen elf\u00e9rnek a k\u00e9zben, m\u00e9gis vonz\u00f3 k\u00fcls\u0151 eszt\u00e9tik\u00e1t \u00e9s p\u00e9lda\u00e9rt\u00e9k\u0171 ergon\u00f3mi\u00e1t k\u00edn\u00e1lnak. A hat funkci\u00f3gombot a k\u00e9nyelmes el\u00e9r\u00e9si z\u00f3n\u00e1ban helyezt\u00e9k el, \u00e9s a leggyakrabban haszn\u00e1lt digit\u00e1lis eszk\u00f6zfunkci\u00f3k egyetlen \u00e9rint\u00e9ssel aktiv\u00e1lhat\u00f3k.<\/p>\n<p>A Merger LRF t\u00e1vcs\u0151 optikai kialak\u00edt\u00e1sa teljes m\u00e9rt\u00e9kben figyelembe veszi az emberi l\u00e1t\u00e1s term\u00e9szet\u00e9t. Az ember sz\u00e1m\u00e1ra term\u00e9szetes, hogy a vizu\u00e1lis inform\u00e1ci\u00f3kat egyszerre k\u00e9t vizu\u00e1lis csatorn\u00e1n kereszt\u00fcl fogadja. A k\u00e9t szemmel t\u00f6rt\u00e9n\u0151 n\u00e9z\u00e9s kev\u00e9sb\u00e9 f\u00e1raszt\u00f3, mint az egy szemmel t\u00f6rt\u00e9n\u0151 n\u00e9z\u00e9s. Ez azt jelenti, hogy jobban \u00e9rz\u00e9keli a kis vagy halv\u00e1ny objektumokat, \u00e9s jobb teljes\u00edtm\u00e9nyt ny\u00fajt alacsony kontraszt\u00fa helyzetekben, mint az azonos m\u0171szaki sz\u00ednvonal\u00fa hasonl\u00f3 monokul\u00e1ris h\u0151kamer\u00e1k. A Merger LRF binokul\u00e1rban a szemt\u00e1vols\u00e1g 56 \u00e9s 71 mm k\u00f6z\u00f6tt \u00e1ll\u00edthat\u00f3, az adott felhaszn\u00e1l\u00f3 egy\u00e9ni jellemz\u0151inek megfelel\u0151en.<\/p>\n<p>A kiv\u00e1l\u00f3 min\u0151s\u00e9g\u0171 germ\u00e1nium optika \u00e9s a fejlett h\u0151k\u00e9p\u00e9rz\u00e9kel\u0151 p\u00e1rosulva p\u00e9lda n\u00e9lk\u00fcli, ak\u00e1r 2.000 yard (1.800 m\u00e9ter) felder\u00edt\u00e9si tartom\u00e1nyt biztos\u00edt, m\u00e9g teljes s\u00f6t\u00e9ts\u00e9gben is.<\/p>\n<div class=\"elementor-element elementor-element-1991d9b elementor-widget elementor-widget-heading\" data-id=\"1991d9b\" data-element_type=\"widget\" data-widget_type=\"heading.default\">\n<div class=\"elementor-widget-container\">\n<h3 class=\"elementor-heading-title elementor-size-default\">Pontos l\u00e9zeres t\u00e1vols\u00e1gm\u00e9r\u0151<\/h3>\n<\/div>\n<\/div>\n<div class=\"elementor-element elementor-element-73774b8 elementor-widget elementor-widget-text-editor\" data-id=\"73774b8\" data-element_type=\"widget\" data-widget_type=\"text-editor.default\">\n<div class=\"elementor-widget-container\">\n<p>A c\u00e9lt\u00e1vols\u00e1g meg\u00e9rt\u00e9se l\u00e9nyeges t\u00e9nyez\u0151 a helyes d\u00f6nt\u00e9sek meghozatal\u00e1ban. Az ak\u00e1r 1 kilom\u00e9teres hat\u00f3t\u00e1vols\u00e1ggal rendelkez\u0151 be\u00e9p\u00edtett l\u00e9zeres t\u00e1vols\u00e1gm\u00e9r\u0151 lehet\u0151v\u00e9 teszi a t\u00e1vols\u00e1gok m\u00e9r\u00e9s\u00e9t egyszeri m\u00e9r\u00e9si \u00e9s folyamatos p\u00e1szt\u00e1z\u00e1si \u00fczemm\u00f3dban \u00b1 1 m\u00e9teres pontoss\u00e1ggal a helyzet gyors \u00e9s hibamentes felm\u00e9r\u00e9se \u00e9rdek\u00e9ben.<\/p>\n<div class=\"elementor-element elementor-element-59d899b elementor-widget elementor-widget-heading\" data-id=\"59d899b\" data-element_type=\"widget\" data-widget_type=\"heading.default\">\n<div class=\"elementor-widget-container\">\n<h3 class=\"elementor-heading-title elementor-size-default\">Nagy felbont\u00e1s\u00fa h\u0151kamer\u00e1s k\u00e9palkot\u00e1s 640&#215;480 pixeles @ &lt; 25 mK NETD \u00e9rz\u00e9kel\u0151vel<\/h3>\n<\/div>\n<\/div>\n<div class=\"elementor-element elementor-element-84bdf38 elementor-widget elementor-widget-text-editor\" data-id=\"84bdf38\" data-element_type=\"widget\" data-widget_type=\"text-editor.default\">\n<div class=\"elementor-widget-container\">\n<p>A &lt; 25 mK NETD-vel rendelkez\u0151 nagy \u00e9rz\u00e9kenys\u00e9g\u0171 \u00e9rz\u00e9kel\u0151 minim\u00e1lis h\u0151m\u00e9rs\u00e9kletk\u00fcl\u00f6nbs\u00e9geket r\u00f6gz\u00edt alacsony h\u0151m\u00e9rs\u00e9kleti kontraszt\u00fa k\u00f6r\u00fclm\u00e9nyek k\u00f6z\u00f6tt, valamint es\u0151 vagy k\u00f6d eset\u00e9n v\u00e9gzett megfigyel\u00e9skor. A 640\u00d7480 pixeles felbont\u00e1s biztos\u00edtja a c\u00e9lpont megb\u00edzhat\u00f3 azonos\u00edt\u00e1s\u00e1t, az \u00e1llat fontos anat\u00f3miai jellemz\u0151inek kiv\u00e1l\u00f3 min\u0151s\u00e9g\u0171 megjelen\u00edt\u00e9s\u00e9t, valamint a k\u00f6rnyez\u0151 t\u00e1j apr\u00f3 r\u00e9szleteit.<\/p>\n<div class=\"elementor-element elementor-element-6cc3654 elementor-widget elementor-widget-heading\" data-id=\"6cc3654\" data-element_type=\"widget\" data-widget_type=\"heading.default\">\n<div class=\"elementor-widget-container\">\n<h3 class=\"elementor-heading-title elementor-size-default\">Gyors rekeszny\u00edl\u00e1s\u00fa F50\/1.0 germ\u00e1nium lencse<\/h3>\n<\/div>\n<\/div>\n<div class=\"elementor-element elementor-element-30ba462 elementor-widget elementor-widget-text-editor\" data-id=\"30ba462\" data-element_type=\"widget\" data-widget_type=\"text-editor.default\">\n<div class=\"elementor-widget-container\">\n<p>A h\u0151kamer\u00e1s optika jellemz\u0151i d\u00f6nt\u0151 hat\u00e1ssal vannak arra, hogy a h\u0151kamera m\u00e9g a legalacsonyabb sug\u00e1rz\u00e1si szinteket is k\u00e9pes-e r\u00f6gz\u00edteni. A v\u00e9gs\u0151 \u00e9rz\u00e9kel\u00e9si hat\u00e9konys\u00e1got a Merger LRF (F50\/1,0) h\u0151kamera gyors objekt\u00edvje \u00e9s a nagy \u00e9rz\u00e9kenys\u00e9g\u0171 h\u0151\u00e9rz\u00e9kel\u0151 kombin\u00e1ci\u00f3j\u00e1val \u00e9rheti el. A Merger LRF minden alkalommal a legjobb min\u0151s\u00e9g\u0171, legr\u00e9szletesebb &amp; nagy kontraszt\u00fa, informat\u00edv k\u00e9peket ny\u00fajtja a felhaszn\u00e1l\u00f3knak, m\u00e9g es\u0151 vagy k\u00f6d eset\u00e9n is, amikor a megfigyelt helysz\u00edn h\u0151m\u00e9rs\u00e9kleti kontrasztja minim\u00e1lis.<\/p>\n<p>A Merger LRF h\u0151kamer\u00e1s t\u00e1vcs\u00f6vek fejlett k\u00e9pfeldolgoz\u00f3 algoritmusokkal vannak felszerelve, amelyek k\u00fcl\u00f6nb\u00f6z\u0151 id\u0151j\u00e1r\u00e1si k\u00f6r\u00fclm\u00e9nyek \u00e9s k\u00e9sz\u00fcl\u00e9k\u00fczemeltet\u00e9si forgat\u00f3k\u00f6nyvek mellett is bizony\u00edtj\u00e1k hat\u00e9konys\u00e1gukat. A Merger LRF okul\u00e1rokkal a felhaszn\u00e1l\u00f3 \u00faj szint\u0171, tiszta \u00e9s zajmentes k\u00e9palkot\u00e1st kap, megn\u00f6vekedett objektumr\u00e9szletekkel \u00e9s jobb kontraszttal.<\/p>\n<div class=\"elementor-element elementor-element-7ed720a elementor-widget elementor-widget-heading\" data-id=\"7ed720a\" data-element_type=\"widget\" data-widget_type=\"heading.default\">\n<div class=\"elementor-widget-container\">\n<h3 class=\"elementor-heading-title elementor-size-default\">K\u00e9t f\u00fcggetlen akkumul\u00e1tor. Ak\u00e1r 10 \u00f3ra folyamatos munka<\/h3>\n<\/div>\n<\/div>\n<div class=\"elementor-element elementor-element-eac234e elementor-widget elementor-widget-text-editor\" data-id=\"eac234e\" data-element_type=\"widget\" data-widget_type=\"text-editor.default\">\n<div class=\"elementor-widget-container\">\n<p>A Merger LRF k\u00e9t \u00fajrat\u00f6lthet\u0151 akkumul\u00e1torral m\u0171k\u00f6dik: az egyik be\u00e9p\u00edtett, 4 Ah kapacit\u00e1s\u00fa, a m\u00e1sik cser\u00e9lhet\u0151, 3,2 Ah kapacit\u00e1s\u00fa. Egyetlen felt\u00f6lt\u00e9s ak\u00e1r 10 \u00f3ra \u00fczemid\u0151t is garant\u00e1l. A cser\u00e9lhet\u0151 akkumul\u00e1tor test\u00e9n tal\u00e1lhat\u00f3 dombornyom\u00e1s a megfelel\u0151 poz\u00edci\u00f3 pontos meghat\u00e1roz\u00e1s\u00e1ra lehet\u0151v\u00e9 teszi, hogy a lemer\u00fclt akkumul\u00e1tort teljes s\u00f6t\u00e9ts\u00e9gben, \u00e9rint\u00e9ssel gyorsan \u00e9s magabiztosan kicser\u00e9lhess\u00fck egy ujjal.<\/p>\n<div class=\"elementor-column elementor-col-33 elementor-top-column elementor-element elementor-element-11fbecc\" data-id=\"11fbecc\" data-element_type=\"column\">\n<div class=\"elementor-widget-wrap elementor-element-populated\">\n<div class=\"elementor-element elementor-element-191c358 elementor-widget elementor-widget-heading\" data-id=\"191c358\" data-element_type=\"widget\" data-widget_type=\"heading.default\">\n<div class=\"elementor-widget-container\">\n<h3 class=\"elementor-heading-title elementor-size-default\">Nagy kontraszt\u00fa HD AMOLED kijelz\u0151<\/h3>\n<\/div>\n<\/div>\n<div class=\"elementor-element elementor-element-3ca4dc3 elementor-widget elementor-widget-text-editor\" data-id=\"3ca4dc3\" data-element_type=\"widget\" data-widget_type=\"text-editor.default\">\n<div class=\"elementor-widget-container\">\n<p>Az 1024\u00d7768 HD AMOLED kijelz\u0151 tov\u00e1bbfejlesztett sz\u00ednvisszaad\u00e1ssal, energiatakar\u00e9koss\u00e1ggal, nagy kontraszt\u00fa k\u00e9ppel \u00e9s gyors reag\u00e1l\u00e1ssal rendelkezik, tiszta \u00e9s egyenletes k\u00e9pet biztos\u00edt a mozg\u00e1s k\u00f6zbeni megfigyel\u00e9shez vagy hideg k\u00f6r\u00fclm\u00e9nyek k\u00f6z\u00f6tt.<\/p>\n<\/div>\n<\/div>\n<div class=\"elementor-element elementor-element-4aa6b78 elementor-widget elementor-widget-image\" data-id=\"4aa6b78\" data-element_type=\"widget\" data-widget_type=\"image.default\">\n<div class=\"elementor-widget-container\"><img loading=\"lazy\" decoding=\"async\" class=\"attachment-large size-large wp-image-61525\" src=\"https:\/\/z-shops.eu\/wp-content\/uploads\/2022\/01\/resize_628x1256_amoled.png\" sizes=\"(max-width: 628px) 100vw, 628px\" srcset=\"https:\/\/z-shops.eu\/wp-content\/uploads\/2022\/01\/resize_628x1256_amoled.png 628w, https:\/\/z-shops.eu\/wp-content\/uploads\/2022\/01\/resize_628x1256_amoled-300x111.png 300w\" alt=\"\" width=\"628\" height=\"233\" \/><\/div>\n<\/div>\n<\/div>\n<\/div>\n<div class=\"elementor-column elementor-col-33 elementor-top-column elementor-element elementor-element-9c28862\" data-id=\"9c28862\" data-element_type=\"column\">\n<div class=\"elementor-widget-wrap elementor-element-populated\">\n<div class=\"elementor-element elementor-element-f5d2a80 elementor-widget elementor-widget-heading\" data-id=\"f5d2a80\" data-element_type=\"widget\" data-widget_type=\"heading.default\">\n<div class=\"elementor-widget-container\">\n<h3 class=\"elementor-heading-title elementor-size-default\">8 sz\u00ednpaletta kiv\u00e1laszt\u00e1sa<\/h3>\n<\/div>\n<\/div>\n<div class=\"elementor-element elementor-element-80f14bd elementor-widget elementor-widget-text-editor\" data-id=\"80f14bd\" data-element_type=\"widget\" data-widget_type=\"text-editor.default\">\n<div class=\"elementor-widget-container\">\n<p>A 8 sz\u00ednpaletta kiv\u00e1laszt\u00e1s\u00e1val a felhaszn\u00e1l\u00f3 hat\u00e9konyabban figyelheti meg a l\u00e1t\u00f3mez\u0151t, \u00edgy optimaliz\u00e1lhatja a k\u00e9sz\u00fcl\u00e9ket az adott feladatokhoz, valamint reag\u00e1lhat a v\u00e1ltoz\u00f3 megfigyel\u00e9si k\u00f6r\u00fclm\u00e9nyekre. A White Hot, Black Hot \u00e9s Red Hot optim\u00e1lis a t\u00e1rgyak \u00e9szlel\u00e9s\u00e9hez, a Rainbow \u00e9s az Ultramarine seg\u00edt n\u00f6velni a felismer\u00e9s \u00e9s azonos\u00edt\u00e1s es\u00e9lyeit. A Red Monochrome, a Sepia \u00e9s a Violet legink\u00e1bb a hossz\u00fa \u00e9jszakai megfigyel\u00e9shez alkalmas.<\/p>\n<\/div>\n<\/div>\n<div class=\"elementor-element elementor-element-68b85c3 elementor-widget elementor-widget-image\" data-id=\"68b85c3\" data-element_type=\"widget\" data-widget_type=\"image.default\">\n<div class=\"elementor-widget-container\"><img loading=\"lazy\" decoding=\"async\" class=\"attachment-large size-large wp-image-61526\" src=\"https:\/\/z-shops.eu\/wp-content\/uploads\/2022\/01\/resize_628x1256_color-palettes.png\" sizes=\"(max-width: 628px) 100vw, 628px\" srcset=\"https:\/\/z-shops.eu\/wp-content\/uploads\/2022\/01\/resize_628x1256_color-palettes.png 628w, https:\/\/z-shops.eu\/wp-content\/uploads\/2022\/01\/resize_628x1256_color-palettes-300x112.png 300w\" alt=\"\" width=\"628\" height=\"234\" \/><\/div>\n<\/div>\n<\/div>\n<\/div>\n<div class=\"elementor-column elementor-col-33 elementor-top-column elementor-element elementor-element-ab5000e\" data-id=\"ab5000e\" data-element_type=\"column\">\n<div class=\"elementor-widget-wrap elementor-element-populated\">\n<div class=\"elementor-element elementor-element-ec662f8 elementor-widget elementor-widget-heading\" data-id=\"ec662f8\" data-element_type=\"widget\" data-widget_type=\"heading.default\">\n<div class=\"elementor-widget-container\">\n<h3 class=\"elementor-heading-title elementor-size-default\">Teljesen v\u00edz\u00e1ll\u00f3 IPX7<\/h3>\n<\/div>\n<\/div>\n<div class=\"elementor-element elementor-element-0eeb20c elementor-widget elementor-widget-text-editor\" data-id=\"0eeb20c\" data-element_type=\"widget\" data-widget_type=\"text-editor.default\">\n<div class=\"elementor-widget-container\">\n<p>Az IPX7-es v\u00edz\u00e1ll\u00f3s\u00e1gi besorol\u00e1ssal a Thermion 2 LRF XP50 Pro c\u00e9lt\u00e1vcs\u00f6vek magas p\u00e1ratartalom \u00e9s er\u0151s es\u0151 eset\u00e9n is m\u0171k\u00f6dnek, \u00e9s kib\u00edrj\u00e1k a f\u00e9l\u00f3r\u00e1s v\u00edzbe mer\u00fcl\u00e9st 1 m\u00e9ter m\u00e9lys\u00e9gig.<\/p>\n<\/div>\n<\/div>\n<div class=\"elementor-element elementor-element-587549a elementor-widget elementor-widget-image\" data-id=\"587549a\" data-element_type=\"widget\" data-widget_type=\"image.default\">\n<div class=\"elementor-widget-container\"><img loading=\"lazy\" decoding=\"async\" class=\"attachment-large size-large wp-image-61523\" src=\"https:\/\/z-shops.eu\/wp-content\/uploads\/2022\/01\/resize_628x1256_d1_waterproof.png\" sizes=\"(max-width: 628px) 100vw, 628px\" srcset=\"https:\/\/z-shops.eu\/wp-content\/uploads\/2022\/01\/resize_628x1256_d1_waterproof.png 628w, https:\/\/z-shops.eu\/wp-content\/uploads\/2022\/01\/resize_628x1256_d1_waterproof-300x111.png 300w\" alt=\"\" width=\"628\" height=\"232\" \/><\/div>\n<\/div>\n<\/div>\n<\/div>\n<\/div>\n<\/div>\n<\/div>\n<\/div>\n<\/div>\n<\/div>\n<\/div>\n<\/div>\n<\/div>\n<\/div>\n<\/div>\n<\/div>\n<p>&nbsp;<\/p>\n","protected":false},"excerpt":{"rendered":"<p>Pulsar Merger LRF XP50 k\u00e9tszemes h\u0151kamer\u00e1t t\u00e1vols\u00e1gm\u00e9r\u0151vel Az \u00e9jszakai vad\u00e1szat vil\u00e1ga soha nem volt m\u00e9g ilyen tiszta \u00e9s pontos! Fedezze fel a Pulsar Merger LRF XP50 k\u00e9tszemes h\u0151kamer\u00e1t t\u00e1vols\u00e1gm\u00e9r\u0151vel, amely \u00faj szintre emeli a vad\u00e1szati \u00e9lm\u00e9nyt. A Pulsar Merger egy technol\u00f3giai csoda, amely a legfejlettebb h\u0151kamera technol\u00f3gi\u00e1t \u00f6tv\u00f6zi a pontos t\u00e1vols\u00e1gm\u00e9r\u00e9si funkci\u00f3val. A kett\u0151s szemlencse [&hellip;]<\/p>\n","protected":false},"featured_media":4391,"comment_status":"open","ping_status":"closed","template":"","meta":{"_et_pb_use_builder":"","_et_pb_old_content":"","_et_gb_content_width":"","om_disable_all_campaigns":false},"product_brand":[],"product_cat":[21,447,448],"product_tag":[1122],"class_list":{"0":"post-4388","1":"product","2":"type-product","3":"status-publish","4":"has-post-thumbnail","6":"product_cat-uj","7":"product_cat-hokamera","8":"product_cat-kereso-hokamera","9":"product_tag-pulsar-merger-lrf-xp50-ketszemes-hokamerat-tavolsagmerovel","11":"first","12":"instock","13":"sale","14":"taxable","15":"shipping-taxable","16":"purchasable","17":"product-type-simple"},"_links":{"self":[{"href":"https:\/\/www.vadaszboltcsorna.hu\/index.php\/wp-json\/wp\/v2\/product\/4388","targetHints":{"allow":["GET"]}}],"collection":[{"href":"https:\/\/www.vadaszboltcsorna.hu\/index.php\/wp-json\/wp\/v2\/product"}],"about":[{"href":"https:\/\/www.vadaszboltcsorna.hu\/index.php\/wp-json\/wp\/v2\/types\/product"}],"replies":[{"embeddable":true,"href":"https:\/\/www.vadaszboltcsorna.hu\/index.php\/wp-json\/wp\/v2\/comments?post=4388"}],"wp:featuredmedia":[{"embeddable":true,"href":"https:\/\/www.vadaszboltcsorna.hu\/index.php\/wp-json\/wp\/v2\/media\/4391"}],"wp:attachment":[{"href":"https:\/\/www.vadaszboltcsorna.hu\/index.php\/wp-json\/wp\/v2\/media?parent=4388"}],"wp:term":[{"taxonomy":"product_brand","embeddable":true,"href":"https:\/\/www.vadaszboltcsorna.hu\/index.php\/wp-json\/wp\/v2\/product_brand?post=4388"},{"taxonomy":"product_cat","embeddable":true,"href":"https:\/\/www.vadaszboltcsorna.hu\/index.php\/wp-json\/wp\/v2\/product_cat?post=4388"},{"taxonomy":"product_tag","embeddable":true,"href":"https:\/\/www.vadaszboltcsorna.hu\/index.php\/wp-json\/wp\/v2\/product_tag?post=4388"}],"curies":[{"name":"wp","href":"https:\/\/api.w.org\/{rel}","templated":true}]}}