{"id":4337,"date":"2023-05-24T09:44:03","date_gmt":"2023-05-24T09:44:03","guid":{"rendered":"https:\/\/www.vadaszboltcsorna.hu\/?post_type=product&#038;p=4337"},"modified":"2025-05-27T11:38:56","modified_gmt":"2025-05-27T11:38:56","slug":"haenel-j10-pro-308-win","status":"publish","type":"product","link":"https:\/\/www.vadaszboltcsorna.hu\/index.php\/termek\/haenel-j10-pro-308-win\/","title":{"rendered":"Haenel J10 Pro 308 Win."},"content":{"rendered":"<h2><strong>Haenel J10 Pro 308 Win.<\/strong><\/h2>\n<h3><strong>Le\u00edr\u00e1s:<\/strong>Haenel J10 Pro 308 Win.<\/h3>\n<h4>Szintetikus karc\u00e1ll\u00f3 tussal.<br \/>\nKaliber.: 308 Win.<\/h4>\n<h4>Merkel \u00e1ltal gy\u00e1rtott goly\u00f3s fegyver.<br \/>\nA sz\u00e9l \u00e9s az id\u0151j\u00e1r\u00e1s pr\u00f3b\u00e1ra teszi a vad\u00e1sz felszerel\u00e9s\u00e9t, k\u00fcl\u00f6n\u00f6sen a hajt\u00e1sok sor\u00e1n.<br \/>\nA m\u0171anyag tussal rendelkez\u0151 Jager 10 elpuszt\u00edthatatlan vad\u00e1sz \u200b\u200bt\u00e1rsa lehet, f\u0151leg hajt\u00f3 vad\u00e1szatok \u00e9s a ut\u00e1n keres\u00e9sek sor\u00e1n.<br \/>\nAz \u00fcvegsz\u00e1llal er\u0151s\u00edtett anyagot s\u00f6t\u00e9t antracit sz\u00ednben gy\u00e1rtj\u00e1k, kedvez\u0151tlen k\u00f6r\u00fclm\u00e9nyek k\u00f6z\u00f6tt is j\u00f3l tapad. Karc\u00e1ll\u00f3. Megvil\u00e1g\u00edtott (f\u00e9nygy\u00fcjt\u0151s) el\u00fcls\u0151 ir\u00e1nyz\u00e9k.<\/h4>\n<h4 style=\"text-align: center;\">A le\u00edr\u00e1sban szerepl\u0151 adatok t\u00e1j\u00e9koztat\u00f3 jelleg\u0171ek, t\u00edpusonk\u00e9nt v\u00e1ltozhat!<\/h4>\n<h4 style=\"text-align: center;\"><em><strong>Kaliberekr\u0151l,aktu\u00e1lis \u00e1rr\u00f3l \u00e9s egy\u00e9b inform\u00e1ci\u00f3kr\u00f3l k\u00e9rj\u00fck \u00e9rdekl\u0151dj\u00f6n!<\/strong><\/em><\/h4>\n<h4 style=\"text-align: center;\">A fegyvert\u00f6rv\u00e9ny \u00e9rtelm\u00e9ben, fegyvert, l\u0151szert kiz\u00e1r\u00f3lag szem\u00e9lyesen,az \u00fczletben fegyvertart\u00e1si enged\u00e9ly birtok\u00e1ban lehet v\u00e1s\u00e1rolni!<br \/>\nA webshopban megrendelt fegyverek NEM ker\u00fclnek kisz\u00e1ll\u00edt\u00e1sra! Tov\u00e1bbi inform\u00e1ci\u00f3\u00e9rt l\u00e1togasson el boltunkba!<br \/>\nAz \u00e1rak t\u00e1j\u00e9koztat\u00f3 jelleg\u0171ek nem min\u0151s\u00fcl hivatalos aj\u00e1nlat t\u00e9telnek!<br \/>\nAz \u00e1rv\u00e1ltoz\u00e1s jog\u00e1t fenntartjuk!<\/h4>\n","protected":false},"excerpt":{"rendered":"<p>Haenel J10 Pro 308 Win. Le\u00edr\u00e1s:Haenel J10 Pro 308 Win. Szintetikus karc\u00e1ll\u00f3 tussal. Kaliber.: 308 Win. Merkel \u00e1ltal gy\u00e1rtott goly\u00f3s fegyver. A sz\u00e9l \u00e9s az id\u0151j\u00e1r\u00e1s pr\u00f3b\u00e1ra teszi a vad\u00e1sz felszerel\u00e9s\u00e9t, k\u00fcl\u00f6n\u00f6sen a hajt\u00e1sok sor\u00e1n. A m\u0171anyag tussal rendelkez\u0151 Jager 10 elpuszt\u00edthatatlan vad\u00e1sz \u200b\u200bt\u00e1rsa lehet, f\u0151leg hajt\u00f3 vad\u00e1szatok \u00e9s a ut\u00e1n keres\u00e9sek sor\u00e1n. Az \u00fcvegsz\u00e1llal [&hellip;]<\/p>\n","protected":false},"featured_media":4339,"comment_status":"open","ping_status":"closed","template":"","meta":{"_et_pb_use_builder":"","_et_pb_old_content":"","_et_gb_content_width":"","om_disable_all_campaigns":false},"product_brand":[],"product_cat":[21,16,17,1826],"product_tag":[48,1116,70],"class_list":{"0":"post-4337","1":"product","2":"type-product","3":"status-publish","4":"has-post-thumbnail","6":"product_cat-uj","7":"product_cat-fegyver","8":"product_cat-golyos-fegyver","9":"product_cat-uj-golyos-fegyver","10":"product_tag-golyos-fegyver","11":"product_tag-haenel-j10-pro-308-win","12":"product_tag-vadaszat","14":"first","15":"instock","16":"taxable","17":"shipping-taxable","18":"product-type-simple"},"_links":{"self":[{"href":"https:\/\/www.vadaszboltcsorna.hu\/index.php\/wp-json\/wp\/v2\/product\/4337","targetHints":{"allow":["GET"]}}],"collection":[{"href":"https:\/\/www.vadaszboltcsorna.hu\/index.php\/wp-json\/wp\/v2\/product"}],"about":[{"href":"https:\/\/www.vadaszboltcsorna.hu\/index.php\/wp-json\/wp\/v2\/types\/product"}],"replies":[{"embeddable":true,"href":"https:\/\/www.vadaszboltcsorna.hu\/index.php\/wp-json\/wp\/v2\/comments?post=4337"}],"wp:featuredmedia":[{"embeddable":true,"href":"https:\/\/www.vadaszboltcsorna.hu\/index.php\/wp-json\/wp\/v2\/media\/4339"}],"wp:attachment":[{"href":"https:\/\/www.vadaszboltcsorna.hu\/index.php\/wp-json\/wp\/v2\/media?parent=4337"}],"wp:term":[{"taxonomy":"product_brand","embeddable":true,"href":"https:\/\/www.vadaszboltcsorna.hu\/index.php\/wp-json\/wp\/v2\/product_brand?post=4337"},{"taxonomy":"product_cat","embeddable":true,"href":"https:\/\/www.vadaszboltcsorna.hu\/index.php\/wp-json\/wp\/v2\/product_cat?post=4337"},{"taxonomy":"product_tag","embeddable":true,"href":"https:\/\/www.vadaszboltcsorna.hu\/index.php\/wp-json\/wp\/v2\/product_tag?post=4337"}],"curies":[{"name":"wp","href":"https:\/\/api.w.org\/{rel}","templated":true}]}}