{"id":4136,"date":"2023-04-12T11:40:24","date_gmt":"2023-04-12T11:40:24","guid":{"rendered":"https:\/\/www.vadaszboltcsorna.hu\/?post_type=product&#038;p=4136"},"modified":"2026-03-22T04:44:46","modified_gmt":"2026-03-22T04:44:46","slug":"walker-and-hawkes-benson-konnyu-parnazas-nelkuli-waxos-ferfi-kabat-oliva-zold","status":"publish","type":"product","link":"https:\/\/www.vadaszboltcsorna.hu\/index.php\/termek\/walker-and-hawkes-benson-konnyu-parnazas-nelkuli-waxos-ferfi-kabat-oliva-zold\/","title":{"rendered":"Walker and Hawkes \u2013 Benson k\u00f6nny\u0171, p\u00e1rn\u00e1z\u00e1s n\u00e9lk\u00fcli waxos f\u00e9rfi kab\u00e1t \u2013 ol\u00edva z\u00f6ld"},"content":{"rendered":"<h2 class=\"product_title entry-title elementor-heading-title elementor-size-default\"><strong>Walker and Hawkes \u2013 Benson k\u00f6nny\u0171, p\u00e1rn\u00e1z\u00e1s n\u00e9lk\u00fcli waxos f\u00e9rfi kab\u00e1t \u2013 ol\u00edva z\u00f6ld<\/strong><\/h2>\n<p>&nbsp;<\/p>\n<h3>Hagyom\u00e1nyos waxos kab\u00e1tot keresel extra s\u00faly n\u00e9lk\u00fcl? A mi Benson kab\u00e1tunk pontosan ilyen.<\/h3>\n<h3>T\u00f6k\u00e9letes az akt\u00edv, szabadban tart\u00f3zkod\u00f3k sz\u00e1m\u00e1ra, akik szeretn\u00e9k meg\u0151rizni a lehet\u0151 legk\u00f6nnyebb s\u00falyukat, mik\u00f6zben kihaszn\u00e1lj\u00e1k a waxos ruhadarabok massz\u00edv \u00e9s es\u0151\u00e1ll\u00f3 tulajdons\u00e1gait.<\/h3>\n<h3>Eredetileg Nagy-Britanni\u00e1ban k\u00e9sz\u00fclt, 100% min\u0151s\u00e9gi waxos pamutb\u00f3l, p\u00e1rn\u00e1zat n\u00e9lk\u00fcl \u00e9rkezik, hogy k\u00f6nny\u0171 legyen. T\u00f6bb mint 20 \u00e9ve gy\u00e1rtjuk ezt a ruhadarabot, ez\u00e9rt t\u00f6k\u00e9letes\u00edtett\u00fck a gy\u00e1rt\u00e1si folyamatot annak \u00e9rdek\u00e9ben, hogy minden kab\u00e1t praktikuss\u00e1ga, tart\u00f3ss\u00e1ga \u00e9s min\u0151s\u00e9ge megmaradjon.<\/h3>\n<h3>A waxos pamut a 15. sz\u00e1zad \u00f3ta l\u00e9tezik, a sk\u00f3t hal\u00e1szok \u00edgy tett\u00e9k v\u00edz\u00e1ll\u00f3v\u00e1 vitorl\u00e1ikat an\u00e9lk\u00fcl, hogy az befoly\u00e1soln\u00e1 annak hat\u00e9konys\u00e1g\u00e1t. Akkoriban halolajat haszn\u00e1ltak \u2013 ez k\u00fcl\u00f6nb\u00f6zik a manaps\u00e1g haszn\u00e1lt kiv\u00e1l\u00f3 paraffint\u00f3l vagy term\u00e9szetes m\u00e9hviasz alap\u00fa waxt\u00f3l. A megmaradt ruhadarabokat k\u00f6penynek haszn\u00e1lt\u00e1k, hogy sz\u00e1razon tarts\u00e1k a hal\u00e1szokat. Ez nyilv\u00e1nval\u00f3an j\u00f3l m\u0171k\u00f6d\u00f6tt, mivel a waxos pamut ma m\u00e1r nagyon n\u00e9pszer\u0171 kab\u00e1t sz\u00f6vet, \u00e9s m\u00e9g a brit csapatok is \u00e1tvett\u00e9k a m\u00e1sodik vil\u00e1gh\u00e1bor\u00fa idej\u00e9re!<\/h3>\n<h3>Arra t\u00f6rekedt\u00fcnk, hogy fenntartsuk azt, ami miatt a waxos kab\u00e1t olyan n\u00e9pszer\u0171v\u00e9 v\u00e1lt.<\/h3>\n<h3>J\u00f3l b\u00e9lelt Benson Wax kab\u00e1tunk v\u00e9di \u00d6nt a t\u00e9li h\u00f3napokban a szoros varr\u00e1sokkal, ami \u00e1ltal t\u00e1vol tartja a vizet \u00e9s a szelet. A waxos pamut k\u00fcls\u0151 tov\u00e1bb v\u00e9di a kab\u00e1tot a v\u00edzt\u0151l. A gum\u00edrozott mandzsetta, a 2 k\u00e9zmeleg\u00edt\u0151 zseb \u00e9s a levehet\u0151 kapucni mellett extra v\u00e9delemmel rendelkezik a kem\u00e9ny sz\u00e9l \u00e9s az es\u0151 ellen.<\/h3>\n<h3>Az egyik ok, ami\u00e9rt a waxolt kab\u00e1tok egy \u00e9leten \u00e1t kitartanak az, hogy a waxos pamut k\u00f6tszer\u00fcnkkel helyre\u00e1ll\u00edthatja kab\u00e1tj\u00e1t. Jav\u00edtja \u00e9lettartam\u00e1t \u00e9s v\u00edz\u00e1ll\u00f3 k\u00e9pess\u00e9geit \u2013 sok\u00e1ig nem lesz sz\u00fcks\u00e9ge m\u00e1sik kab\u00e1tra!<\/h3>\n<h3>A Benson Wax kab\u00e1t t\u00e1gas szab\u00e1s\u00fa, \u00edgy extra r\u00e9tegeket helyezhet el a belsej\u00e9ben, mik\u00f6zben biztos\u00edtja a mozg\u00e1s szabads\u00e1g\u00e1t a tev\u00e9kenys\u00e9gek sor\u00e1n.<\/h3>\n<h3>Ol\u00edva, s\u00f6t\u00e9tk\u00e9k, barna, fekete \u00e9s b\u00e9zs sz\u00ednben kaphat\u00f3.<\/h3>\n<h3>\u2022 Az Egyes\u00fclt Kir\u00e1lys\u00e1gban k\u00e9sz\u00fclt \u2013 t\u00f6bb mint 20 \u00e9ve gy\u00e1rtjuk ezt a kab\u00e1tot, \u00edgy t\u00f6k\u00e9letes\u00edtett\u00fck a folyamatot. Praktikuss\u00e1got, tart\u00f3ss\u00e1got \u00e9s min\u0151s\u00e9get biztos\u00edt minden kab\u00e1tn\u00e1l.<br \/>\n\u2022 Tart\u00f3s \u2013 a waxos pamut s\u0171r\u0171 sz\u00f6v\u00e9s\u0171, \u00edgy a vil\u00e1g egyik legtart\u00f3sabb sz\u00f6vete.<br \/>\n\u2022 K\u00f6nny\u0171 \u2013 ez a waxos kab\u00e1t p\u00e1rn\u00e1z\u00e1s n\u00e9lk\u00fcl kaphat\u00f3, hogy k\u00f6nnyebb legyen a t\u00f6bbi waxos kab\u00e1tunkhoz k\u00e9pest.<br \/>\n\u2022 Sz\u00e9l\u00e1ll\u00f3 \u2013 a szoros varratok, a sz\u00e9l\u00e1ll\u00f3 mandzsetta \u00e9s a viharf\u00e9k teszi ezt a kab\u00e1tot sz\u00e9l\u00e1ll\u00f3v\u00e1.<br \/>\n\u2022 Es\u0151\u00e1ll\u00f3 \u2013 viasszal bevont, hogy meg\u00f3vja \u00d6nt az es\u0151t\u0151l.<br \/>\n\u2022 Levehet\u0151 kapucni \u2013 a kapucni kigombolhat\u00f3, \u00e9s sz\u00e9pen a zsebben t\u00e1rolhat\u00f3.<br \/>\n\u2022 100% waxos pamut \u2013 a k\u00fcls\u0151 fel\u00fclet 100% waxos pamutb\u00f3l k\u00e9sz\u00fclt.<br \/>\n\u2022 Bels\u0151 tart\u00e1n b\u00e9l\u00e9s \u2013 a bels\u0151 b\u00e9l\u00e9s kock\u00e1s mint\u00e1zattal rendelkezik az el\u0151kel\u0151 megjelen\u00e9s \u00e9rdek\u00e9ben.<br \/>\n\u2022 Ol\u00edva, s\u00f6t\u00e9tk\u00e9k, barna, fekete \u00e9s b\u00e9zs sz\u00ednben kaphat\u00f3.<br \/>\n\u2022 Sokf\u00e9le felhaszn\u00e1l\u00e1sra alkalmas, bele\u00e9rtve: vad\u00e1szat, l\u00f6v\u00e9szet, t\u00far\u00e1z\u00e1s, lovagl\u00e1s, mez\u0151gazdas\u00e1g, divat, kutyas\u00e9t\u00e1ltat\u00e1s \u00e9s m\u00e9g sok m\u00e1s!<\/h3>\n<h3>F\u0151bb jellemz\u0151k<br \/>\n\u2022 A k\u00fcls\u0151 fel\u00fclet 100% waxos pamutb\u00f3l k\u00e9sz\u00fclt.<br \/>\n\u2022 A bels\u0151 b\u00e9l\u00e9s 100% pamut.<br \/>\n\u2022 Klasszikus tart\u00e1n kock\u00e1s b\u00e9l\u00e9s.<br \/>\n\u2022 K\u00f6t\u00f6tt bels\u0151 viharmandzsetta.<br \/>\n\u2022 2 k\u00e9zmeleg\u00edt\u0151 zseb.<br \/>\n\u2022 2 el\u00fcls\u0151 zseb.<br \/>\n\u2022 K\u00e9tir\u00e1ny\u00fa, nagy teherb\u00edr\u00e1s\u00fa cipz\u00e1r szegecses f\u00fcllel.<br \/>\n\u2022 Sz\u00ednes kordb\u00e1rsony gall\u00e9r, amely az opcion\u00e1lis kapucnihoz szegecsekkel rendelkezik (tartoz\u00e9k).<br \/>\n\u2022 1 nagy bels\u0151 t\u00e9rk\u00e9pzseb.<br \/>\n\u2022 W&amp;H m\u00e1rk\u00e1j\u00fa d\u00edszgombok.<\/h3>\n","protected":false},"excerpt":{"rendered":"<p>Walker and Hawkes \u2013 Benson k\u00f6nny\u0171, p\u00e1rn\u00e1z\u00e1s n\u00e9lk\u00fcli waxos f\u00e9rfi kab\u00e1t \u2013 ol\u00edva z\u00f6ld &nbsp; Hagyom\u00e1nyos waxos kab\u00e1tot keresel extra s\u00faly n\u00e9lk\u00fcl? A mi Benson kab\u00e1tunk pontosan ilyen. T\u00f6k\u00e9letes az akt\u00edv, szabadban tart\u00f3zkod\u00f3k sz\u00e1m\u00e1ra, akik szeretn\u00e9k meg\u0151rizni a lehet\u0151 legk\u00f6nnyebb s\u00falyukat, mik\u00f6zben kihaszn\u00e1lj\u00e1k a waxos ruhadarabok massz\u00edv \u00e9s es\u0151\u00e1ll\u00f3 tulajdons\u00e1gait. Eredetileg Nagy-Britanni\u00e1ban k\u00e9sz\u00fclt, 100% min\u0151s\u00e9gi [&hellip;]<\/p>\n","protected":false},"featured_media":4137,"comment_status":"open","ping_status":"closed","template":"","meta":{"_et_pb_use_builder":"","_et_pb_old_content":"","_et_gb_content_width":"","om_disable_all_campaigns":false},"product_brand":[],"product_cat":[21,553,159],"product_tag":[1051,70,1050],"class_list":{"0":"post-4136","1":"product","2":"type-product","3":"status-publish","4":"has-post-thumbnail","6":"product_cat-uj","7":"product_cat-kabat","8":"product_cat-vadasz-ruhazat","9":"product_tag-parnazas-nelkuli-waxos-ferfi-kabat-oliva-zold","10":"product_tag-vadaszat","11":"product_tag-walker-and-hawkes-benson-konnyu","13":"first","14":"instock","15":"sale","16":"taxable","17":"shipping-taxable","18":"purchasable","19":"product-type-variable"},"_links":{"self":[{"href":"https:\/\/www.vadaszboltcsorna.hu\/index.php\/wp-json\/wp\/v2\/product\/4136","targetHints":{"allow":["GET"]}}],"collection":[{"href":"https:\/\/www.vadaszboltcsorna.hu\/index.php\/wp-json\/wp\/v2\/product"}],"about":[{"href":"https:\/\/www.vadaszboltcsorna.hu\/index.php\/wp-json\/wp\/v2\/types\/product"}],"replies":[{"embeddable":true,"href":"https:\/\/www.vadaszboltcsorna.hu\/index.php\/wp-json\/wp\/v2\/comments?post=4136"}],"wp:featuredmedia":[{"embeddable":true,"href":"https:\/\/www.vadaszboltcsorna.hu\/index.php\/wp-json\/wp\/v2\/media\/4137"}],"wp:attachment":[{"href":"https:\/\/www.vadaszboltcsorna.hu\/index.php\/wp-json\/wp\/v2\/media?parent=4136"}],"wp:term":[{"taxonomy":"product_brand","embeddable":true,"href":"https:\/\/www.vadaszboltcsorna.hu\/index.php\/wp-json\/wp\/v2\/product_brand?post=4136"},{"taxonomy":"product_cat","embeddable":true,"href":"https:\/\/www.vadaszboltcsorna.hu\/index.php\/wp-json\/wp\/v2\/product_cat?post=4136"},{"taxonomy":"product_tag","embeddable":true,"href":"https:\/\/www.vadaszboltcsorna.hu\/index.php\/wp-json\/wp\/v2\/product_tag?post=4136"}],"curies":[{"name":"wp","href":"https:\/\/api.w.org\/{rel}","templated":true}]}}