{"id":4083,"date":"2023-03-28T08:35:17","date_gmt":"2023-03-28T08:35:17","guid":{"rendered":"https:\/\/www.vadaszboltcsorna.hu\/?post_type=product&#038;p=4083"},"modified":"2023-03-28T08:39:29","modified_gmt":"2023-03-28T08:39:29","slug":"percussion-tradition-vadaszkabat-1323","status":"publish","type":"product","link":"https:\/\/www.vadaszboltcsorna.hu\/index.php\/termek\/percussion-tradition-vadaszkabat-1323\/","title":{"rendered":"PERCUSSION TRADITION  VAD\u00c1SZKAB\u00c1T (1323)"},"content":{"rendered":"<h2><strong>PERCUSSION TRADITION VAD\u00c1SZKAB\u00c1T (1323)<\/strong><\/h2>\n<h3>A PERCUSSION TRADITION \u00e1tmeneti tradicion\u00e1lis szab\u00e1s\u00fa vad\u00e1szkab\u00e1t k\u00edv\u00fcl 65% poli\u00e9szter, 35% pamut, 100% poli\u00e9szter b\u00e9l\u00e9s. DWR-rel kezelt, lepergeti a vizet. Magas, patenttal \u00e1ll\u00edthat\u00f3 gall\u00e9r\u00fa, karj\u00e1n b\u0151r m\u00e1rkajelz\u00e9ssel, er\u0151s\u00edtett v\u00e1ll- \u00e9s k\u00f6ny\u00f6kr\u00e9sszel. Patenttal \u00e1ll\u00edthat\u00f3 csukl\u00f3r\u00e9sz. K\u00edv\u00fcl n\u00e9gy patentos zsebbel rendelkezik: k\u00e9t k\u00e9zmeleg\u00edt\u0151 zseb (nap\u00f3leonzseb) \u00e9s k\u00e9t nagym\u00e9ret\u0171 gum\u00edrozott l\u0151szertart\u00f3 zseb tal\u00e1lhat\u00f3 (s\u00f6r\u00e9tes \u00e9s goly\u00f3s l\u0151szereknek egyar\u00e1nt). Mindk\u00e9t oldal\u00e1n patentos zsebbel ell\u00e1tott. N\u00e9gy bels\u0151 zseb: egy cipz\u00e1ros zseb \u00e9s egy h\u00e1l\u00f3s telefontart\u00f3 zseb tal\u00e1lhat\u00f3. Baloldal\u00e1n aggat\u00e9k tart\u00f3val felszerelt. Ide\u00e1lis v\u00e1laszt\u00e1s \u00e1tmeneti id\u0151ben t\u00e1rsas valamint egy\u00e9ni vad\u00e1szutakra.<\/h3>\n<h3>Az \u00e1rv\u00e1ltoz\u00e1s jog\u00e1t fenntartjuk!<\/h3>\n","protected":false},"excerpt":{"rendered":"<p>PERCUSSION TRADITION VAD\u00c1SZKAB\u00c1T (1323) A PERCUSSION TRADITION \u00e1tmeneti tradicion\u00e1lis szab\u00e1s\u00fa vad\u00e1szkab\u00e1t k\u00edv\u00fcl 65% poli\u00e9szter, 35% pamut, 100% poli\u00e9szter b\u00e9l\u00e9s. DWR-rel kezelt, lepergeti a vizet. Magas, patenttal \u00e1ll\u00edthat\u00f3 gall\u00e9r\u00fa, karj\u00e1n b\u0151r m\u00e1rkajelz\u00e9ssel, er\u0151s\u00edtett v\u00e1ll- \u00e9s k\u00f6ny\u00f6kr\u00e9sszel. Patenttal \u00e1ll\u00edthat\u00f3 csukl\u00f3r\u00e9sz. K\u00edv\u00fcl n\u00e9gy patentos zsebbel rendelkezik: k\u00e9t k\u00e9zmeleg\u00edt\u0151 zseb (nap\u00f3leonzseb) \u00e9s k\u00e9t nagym\u00e9ret\u0171 gum\u00edrozott l\u0151szertart\u00f3 zseb tal\u00e1lhat\u00f3 (s\u00f6r\u00e9tes [&hellip;]<\/p>\n","protected":false},"featured_media":4084,"comment_status":"open","ping_status":"closed","template":"","meta":{"_et_pb_use_builder":"","_et_pb_old_content":"","_et_gb_content_width":"","om_disable_all_campaigns":false},"product_brand":[],"product_cat":[21,553,159],"product_tag":[1043,581],"class_list":{"0":"post-4083","1":"product","2":"type-product","3":"status-publish","4":"has-post-thumbnail","6":"product_cat-uj","7":"product_cat-kabat","8":"product_cat-vadasz-ruhazat","9":"product_tag-percussion-tradition-vadaszkabat-1323","10":"product_tag-vadasz-ruhazat","12":"first","13":"instock","14":"taxable","15":"shipping-taxable","16":"purchasable","17":"product-type-variable"},"_links":{"self":[{"href":"https:\/\/www.vadaszboltcsorna.hu\/index.php\/wp-json\/wp\/v2\/product\/4083","targetHints":{"allow":["GET"]}}],"collection":[{"href":"https:\/\/www.vadaszboltcsorna.hu\/index.php\/wp-json\/wp\/v2\/product"}],"about":[{"href":"https:\/\/www.vadaszboltcsorna.hu\/index.php\/wp-json\/wp\/v2\/types\/product"}],"replies":[{"embeddable":true,"href":"https:\/\/www.vadaszboltcsorna.hu\/index.php\/wp-json\/wp\/v2\/comments?post=4083"}],"wp:featuredmedia":[{"embeddable":true,"href":"https:\/\/www.vadaszboltcsorna.hu\/index.php\/wp-json\/wp\/v2\/media\/4084"}],"wp:attachment":[{"href":"https:\/\/www.vadaszboltcsorna.hu\/index.php\/wp-json\/wp\/v2\/media?parent=4083"}],"wp:term":[{"taxonomy":"product_brand","embeddable":true,"href":"https:\/\/www.vadaszboltcsorna.hu\/index.php\/wp-json\/wp\/v2\/product_brand?post=4083"},{"taxonomy":"product_cat","embeddable":true,"href":"https:\/\/www.vadaszboltcsorna.hu\/index.php\/wp-json\/wp\/v2\/product_cat?post=4083"},{"taxonomy":"product_tag","embeddable":true,"href":"https:\/\/www.vadaszboltcsorna.hu\/index.php\/wp-json\/wp\/v2\/product_tag?post=4083"}],"curies":[{"name":"wp","href":"https:\/\/api.w.org\/{rel}","templated":true}]}}