{"id":4064,"date":"2023-03-16T08:44:58","date_gmt":"2023-03-16T08:44:58","guid":{"rendered":"https:\/\/www.vadaszboltcsorna.hu\/?post_type=product&#038;p=4064"},"modified":"2023-03-16T08:44:59","modified_gmt":"2023-03-16T08:44:59","slug":"facsavaros-erositett-korszigetelo","status":"publish","type":"product","link":"https:\/\/www.vadaszboltcsorna.hu\/index.php\/termek\/facsavaros-erositett-korszigetelo\/","title":{"rendered":"Facsavaros, er\u0151s\u00edtett k\u00f6rszigetel\u0151"},"content":{"rendered":"<h2 class=\"page-head-title product-page-head-title\"><strong><span class=\"product-page-product-name\">Facsavaros, er\u0151s\u00edtett k\u00f6rszigetel\u0151 + behajt\u00f3, 100 db\/cs, fekete<\/span><\/strong><\/h2>\n<h4>Horganyzott 5,3 mm-es r\u00f6gz\u00edt\u0151csavarral ell\u00e1tva. Legink\u00e1bb vezet\u00e9kekhez \u00e9s huzalokhoz aj\u00e1nljuk, de maximum 10 mm-es szalagokhoz is haszn\u00e1lhat\u00f3. A doboz tartalmaz egy behajt\u00f3 adaptert is.<\/h4>\n<h4>Az \u00e1rv\u00e1ltoz\u00e1s jog\u00e1t fenntartjuk!<\/h4>\n","protected":false},"excerpt":{"rendered":"<p>Facsavaros, er\u0151s\u00edtett k\u00f6rszigetel\u0151 + behajt\u00f3, 100 db\/cs, fekete Horganyzott 5,3 mm-es r\u00f6gz\u00edt\u0151csavarral ell\u00e1tva. Legink\u00e1bb vezet\u00e9kekhez \u00e9s huzalokhoz aj\u00e1nljuk, de maximum 10 mm-es szalagokhoz is haszn\u00e1lhat\u00f3. A doboz tartalmaz egy behajt\u00f3 adaptert is. Az \u00e1rv\u00e1ltoz\u00e1s jog\u00e1t fenntartjuk!<\/p>\n","protected":false},"featured_media":4066,"comment_status":"open","ping_status":"closed","template":"","meta":{"_et_pb_use_builder":"","_et_pb_old_content":"","_et_gb_content_width":"","om_disable_all_campaigns":false},"product_brand":[],"product_cat":[21,122,121],"product_tag":[1037,1036,1038],"class_list":{"0":"post-4064","1":"product","2":"type-product","3":"status-publish","4":"has-post-thumbnail","6":"product_cat-uj","7":"product_cat-keszulek","8":"product_cat-villanypasztor","9":"product_tag-erositett-korszigetelo","10":"product_tag-facsavaros","11":"product_tag-villanypasztor","13":"first","14":"instock","15":"taxable","16":"shipping-taxable","17":"purchasable","18":"product-type-simple"},"_links":{"self":[{"href":"https:\/\/www.vadaszboltcsorna.hu\/index.php\/wp-json\/wp\/v2\/product\/4064","targetHints":{"allow":["GET"]}}],"collection":[{"href":"https:\/\/www.vadaszboltcsorna.hu\/index.php\/wp-json\/wp\/v2\/product"}],"about":[{"href":"https:\/\/www.vadaszboltcsorna.hu\/index.php\/wp-json\/wp\/v2\/types\/product"}],"replies":[{"embeddable":true,"href":"https:\/\/www.vadaszboltcsorna.hu\/index.php\/wp-json\/wp\/v2\/comments?post=4064"}],"wp:featuredmedia":[{"embeddable":true,"href":"https:\/\/www.vadaszboltcsorna.hu\/index.php\/wp-json\/wp\/v2\/media\/4066"}],"wp:attachment":[{"href":"https:\/\/www.vadaszboltcsorna.hu\/index.php\/wp-json\/wp\/v2\/media?parent=4064"}],"wp:term":[{"taxonomy":"product_brand","embeddable":true,"href":"https:\/\/www.vadaszboltcsorna.hu\/index.php\/wp-json\/wp\/v2\/product_brand?post=4064"},{"taxonomy":"product_cat","embeddable":true,"href":"https:\/\/www.vadaszboltcsorna.hu\/index.php\/wp-json\/wp\/v2\/product_cat?post=4064"},{"taxonomy":"product_tag","embeddable":true,"href":"https:\/\/www.vadaszboltcsorna.hu\/index.php\/wp-json\/wp\/v2\/product_tag?post=4064"}],"curies":[{"name":"wp","href":"https:\/\/api.w.org\/{rel}","templated":true}]}}