{"id":4061,"date":"2023-03-16T07:57:24","date_gmt":"2023-03-16T07:57:24","guid":{"rendered":"https:\/\/www.vadaszboltcsorna.hu\/?post_type=product&#038;p=4061"},"modified":"2024-06-24T07:52:24","modified_gmt":"2024-06-24T07:52:24","slug":"white-sail-2-0-villanypasztor-szalag","status":"publish","type":"product","link":"https:\/\/www.vadaszboltcsorna.hu\/index.php\/termek\/white-sail-2-0-villanypasztor-szalag\/","title":{"rendered":"WHITE SAIL 2.0 villanyp\u00e1sztor szalag"},"content":{"rendered":"<h2 class=\"page-head-title product-page-head-title\"><strong><span class=\"product-page-product-name\">WHITE SAIL 2.0 villanyp\u00e1sztor szalag<\/span><\/strong><\/h2>\n<h4 class=\"page-head-title product-page-head-title\"><span class=\"product-page-product-name\">400 m, 20mm, 0,4ohm\/m, 80 kg, feh\u00e9r<\/span><\/h4>\n<table class=\"product-parameters table\">\n<tbody>\n<tr class=\"product-parameter-row productsku-param-row\">\n<td class=\"param-label productsku-param\">\n<h4>Cikksz\u00e1m:<\/h4>\n<\/td>\n<td class=\"param-value productsku-param\">\n<h4>FS8284007<\/h4>\n<\/td>\n<\/tr>\n<\/tbody>\n<\/table>\n<table class=\"parameter-table table m-0\">\n<tbody>\n<tr>\n<td>\n<h4>TERM\u00c9K HOSSZA<\/h4>\n<\/td>\n<td>\n<h4><strong>400 m<\/strong><\/h4>\n<\/td>\n<\/tr>\n<tr>\n<td>\n<h4>SZ\u00c9LESS\u00c9GE<\/h4>\n<\/td>\n<td>\n<h4><strong>20 mm<\/strong><\/h4>\n<\/td>\n<\/tr>\n<tr>\n<td>\n<h4>ELLEN\u00c1LL\u00c1S<\/h4>\n<\/td>\n<td>\n<h4><strong>0,4 Ohm\/m<\/strong><\/h4>\n<\/td>\n<\/tr>\n<tr>\n<td>\n<h4>SZAK\u00cdT\u00d3SZIL\u00c1RDS\u00c1G<\/h4>\n<\/td>\n<td>\n<h4><strong>80 kg<\/strong><\/h4>\n<\/td>\n<\/tr>\n<tr>\n<td>\n<h4>VEZET\u0150K SZ\u00c1MA<\/h4>\n<\/td>\n<td>\n<h4><strong>5<\/strong><\/h4>\n<\/td>\n<\/tr>\n<tr>\n<td>\n<h4>SZ\u00cdNE<\/h4>\n<\/td>\n<td>\n<h4><strong>feh\u00e9r<\/strong><\/h4>\n<\/td>\n<\/tr>\n<\/tbody>\n<\/table>\n<h4>Az \u00e1rv\u00e1ltoz\u00e1s jog\u00e1t fenntartjuk!!<\/h4>\n","protected":false},"excerpt":{"rendered":"<p>WHITE SAIL 2.0 villanyp\u00e1sztor szalag 400 m, 20mm, 0,4ohm\/m, 80 kg, feh\u00e9r Cikksz\u00e1m: FS8284007 TERM\u00c9K HOSSZA 400 m SZ\u00c9LESS\u00c9GE 20 mm ELLEN\u00c1LL\u00c1S 0,4 Ohm\/m SZAK\u00cdT\u00d3SZIL\u00c1RDS\u00c1G 80 kg VEZET\u0150K SZ\u00c1MA 5 SZ\u00cdNE feh\u00e9r Az \u00e1rv\u00e1ltoz\u00e1s jog\u00e1t fenntartjuk!!<\/p>\n","protected":false},"featured_media":4062,"comment_status":"open","ping_status":"closed","template":"","meta":{"_et_pb_use_builder":"","_et_pb_old_content":"","_et_gb_content_width":"","om_disable_all_campaigns":false},"product_brand":[],"product_cat":[21,121,125],"product_tag":[1035],"class_list":{"0":"post-4061","1":"product","2":"type-product","3":"status-publish","4":"has-post-thumbnail","6":"product_cat-uj","7":"product_cat-villanypasztor","8":"product_cat-villanypasztor-zsinor","9":"product_tag-white-sail-2-0-villanypasztor-szalag","11":"first","12":"instock","13":"taxable","14":"shipping-taxable","15":"purchasable","16":"product-type-simple"},"_links":{"self":[{"href":"https:\/\/www.vadaszboltcsorna.hu\/index.php\/wp-json\/wp\/v2\/product\/4061","targetHints":{"allow":["GET"]}}],"collection":[{"href":"https:\/\/www.vadaszboltcsorna.hu\/index.php\/wp-json\/wp\/v2\/product"}],"about":[{"href":"https:\/\/www.vadaszboltcsorna.hu\/index.php\/wp-json\/wp\/v2\/types\/product"}],"replies":[{"embeddable":true,"href":"https:\/\/www.vadaszboltcsorna.hu\/index.php\/wp-json\/wp\/v2\/comments?post=4061"}],"wp:featuredmedia":[{"embeddable":true,"href":"https:\/\/www.vadaszboltcsorna.hu\/index.php\/wp-json\/wp\/v2\/media\/4062"}],"wp:attachment":[{"href":"https:\/\/www.vadaszboltcsorna.hu\/index.php\/wp-json\/wp\/v2\/media?parent=4061"}],"wp:term":[{"taxonomy":"product_brand","embeddable":true,"href":"https:\/\/www.vadaszboltcsorna.hu\/index.php\/wp-json\/wp\/v2\/product_brand?post=4061"},{"taxonomy":"product_cat","embeddable":true,"href":"https:\/\/www.vadaszboltcsorna.hu\/index.php\/wp-json\/wp\/v2\/product_cat?post=4061"},{"taxonomy":"product_tag","embeddable":true,"href":"https:\/\/www.vadaszboltcsorna.hu\/index.php\/wp-json\/wp\/v2\/product_tag?post=4061"}],"curies":[{"name":"wp","href":"https:\/\/api.w.org\/{rel}","templated":true}]}}