{"id":4058,"date":"2023-03-16T07:48:11","date_gmt":"2023-03-16T07:48:11","guid":{"rendered":"https:\/\/www.vadaszboltcsorna.hu\/?post_type=product&#038;p=4058"},"modified":"2025-04-01T06:18:28","modified_gmt":"2025-04-01T06:18:28","slug":"skyfall-400-villanypasztor-vezetek","status":"publish","type":"product","link":"https:\/\/www.vadaszboltcsorna.hu\/index.php\/termek\/skyfall-400-villanypasztor-vezetek\/","title":{"rendered":"SKYFALL 400 villanyp\u00e1sztor vezet\u00e9k"},"content":{"rendered":"<h2 class=\"page-head-title product-page-head-title\"><strong><span class=\"product-page-product-name\">SKYFALL 400 villanyp\u00e1sztor vezet\u00e9k<\/span><\/strong><\/h2>\n<h2 class=\"page-head-title product-page-head-title\"><span class=\"product-page-product-name\">400m, 4mm, 0,15ohm\/m, 200 kg, k\u00e9k-feh\u00e9r<\/span><\/h2>\n<h4>TERM\u00c9K HOSSZA<strong>400 m<\/strong><\/h4>\n<h4>\u00c1TM\u00c9R\u0150<strong>4 mm<\/strong><\/h4>\n<h4>ELLEN\u00c1LL\u00c1S<strong>0,15 Ohm\/m<\/strong><\/h4>\n<h4>SZAK\u00cdT\u00d3SZIL\u00c1RDS\u00c1G<strong>200 kg<\/strong><\/h4>\n<h4>VEZET\u0150K SZ\u00c1MA<strong>6<\/strong><\/h4>\n<h4>SZ\u00cdNE<strong>k\u00e9k-feh\u00e9r<\/strong><\/h4>\n<h4>Az \u00e1rv\u00e1ltoz\u00e1s jog\u00e1t fenntartjuk!<\/h4>\n","protected":false},"excerpt":{"rendered":"<p>SKYFALL 400 villanyp\u00e1sztor vezet\u00e9k 400m, 4mm, 0,15ohm\/m, 200 kg, k\u00e9k-feh\u00e9r TERM\u00c9K HOSSZA400 m \u00c1TM\u00c9R\u01504 mm ELLEN\u00c1LL\u00c1S0,15 Ohm\/m SZAK\u00cdT\u00d3SZIL\u00c1RDS\u00c1G200 kg VEZET\u0150K SZ\u00c1MA6 SZ\u00cdNEk\u00e9k-feh\u00e9r Az \u00e1rv\u00e1ltoz\u00e1s jog\u00e1t fenntartjuk!<\/p>\n","protected":false},"featured_media":4059,"comment_status":"open","ping_status":"closed","template":"","meta":{"_et_pb_use_builder":"","_et_pb_old_content":"","_et_gb_content_width":"","om_disable_all_campaigns":false},"product_brand":[],"product_cat":[21,121,125],"product_tag":[1034],"class_list":{"0":"post-4058","1":"product","2":"type-product","3":"status-publish","4":"has-post-thumbnail","6":"product_cat-uj","7":"product_cat-villanypasztor","8":"product_cat-villanypasztor-zsinor","9":"product_tag-skyfall-400-villanypasztor-vezetek","11":"first","12":"instock","13":"sale","14":"taxable","15":"shipping-taxable","16":"purchasable","17":"product-type-simple"},"_links":{"self":[{"href":"https:\/\/www.vadaszboltcsorna.hu\/index.php\/wp-json\/wp\/v2\/product\/4058","targetHints":{"allow":["GET"]}}],"collection":[{"href":"https:\/\/www.vadaszboltcsorna.hu\/index.php\/wp-json\/wp\/v2\/product"}],"about":[{"href":"https:\/\/www.vadaszboltcsorna.hu\/index.php\/wp-json\/wp\/v2\/types\/product"}],"replies":[{"embeddable":true,"href":"https:\/\/www.vadaszboltcsorna.hu\/index.php\/wp-json\/wp\/v2\/comments?post=4058"}],"wp:featuredmedia":[{"embeddable":true,"href":"https:\/\/www.vadaszboltcsorna.hu\/index.php\/wp-json\/wp\/v2\/media\/4059"}],"wp:attachment":[{"href":"https:\/\/www.vadaszboltcsorna.hu\/index.php\/wp-json\/wp\/v2\/media?parent=4058"}],"wp:term":[{"taxonomy":"product_brand","embeddable":true,"href":"https:\/\/www.vadaszboltcsorna.hu\/index.php\/wp-json\/wp\/v2\/product_brand?post=4058"},{"taxonomy":"product_cat","embeddable":true,"href":"https:\/\/www.vadaszboltcsorna.hu\/index.php\/wp-json\/wp\/v2\/product_cat?post=4058"},{"taxonomy":"product_tag","embeddable":true,"href":"https:\/\/www.vadaszboltcsorna.hu\/index.php\/wp-json\/wp\/v2\/product_tag?post=4058"}],"curies":[{"name":"wp","href":"https:\/\/api.w.org\/{rel}","templated":true}]}}