{"id":4055,"date":"2023-03-16T07:42:00","date_gmt":"2023-03-16T07:42:00","guid":{"rendered":"https:\/\/www.vadaszboltcsorna.hu\/?post_type=product&#038;p=4055"},"modified":"2025-06-24T09:49:13","modified_gmt":"2025-06-24T09:49:13","slug":"farmsystem-hunter-an6500-12v-villanypasztor-keszulek","status":"publish","type":"product","link":"https:\/\/www.vadaszboltcsorna.hu\/index.php\/termek\/farmsystem-hunter-an6500-12v-villanypasztor-keszulek\/","title":{"rendered":"FARMSYSTEM HUNTER AN6500 6,5J  villanyp\u00e1sztor k\u00e9sz\u00fcl\u00e9k"},"content":{"rendered":"<h1 class=\"page-head-title product-page-head-title\"><span class=\"product-page-product-name\">FARMSYSTEM HUNTER AN6500 6,5J\u00a0 villanyp\u00e1sztor k\u00e9sz\u00fcl\u00e9k<\/span><\/h1>\n<h4><\/h4>\n<div id=\"productdescriptionnoparameters-wrapper\" class=\"module-productdescriptionnoparameters-wrapper\">\n<div id=\"productdescriptionnoparameters\" class=\"module home-position product-position productdescriptionnoparameters\">\n<div class=\"module-head\">\n<h3 class=\"module-head-title\">Le\u00edr\u00e1s<\/h3>\n<\/div>\n<div class=\"module-body\">\n<p>Nagy teljes\u00edtm\u00e9ny\u0171 villanyp\u00e1sztor vadk\u00e1rmegel\u0151z\u00e9shez Ez a k\u00e9sz\u00fcl\u00e9k kifejezetten vadk\u00e1r elleni v\u00e9dekez\u00e9s c\u00e9lj\u00e1b\u00f3l lett kifejlesztve. Megb\u00edzhat\u00f3 megold\u00e1st k\u00edn\u00e1l mez\u0151gazdas\u00e1gi ter\u00fcletek, kert\u00e9szeti \u00e9s erd\u00e9szeti \u00fcltetv\u00e9nyek v\u00e9delm\u00e9re, valamint nagy kiterjed\u00e9s\u0171 legel\u0151ter\u00fcleteken t\u00f6rt\u00e9n\u0151 \u00e1llattart\u00e1s eset\u00e9n is. Javasolt tov\u00e1bb\u00e1 elhagyatott k\u00fclter\u00fcletek, gy\u00fcm\u00f6lcs\u00f6s\u00f6k, sz\u0151l\u0151\u00fcltetv\u00e9nyek \u00e9s m\u00e9h\u00e9szetek k\u00f6rbeker\u00edt\u00e9s\u00e9re. Kiemelten aj\u00e1nlott g\u00edmszarvas, vaddiszn\u00f3, farkas ellen. Kiv\u00e1l\u00f3 v\u00e1laszt\u00e1s nagy ter\u00fcleten legeltetett \u00e1llatok r\u00e9sz\u00e9re is, p\u00e9ld\u00e1ul juh, kecske \u00e9s szarvasmarha. 6,5 J, villanyp\u00e1sztor k\u00e9sz\u00fcl\u00e9k<\/p>\n<p>&nbsp;<\/p>\n<\/div>\n<\/div>\n<\/div>\n<div id=\"productparams-wrapper\" class=\"module-productparams-wrapper\">\n<div id=\"productparams\" class=\"module home-position product-position productparams\">\n<div class=\"module-head\">\n<h3 class=\"module-head-title\">Param\u00e9terek<\/h3>\n<\/div>\n<div class=\"module-body\">\n<table class=\"parameter-table table m-0\">\n<tbody>\n<tr>\n<td>Max 6,5 Joule<\/td>\n<td><\/td>\n<\/tr>\n<tr>\n<td>Duo k\u00e9sz\u00fcl\u00e9k<\/td>\n<td><\/td>\n<\/tr>\n<\/tbody>\n<\/table>\n<\/div>\n<\/div>\n<\/div>\n<h4>Az \u00e1rv\u00e1ltoz\u00e1s jog\u00e1t fenntartjuk!!<\/h4>\n","protected":false},"excerpt":{"rendered":"<p>FARMSYSTEM HUNTER AN6500 6,5J\u00a0 villanyp\u00e1sztor k\u00e9sz\u00fcl\u00e9k Le\u00edr\u00e1s Nagy teljes\u00edtm\u00e9ny\u0171 villanyp\u00e1sztor vadk\u00e1rmegel\u0151z\u00e9shez Ez a k\u00e9sz\u00fcl\u00e9k kifejezetten vadk\u00e1r elleni v\u00e9dekez\u00e9s c\u00e9lj\u00e1b\u00f3l lett kifejlesztve. Megb\u00edzhat\u00f3 megold\u00e1st k\u00edn\u00e1l mez\u0151gazdas\u00e1gi ter\u00fcletek, kert\u00e9szeti \u00e9s erd\u00e9szeti \u00fcltetv\u00e9nyek v\u00e9delm\u00e9re, valamint nagy kiterjed\u00e9s\u0171 legel\u0151ter\u00fcleteken t\u00f6rt\u00e9n\u0151 \u00e1llattart\u00e1s eset\u00e9n is. Javasolt tov\u00e1bb\u00e1 elhagyatott k\u00fclter\u00fcletek, gy\u00fcm\u00f6lcs\u00f6s\u00f6k, sz\u0151l\u0151\u00fcltetv\u00e9nyek \u00e9s m\u00e9h\u00e9szetek k\u00f6rbeker\u00edt\u00e9s\u00e9re. Kiemelten aj\u00e1nlott g\u00edmszarvas, vaddiszn\u00f3, farkas ellen. Kiv\u00e1l\u00f3 [&hellip;]<\/p>\n","protected":false},"featured_media":7765,"comment_status":"open","ping_status":"closed","template":"","meta":{"_et_pb_use_builder":"","_et_pb_old_content":"","_et_gb_content_width":"","om_disable_all_campaigns":false},"product_brand":[],"product_cat":[21,122,121],"product_tag":[123],"class_list":{"0":"post-4055","1":"product","2":"type-product","3":"status-publish","4":"has-post-thumbnail","6":"product_cat-uj","7":"product_cat-keszulek","8":"product_cat-villanypasztor","9":"product_tag-villanypasztor-keszulek","11":"first","12":"instock","13":"taxable","14":"shipping-taxable","15":"purchasable","16":"product-type-simple"},"_links":{"self":[{"href":"https:\/\/www.vadaszboltcsorna.hu\/index.php\/wp-json\/wp\/v2\/product\/4055","targetHints":{"allow":["GET"]}}],"collection":[{"href":"https:\/\/www.vadaszboltcsorna.hu\/index.php\/wp-json\/wp\/v2\/product"}],"about":[{"href":"https:\/\/www.vadaszboltcsorna.hu\/index.php\/wp-json\/wp\/v2\/types\/product"}],"replies":[{"embeddable":true,"href":"https:\/\/www.vadaszboltcsorna.hu\/index.php\/wp-json\/wp\/v2\/comments?post=4055"}],"wp:featuredmedia":[{"embeddable":true,"href":"https:\/\/www.vadaszboltcsorna.hu\/index.php\/wp-json\/wp\/v2\/media\/7765"}],"wp:attachment":[{"href":"https:\/\/www.vadaszboltcsorna.hu\/index.php\/wp-json\/wp\/v2\/media?parent=4055"}],"wp:term":[{"taxonomy":"product_brand","embeddable":true,"href":"https:\/\/www.vadaszboltcsorna.hu\/index.php\/wp-json\/wp\/v2\/product_brand?post=4055"},{"taxonomy":"product_cat","embeddable":true,"href":"https:\/\/www.vadaszboltcsorna.hu\/index.php\/wp-json\/wp\/v2\/product_cat?post=4055"},{"taxonomy":"product_tag","embeddable":true,"href":"https:\/\/www.vadaszboltcsorna.hu\/index.php\/wp-json\/wp\/v2\/product_tag?post=4055"}],"curies":[{"name":"wp","href":"https:\/\/api.w.org\/{rel}","templated":true}]}}