{"id":4052,"date":"2023-03-16T07:33:55","date_gmt":"2023-03-16T07:33:55","guid":{"rendered":"https:\/\/www.vadaszboltcsorna.hu\/?post_type=product&#038;p=4052"},"modified":"2025-06-24T09:44:00","modified_gmt":"2025-06-24T09:44:00","slug":"farmsystem-monster-an10000-12v-villanypasztor-keszulek","status":"publish","type":"product","link":"https:\/\/www.vadaszboltcsorna.hu\/index.php\/termek\/farmsystem-monster-an10000-12v-villanypasztor-keszulek\/","title":{"rendered":"FARMSYSTEM MONSTER AN10000, 10 J, villanyp\u00e1sztor k\u00e9sz\u00fcl\u00e9k"},"content":{"rendered":"<h1 class=\"page-head-title product-page-head-title\"><span class=\"product-page-product-name\">FARMSYSTEM MONSTER AN10000, 10 J, villanyp\u00e1sztor k\u00e9sz\u00fcl\u00e9k<\/span><\/h1>\n<h4><\/h4>\n<div id=\"productdescriptionnoparameters-wrapper\" class=\"module-productdescriptionnoparameters-wrapper\">\n<div id=\"productdescriptionnoparameters\" class=\"module home-position product-position productdescriptionnoparameters\">\n<div class=\"module-body\">\n<p><strong>Professzion\u00e1lis villanyp\u00e1sztor kompromisszumok n\u00e9lk\u00fcl\u00a0<\/strong>Kifejezetten professzion\u00e1lis felhaszn\u00e1l\u00f3k sz\u00e1m\u00e1ra fejlesztett k\u00e9sz\u00fcl\u00e9k vadk\u00e1r- \u00e9s vagyonv\u00e9delmi c\u00e9lokra. Megb\u00edzhat\u00f3 megold\u00e1st k\u00edn\u00e1l mez\u0151gazdas\u00e1gi ter\u00fcletek, kert\u00e9szeti \u00e9s erd\u00e9szeti \u00fcltetv\u00e9nyek, valamint gyorsforgalmi \u00fath\u00e1l\u00f3zat v\u00e9delm\u00e9re. Kiv\u00e1l\u00f3an alkalmas nagy kiterjed\u00e9s\u0171, nehezen hozz\u00e1f\u00e9rhet\u0151 legel\u0151k biztos\u00edt\u00e1s\u00e1ra, tov\u00e1bb\u00e1 vadasparkok \u2013 p\u00e9ld\u00e1ul nagyragadoz\u00f3k vagy nagytest\u0171 eml\u0151s\u00f6k \u2013 ker\u00edt\u00e9seinek ell\u00e1t\u00e1s\u00e1ra is. Hat\u00e9konyan alkalmazhat\u00f3 hat\u00e1r- \u00e9s vagyonv\u00e9delmi rendszerek k\u00f6zponti elemek\u00e9nt is. C\u00e9l\u00e1llatok: medve, g\u00edmszarvas, farkas, vaddiszn\u00f3, szarvasmarha, bivaly, teve. 10 J, villanyp\u00e1sztor k\u00e9sz\u00fcl\u00e9k<\/p>\n<\/div>\n<\/div>\n<\/div>\n<div id=\"productparams-wrapper\" class=\"module-productparams-wrapper\">\n<div id=\"productparams\" class=\"module home-position product-position productparams\">\n<div class=\"module-head\">\n<h3 class=\"module-head-title\">Param\u00e9terek<\/h3>\n<\/div>\n<div class=\"module-body\">\n<table class=\"parameter-table table m-0\">\n<tbody>\n<tr>\n<td>Max 10 Joule<\/td>\n<td><\/td>\n<\/tr>\n<tr>\n<td>Duo k\u00e9sz\u00fcl\u00e9k<\/td>\n<\/tr>\n<\/tbody>\n<\/table>\n<\/div>\n<\/div>\n<\/div>\n<h4><\/h4>\n<h4>Az \u00e1rv\u00e1ltoz\u00e1s jog\u00e1t fenntartjuk!<\/h4>\n<p>&nbsp;<\/p>\n","protected":false},"excerpt":{"rendered":"<p>FARMSYSTEM MONSTER AN10000, 10 J, villanyp\u00e1sztor k\u00e9sz\u00fcl\u00e9k Professzion\u00e1lis villanyp\u00e1sztor kompromisszumok n\u00e9lk\u00fcl\u00a0Kifejezetten professzion\u00e1lis felhaszn\u00e1l\u00f3k sz\u00e1m\u00e1ra fejlesztett k\u00e9sz\u00fcl\u00e9k vadk\u00e1r- \u00e9s vagyonv\u00e9delmi c\u00e9lokra. Megb\u00edzhat\u00f3 megold\u00e1st k\u00edn\u00e1l mez\u0151gazdas\u00e1gi ter\u00fcletek, kert\u00e9szeti \u00e9s erd\u00e9szeti \u00fcltetv\u00e9nyek, valamint gyorsforgalmi \u00fath\u00e1l\u00f3zat v\u00e9delm\u00e9re. Kiv\u00e1l\u00f3an alkalmas nagy kiterjed\u00e9s\u0171, nehezen hozz\u00e1f\u00e9rhet\u0151 legel\u0151k biztos\u00edt\u00e1s\u00e1ra, tov\u00e1bb\u00e1 vadasparkok \u2013 p\u00e9ld\u00e1ul nagyragadoz\u00f3k vagy nagytest\u0171 eml\u0151s\u00f6k \u2013 ker\u00edt\u00e9seinek ell\u00e1t\u00e1s\u00e1ra is. Hat\u00e9konyan alkalmazhat\u00f3 [&hellip;]<\/p>\n","protected":false},"featured_media":7763,"comment_status":"open","ping_status":"closed","template":"","meta":{"_et_pb_use_builder":"","_et_pb_old_content":"","_et_gb_content_width":"","om_disable_all_campaigns":false},"product_brand":[],"product_cat":[21,122,121],"product_tag":[1032,123],"class_list":{"0":"post-4052","1":"product","2":"type-product","3":"status-publish","4":"has-post-thumbnail","6":"product_cat-uj","7":"product_cat-keszulek","8":"product_cat-villanypasztor","9":"product_tag-farmsystem-monster-an10000-12v","10":"product_tag-villanypasztor-keszulek","12":"first","13":"instock","14":"taxable","15":"shipping-taxable","16":"purchasable","17":"product-type-simple"},"_links":{"self":[{"href":"https:\/\/www.vadaszboltcsorna.hu\/index.php\/wp-json\/wp\/v2\/product\/4052","targetHints":{"allow":["GET"]}}],"collection":[{"href":"https:\/\/www.vadaszboltcsorna.hu\/index.php\/wp-json\/wp\/v2\/product"}],"about":[{"href":"https:\/\/www.vadaszboltcsorna.hu\/index.php\/wp-json\/wp\/v2\/types\/product"}],"replies":[{"embeddable":true,"href":"https:\/\/www.vadaszboltcsorna.hu\/index.php\/wp-json\/wp\/v2\/comments?post=4052"}],"wp:featuredmedia":[{"embeddable":true,"href":"https:\/\/www.vadaszboltcsorna.hu\/index.php\/wp-json\/wp\/v2\/media\/7763"}],"wp:attachment":[{"href":"https:\/\/www.vadaszboltcsorna.hu\/index.php\/wp-json\/wp\/v2\/media?parent=4052"}],"wp:term":[{"taxonomy":"product_brand","embeddable":true,"href":"https:\/\/www.vadaszboltcsorna.hu\/index.php\/wp-json\/wp\/v2\/product_brand?post=4052"},{"taxonomy":"product_cat","embeddable":true,"href":"https:\/\/www.vadaszboltcsorna.hu\/index.php\/wp-json\/wp\/v2\/product_cat?post=4052"},{"taxonomy":"product_tag","embeddable":true,"href":"https:\/\/www.vadaszboltcsorna.hu\/index.php\/wp-json\/wp\/v2\/product_tag?post=4052"}],"curies":[{"name":"wp","href":"https:\/\/api.w.org\/{rel}","templated":true}]}}