{"id":4045,"date":"2023-03-10T12:39:11","date_gmt":"2023-03-10T12:39:11","guid":{"rendered":"https:\/\/www.vadaszboltcsorna.hu\/?post_type=product&#038;p=4045"},"modified":"2026-03-16T10:02:04","modified_gmt":"2026-03-16T10:02:04","slug":"hart-skade-j-kabat","status":"publish","type":"product","link":"https:\/\/www.vadaszboltcsorna.hu\/index.php\/termek\/hart-skade-j-kabat\/","title":{"rendered":"HART SKADE-J kab\u00e1t"},"content":{"rendered":"<h2><strong>HART SKADE-J kab\u00e1t<\/strong><\/h2>\n<h4>Terep p\u00e1rn\u00e1zott vad\u00e1szkab\u00e1t, t\u00f6k\u00e9letes a hideg t\u00e9li napokra. Alacsony zajszint\u0171 \u00e9s kiv\u00e1l\u00f3 min\u0151s\u00e9g\u0171 pamutszer\u0171 tapint\u00e1s\u00fa, strapab\u00edr\u00f3 sz\u00f6vet k\u00edv\u00fcl, meleg szigetel\u0151 p\u00e1rn\u00e1zat \u00e9s sz\u00e9l- \u00e9s v\u00edz\u00e1ll\u00f3 OSMOTECH membr\u00e1n bel\u00fcl.<\/h4>\n<h4>. Eleg\u00e1ns kialak\u00edt\u00e1s\u00e1nak k\u00f6sz\u00f6nhet\u0151en mindenf\u00e9le t\u00e9li szabadt\u00e9ri tev\u00e9kenys\u00e9ghez hordhat\u00f3. 2 v\u00edz\u00e1ll\u00f3 cipz\u00e1ras csomagtart\u00f3 zseb oldals\u00f3 cipz\u00e1ras zsebekkel kombin\u00e1lva a t\u00f6bb hely t\u00e1rol\u00e1s\u00e1ra vagy k\u00e9zmeleg\u00edt\u00e9sre. V\u00edz\u00e1ll\u00f3 cipz\u00e1ras mellzseb. Levehet\u0151 kapucni k\u00fcl\u00f6nf\u00e9le be\u00e1ll\u00edt\u00e1si lehet\u0151s\u00e9gekkel \u00e9s kem\u00e9ny napellenz\u0151vel. 2 bels\u0151 zseb: nagy zseb a kapucni t\u00e1rol\u00e1s\u00e1ra, ha lev\u00e1lasztj\u00e1k, mellkasi cipz\u00e1ras zseb m\u00e9diaporttal r\u00e1di\u00f3 vagy dokumentumok sz\u00e1m\u00e1ra. Magas v\u00edz\u00e1ll\u00f3s\u00e1g (8000 mm) \u00e9s l\u00e9g\u00e1tereszt\u0151 k\u00e9pess\u00e9ge (5000 gr\/m2).<\/h4>\n","protected":false},"excerpt":{"rendered":"<p>HART SKADE-J kab\u00e1t Terep p\u00e1rn\u00e1zott vad\u00e1szkab\u00e1t, t\u00f6k\u00e9letes a hideg t\u00e9li napokra. Alacsony zajszint\u0171 \u00e9s kiv\u00e1l\u00f3 min\u0151s\u00e9g\u0171 pamutszer\u0171 tapint\u00e1s\u00fa, strapab\u00edr\u00f3 sz\u00f6vet k\u00edv\u00fcl, meleg szigetel\u0151 p\u00e1rn\u00e1zat \u00e9s sz\u00e9l- \u00e9s v\u00edz\u00e1ll\u00f3 OSMOTECH membr\u00e1n bel\u00fcl. . Eleg\u00e1ns kialak\u00edt\u00e1s\u00e1nak k\u00f6sz\u00f6nhet\u0151en mindenf\u00e9le t\u00e9li szabadt\u00e9ri tev\u00e9kenys\u00e9ghez hordhat\u00f3. 2 v\u00edz\u00e1ll\u00f3 cipz\u00e1ras csomagtart\u00f3 zseb oldals\u00f3 cipz\u00e1ras zsebekkel kombin\u00e1lva a t\u00f6bb hely t\u00e1rol\u00e1s\u00e1ra vagy k\u00e9zmeleg\u00edt\u00e9sre. [&hellip;]<\/p>\n","protected":false},"featured_media":4046,"comment_status":"open","ping_status":"closed","template":"","meta":{"_et_pb_use_builder":"","_et_pb_old_content":"","_et_gb_content_width":"","om_disable_all_campaigns":false},"product_brand":[],"product_cat":[21,553,159],"product_tag":[1031,1030,581],"class_list":{"0":"post-4045","1":"product","2":"type-product","3":"status-publish","4":"has-post-thumbnail","6":"product_cat-uj","7":"product_cat-kabat","8":"product_cat-vadasz-ruhazat","9":"product_tag-hart-skade-j-kabat","10":"product_tag-vadasz-kabat","11":"product_tag-vadasz-ruhazat","13":"first","14":"instock","15":"sale","16":"taxable","17":"shipping-taxable","18":"purchasable","19":"product-type-variable"},"_links":{"self":[{"href":"https:\/\/www.vadaszboltcsorna.hu\/index.php\/wp-json\/wp\/v2\/product\/4045","targetHints":{"allow":["GET"]}}],"collection":[{"href":"https:\/\/www.vadaszboltcsorna.hu\/index.php\/wp-json\/wp\/v2\/product"}],"about":[{"href":"https:\/\/www.vadaszboltcsorna.hu\/index.php\/wp-json\/wp\/v2\/types\/product"}],"replies":[{"embeddable":true,"href":"https:\/\/www.vadaszboltcsorna.hu\/index.php\/wp-json\/wp\/v2\/comments?post=4045"}],"wp:featuredmedia":[{"embeddable":true,"href":"https:\/\/www.vadaszboltcsorna.hu\/index.php\/wp-json\/wp\/v2\/media\/4046"}],"wp:attachment":[{"href":"https:\/\/www.vadaszboltcsorna.hu\/index.php\/wp-json\/wp\/v2\/media?parent=4045"}],"wp:term":[{"taxonomy":"product_brand","embeddable":true,"href":"https:\/\/www.vadaszboltcsorna.hu\/index.php\/wp-json\/wp\/v2\/product_brand?post=4045"},{"taxonomy":"product_cat","embeddable":true,"href":"https:\/\/www.vadaszboltcsorna.hu\/index.php\/wp-json\/wp\/v2\/product_cat?post=4045"},{"taxonomy":"product_tag","embeddable":true,"href":"https:\/\/www.vadaszboltcsorna.hu\/index.php\/wp-json\/wp\/v2\/product_tag?post=4045"}],"curies":[{"name":"wp","href":"https:\/\/api.w.org\/{rel}","templated":true}]}}