{"id":4041,"date":"2023-03-10T12:32:40","date_gmt":"2023-03-10T12:32:40","guid":{"rendered":"https:\/\/www.vadaszboltcsorna.hu\/?post_type=product&#038;p=4041"},"modified":"2026-03-16T10:55:17","modified_gmt":"2026-03-16T10:55:17","slug":"hart-irati-j-sp-line-kabat-xhispj","status":"publish","type":"product","link":"https:\/\/www.vadaszboltcsorna.hu\/index.php\/termek\/hart-irati-j-sp-line-kabat-xhispj\/","title":{"rendered":"HART IRATI-J SP LINE kab\u00e1t (XHISPJ)"},"content":{"rendered":"<h2><strong>HART IRATI-J SP LINE kab\u00e1t (XHISPJ)<\/strong><\/h2>\n<h4>T\u00f6k\u00e9letesen halk, iizol\u00e1l\u00f3 \u00e9s v\u00edz\u00e1ll\u00f3 HART IRATI SP LINE-J kab\u00e1t.<\/h4>\n<p>\u2022 toplon anyag<br \/>\n\u2022 Innovat\u00edv \u00e9s ergonomikus diz\u00e1jn, t\u00f6k\u00e9letesen viszonyul a testhez valamint annak a mozg\u00e1s\u00e1hoz &#8211; EDS<br \/>\n\u2022 meleg\u00edt\u0151 zsebek<br \/>\n\u2022 PTFE Osmomtech membr\u00e1n<br \/>\n\u2022 sz\u00e9l \u00e9s v\u00edz\u00e1ll\u00f3<br \/>\n\u2022 legf\u0151k\u00e9ppen t\u00e9li viseletre alkalmas<br \/>\nMagas v\u00edz\u00e1ll\u00f3s\u00e1g (10000mm) \u00e9s l\u00e9gz\u0151k\u00e9pess\u00e9g (10000gr\/m2).<\/p>\n<p>Az \u00e1rv\u00e1ltoz\u00e1s jog\u00e1t fenntartjuk!<\/p>\n","protected":false},"excerpt":{"rendered":"<p>HART IRATI-J SP LINE kab\u00e1t (XHISPJ) T\u00f6k\u00e9letesen halk, iizol\u00e1l\u00f3 \u00e9s v\u00edz\u00e1ll\u00f3 HART IRATI SP LINE-J kab\u00e1t. \u2022 toplon anyag \u2022 Innovat\u00edv \u00e9s ergonomikus diz\u00e1jn, t\u00f6k\u00e9letesen viszonyul a testhez valamint annak a mozg\u00e1s\u00e1hoz &#8211; EDS \u2022 meleg\u00edt\u0151 zsebek \u2022 PTFE Osmomtech membr\u00e1n \u2022 sz\u00e9l \u00e9s v\u00edz\u00e1ll\u00f3 \u2022 legf\u0151k\u00e9ppen t\u00e9li viseletre alkalmas Magas v\u00edz\u00e1ll\u00f3s\u00e1g (10000mm) \u00e9s l\u00e9gz\u0151k\u00e9pess\u00e9g [&hellip;]<\/p>\n","protected":false},"featured_media":4042,"comment_status":"open","ping_status":"closed","template":"","meta":{"_et_pb_use_builder":"","_et_pb_old_content":"","_et_gb_content_width":"","om_disable_all_campaigns":false},"product_brand":[],"product_cat":[21,553,159],"product_tag":[1029,1030,581],"class_list":{"0":"post-4041","1":"product","2":"type-product","3":"status-publish","4":"has-post-thumbnail","6":"product_cat-uj","7":"product_cat-kabat","8":"product_cat-vadasz-ruhazat","9":"product_tag-hart-irati-j-sp-line-kabat-xhispj","10":"product_tag-vadasz-kabat","11":"product_tag-vadasz-ruhazat","13":"first","14":"instock","15":"sale","16":"taxable","17":"shipping-taxable","18":"purchasable","19":"product-type-variable"},"_links":{"self":[{"href":"https:\/\/www.vadaszboltcsorna.hu\/index.php\/wp-json\/wp\/v2\/product\/4041","targetHints":{"allow":["GET"]}}],"collection":[{"href":"https:\/\/www.vadaszboltcsorna.hu\/index.php\/wp-json\/wp\/v2\/product"}],"about":[{"href":"https:\/\/www.vadaszboltcsorna.hu\/index.php\/wp-json\/wp\/v2\/types\/product"}],"replies":[{"embeddable":true,"href":"https:\/\/www.vadaszboltcsorna.hu\/index.php\/wp-json\/wp\/v2\/comments?post=4041"}],"wp:featuredmedia":[{"embeddable":true,"href":"https:\/\/www.vadaszboltcsorna.hu\/index.php\/wp-json\/wp\/v2\/media\/4042"}],"wp:attachment":[{"href":"https:\/\/www.vadaszboltcsorna.hu\/index.php\/wp-json\/wp\/v2\/media?parent=4041"}],"wp:term":[{"taxonomy":"product_brand","embeddable":true,"href":"https:\/\/www.vadaszboltcsorna.hu\/index.php\/wp-json\/wp\/v2\/product_brand?post=4041"},{"taxonomy":"product_cat","embeddable":true,"href":"https:\/\/www.vadaszboltcsorna.hu\/index.php\/wp-json\/wp\/v2\/product_cat?post=4041"},{"taxonomy":"product_tag","embeddable":true,"href":"https:\/\/www.vadaszboltcsorna.hu\/index.php\/wp-json\/wp\/v2\/product_tag?post=4041"}],"curies":[{"name":"wp","href":"https:\/\/api.w.org\/{rel}","templated":true}]}}