{"id":40,"date":"2021-04-09T12:18:58","date_gmt":"2021-04-09T12:18:58","guid":{"rendered":"http:\/\/www.vadaszboltcsorna.hu\/?post_type=product&#038;p=40"},"modified":"2026-05-14T20:39:25","modified_gmt":"2026-05-14T20:39:25","slug":"haenel-jaeger-10-timber","status":"publish","type":"product","link":"https:\/\/www.vadaszboltcsorna.hu\/index.php\/termek\/haenel-jaeger-10-timber\/","title":{"rendered":"Haenel Jager 10 Timber"},"content":{"rendered":"<h1><strong>Haenel Jager 10 Timber<\/strong><\/h1>\n<h3><\/h3>\n<h4 align=\"justify\">Az ism\u00e9tl\u0151 fegyverek \u00fajdons\u00e1gai k\u00f6z\u00e9 tartozik.\u00a0 Magasabb tud\u00e1s\u00fa \u00e9s min\u0151s\u00e9g\u0171 fegyver. A felhaszn\u00e1lt anyagoknak \u00e9s gy\u00e1rt\u00e1si technol\u00f3gi\u00e1nak k\u00f6sz\u00f6nhet\u0151en egy kiv\u00e1l\u00f3 n\u00e9met fegyvert kapunk. A nagyon finoman m\u0171k\u00f6d\u0151, hat szem\u00f6lcs\u00f6s tol\u00f3z\u00e1rat el\u00e9g 60 fokban elforgatnunk, hogy ism\u00e9telni tudjunk. Biztos\u00edt\u00f3ja k\u00e9t \u00e1ll\u00e1s\u00fa, de egy nyom\u00f3gomb seg\u00edts\u00e9g\u00e9vel elz\u00e1rt \u00e1llapotban is \u00fcr\u00edthetj\u00fck. Kivehet\u0151 t\u00e1ras. Gyors\u00edt\u00f3s. A cs\u0151 hossza sztenderd kaliber eset\u00e9ben 565mm, magnum 615mm. Teljes hossza kb. 1100mm. S\u00falya 3,2 kg. Tusa els\u0151 oszt\u00e1ly\u00fa di\u00f3f\u00e1b\u00f3l k\u00e9sz\u00fcl.<\/h4>\n<h4>El\u00e9rhet\u0151 kaliberek:<\/h4>\n<h4>223.Rem\u00a0\u00a0\u00a0\u00a0 308Win<\/h4>\n<h4>243.Win.\u00a0\u00a0\u00a0\u00a0 7&#215;64<\/h4>\n<h4>270.Win\u00a0\u00a0\u00a0\u00a0\u00a0 8x57JS<\/h4>\n<h4>30-06\u00a0\u00a0\u00a0\u00a0\u00a0\u00a0\u00a0\u00a0 9,5&#215;62<\/h4>\n<h4>300 Win\u00a0\u00a0\u00a0\u00a0 7mm Rem.Mag.<\/h4>\n<h4>A le\u00edr\u00e1sban szerepl\u0151 adatok t\u00e1j\u00e9koztat\u00f3 jelleg\u0171ek, t\u00edpusonk\u00e9nt v\u00e1ltozhat!<\/h4>\n<h4><em><strong>Kaliberekr\u0151l aktu\u00e1lis \u00e1rakr\u00f3l \u00e9s egy\u00e9b inform\u00e1ci\u00f3kr\u00f3l k\u00e9rj\u00fck \u00e9rdekl\u0151dj\u00f6n!<\/strong><\/em><\/h4>\n<h4>A fegyvert\u00f6rv\u00e9ny \u00e9rtelm\u00e9ben, fegyvert, l\u0151szert kiz\u00e1r\u00f3lag szem\u00e9lyesen,az \u00fczletben fegyvertart\u00e1si enged\u00e9ly birtok\u00e1ban lehet v\u00e1s\u00e1rolni!<br \/>\nA webshopban megrendelt fegyverek \u00e9s l\u0151szerek NEM ker\u00fclnek kisz\u00e1ll\u00edt\u00e1sra!\u00a0 Tov\u00e1bbi inform\u00e1ci\u00f3\u00e9rt l\u00e1togasson el boltunkba!<\/h4>\n<h4>Az \u00e1rak t\u00e1j\u00e9koztat\u00f3 jelleg\u0171ek nem min\u0151s\u00fcl hivatalos aj\u00e1nlat t\u00e9telnek!<br \/>\nAz \u00e1rv\u00e1ltoz\u00e1s jog\u00e1t fenntartjuk!<\/h4>\n<h4><\/h4>\n","protected":false},"excerpt":{"rendered":"<p>https:\/\/www.youtube.com\/watch?v=dse7DuX3zzI&amp;t=62s<\/p>\n","protected":false},"featured_media":43,"comment_status":"open","ping_status":"closed","template":"","meta":{"_et_pb_use_builder":"","_et_pb_old_content":"","_et_gb_content_width":"","om_disable_all_campaigns":false},"product_brand":[],"product_cat":[21,32,1826],"product_tag":[48,695,70,49],"class_list":{"0":"post-40","1":"product","2":"type-product","3":"status-publish","4":"has-post-thumbnail","6":"product_cat-uj","7":"product_cat-haenel","8":"product_cat-uj-golyos-fegyver","9":"product_tag-golyos-fegyver","10":"product_tag-haenel-jager-10-timber","11":"product_tag-vadaszat","12":"product_tag-vadaszpuska","14":"first","15":"instock","16":"taxable","17":"shipping-taxable","18":"purchasable","19":"product-type-simple"},"_links":{"self":[{"href":"https:\/\/www.vadaszboltcsorna.hu\/index.php\/wp-json\/wp\/v2\/product\/40","targetHints":{"allow":["GET"]}}],"collection":[{"href":"https:\/\/www.vadaszboltcsorna.hu\/index.php\/wp-json\/wp\/v2\/product"}],"about":[{"href":"https:\/\/www.vadaszboltcsorna.hu\/index.php\/wp-json\/wp\/v2\/types\/product"}],"replies":[{"embeddable":true,"href":"https:\/\/www.vadaszboltcsorna.hu\/index.php\/wp-json\/wp\/v2\/comments?post=40"}],"wp:featuredmedia":[{"embeddable":true,"href":"https:\/\/www.vadaszboltcsorna.hu\/index.php\/wp-json\/wp\/v2\/media\/43"}],"wp:attachment":[{"href":"https:\/\/www.vadaszboltcsorna.hu\/index.php\/wp-json\/wp\/v2\/media?parent=40"}],"wp:term":[{"taxonomy":"product_brand","embeddable":true,"href":"https:\/\/www.vadaszboltcsorna.hu\/index.php\/wp-json\/wp\/v2\/product_brand?post=40"},{"taxonomy":"product_cat","embeddable":true,"href":"https:\/\/www.vadaszboltcsorna.hu\/index.php\/wp-json\/wp\/v2\/product_cat?post=40"},{"taxonomy":"product_tag","embeddable":true,"href":"https:\/\/www.vadaszboltcsorna.hu\/index.php\/wp-json\/wp\/v2\/product_tag?post=40"}],"curies":[{"name":"wp","href":"https:\/\/api.w.org\/{rel}","templated":true}]}}