{"id":3869,"date":"2023-02-09T10:02:08","date_gmt":"2023-02-09T10:02:08","guid":{"rendered":"https:\/\/www.vadaszboltcsorna.hu\/?post_type=product&#038;p=3869"},"modified":"2026-05-14T20:33:21","modified_gmt":"2026-05-14T20:33:21","slug":"ace-alpha-elektronikus-hallasvedo","status":"publish","type":"product","link":"https:\/\/www.vadaszboltcsorna.hu\/index.php\/termek\/ace-alpha-elektronikus-hallasvedo\/","title":{"rendered":"ACE Alpha elektronikus hall\u00e1sv\u00e9d\u0151"},"content":{"rendered":"<h2><strong>ACE Alpha elektronikus hall\u00e1sv\u00e9d\u0151<\/strong><\/h2>\n<h4><strong>Le\u00edr\u00e1s:<\/strong>ACE Alpha elektronikus hall\u00e1sv\u00e9d\u0151 \u2013 zsel\u00e9s p\u00e1rn\u00e1kkal \u00e9s akt\u00edv zajer\u0151s\u00edt\u00e9ssel \u2013 SNR: 29 dB<\/h4>\n<h4>AKT\u00cdV HALL\u00c1SV\u00c9DELEM: Az ACE Alpha egy elektronikus f\u00fcltok, amely blokkolja a k\u00e1ros zajokat, de feler\u0151s\u00edti a k\u00f6rnyezeti zajt! Teh\u00e1t nincs korl\u00e1tozva az \u00e9szlel\u00e9sed<\/h4>\n<h4>HALLJ T\u00d6BBET: Ezekkel a f\u00fclv\u00e9d\u0151kkel nem kevesebbet, hanem t\u00f6bbet hallasz \u2013 az er\u0151s\u00edt\u00e9s m\u00e9rt\u00e9ke a forgat\u00f3gombbal \u00e1ll\u00edthat\u00f3. Ide\u00e1lis koll\u00e9g\u00e1kkal val\u00f3 egy\u00fcttm\u0171k\u00f6d\u00e9shez, valamint vad\u00e1szoknak \u00e9s sportl\u00f6v\u0151knek<\/h4>\n<h4>SZABV\u00c1NYOS MIN\u0150S\u00c9G: ACE Alpha term\u00e9k\u00fcnk az EU EN 352-1, EN 352-4 \u00e9s EN 352-6 szabv\u00e1nyok, valamint az amerikai ANSI szabv\u00e1ny szerint is j\u00f3v\u00e1hagyott! Az SNR \u00e9rt\u00e9ke 29 dB (H: 34 dB, M: 27 dB, L: 19 dB)<\/h4>\n<h4>G\u00c9LP\u00c1RN\u00c1VAL: Akt\u00edv f\u00fclv\u00e9d\u0151ink alapfelszerelts\u00e9gk\u00e9nt szuper\u00fcl simul\u00f3 g\u00e9lp\u00e1rn\u00e1kkal rendelkeznek. A kih\u00fazhat\u00f3 f\u00e9mrudak fokozatmentesen \u00e1ll\u00edthat\u00f3k az ide\u00e1lis illeszked\u00e9s \u00e9rdek\u00e9ben<\/h4>\n<h4>AUX CSATLAKOZTAT\u00c1S: Az ACE Alpha az akt\u00edv zajer\u0151s\u00edt\u00e9s mellett AUX csatlakoz\u00f3val is rendelkezik okostelefonodhoz, \u00edgy fejhallgat\u00f3val is hallgathatsz zen\u00e9t, ak\u00e1rcsak a hall\u00e1sv\u00e9d\u0151vel!<\/h4>\n","protected":false},"excerpt":{"rendered":"<p>ACE Alpha elektronikus hall\u00e1sv\u00e9d\u0151 Le\u00edr\u00e1s:ACE Alpha elektronikus hall\u00e1sv\u00e9d\u0151 \u2013 zsel\u00e9s p\u00e1rn\u00e1kkal \u00e9s akt\u00edv zajer\u0151s\u00edt\u00e9ssel \u2013 SNR: 29 dB AKT\u00cdV HALL\u00c1SV\u00c9DELEM: Az ACE Alpha egy elektronikus f\u00fcltok, amely blokkolja a k\u00e1ros zajokat, de feler\u0151s\u00edti a k\u00f6rnyezeti zajt! Teh\u00e1t nincs korl\u00e1tozva az \u00e9szlel\u00e9sed HALLJ T\u00d6BBET: Ezekkel a f\u00fclv\u00e9d\u0151kkel nem kevesebbet, hanem t\u00f6bbet hallasz \u2013 az er\u0151s\u00edt\u00e9s m\u00e9rt\u00e9ke [&hellip;]<\/p>\n","protected":false},"featured_media":3870,"comment_status":"open","ping_status":"closed","template":"","meta":{"_et_pb_use_builder":"","_et_pb_old_content":"","_et_gb_content_width":"","om_disable_all_campaigns":false},"product_brand":[],"product_cat":[21,644],"product_tag":[962,540,70],"class_list":{"0":"post-3869","1":"product","2":"type-product","3":"status-publish","4":"has-post-thumbnail","6":"product_cat-uj","7":"product_cat-hallasvedo","8":"product_tag-ace-alpha-elektronikus-hallasvedo","9":"product_tag-szabadido","10":"product_tag-vadaszat","12":"first","13":"instock","14":"sale","15":"taxable","16":"shipping-taxable","17":"purchasable","18":"product-type-simple"},"_links":{"self":[{"href":"https:\/\/www.vadaszboltcsorna.hu\/index.php\/wp-json\/wp\/v2\/product\/3869","targetHints":{"allow":["GET"]}}],"collection":[{"href":"https:\/\/www.vadaszboltcsorna.hu\/index.php\/wp-json\/wp\/v2\/product"}],"about":[{"href":"https:\/\/www.vadaszboltcsorna.hu\/index.php\/wp-json\/wp\/v2\/types\/product"}],"replies":[{"embeddable":true,"href":"https:\/\/www.vadaszboltcsorna.hu\/index.php\/wp-json\/wp\/v2\/comments?post=3869"}],"wp:featuredmedia":[{"embeddable":true,"href":"https:\/\/www.vadaszboltcsorna.hu\/index.php\/wp-json\/wp\/v2\/media\/3870"}],"wp:attachment":[{"href":"https:\/\/www.vadaszboltcsorna.hu\/index.php\/wp-json\/wp\/v2\/media?parent=3869"}],"wp:term":[{"taxonomy":"product_brand","embeddable":true,"href":"https:\/\/www.vadaszboltcsorna.hu\/index.php\/wp-json\/wp\/v2\/product_brand?post=3869"},{"taxonomy":"product_cat","embeddable":true,"href":"https:\/\/www.vadaszboltcsorna.hu\/index.php\/wp-json\/wp\/v2\/product_cat?post=3869"},{"taxonomy":"product_tag","embeddable":true,"href":"https:\/\/www.vadaszboltcsorna.hu\/index.php\/wp-json\/wp\/v2\/product_tag?post=3869"}],"curies":[{"name":"wp","href":"https:\/\/api.w.org\/{rel}","templated":true}]}}