{"id":3859,"date":"2023-02-09T09:40:42","date_gmt":"2023-02-09T09:40:42","guid":{"rendered":"https:\/\/www.vadaszboltcsorna.hu\/?post_type=product&#038;p=3859"},"modified":"2025-04-04T03:39:30","modified_gmt":"2025-04-04T03:39:30","slug":"true-utility-cliplite-som-tu918-kulcstartolampa","status":"publish","type":"product","link":"https:\/\/www.vadaszboltcsorna.hu\/index.php\/termek\/true-utility-cliplite-som-tu918-kulcstartolampa\/","title":{"rendered":"TRUE UTILITY CLIPLITE SOM-TU918 kulcstart\u00f3+l\u00e1mpa"},"content":{"rendered":"<h2><strong>TRUE UTILITY CLIPLITE SOM-TU918 kulcstart\u00f3+l\u00e1mpa<\/strong><\/h2>\n<h4 class=\"description biggerText\">R\u00e9szletek:<\/h4>\n<h4>kulcstart\u00f3 karab\u00edner \u00e9s t\u00f6lthet\u0151 l\u00e1mpa<br \/>\n4 funkci\u00f3: nagy f\u00e9nyerej\u0171 statikus feh\u00e9r \/ kis f\u00e9nyerej\u0171 statikus feh\u00e9r \/ statikus piros \/ villog\u00f3 piros f\u00e9ny<br \/>\n47 lm COB LED<br \/>\nak\u00e1r 20 \u00f3ra \u00fczemid\u0151<br \/>\nbe\u00e9p\u00edtett Li-ion akkumul\u00e1tor<br \/>\ntartoz\u00e9k micro USB t\u00f6lt\u0151k\u00e1bel \u00e9s be\u00e9p\u00edtett micro USB aljzat<br \/>\nrozsdamentes ac\u00e9l v\u00e1z<br \/>\nval\u00f3di marhab\u0151r sz\u00edj<br \/>\nm\u00e9retek: 13 x 3,4 x 1,6 cm<br \/>\nGy\u00e1rt\u00f3: TRUE UTILITY<br \/>\nalapanyag: f\u00e9m, b\u0151r<br \/>\njellemz\u0151k: kulcstart\u00f3 karab\u00edner \u00e9s t\u00f6lthet\u0151 l\u00e1mpa \u2022 4 funkci\u00f3: nagy f\u00e9nyerej\u0171 statikus feh\u00e9r \/ kis f\u00e9nyerej\u0171 statikus feh\u00e9r \/ statikus piros \/ villog\u00f3 piros f\u00e9ny \u2022 47 lm COB LED \u2022 ak\u00e1r 20 \u00f3ra \u00fczemid\u0151 \u2022 be\u00e9p\u00edtett Li-ion akkumul\u00e1tor \u2022 tartoz\u00e9k micro USB t\u00f6lt\u0151k\u00e1bel \u00e9s be\u00e9p\u00edtett micro USB aljzat \u2022 rozsdamentes ac\u00e9l v\u00e1z \u2022 val\u00f3di marhab\u0151r sz\u00edj<br \/>\nm\u00e9retek: 13 x 3,4 x 1,6 cm<\/h4>\n<div class=\"wrapper bot-border\"><\/div>\n<p>&nbsp;<\/p>\n","protected":false},"excerpt":{"rendered":"<p>TRUE UTILITY CLIPLITE SOM-TU918 kulcstart\u00f3+l\u00e1mpa R\u00e9szletek: kulcstart\u00f3 karab\u00edner \u00e9s t\u00f6lthet\u0151 l\u00e1mpa 4 funkci\u00f3: nagy f\u00e9nyerej\u0171 statikus feh\u00e9r \/ kis f\u00e9nyerej\u0171 statikus feh\u00e9r \/ statikus piros \/ villog\u00f3 piros f\u00e9ny 47 lm COB LED ak\u00e1r 20 \u00f3ra \u00fczemid\u0151 be\u00e9p\u00edtett Li-ion akkumul\u00e1tor tartoz\u00e9k micro USB t\u00f6lt\u0151k\u00e1bel \u00e9s be\u00e9p\u00edtett micro USB aljzat rozsdamentes ac\u00e9l v\u00e1z val\u00f3di marhab\u0151r sz\u00edj [&hellip;]<\/p>\n","protected":false},"featured_media":3860,"comment_status":"open","ping_status":"closed","template":"","meta":{"_et_pb_use_builder":"","_et_pb_old_content":"","_et_gb_content_width":"","om_disable_all_campaigns":false},"product_brand":[],"product_cat":[21,473,472],"product_tag":[476,540,960],"class_list":{"0":"post-3859","1":"product","2":"type-product","3":"status-publish","4":"has-post-thumbnail","6":"product_cat-uj","7":"product_cat-keresolampa","8":"product_cat-lampa","9":"product_tag-lampa","10":"product_tag-szabadido","11":"product_tag-true-utility-cliplite-som-tu918-kulcstartolampa","13":"first","14":"instock","15":"taxable","16":"shipping-taxable","17":"purchasable","18":"product-type-simple"},"_links":{"self":[{"href":"https:\/\/www.vadaszboltcsorna.hu\/index.php\/wp-json\/wp\/v2\/product\/3859","targetHints":{"allow":["GET"]}}],"collection":[{"href":"https:\/\/www.vadaszboltcsorna.hu\/index.php\/wp-json\/wp\/v2\/product"}],"about":[{"href":"https:\/\/www.vadaszboltcsorna.hu\/index.php\/wp-json\/wp\/v2\/types\/product"}],"replies":[{"embeddable":true,"href":"https:\/\/www.vadaszboltcsorna.hu\/index.php\/wp-json\/wp\/v2\/comments?post=3859"}],"wp:featuredmedia":[{"embeddable":true,"href":"https:\/\/www.vadaszboltcsorna.hu\/index.php\/wp-json\/wp\/v2\/media\/3860"}],"wp:attachment":[{"href":"https:\/\/www.vadaszboltcsorna.hu\/index.php\/wp-json\/wp\/v2\/media?parent=3859"}],"wp:term":[{"taxonomy":"product_brand","embeddable":true,"href":"https:\/\/www.vadaszboltcsorna.hu\/index.php\/wp-json\/wp\/v2\/product_brand?post=3859"},{"taxonomy":"product_cat","embeddable":true,"href":"https:\/\/www.vadaszboltcsorna.hu\/index.php\/wp-json\/wp\/v2\/product_cat?post=3859"},{"taxonomy":"product_tag","embeddable":true,"href":"https:\/\/www.vadaszboltcsorna.hu\/index.php\/wp-json\/wp\/v2\/product_tag?post=3859"}],"curies":[{"name":"wp","href":"https:\/\/api.w.org\/{rel}","templated":true}]}}