{"id":3853,"date":"2023-02-09T09:05:11","date_gmt":"2023-02-09T09:05:11","guid":{"rendered":"https:\/\/www.vadaszboltcsorna.hu\/?post_type=product&#038;p=3853"},"modified":"2025-04-03T14:46:50","modified_gmt":"2025-04-03T14:46:50","slug":"nebo-luxtreme-sl50-neb-spt-1003-g","status":"publish","type":"product","link":"https:\/\/www.vadaszboltcsorna.hu\/index.php\/termek\/nebo-luxtreme-sl50-neb-spt-1003-g\/","title":{"rendered":"NEBO LUXTREME SL50 NEB-SPT-1003-G"},"content":{"rendered":"<h2><strong>NEBO LUXTREME SL50 NEB-SPT-1003-G<\/strong><\/h2>\n<h4>Le\u00edr\u00e1s:<\/h4>\n<h4>elox\u00e1lt, rep\u00fcl\u0151ipari min\u0151s\u00e9g\u0171 alum\u00ednium<br \/>\nv\u00edz-, \u00e9s por\u00e1ll\u00f3 (IP67), \u00fct\u00e9s\u00e1ll\u00f3<br \/>\n\u00fczemm\u00f3dv\u00e1laszt\u00f3 t\u00e1rcsa<br \/>\nszabv\u00e1nyos, \u00bc\u201d tripodra szerelhet\u0151<br \/>\n\u00f6vcsipesz<br \/>\ner\u0151s m\u00e1gneses talp<br \/>\n9000 mAh akkumul\u00e1tor<br \/>\nnagy f\u00e9nyer\u0151 (450 lm): 8 \u00f3ra \/ 800 m\u00e9ter<br \/>\nk\u00f6zepes f\u00e9nyer\u0151 (250 lm): 19 \u00f3ra \/ 565 m\u00e9ter<br \/>\nalacsony f\u00e9nyer\u0151 (50 lm): 40 \u00f3ra \/ 246 m\u00e9ter<br \/>\nm\u00e9retek: 19,5 x 10 x 6 cm<br \/>\nakkumul\u00e1tor: Li-Ion 21700<\/h4>\n","protected":false},"excerpt":{"rendered":"<p>NEBO LUXTREME SL50 NEB-SPT-1003-G Le\u00edr\u00e1s: elox\u00e1lt, rep\u00fcl\u0151ipari min\u0151s\u00e9g\u0171 alum\u00ednium v\u00edz-, \u00e9s por\u00e1ll\u00f3 (IP67), \u00fct\u00e9s\u00e1ll\u00f3 \u00fczemm\u00f3dv\u00e1laszt\u00f3 t\u00e1rcsa szabv\u00e1nyos, \u00bc\u201d tripodra szerelhet\u0151 \u00f6vcsipesz er\u0151s m\u00e1gneses talp 9000 mAh akkumul\u00e1tor nagy f\u00e9nyer\u0151 (450 lm): 8 \u00f3ra \/ 800 m\u00e9ter k\u00f6zepes f\u00e9nyer\u0151 (250 lm): 19 \u00f3ra \/ 565 m\u00e9ter alacsony f\u00e9nyer\u0151 (50 lm): 40 \u00f3ra \/ 246 m\u00e9ter m\u00e9retek: [&hellip;]<\/p>\n","protected":false},"featured_media":3854,"comment_status":"open","ping_status":"closed","template":"","meta":{"_et_pb_use_builder":"","_et_pb_old_content":"","_et_gb_content_width":"","om_disable_all_campaigns":false},"product_brand":[],"product_cat":[21,473,472],"product_tag":[954,958,540,70],"class_list":{"0":"post-3853","1":"product","2":"type-product","3":"status-publish","4":"has-post-thumbnail","6":"product_cat-uj","7":"product_cat-keresolampa","8":"product_cat-lampa","9":"product_tag-kezi-lampa","10":"product_tag-nebo-luxtreme-sl50-neb-spt-1003-g","11":"product_tag-szabadido","12":"product_tag-vadaszat","14":"first","15":"instock","16":"taxable","17":"shipping-taxable","18":"purchasable","19":"product-type-simple"},"_links":{"self":[{"href":"https:\/\/www.vadaszboltcsorna.hu\/index.php\/wp-json\/wp\/v2\/product\/3853","targetHints":{"allow":["GET"]}}],"collection":[{"href":"https:\/\/www.vadaszboltcsorna.hu\/index.php\/wp-json\/wp\/v2\/product"}],"about":[{"href":"https:\/\/www.vadaszboltcsorna.hu\/index.php\/wp-json\/wp\/v2\/types\/product"}],"replies":[{"embeddable":true,"href":"https:\/\/www.vadaszboltcsorna.hu\/index.php\/wp-json\/wp\/v2\/comments?post=3853"}],"wp:featuredmedia":[{"embeddable":true,"href":"https:\/\/www.vadaszboltcsorna.hu\/index.php\/wp-json\/wp\/v2\/media\/3854"}],"wp:attachment":[{"href":"https:\/\/www.vadaszboltcsorna.hu\/index.php\/wp-json\/wp\/v2\/media?parent=3853"}],"wp:term":[{"taxonomy":"product_brand","embeddable":true,"href":"https:\/\/www.vadaszboltcsorna.hu\/index.php\/wp-json\/wp\/v2\/product_brand?post=3853"},{"taxonomy":"product_cat","embeddable":true,"href":"https:\/\/www.vadaszboltcsorna.hu\/index.php\/wp-json\/wp\/v2\/product_cat?post=3853"},{"taxonomy":"product_tag","embeddable":true,"href":"https:\/\/www.vadaszboltcsorna.hu\/index.php\/wp-json\/wp\/v2\/product_tag?post=3853"}],"curies":[{"name":"wp","href":"https:\/\/api.w.org\/{rel}","templated":true}]}}