{"id":3847,"date":"2023-02-09T08:53:12","date_gmt":"2023-02-09T08:53:12","guid":{"rendered":"https:\/\/www.vadaszboltcsorna.hu\/?post_type=product&#038;p=3847"},"modified":"2026-01-13T11:08:09","modified_gmt":"2026-01-13T11:08:09","slug":"nebo-torchy-2k-neb-flt-1006-g-lampa","status":"publish","type":"product","link":"https:\/\/www.vadaszboltcsorna.hu\/index.php\/termek\/nebo-torchy-2k-neb-flt-1006-g-lampa\/","title":{"rendered":"NEBO Torchy 2k NEB-FLT-1006-G l\u00e1mpa"},"content":{"rendered":"<h2><strong>NEBO Torchy 2k NEB-FLT-1006-G l\u00e1mpa<\/strong><\/h2>\n<h4 class=\"description biggerText\">A NEBO Torchy 2k egy kism\u00e9ret\u0171 akkumul\u00e1toros kompakt zsebl\u00e1mpa, amely 2000 lumen-es f\u00e9nyer\u0151ss\u00e9get is k\u00e9pes teljes\u00edteni.<\/h4>\n<h4>V\u00edz- \u00e9s \u00fct\u00e9s\u00e1ll\u00f3s\u00e1g\u00e1nak k\u00f6sz\u00f6nhet\u0151en nagy ig\u00e9nybev\u00e9telnek kitett helyeken is alkalmazhat\u00f3.<\/h4>\n<h4>5 f\u00e9le \u00fczemm\u00f3dban m\u0171k\u00f6dik, tetsz\u0151legesen v\u00e1laszthat\u00f3 a helyzetnek megk\u00edv\u00e1nt f\u00e9nyer\u0151.<\/h4>\n<h4>Direct-to-Low mellett Smart Power Control funkci\u00f3val is rendelkezik, amely megakad\u00e1lyozza a t\u00falmeleged\u00e9ssel j\u00e1r\u00f3 t\u00falterhelts\u00e9g\u00e9t.<\/h4>\n<h4>A zsebl\u00e1mpa alkalmazhat\u00f3 k\u00fcl\u00f6nb\u00f6z\u0151 szerel\u00e9sekn\u00e9l, hobbi tev\u00e9kenys\u00e9gre, sz\u0171k m\u00e9ret\u0171 nehezen bel\u00e1that\u00f3 helyeken.<br \/>\nA sz\u00e1ll\u00edt\u00e1si csomag tartalmaz egy k\u00e9zi sz\u00edjat, egy USB dokkol\u00f3 \u00e1llom\u00e1st az akkumul\u00e1tor t\u00f6lt\u00e9s\u00e9hez \u00e9s a kezel\u00e9si \u00fatmutat\u00f3t.<\/h4>\n<h4>Tulajdons\u00e1g:<\/h4>\n<h4>anyaga elox\u00e1lt, rep\u00fcl\u0151ipari min\u0151s\u00e9g\u0171 alum\u00ednium<br \/>\n\u00fczemm\u00f3dok 5 f\u00e9le<br \/>\nf\u00e9nyer\u0151 max. 2000 lm<br \/>\nm\u0171k\u00f6d\u00e9si id\u0151 nagy f\u00e9nyer\u0151 (500 lumen) &#8211; 1.5 \u00f3ra \/ k\u00f6zepes f\u00e9nyer\u0151 (200 lumen) &#8211; 2 \u00f3ra \/ kis f\u00e9nyer\u0151 (50 lumen) &#8211; 9 \u00f3ra \/ villog\u00f3 \u00fczemm\u00f3d (500 lumen) &#8211; 1.5 \u00f3ra \/ turbo (2000 lumen) &#8211; 30 m\u00e1sodperces intervallumok<br \/>\nmegvil\u00e1g\u00edtott t\u00e1vols\u00e1g nagy f\u00e9nyer\u0151 (500 lumen) &#8211; 100 m\u00e9ter \/ k\u00f6zepes f\u00e9nyer\u0151 (200 lumen) &#8211; 60 m\u00e9ter \/ kis f\u00e9nyer\u0151 (50 lumen) &#8211; 30 m\u00e9ter \/ villog\u00f3 \u00fczemm\u00f3d (500 lumen) &#8211; 100 m\u00e9ter \/ turbo (2000 lumen) &#8211; 184 m\u00e9ter<br \/>\ndirect-to-low funkci\u00f3 igen<br \/>\nsmart power control igen<br \/>\nv\u00edz elleni v\u00e9detts\u00e9g v\u00edz- (IP66), \u00e9s \u00fct\u00e9s\u00e1ll\u00f3<br \/>\nt\u00e1pell\u00e1t\u00e1s \u00fajrat\u00f6lthet\u0151 Li-Ion akkumul\u00e1tor 2000 mAh<br \/>\negy\u00e9b leszerelhet\u0151 \u00f6vcsipesz<br \/>\nm\u00e9ret 11 x \u00d82,7 cm<\/h4>\n<h4 class=\"wrapper bot-border\"><\/h4>\n","protected":false},"excerpt":{"rendered":"<p>NEBO Torchy 2k NEB-FLT-1006-G l\u00e1mpa A NEBO Torchy 2k egy kism\u00e9ret\u0171 akkumul\u00e1toros kompakt zsebl\u00e1mpa, amely 2000 lumen-es f\u00e9nyer\u0151ss\u00e9get is k\u00e9pes teljes\u00edteni. V\u00edz- \u00e9s \u00fct\u00e9s\u00e1ll\u00f3s\u00e1g\u00e1nak k\u00f6sz\u00f6nhet\u0151en nagy ig\u00e9nybev\u00e9telnek kitett helyeken is alkalmazhat\u00f3. 5 f\u00e9le \u00fczemm\u00f3dban m\u0171k\u00f6dik, tetsz\u0151legesen v\u00e1laszthat\u00f3 a helyzetnek megk\u00edv\u00e1nt f\u00e9nyer\u0151. Direct-to-Low mellett Smart Power Control funkci\u00f3val is rendelkezik, amely megakad\u00e1lyozza a t\u00falmeleged\u00e9ssel j\u00e1r\u00f3 t\u00falterhelts\u00e9g\u00e9t. [&hellip;]<\/p>\n","protected":false},"featured_media":3849,"comment_status":"open","ping_status":"closed","template":"","meta":{"_et_pb_use_builder":"","_et_pb_old_content":"","_et_gb_content_width":"","om_disable_all_campaigns":false},"product_brand":[],"product_cat":[21,473,472],"product_tag":[954,956,540,70],"class_list":{"0":"post-3847","1":"product","2":"type-product","3":"status-publish","4":"has-post-thumbnail","6":"product_cat-uj","7":"product_cat-keresolampa","8":"product_cat-lampa","9":"product_tag-kezi-lampa","10":"product_tag-nebo-torchy-2k-neb-flt-1006-g-lampa","11":"product_tag-szabadido","12":"product_tag-vadaszat","14":"first","15":"instock","16":"taxable","17":"shipping-taxable","18":"purchasable","19":"product-type-simple"},"_links":{"self":[{"href":"https:\/\/www.vadaszboltcsorna.hu\/index.php\/wp-json\/wp\/v2\/product\/3847","targetHints":{"allow":["GET"]}}],"collection":[{"href":"https:\/\/www.vadaszboltcsorna.hu\/index.php\/wp-json\/wp\/v2\/product"}],"about":[{"href":"https:\/\/www.vadaszboltcsorna.hu\/index.php\/wp-json\/wp\/v2\/types\/product"}],"replies":[{"embeddable":true,"href":"https:\/\/www.vadaszboltcsorna.hu\/index.php\/wp-json\/wp\/v2\/comments?post=3847"}],"wp:featuredmedia":[{"embeddable":true,"href":"https:\/\/www.vadaszboltcsorna.hu\/index.php\/wp-json\/wp\/v2\/media\/3849"}],"wp:attachment":[{"href":"https:\/\/www.vadaszboltcsorna.hu\/index.php\/wp-json\/wp\/v2\/media?parent=3847"}],"wp:term":[{"taxonomy":"product_brand","embeddable":true,"href":"https:\/\/www.vadaszboltcsorna.hu\/index.php\/wp-json\/wp\/v2\/product_brand?post=3847"},{"taxonomy":"product_cat","embeddable":true,"href":"https:\/\/www.vadaszboltcsorna.hu\/index.php\/wp-json\/wp\/v2\/product_cat?post=3847"},{"taxonomy":"product_tag","embeddable":true,"href":"https:\/\/www.vadaszboltcsorna.hu\/index.php\/wp-json\/wp\/v2\/product_tag?post=3847"}],"curies":[{"name":"wp","href":"https:\/\/api.w.org\/{rel}","templated":true}]}}