{"id":3841,"date":"2023-02-09T08:42:42","date_gmt":"2023-02-09T08:42:42","guid":{"rendered":"https:\/\/www.vadaszboltcsorna.hu\/?post_type=product&#038;p=3841"},"modified":"2023-02-27T12:12:10","modified_gmt":"2023-02-27T12:12:10","slug":"nebo-davinci-1000","status":"publish","type":"product","link":"https:\/\/www.vadaszboltcsorna.hu\/index.php\/termek\/nebo-davinci-1000\/","title":{"rendered":"NEBO DAVINCI\u2122 1000"},"content":{"rendered":"<h2><strong>NEBO DAVINCI\u2122 1000<\/strong><\/h2>\n<h4>A NEBO DAVINCI 1000 k\u00e9zi zsebl\u00e1mpa sz\u00e9les k\u00f6rben alkalmazhat\u00f3, szerel\u00e9shez, t\u00far\u00e1z\u00e1shoz, h\u00e1z k\u00f6r\u00fcli tev\u00e9kenys\u00e9gekhez, horg\u00e1szathoz vagy ak\u00e1r vad\u00e1szathoz is.<br \/>\nA strapab\u00edr\u00f3 elox\u00e1lt alum\u00edniumb\u00f3l k\u00e9sz\u00fclt zsebl\u00e1mpa v\u00edz- \u00e9s por\u00e1ll\u00f3. Kis m\u00e9rete \u00e1ltal ak\u00e1r zsebben is elf\u00e9r, hogy mindig k\u00e9zn\u00e9l legyen.<\/h4>\n<p>4 f\u00e9le \u00fczemm\u00f3dban m\u0171k\u00f6dtethet\u0151, \u00edgy ig\u00e9nyeinek megfelel\u0151en v\u00e1laszthat\u00f3 a f\u00e9nyer\u0151 1000 lm-ig.<\/p>\n<p>El\u0151ny\u00f6s tulajdons\u00e1ga, hogy \u00fajrat\u00f6lthet\u0151 Li-ion 2000 mAh akkumul\u00e1torral felszerelt.<\/p>\n<p>Tulajdons\u00e1g:<br \/>\nanyaga elox\u00e1lt, rep\u00fcl\u0151ipari min\u0151s\u00e9g\u0171 alum\u00ednium<br \/>\n\u00fczemm\u00f3dok 4 f\u00e9le<br \/>\nf\u00e9nyer\u0151 max. 1000 lm<br \/>\nm\u0171k\u00f6d\u00e9si id\u0151 nagy f\u00e9nyer\u0151 (1000 lumen) 2 \u00f3ra \/ k\u00f6zepes f\u00e9nyer\u0151 (400 lumen) 5 \u00f3ra \/ kis f\u00e9nyer\u0151 (100 lumen) 20 \u00f3ra \/ villog\u00f3 \u00fczemm\u00f3d (1000 lumen) 2 \u00f3ra<br \/>\nmegvil\u00e1g\u00edtott t\u00e1vols\u00e1g nagy f\u00e9nyer\u0151 (1000 lumen) 299 m\u00e9ter \/ k\u00f6zepes f\u00e9nyer\u0151 (400 lumen) 198 m\u00e9ter \/ kis f\u00e9nyer\u0151 (100 lumen) 94 m\u00e9ter \/ villog\u00f3 \u00fczemm\u00f3d (1000 lumen) 299 m\u00e9ter<br \/>\nzoom x6<br \/>\n\u00fczemm\u00f3d v\u00e1laszt\u00f3 t\u00e1rcsa van<br \/>\nv\u00edz elleni v\u00e9detts\u00e9g v\u00edz-, \u00e9s por\u00e1ll\u00f3 (IP67)<br \/>\nt\u00e1pell\u00e1t\u00e1s \u00fajrat\u00f6lthet\u0151 Li-Ion akkumul\u00e1tor 2000 mAh<br \/>\negy\u00e9b micro-USB t\u00f6lt\u0151k\u00e1bel (tartoz\u00e9k) \/ elt\u00e1vol\u00edthat\u00f3 akaszt\u00f3zsin\u00f3r<br \/>\nm\u00e9ret (\u00f6sszetolva) 15,9 x \u00d83,5<\/p>\n","protected":false},"excerpt":{"rendered":"<p>NEBO DAVINCI\u2122 1000 A NEBO DAVINCI 1000 k\u00e9zi zsebl\u00e1mpa sz\u00e9les k\u00f6rben alkalmazhat\u00f3, szerel\u00e9shez, t\u00far\u00e1z\u00e1shoz, h\u00e1z k\u00f6r\u00fcli tev\u00e9kenys\u00e9gekhez, horg\u00e1szathoz vagy ak\u00e1r vad\u00e1szathoz is. A strapab\u00edr\u00f3 elox\u00e1lt alum\u00edniumb\u00f3l k\u00e9sz\u00fclt zsebl\u00e1mpa v\u00edz- \u00e9s por\u00e1ll\u00f3. Kis m\u00e9rete \u00e1ltal ak\u00e1r zsebben is elf\u00e9r, hogy mindig k\u00e9zn\u00e9l legyen. 4 f\u00e9le \u00fczemm\u00f3dban m\u0171k\u00f6dtethet\u0151, \u00edgy ig\u00e9nyeinek megfelel\u0151en v\u00e1laszthat\u00f3 a f\u00e9nyer\u0151 1000 lm-ig. El\u0151ny\u00f6s [&hellip;]<\/p>\n","protected":false},"featured_media":3842,"comment_status":"open","ping_status":"closed","template":"","meta":{"_et_pb_use_builder":"","_et_pb_old_content":"","_et_gb_content_width":"","om_disable_all_campaigns":false},"product_brand":[],"product_cat":[21],"product_tag":[954,953,540,70],"class_list":{"0":"post-3841","1":"product","2":"type-product","3":"status-publish","4":"has-post-thumbnail","6":"product_cat-uj","7":"product_tag-kezi-lampa","8":"product_tag-nebo-davinci-1000","9":"product_tag-szabadido","10":"product_tag-vadaszat","12":"first","13":"instock","14":"sale","15":"taxable","16":"shipping-taxable","17":"purchasable","18":"product-type-simple"},"_links":{"self":[{"href":"https:\/\/www.vadaszboltcsorna.hu\/index.php\/wp-json\/wp\/v2\/product\/3841","targetHints":{"allow":["GET"]}}],"collection":[{"href":"https:\/\/www.vadaszboltcsorna.hu\/index.php\/wp-json\/wp\/v2\/product"}],"about":[{"href":"https:\/\/www.vadaszboltcsorna.hu\/index.php\/wp-json\/wp\/v2\/types\/product"}],"replies":[{"embeddable":true,"href":"https:\/\/www.vadaszboltcsorna.hu\/index.php\/wp-json\/wp\/v2\/comments?post=3841"}],"wp:featuredmedia":[{"embeddable":true,"href":"https:\/\/www.vadaszboltcsorna.hu\/index.php\/wp-json\/wp\/v2\/media\/3842"}],"wp:attachment":[{"href":"https:\/\/www.vadaszboltcsorna.hu\/index.php\/wp-json\/wp\/v2\/media?parent=3841"}],"wp:term":[{"taxonomy":"product_brand","embeddable":true,"href":"https:\/\/www.vadaszboltcsorna.hu\/index.php\/wp-json\/wp\/v2\/product_brand?post=3841"},{"taxonomy":"product_cat","embeddable":true,"href":"https:\/\/www.vadaszboltcsorna.hu\/index.php\/wp-json\/wp\/v2\/product_cat?post=3841"},{"taxonomy":"product_tag","embeddable":true,"href":"https:\/\/www.vadaszboltcsorna.hu\/index.php\/wp-json\/wp\/v2\/product_tag?post=3841"}],"curies":[{"name":"wp","href":"https:\/\/api.w.org\/{rel}","templated":true}]}}