{"id":373,"date":"2021-04-19T13:48:09","date_gmt":"2021-04-19T13:48:09","guid":{"rendered":"http:\/\/www.vadaszboltcsorna.hu\/?post_type=product&#038;p=373"},"modified":"2025-05-27T11:20:55","modified_gmt":"2025-05-27T11:20:55","slug":"browning-maral-fa-tussal","status":"publish","type":"product","link":"https:\/\/www.vadaszboltcsorna.hu\/index.php\/termek\/browning-maral-fa-tussal\/","title":{"rendered":"Browning Maral fa tussal"},"content":{"rendered":"<h2><strong>Browning Maral goly\u00f3s vad\u00e1szfegyver fa tussal<\/strong><\/h2>\n<h3>A Browning Maral vad\u00e1szfegyver ism\u00e9tl\u00e9si rendszere egyed\u00fcl\u00e1ll\u00f3an gyors, egyenes h\u00faz\u00e1s\u00fa ,ez\u00e1ltal ism\u00e9tl\u00e9skor nem kell a v\u00e1llt\u00f3l elemelni a fegyvert. Sportos \u00e9s egyben eleg\u00e1ns kin\u00e9zet\u0171 puska.<\/h3>\n<h3>El\u00e9rhet\u0151 kaliberek: .30-06 Spring , .300 Win.Mag. , .308 Win. , 9,3&#215;62<\/h3>\n<ul>\n<li>\n<h3>Aranyozott els\u00fct\u0151billenty\u0171<\/h3>\n<\/li>\n<li>\n<h3>Direkt els\u00fct\u0151szerkezet<\/h3>\n<\/li>\n<li>\n<h3>Olajozott di\u00f3 tus<\/h3>\n<\/li>\n<li>\n<h3>Kivehet\u0151 t\u00e1r, kapacit\u00e1s 4+1<\/h3>\n<\/li>\n<li>\n<h3>Matt fel\u00fclet barn\u00edt\u00e1s<\/h3>\n<\/li>\n<li>\n<h3>Bord\u00e1zott cs\u0151<\/h3>\n<\/li>\n<li>\n<h3>Kiv\u00e1l\u00f3 \u00e1r-\u00e9rt\u00e9k ar\u00e1ny<\/h3>\n<\/li>\n<li>\n<h3>Ig\u00e9nyes koffer<\/h3>\n<\/li>\n<li>\n<h3>S\u00faly: 3,3 kg<\/h3>\n<h3>A le\u00edr\u00e1sban szerepl\u0151 adatok t\u00e1j\u00e9koztat\u00f3 jelleg\u0171ek, t\u00edpusonk\u00e9nt v\u00e1ltozhat!<br \/>\nKaliberekr\u0151l \u00e9s egy\u00e9b inform\u00e1ci\u00f3kr\u00f3l k\u00e9rj\u00fck \u00e9rdekl\u0151dj\u00f6n!<\/h3>\n<h3><strong>A fegyvert\u00f6rv\u00e9ny \u00e9rtelm\u00e9ben, fegyvert, l\u0151szert kiz\u00e1r\u00f3lag szem\u00e9lyesen,az \u00fczletben fegyvertart\u00e1si enged\u00e9ly birtok\u00e1ban lehet v\u00e1s\u00e1rolni!<\/strong><br \/>\n<strong>A webshopban megrendelt fegyverek NEM ker\u00fclnek kisz\u00e1ll\u00edt\u00e1sra!\u00a0 Tov\u00e1bbi inform\u00e1ci\u00f3\u00e9rt l\u00e1togasson el boltunkba!<\/strong><\/h3>\n<h3>Az \u00e1rak t\u00e1j\u00e9koztat\u00f3 jelleg\u0171ek nem min\u0151s\u00fcl hivatalos aj\u00e1nlat t\u00e9telnek!<br \/>\nAz \u00e1rv\u00e1ltoz\u00e1s jog\u00e1t fenntartjuk!<\/h3>\n<\/li>\n<\/ul>\n<h3><\/h3>\n","protected":false},"excerpt":{"rendered":"<p>https:\/\/www.youtube.com\/watch?v=okVQEoVT3-g&amp;t=60s<\/p>\n","protected":false},"featured_media":374,"comment_status":"open","ping_status":"closed","template":"","meta":{"_et_pb_use_builder":"","_et_pb_old_content":"","_et_gb_content_width":"","om_disable_all_campaigns":false},"product_brand":[],"product_cat":[21,26,16,1826],"product_tag":[151,393,152,48,40,49],"class_list":{"0":"post-373","1":"product","2":"type-product","3":"status-publish","4":"has-post-thumbnail","6":"product_cat-uj","7":"product_cat-browning","8":"product_cat-fegyver","9":"product_cat-uj-golyos-fegyver","10":"product_tag-browning-maral","11":"product_tag-browning-maral-fa-tussal","12":"product_tag-egyenes-huzasu-golyos-puska","13":"product_tag-golyos-fegyver","14":"product_tag-vadaszfegyver","15":"product_tag-vadaszpuska","17":"first","18":"instock","19":"taxable","20":"shipping-taxable","21":"product-type-simple"},"_links":{"self":[{"href":"https:\/\/www.vadaszboltcsorna.hu\/index.php\/wp-json\/wp\/v2\/product\/373","targetHints":{"allow":["GET"]}}],"collection":[{"href":"https:\/\/www.vadaszboltcsorna.hu\/index.php\/wp-json\/wp\/v2\/product"}],"about":[{"href":"https:\/\/www.vadaszboltcsorna.hu\/index.php\/wp-json\/wp\/v2\/types\/product"}],"replies":[{"embeddable":true,"href":"https:\/\/www.vadaszboltcsorna.hu\/index.php\/wp-json\/wp\/v2\/comments?post=373"}],"wp:featuredmedia":[{"embeddable":true,"href":"https:\/\/www.vadaszboltcsorna.hu\/index.php\/wp-json\/wp\/v2\/media\/374"}],"wp:attachment":[{"href":"https:\/\/www.vadaszboltcsorna.hu\/index.php\/wp-json\/wp\/v2\/media?parent=373"}],"wp:term":[{"taxonomy":"product_brand","embeddable":true,"href":"https:\/\/www.vadaszboltcsorna.hu\/index.php\/wp-json\/wp\/v2\/product_brand?post=373"},{"taxonomy":"product_cat","embeddable":true,"href":"https:\/\/www.vadaszboltcsorna.hu\/index.php\/wp-json\/wp\/v2\/product_cat?post=373"},{"taxonomy":"product_tag","embeddable":true,"href":"https:\/\/www.vadaszboltcsorna.hu\/index.php\/wp-json\/wp\/v2\/product_tag?post=373"}],"curies":[{"name":"wp","href":"https:\/\/api.w.org\/{rel}","templated":true}]}}