{"id":3712,"date":"2022-10-21T09:30:35","date_gmt":"2022-10-21T09:30:35","guid":{"rendered":"https:\/\/www.vadaszboltcsorna.hu\/?post_type=product&#038;p=3712"},"modified":"2026-04-29T13:23:06","modified_gmt":"2026-04-29T13:23:06","slug":"belelt-vastag-vadaszpulover-elol-mellzsebbel","status":"publish","type":"product","link":"https:\/\/www.vadaszboltcsorna.hu\/index.php\/termek\/belelt-vastag-vadaszpulover-elol-mellzsebbel\/","title":{"rendered":"B\u00c9LELT VASTAG VAD\u00c1SZPUL\u00d3VER (el\u00f6l mellzsebbel)"},"content":{"rendered":"<h2><strong>B\u00c9LELT VASTAG VAD\u00c1SZPUL\u00d3VER (el\u00f6l mellzsebbel)<\/strong><\/h2>\n<h3><strong>Le\u00edr\u00e1s: <\/strong>K\u00f6t\u00f6tt vad\u00e1szpul\u00f3ver vastag pol\u00e1rral b\u00e9lelt.<\/h3>\n<h3>Magas cipz\u00e1ros nyak\u00fa,el\u00f6l mellzsebbel.<\/h3>\n<h3>M\u00e9retek: S,M,L,XL,XXL,XXXL<\/h3>\n<h3><\/h3>\n<h3>Az \u00e1rv\u00e1ltoz\u00e1s jog\u00e1t fenntartjuk!<\/h3>\n","protected":false},"excerpt":{"rendered":"<p>B\u00c9LELT VASTAG VAD\u00c1SZPUL\u00d3VER (el\u00f6l mellzsebbel) Le\u00edr\u00e1s: K\u00f6t\u00f6tt vad\u00e1szpul\u00f3ver vastag pol\u00e1rral b\u00e9lelt. Magas cipz\u00e1ros nyak\u00fa,el\u00f6l mellzsebbel. M\u00e9retek: S,M,L,XL,XXL,XXXL Az \u00e1rv\u00e1ltoz\u00e1s jog\u00e1t fenntartjuk!<\/p>\n","protected":false},"featured_media":3713,"comment_status":"open","ping_status":"closed","template":"","meta":{"_et_pb_use_builder":"","_et_pb_old_content":"","_et_gb_content_width":"","om_disable_all_campaigns":false},"product_brand":[],"product_cat":[21,596,159],"product_tag":[940,581,70],"class_list":{"0":"post-3712","1":"product","2":"type-product","3":"status-publish","4":"has-post-thumbnail","6":"product_cat-uj","7":"product_cat-pulover","8":"product_cat-vadasz-ruhazat","9":"product_tag-belelt-vastag-vadaszpulover-elol-mellzsebbel","10":"product_tag-vadasz-ruhazat","11":"product_tag-vadaszat","13":"first","14":"instock","15":"taxable","16":"shipping-taxable","17":"purchasable","18":"product-type-variable"},"_links":{"self":[{"href":"https:\/\/www.vadaszboltcsorna.hu\/index.php\/wp-json\/wp\/v2\/product\/3712","targetHints":{"allow":["GET"]}}],"collection":[{"href":"https:\/\/www.vadaszboltcsorna.hu\/index.php\/wp-json\/wp\/v2\/product"}],"about":[{"href":"https:\/\/www.vadaszboltcsorna.hu\/index.php\/wp-json\/wp\/v2\/types\/product"}],"replies":[{"embeddable":true,"href":"https:\/\/www.vadaszboltcsorna.hu\/index.php\/wp-json\/wp\/v2\/comments?post=3712"}],"wp:featuredmedia":[{"embeddable":true,"href":"https:\/\/www.vadaszboltcsorna.hu\/index.php\/wp-json\/wp\/v2\/media\/3713"}],"wp:attachment":[{"href":"https:\/\/www.vadaszboltcsorna.hu\/index.php\/wp-json\/wp\/v2\/media?parent=3712"}],"wp:term":[{"taxonomy":"product_brand","embeddable":true,"href":"https:\/\/www.vadaszboltcsorna.hu\/index.php\/wp-json\/wp\/v2\/product_brand?post=3712"},{"taxonomy":"product_cat","embeddable":true,"href":"https:\/\/www.vadaszboltcsorna.hu\/index.php\/wp-json\/wp\/v2\/product_cat?post=3712"},{"taxonomy":"product_tag","embeddable":true,"href":"https:\/\/www.vadaszboltcsorna.hu\/index.php\/wp-json\/wp\/v2\/product_tag?post=3712"}],"curies":[{"name":"wp","href":"https:\/\/api.w.org\/{rel}","templated":true}]}}