{"id":3683,"date":"2022-09-22T09:12:41","date_gmt":"2022-09-22T09:12:41","guid":{"rendered":"https:\/\/www.vadaszboltcsorna.hu\/?post_type=product&#038;p=3683"},"modified":"2024-01-31T15:02:29","modified_gmt":"2024-01-31T15:02:29","slug":"walther-p99-gazpisztoly-9mm-pak","status":"publish","type":"product","link":"https:\/\/www.vadaszboltcsorna.hu\/index.php\/termek\/walther-p99-gazpisztoly-9mm-pak\/","title":{"rendered":"Walther P99 g\u00e1zpisztoly 9mm PAK"},"content":{"rendered":"<h2><strong>Walther P99 g\u00e1zpisztoly 9mm PAK<\/strong><\/h2>\n<h3 class=\"description biggerText\"><strong>Le\u00edr\u00e1s: <\/strong>Walther P99 g\u00e1zpisztoly 9mm PAK<\/h3>\n<h3><strong>Felh\u00edvn\u00e1nk figyelm\u00e9t, hogy a term\u00e9kn\u00e9l interneten csak v\u00e1s\u00e1rl\u00e1si sz\u00e1nd\u00e9k\u00e1t jelezheti, v\u00e1s\u00e1rl\u00e1sa csak szem\u00e9lyes \u00e1tv\u00e9tellel lehets\u00e9ges! <\/strong><\/h3>\n<h3>Term\u00e9k le\u00edr\u00e1s<br \/>\nT\u00e1rkapacit\u00e1s : 15<br \/>\nHossz : 180 mm<br \/>\nCs\u0151hossz : 98 mm<br \/>\nSz\u00e9less\u00e9g : 29 mm<br \/>\nMagass\u00e1g : 136 mm<br \/>\nS\u00faly : 660 g<br \/>\nS\u00fct\u00e9se : DA<\/h3>\n<h3>Az \u00e9les Walther P99 hiteles , g\u00e1zpisztoly m\u00e1solata.<\/h3>\n<h3>Ez a term\u00e9k 18 \u00e9v felett szabadon megv\u00e1s\u00e1rolhat\u00f3, de csak szem\u00e9lyesen vehet\u0151 \u00e1t \u00fczlet\u00fcnkben. H\u00e1zhoz sz\u00e1ll\u00edt\u00e1s\u00e1t nem tudjuk megoldani.<\/h3>\n<h3>A felt\u00fcntetett \u00e1rak t\u00e1j\u00e9koztat\u00f3 jelleg\u0171ek, aktu\u00e1lis \u00e1rainkr\u00f3l k\u00e9rj\u00fck \u00e9rdekl\u0151dj\u00f6n!<br \/>\nAz \u00e1rv\u00e1ltoztat\u00e1s jog\u00e1t fenntartjuk!<\/h3>\n<h3 class=\"wrapper bot-border\"><\/h3>\n","protected":false},"excerpt":{"rendered":"<p>Walther P99 g\u00e1zpisztoly 9mm PAK Le\u00edr\u00e1s: Walther P99 g\u00e1zpisztoly 9mm PAK Felh\u00edvn\u00e1nk figyelm\u00e9t, hogy a term\u00e9kn\u00e9l interneten csak v\u00e1s\u00e1rl\u00e1si sz\u00e1nd\u00e9k\u00e1t jelezheti, v\u00e1s\u00e1rl\u00e1sa csak szem\u00e9lyes \u00e1tv\u00e9tellel lehets\u00e9ges! Term\u00e9k le\u00edr\u00e1s T\u00e1rkapacit\u00e1s : 15 Hossz : 180 mm Cs\u0151hossz : 98 mm Sz\u00e9less\u00e9g : 29 mm Magass\u00e1g : 136 mm S\u00faly : 660 g S\u00fct\u00e9se : DA Az [&hellip;]<\/p>\n","protected":false},"featured_media":3685,"comment_status":"open","ping_status":"closed","template":"","meta":{"_et_pb_use_builder":"","_et_pb_old_content":"","_et_gb_content_width":"","om_disable_all_campaigns":false},"product_brand":[],"product_cat":[21,566,568],"product_tag":[570,935],"class_list":{"0":"post-3683","1":"product","2":"type-product","3":"status-publish","4":"has-post-thumbnail","6":"product_cat-uj","7":"product_cat-engedelymentes-fegyverek","8":"product_cat-szekrenytaras","9":"product_tag-engedelymentes-fegyverek","10":"product_tag-walther-p99-gazpisztoly-9mm-pak","12":"first","13":"instock","14":"taxable","15":"shipping-taxable","16":"product-type-simple"},"_links":{"self":[{"href":"https:\/\/www.vadaszboltcsorna.hu\/index.php\/wp-json\/wp\/v2\/product\/3683","targetHints":{"allow":["GET"]}}],"collection":[{"href":"https:\/\/www.vadaszboltcsorna.hu\/index.php\/wp-json\/wp\/v2\/product"}],"about":[{"href":"https:\/\/www.vadaszboltcsorna.hu\/index.php\/wp-json\/wp\/v2\/types\/product"}],"replies":[{"embeddable":true,"href":"https:\/\/www.vadaszboltcsorna.hu\/index.php\/wp-json\/wp\/v2\/comments?post=3683"}],"wp:featuredmedia":[{"embeddable":true,"href":"https:\/\/www.vadaszboltcsorna.hu\/index.php\/wp-json\/wp\/v2\/media\/3685"}],"wp:attachment":[{"href":"https:\/\/www.vadaszboltcsorna.hu\/index.php\/wp-json\/wp\/v2\/media?parent=3683"}],"wp:term":[{"taxonomy":"product_brand","embeddable":true,"href":"https:\/\/www.vadaszboltcsorna.hu\/index.php\/wp-json\/wp\/v2\/product_brand?post=3683"},{"taxonomy":"product_cat","embeddable":true,"href":"https:\/\/www.vadaszboltcsorna.hu\/index.php\/wp-json\/wp\/v2\/product_cat?post=3683"},{"taxonomy":"product_tag","embeddable":true,"href":"https:\/\/www.vadaszboltcsorna.hu\/index.php\/wp-json\/wp\/v2\/product_tag?post=3683"}],"curies":[{"name":"wp","href":"https:\/\/api.w.org\/{rel}","templated":true}]}}